{"id":8879,"date":"2018-03-26T13:19:46","date_gmt":"2018-03-26T11:19:46","guid":{"rendered":"https:\/\/new.pittini.it\/konzern\/unternehmen\/la-veneta-reti\/tutori-per-vigneti\/"},"modified":"2023-07-13T16:14:31","modified_gmt":"2023-07-13T14:14:31","slug":"rebpfaehle-fuer-weingaerten","status":"publish","type":"page","link":"https:\/\/www.pittini.com\/de\/produkte\/bauindustrie\/rebpfaehle-fuer-weingaerten\/","title":{"rendered":"Rebpf\u00e4hle f\u00fcr Weing\u00e4rten"},"content":{"rendered":"<p style=\"text-align: justify;\">Die Firma La Veneta Reti srl bietet St\u00fctzvorrichtungen nach Ma\u00df mit verschiedenen Durchmessern und L\u00e4ngen als <a href=\"https:\/\/www.pittini.com\/de\/konzern\/unternehmen\/la-veneta-reti\/gerichteter-gezogener-draht\/\" target=\"_blank\" rel=\"noopener\">Rebpf\u00e4hle f\u00fcr Wein- oder Obstg\u00e4rten an<\/a>.<\/p>\n<p style=\"text-align: justify;\">Die Rebpf\u00e4hle f\u00fcr Weing\u00e4rten (oder Obstg\u00e4rten) sind nicht nur als St\u00fctzvorrichtung und f\u00fcr ein korrektes vertikales Wachstum der Reben ausschlaggebend, sondern auch wichtig f\u00fcr die Widerstandskraft gegen\u00fcber den Maschinen bei der Ernte.<\/p>\n<p style=\"text-align: justify;\">Die hervorragenden mechanischen Eigenschaften des HD PITTINI-Stahls garantieren einen sachgem\u00e4\u00dfen Schutz des Weinstocks vor St\u00f6\u00dfen und eine perfekte Bodenpenetration der St\u00fctzen auch bei felsigem Untergrund.<\/p>\n<p style=\"text-align: justify;\">Die HD PITTINI-Stahlst\u00fctze ist die beste technische und wirtschaftlich L\u00f6sung, die auf dem Markt erh\u00e4ltlich ist, deren Qualit\u00e4t und Haltbarkeit von Anlagenbauern und landwirtschaftlichen Unternehmern gesch\u00e4tzt wird.<\/p>\n<p><a class=\"cta-dl\" href=\"https:\/\/www.pittini.com\/wp-content\/uploads\/sites\/21\/Gruppo-Pittini-Tutori-per-vigneti.pdf\" target=\"_blank\" rel=\"noopener\">Produktdatenblatt laden<\/a><\/p>\n","protected":false},"excerpt":{"rendered":"<p>Die Firma La Veneta Reti srl bietet St\u00fctzvorrichtungen nach Ma\u00df mit verschiedenen Durchmessern und L\u00e4ngen als Rebpf\u00e4hle f\u00fcr Wein- oder Obstg\u00e4rten an. Die Rebpf\u00e4hle f\u00fcr Weing\u00e4rten (oder Obstg\u00e4rten) sind nicht nur als St\u00fctzvorrichtung und [&hellip;]<\/p>\n","protected":false},"author":1,"featured_media":10071,"parent":8538,"menu_order":6,"comment_status":"closed","ping_status":"closed","template":"page-prodotto.php","meta":{"_acf_changed":false,"footnotes":""},"class_list":["post-8879","page","type-page","status-publish","has-post-thumbnail","hentry"],"acf":[],"yoast_head":"<!-- This site is optimized with the Yoast SEO plugin v27.5 - https:\/\/yoast.com\/product\/yoast-seo-wordpress\/ -->\n<title>Stahlpf\u00e4hle f\u00fcr Weinberge, Rebs\u00e4tzlinge und Obstg\u00e4rten - Pittini<\/title>\n<meta name=\"description\" content=\"La Veneta Reti bietet Pf\u00e4hle f\u00fcr Rebst\u00f6cke, Rebsetzlinge und Obstg\u00e4rten aus Stahl der Pittini Gruppe an. Dauerhafter Schutz und Langlebigkeit. Datenbl\u00e4tter, Abmessungen, Details.\" \/>\n<meta name=\"robots\" content=\"index, follow, max-snippet:-1, max-image-preview:large, max-video-preview:-1\" \/>\n<link rel=\"canonical\" href=\"https:\/\/www.pittini.com\/de\/produkte\/bauindustrie\/rebpfaehle-fuer-weingaerten\/\" \/>\n<meta property=\"og:locale\" content=\"de_DE\" \/>\n<meta property=\"og:type\" content=\"article\" \/>\n<meta property=\"og:title\" content=\"Stahlpf\u00e4hle f\u00fcr Weinberge, Rebs\u00e4tzlinge und Obstg\u00e4rten - Pittini\" \/>\n<meta property=\"og:description\" content=\"La Veneta Reti bietet Pf\u00e4hle f\u00fcr Rebst\u00f6cke, Rebsetzlinge und Obstg\u00e4rten aus Stahl der Pittini Gruppe an. Dauerhafter Schutz und Langlebigkeit. Datenbl\u00e4tter, Abmessungen, Details.\" \/>\n<meta property=\"og:url\" content=\"https:\/\/www.pittini.com\/de\/produkte\/bauindustrie\/rebpfaehle-fuer-weingaerten\/\" \/>\n<meta property=\"og:site_name\" content=\"Pittini Gruppe\" \/>\n<meta property=\"article:modified_time\" content=\"2023-07-13T14:14:31+00:00\" \/>\n<meta property=\"og:image\" content=\"https:\/\/www.pittini.com\/wp-content\/uploads\/sites\/21\/hero-tutori-vigneti.jpg\" \/>\n\t<meta property=\"og:image:width\" content=\"1900\" \/>\n\t<meta property=\"og:image:height\" content=\"560\" \/>\n\t<meta property=\"og:image:type\" content=\"image\/jpeg\" \/>\n<meta name=\"twitter:label1\" content=\"Gesch\u00e4tzte Lesezeit\" \/>\n\t<meta name=\"twitter:data1\" content=\"1\u00a0Minute\" \/>\n<script type=\"application\/ld+json\" class=\"yoast-schema-graph\">{\"@context\":\"https:\\\/\\\/schema.org\",\"@graph\":[{\"@type\":\"WebPage\",\"@id\":\"https:\\\/\\\/www.pittini.com\\\/de\\\/produkte\\\/bauindustrie\\\/rebpfaehle-fuer-weingaerten\\\/\",\"url\":\"https:\\\/\\\/www.pittini.com\\\/de\\\/produkte\\\/bauindustrie\\\/rebpfaehle-fuer-weingaerten\\\/\",\"name\":\"Stahlpf\u00e4hle f\u00fcr Weinberge, Rebs\u00e4tzlinge und Obstg\u00e4rten - Pittini\",\"isPartOf\":{\"@id\":\"https:\\\/\\\/www.pittini.com\\\/de\\\/#website\"},\"primaryImageOfPage\":{\"@id\":\"https:\\\/\\\/www.pittini.com\\\/de\\\/produkte\\\/bauindustrie\\\/rebpfaehle-fuer-weingaerten\\\/#primaryimage\"},\"image\":{\"@id\":\"https:\\\/\\\/www.pittini.com\\\/de\\\/produkte\\\/bauindustrie\\\/rebpfaehle-fuer-weingaerten\\\/#primaryimage\"},\"thumbnailUrl\":\"https:\\\/\\\/www.pittini.com\\\/wp-content\\\/uploads\\\/sites\\\/21\\\/hero-tutori-vigneti.jpg\",\"datePublished\":\"2018-03-26T11:19:46+00:00\",\"dateModified\":\"2023-07-13T14:14:31+00:00\",\"description\":\"La Veneta Reti bietet Pf\u00e4hle f\u00fcr Rebst\u00f6cke, Rebsetzlinge und Obstg\u00e4rten aus Stahl der Pittini Gruppe an. Dauerhafter Schutz und Langlebigkeit. Datenbl\u00e4tter, Abmessungen, Details.\",\"breadcrumb\":{\"@id\":\"https:\\\/\\\/www.pittini.com\\\/de\\\/produkte\\\/bauindustrie\\\/rebpfaehle-fuer-weingaerten\\\/#breadcrumb\"},\"inLanguage\":\"de\",\"potentialAction\":[{\"@type\":\"ReadAction\",\"target\":[\"https:\\\/\\\/www.pittini.com\\\/de\\\/produkte\\\/bauindustrie\\\/rebpfaehle-fuer-weingaerten\\\/\"]}]},{\"@type\":\"ImageObject\",\"inLanguage\":\"de\",\"@id\":\"https:\\\/\\\/www.pittini.com\\\/de\\\/produkte\\\/bauindustrie\\\/rebpfaehle-fuer-weingaerten\\\/#primaryimage\",\"url\":\"https:\\\/\\\/www.pittini.com\\\/wp-content\\\/uploads\\\/sites\\\/21\\\/hero-tutori-vigneti.jpg\",\"contentUrl\":\"https:\\\/\\\/www.pittini.com\\\/wp-content\\\/uploads\\\/sites\\\/21\\\/hero-tutori-vigneti.jpg\",\"width\":1900,\"height\":560},{\"@type\":\"BreadcrumbList\",\"@id\":\"https:\\\/\\\/www.pittini.com\\\/de\\\/produkte\\\/bauindustrie\\\/rebpfaehle-fuer-weingaerten\\\/#breadcrumb\",\"itemListElement\":[{\"@type\":\"ListItem\",\"position\":1,\"name\":\"Home\",\"item\":\"https:\\\/\\\/www.pittini.com\\\/de\\\/\"},{\"@type\":\"ListItem\",\"position\":2,\"name\":\"Produkte\",\"item\":\"https:\\\/\\\/www.pittini.com\\\/de\\\/produkte\\\/\"},{\"@type\":\"ListItem\",\"position\":3,\"name\":\"Baustahl\",\"item\":\"https:\\\/\\\/www.pittini.com\\\/de\\\/produkte\\\/bauindustrie\\\/\"},{\"@type\":\"ListItem\",\"position\":4,\"name\":\"Rebpf\u00e4hle f\u00fcr Weing\u00e4rten\"}]},{\"@type\":\"WebSite\",\"@id\":\"https:\\\/\\\/www.pittini.com\\\/de\\\/#website\",\"url\":\"https:\\\/\\\/www.pittini.com\\\/de\\\/\",\"name\":\"Pittini Gruppe\",\"description\":\"A group of companies that manage to cover all the production process\",\"potentialAction\":[{\"@type\":\"SearchAction\",\"target\":{\"@type\":\"EntryPoint\",\"urlTemplate\":\"https:\\\/\\\/www.pittini.com\\\/de\\\/?s={search_term_string}\"},\"query-input\":{\"@type\":\"PropertyValueSpecification\",\"valueRequired\":true,\"valueName\":\"search_term_string\"}}],\"inLanguage\":\"de\"}]}<\/script>\n<!-- \/ Yoast SEO plugin. -->","yoast_head_json":{"title":"Stahlpf\u00e4hle f\u00fcr Weinberge, Rebs\u00e4tzlinge und Obstg\u00e4rten - Pittini","description":"La Veneta Reti bietet Pf\u00e4hle f\u00fcr Rebst\u00f6cke, Rebsetzlinge und Obstg\u00e4rten aus Stahl der Pittini Gruppe an. Dauerhafter Schutz und Langlebigkeit. Datenbl\u00e4tter, Abmessungen, Details.","robots":{"index":"index","follow":"follow","max-snippet":"max-snippet:-1","max-image-preview":"max-image-preview:large","max-video-preview":"max-video-preview:-1"},"canonical":"https:\/\/www.pittini.com\/de\/produkte\/bauindustrie\/rebpfaehle-fuer-weingaerten\/","og_locale":"de_DE","og_type":"article","og_title":"Stahlpf\u00e4hle f\u00fcr Weinberge, Rebs\u00e4tzlinge und Obstg\u00e4rten - Pittini","og_description":"La Veneta Reti bietet Pf\u00e4hle f\u00fcr Rebst\u00f6cke, Rebsetzlinge und Obstg\u00e4rten aus Stahl der Pittini Gruppe an. Dauerhafter Schutz und Langlebigkeit. Datenbl\u00e4tter, Abmessungen, Details.","og_url":"https:\/\/www.pittini.com\/de\/produkte\/bauindustrie\/rebpfaehle-fuer-weingaerten\/","og_site_name":"Pittini Gruppe","article_modified_time":"2023-07-13T14:14:31+00:00","og_image":[{"width":1900,"height":560,"url":"https:\/\/www.pittini.com\/wp-content\/uploads\/sites\/21\/hero-tutori-vigneti.jpg","type":"image\/jpeg"}],"twitter_misc":{"Gesch\u00e4tzte Lesezeit":"1\u00a0Minute"},"schema":{"@context":"https:\/\/schema.org","@graph":[{"@type":"WebPage","@id":"https:\/\/www.pittini.com\/de\/produkte\/bauindustrie\/rebpfaehle-fuer-weingaerten\/","url":"https:\/\/www.pittini.com\/de\/produkte\/bauindustrie\/rebpfaehle-fuer-weingaerten\/","name":"Stahlpf\u00e4hle f\u00fcr Weinberge, Rebs\u00e4tzlinge und Obstg\u00e4rten - Pittini","isPartOf":{"@id":"https:\/\/www.pittini.com\/de\/#website"},"primaryImageOfPage":{"@id":"https:\/\/www.pittini.com\/de\/produkte\/bauindustrie\/rebpfaehle-fuer-weingaerten\/#primaryimage"},"image":{"@id":"https:\/\/www.pittini.com\/de\/produkte\/bauindustrie\/rebpfaehle-fuer-weingaerten\/#primaryimage"},"thumbnailUrl":"https:\/\/www.pittini.com\/wp-content\/uploads\/sites\/21\/hero-tutori-vigneti.jpg","datePublished":"2018-03-26T11:19:46+00:00","dateModified":"2023-07-13T14:14:31+00:00","description":"La Veneta Reti bietet Pf\u00e4hle f\u00fcr Rebst\u00f6cke, Rebsetzlinge und Obstg\u00e4rten aus Stahl der Pittini Gruppe an. Dauerhafter Schutz und Langlebigkeit. Datenbl\u00e4tter, Abmessungen, Details.","breadcrumb":{"@id":"https:\/\/www.pittini.com\/de\/produkte\/bauindustrie\/rebpfaehle-fuer-weingaerten\/#breadcrumb"},"inLanguage":"de","potentialAction":[{"@type":"ReadAction","target":["https:\/\/www.pittini.com\/de\/produkte\/bauindustrie\/rebpfaehle-fuer-weingaerten\/"]}]},{"@type":"ImageObject","inLanguage":"de","@id":"https:\/\/www.pittini.com\/de\/produkte\/bauindustrie\/rebpfaehle-fuer-weingaerten\/#primaryimage","url":"https:\/\/www.pittini.com\/wp-content\/uploads\/sites\/21\/hero-tutori-vigneti.jpg","contentUrl":"https:\/\/www.pittini.com\/wp-content\/uploads\/sites\/21\/hero-tutori-vigneti.jpg","width":1900,"height":560},{"@type":"BreadcrumbList","@id":"https:\/\/www.pittini.com\/de\/produkte\/bauindustrie\/rebpfaehle-fuer-weingaerten\/#breadcrumb","itemListElement":[{"@type":"ListItem","position":1,"name":"Home","item":"https:\/\/www.pittini.com\/de\/"},{"@type":"ListItem","position":2,"name":"Produkte","item":"https:\/\/www.pittini.com\/de\/produkte\/"},{"@type":"ListItem","position":3,"name":"Baustahl","item":"https:\/\/www.pittini.com\/de\/produkte\/bauindustrie\/"},{"@type":"ListItem","position":4,"name":"Rebpf\u00e4hle f\u00fcr Weing\u00e4rten"}]},{"@type":"WebSite","@id":"https:\/\/www.pittini.com\/de\/#website","url":"https:\/\/www.pittini.com\/de\/","name":"Pittini Gruppe","description":"A group of companies that manage to cover all the production process","potentialAction":[{"@type":"SearchAction","target":{"@type":"EntryPoint","urlTemplate":"https:\/\/www.pittini.com\/de\/?s={search_term_string}"},"query-input":{"@type":"PropertyValueSpecification","valueRequired":true,"valueName":"search_term_string"}}],"inLanguage":"de"}]}},"_links":{"self":[{"href":"https:\/\/www.pittini.com\/de\/wp-json\/wp\/v2\/pages\/8879","targetHints":{"allow":["GET"]}}],"collection":[{"href":"https:\/\/www.pittini.com\/de\/wp-json\/wp\/v2\/pages"}],"about":[{"href":"https:\/\/www.pittini.com\/de\/wp-json\/wp\/v2\/types\/page"}],"author":[{"embeddable":true,"href":"https:\/\/www.pittini.com\/de\/wp-json\/wp\/v2\/users\/1"}],"replies":[{"embeddable":true,"href":"https:\/\/www.pittini.com\/de\/wp-json\/wp\/v2\/comments?post=8879"}],"version-history":[{"count":5,"href":"https:\/\/www.pittini.com\/de\/wp-json\/wp\/v2\/pages\/8879\/revisions"}],"predecessor-version":[{"id":26009,"href":"https:\/\/www.pittini.com\/de\/wp-json\/wp\/v2\/pages\/8879\/revisions\/26009"}],"up":[{"embeddable":true,"href":"https:\/\/www.pittini.com\/de\/wp-json\/wp\/v2\/pages\/8538"}],"wp:featuredmedia":[{"embeddable":true,"href":"https:\/\/www.pittini.com\/de\/wp-json\/wp\/v2\/media\/10071"}],"wp:attachment":[{"href":"https:\/\/www.pittini.com\/de\/wp-json\/wp\/v2\/media?parent=8879"}],"curies":[{"name":"wp","href":"https:\/\/api.w.org\/{rel}","templated":true}]}}