{"id":8874,"date":"2018-03-14T14:54:31","date_gmt":"2018-03-14T13:54:31","guid":{"rendered":"https:\/\/new.pittini.it\/konzern\/unternehmen\/la-veneta-reti\/trafilato-raddrizzato\/"},"modified":"2023-08-03T14:30:04","modified_gmt":"2023-08-03T12:30:04","slug":"gerichteter-gezogener-draht","status":"publish","type":"page","link":"https:\/\/www.pittini.com\/de\/produkte\/bauindustrie\/gerichteter-gezogener-draht\/","title":{"rendered":"Gerichteter gezogener Draht"},"content":{"rendered":"<p style=\"text-align: justify;\">La Veneta Reti stellt gezogenen Draht gerichtet und in Coils her. Der gerippte gezogene Draht wird durch Kaltwalzen von<a href=\"https:\/\/www.pittini.com\/de\/produkte\/walzdraht\/walzdraht-mit-niedrigem-kohlenstoffgehalt\/\"> niedriggekohltem Walzdraht Fe 41<\/a> erzielt, der im Werk gepr\u00fcft wird.<br \/>\nEr ist mit einem Durchmesser von 4 bis 10 mm erh\u00e4ltlich.<br \/>\nDer gerichtete gezogene Draht ist in St\u00e4ben mit markt\u00fcblicher oder ma\u00dfgefertigter L\u00e4nge mit einem Durchmesser von 4 bis 10 mm erh\u00e4ltlich.<\/p>\n","protected":false},"excerpt":{"rendered":"<p>La Veneta Reti stellt gezogenen Draht gerichtet und in Coils her. Der gerippte gezogene Draht wird durch Kaltwalzen von niedriggekohltem Walzdraht Fe 41 erzielt, der im Werk gepr\u00fcft wird. Er ist mit einem Durchmesser [&hellip;]<\/p>\n","protected":false},"author":1,"featured_media":24830,"parent":8538,"menu_order":7,"comment_status":"closed","ping_status":"closed","template":"page-prodotto.php","meta":{"_acf_changed":false,"footnotes":""},"class_list":["post-8874","page","type-page","status-publish","has-post-thumbnail","hentry"],"acf":[],"yoast_head":"<!-- This site is optimized with the Yoast SEO plugin v27.4 - https:\/\/yoast.com\/product\/yoast-seo-wordpress\/ -->\n<title>Gerichteter gezogener Stahl 4 bis 10 mm - Pittini<\/title>\n<meta name=\"description\" content=\"La Veneta Reti produziert gezogenen Stahldraht in St\u00e4ben und Coils, der aus kaltgewalztem Walzdraht der Pittini Gruppe hergestellt wird. Datenbl\u00e4tter, Abmessungen, Details.\" \/>\n<meta name=\"robots\" content=\"index, follow, max-snippet:-1, max-image-preview:large, max-video-preview:-1\" \/>\n<link rel=\"canonical\" href=\"https:\/\/www.pittini.com\/de\/produkte\/bauindustrie\/gerichteter-gezogener-draht\/\" \/>\n<meta property=\"og:locale\" content=\"de_DE\" \/>\n<meta property=\"og:type\" content=\"article\" \/>\n<meta property=\"og:title\" content=\"Gerichteter gezogener Stahl 4 bis 10 mm - Pittini\" \/>\n<meta property=\"og:description\" content=\"La Veneta Reti produziert gezogenen Stahldraht in St\u00e4ben und Coils, der aus kaltgewalztem Walzdraht der Pittini Gruppe hergestellt wird. Datenbl\u00e4tter, Abmessungen, Details.\" \/>\n<meta property=\"og:url\" content=\"https:\/\/www.pittini.com\/de\/produkte\/bauindustrie\/gerichteter-gezogener-draht\/\" \/>\n<meta property=\"og:site_name\" content=\"Pittini Gruppe\" \/>\n<meta property=\"article:modified_time\" content=\"2023-08-03T12:30:04+00:00\" \/>\n<meta property=\"og:image\" content=\"https:\/\/www.pittini.com\/wp-content\/uploads\/sites\/21\/Gruppo-Pittini-trafilato-raddrizzato.jpg\" \/>\n\t<meta property=\"og:image:width\" content=\"1900\" \/>\n\t<meta property=\"og:image:height\" content=\"560\" \/>\n\t<meta property=\"og:image:type\" content=\"image\/jpeg\" \/>\n<script type=\"application\/ld+json\" class=\"yoast-schema-graph\">{\"@context\":\"https:\\\/\\\/schema.org\",\"@graph\":[{\"@type\":\"WebPage\",\"@id\":\"https:\\\/\\\/www.pittini.com\\\/de\\\/produkte\\\/bauindustrie\\\/gerichteter-gezogener-draht\\\/\",\"url\":\"https:\\\/\\\/www.pittini.com\\\/de\\\/produkte\\\/bauindustrie\\\/gerichteter-gezogener-draht\\\/\",\"name\":\"Gerichteter gezogener Stahl 4 bis 10 mm - Pittini\",\"isPartOf\":{\"@id\":\"https:\\\/\\\/www.pittini.com\\\/de\\\/#website\"},\"primaryImageOfPage\":{\"@id\":\"https:\\\/\\\/www.pittini.com\\\/de\\\/produkte\\\/bauindustrie\\\/gerichteter-gezogener-draht\\\/#primaryimage\"},\"image\":{\"@id\":\"https:\\\/\\\/www.pittini.com\\\/de\\\/produkte\\\/bauindustrie\\\/gerichteter-gezogener-draht\\\/#primaryimage\"},\"thumbnailUrl\":\"https:\\\/\\\/www.pittini.com\\\/wp-content\\\/uploads\\\/sites\\\/21\\\/Gruppo-Pittini-trafilato-raddrizzato.jpg\",\"datePublished\":\"2018-03-14T13:54:31+00:00\",\"dateModified\":\"2023-08-03T12:30:04+00:00\",\"description\":\"La Veneta Reti produziert gezogenen Stahldraht in St\u00e4ben und Coils, der aus kaltgewalztem Walzdraht der Pittini Gruppe hergestellt wird. Datenbl\u00e4tter, Abmessungen, Details.\",\"breadcrumb\":{\"@id\":\"https:\\\/\\\/www.pittini.com\\\/de\\\/produkte\\\/bauindustrie\\\/gerichteter-gezogener-draht\\\/#breadcrumb\"},\"inLanguage\":\"de\",\"potentialAction\":[{\"@type\":\"ReadAction\",\"target\":[\"https:\\\/\\\/www.pittini.com\\\/de\\\/produkte\\\/bauindustrie\\\/gerichteter-gezogener-draht\\\/\"]}]},{\"@type\":\"ImageObject\",\"inLanguage\":\"de\",\"@id\":\"https:\\\/\\\/www.pittini.com\\\/de\\\/produkte\\\/bauindustrie\\\/gerichteter-gezogener-draht\\\/#primaryimage\",\"url\":\"https:\\\/\\\/www.pittini.com\\\/wp-content\\\/uploads\\\/sites\\\/21\\\/Gruppo-Pittini-trafilato-raddrizzato.jpg\",\"contentUrl\":\"https:\\\/\\\/www.pittini.com\\\/wp-content\\\/uploads\\\/sites\\\/21\\\/Gruppo-Pittini-trafilato-raddrizzato.jpg\",\"width\":1900,\"height\":560},{\"@type\":\"BreadcrumbList\",\"@id\":\"https:\\\/\\\/www.pittini.com\\\/de\\\/produkte\\\/bauindustrie\\\/gerichteter-gezogener-draht\\\/#breadcrumb\",\"itemListElement\":[{\"@type\":\"ListItem\",\"position\":1,\"name\":\"Home\",\"item\":\"https:\\\/\\\/www.pittini.com\\\/de\\\/\"},{\"@type\":\"ListItem\",\"position\":2,\"name\":\"Produkte\",\"item\":\"https:\\\/\\\/www.pittini.com\\\/de\\\/produkte\\\/\"},{\"@type\":\"ListItem\",\"position\":3,\"name\":\"Baustahl\",\"item\":\"https:\\\/\\\/www.pittini.com\\\/de\\\/produkte\\\/bauindustrie\\\/\"},{\"@type\":\"ListItem\",\"position\":4,\"name\":\"Gerichteter gezogener Draht\"}]},{\"@type\":\"WebSite\",\"@id\":\"https:\\\/\\\/www.pittini.com\\\/de\\\/#website\",\"url\":\"https:\\\/\\\/www.pittini.com\\\/de\\\/\",\"name\":\"Pittini Gruppe\",\"description\":\"A group of companies that manage to cover all the production process\",\"potentialAction\":[{\"@type\":\"SearchAction\",\"target\":{\"@type\":\"EntryPoint\",\"urlTemplate\":\"https:\\\/\\\/www.pittini.com\\\/de\\\/?s={search_term_string}\"},\"query-input\":{\"@type\":\"PropertyValueSpecification\",\"valueRequired\":true,\"valueName\":\"search_term_string\"}}],\"inLanguage\":\"de\"}]}<\/script>\n<!-- \/ Yoast SEO plugin. -->","yoast_head_json":{"title":"Gerichteter gezogener Stahl 4 bis 10 mm - Pittini","description":"La Veneta Reti produziert gezogenen Stahldraht in St\u00e4ben und Coils, der aus kaltgewalztem Walzdraht der Pittini Gruppe hergestellt wird. Datenbl\u00e4tter, Abmessungen, Details.","robots":{"index":"index","follow":"follow","max-snippet":"max-snippet:-1","max-image-preview":"max-image-preview:large","max-video-preview":"max-video-preview:-1"},"canonical":"https:\/\/www.pittini.com\/de\/produkte\/bauindustrie\/gerichteter-gezogener-draht\/","og_locale":"de_DE","og_type":"article","og_title":"Gerichteter gezogener Stahl 4 bis 10 mm - Pittini","og_description":"La Veneta Reti produziert gezogenen Stahldraht in St\u00e4ben und Coils, der aus kaltgewalztem Walzdraht der Pittini Gruppe hergestellt wird. Datenbl\u00e4tter, Abmessungen, Details.","og_url":"https:\/\/www.pittini.com\/de\/produkte\/bauindustrie\/gerichteter-gezogener-draht\/","og_site_name":"Pittini Gruppe","article_modified_time":"2023-08-03T12:30:04+00:00","og_image":[{"width":1900,"height":560,"url":"https:\/\/www.pittini.com\/wp-content\/uploads\/sites\/21\/Gruppo-Pittini-trafilato-raddrizzato.jpg","type":"image\/jpeg"}],"schema":{"@context":"https:\/\/schema.org","@graph":[{"@type":"WebPage","@id":"https:\/\/www.pittini.com\/de\/produkte\/bauindustrie\/gerichteter-gezogener-draht\/","url":"https:\/\/www.pittini.com\/de\/produkte\/bauindustrie\/gerichteter-gezogener-draht\/","name":"Gerichteter gezogener Stahl 4 bis 10 mm - Pittini","isPartOf":{"@id":"https:\/\/www.pittini.com\/de\/#website"},"primaryImageOfPage":{"@id":"https:\/\/www.pittini.com\/de\/produkte\/bauindustrie\/gerichteter-gezogener-draht\/#primaryimage"},"image":{"@id":"https:\/\/www.pittini.com\/de\/produkte\/bauindustrie\/gerichteter-gezogener-draht\/#primaryimage"},"thumbnailUrl":"https:\/\/www.pittini.com\/wp-content\/uploads\/sites\/21\/Gruppo-Pittini-trafilato-raddrizzato.jpg","datePublished":"2018-03-14T13:54:31+00:00","dateModified":"2023-08-03T12:30:04+00:00","description":"La Veneta Reti produziert gezogenen Stahldraht in St\u00e4ben und Coils, der aus kaltgewalztem Walzdraht der Pittini Gruppe hergestellt wird. Datenbl\u00e4tter, Abmessungen, Details.","breadcrumb":{"@id":"https:\/\/www.pittini.com\/de\/produkte\/bauindustrie\/gerichteter-gezogener-draht\/#breadcrumb"},"inLanguage":"de","potentialAction":[{"@type":"ReadAction","target":["https:\/\/www.pittini.com\/de\/produkte\/bauindustrie\/gerichteter-gezogener-draht\/"]}]},{"@type":"ImageObject","inLanguage":"de","@id":"https:\/\/www.pittini.com\/de\/produkte\/bauindustrie\/gerichteter-gezogener-draht\/#primaryimage","url":"https:\/\/www.pittini.com\/wp-content\/uploads\/sites\/21\/Gruppo-Pittini-trafilato-raddrizzato.jpg","contentUrl":"https:\/\/www.pittini.com\/wp-content\/uploads\/sites\/21\/Gruppo-Pittini-trafilato-raddrizzato.jpg","width":1900,"height":560},{"@type":"BreadcrumbList","@id":"https:\/\/www.pittini.com\/de\/produkte\/bauindustrie\/gerichteter-gezogener-draht\/#breadcrumb","itemListElement":[{"@type":"ListItem","position":1,"name":"Home","item":"https:\/\/www.pittini.com\/de\/"},{"@type":"ListItem","position":2,"name":"Produkte","item":"https:\/\/www.pittini.com\/de\/produkte\/"},{"@type":"ListItem","position":3,"name":"Baustahl","item":"https:\/\/www.pittini.com\/de\/produkte\/bauindustrie\/"},{"@type":"ListItem","position":4,"name":"Gerichteter gezogener Draht"}]},{"@type":"WebSite","@id":"https:\/\/www.pittini.com\/de\/#website","url":"https:\/\/www.pittini.com\/de\/","name":"Pittini Gruppe","description":"A group of companies that manage to cover all the production process","potentialAction":[{"@type":"SearchAction","target":{"@type":"EntryPoint","urlTemplate":"https:\/\/www.pittini.com\/de\/?s={search_term_string}"},"query-input":{"@type":"PropertyValueSpecification","valueRequired":true,"valueName":"search_term_string"}}],"inLanguage":"de"}]}},"_links":{"self":[{"href":"https:\/\/www.pittini.com\/de\/wp-json\/wp\/v2\/pages\/8874","targetHints":{"allow":["GET"]}}],"collection":[{"href":"https:\/\/www.pittini.com\/de\/wp-json\/wp\/v2\/pages"}],"about":[{"href":"https:\/\/www.pittini.com\/de\/wp-json\/wp\/v2\/types\/page"}],"author":[{"embeddable":true,"href":"https:\/\/www.pittini.com\/de\/wp-json\/wp\/v2\/users\/1"}],"replies":[{"embeddable":true,"href":"https:\/\/www.pittini.com\/de\/wp-json\/wp\/v2\/comments?post=8874"}],"version-history":[{"count":7,"href":"https:\/\/www.pittini.com\/de\/wp-json\/wp\/v2\/pages\/8874\/revisions"}],"predecessor-version":[{"id":26062,"href":"https:\/\/www.pittini.com\/de\/wp-json\/wp\/v2\/pages\/8874\/revisions\/26062"}],"up":[{"embeddable":true,"href":"https:\/\/www.pittini.com\/de\/wp-json\/wp\/v2\/pages\/8538"}],"wp:featuredmedia":[{"embeddable":true,"href":"https:\/\/www.pittini.com\/de\/wp-json\/wp\/v2\/media\/24830"}],"wp:attachment":[{"href":"https:\/\/www.pittini.com\/de\/wp-json\/wp\/v2\/media?parent=8874"}],"curies":[{"name":"wp","href":"https:\/\/api.w.org\/{rel}","templated":true}]}}