{"id":8800,"date":"2014-07-29T10:00:22","date_gmt":"2014-07-29T08:00:22","guid":{"rendered":"https:\/\/new.pittini.it\/condizioni-duso\/"},"modified":"2024-06-13T12:23:49","modified_gmt":"2024-06-13T10:23:49","slug":"rechtliche-angaben","status":"publish","type":"page","link":"https:\/\/www.pittini.com\/de\/rechtliche-angaben\/","title":{"rendered":"Rechtliche Informationen"},"content":{"rendered":"<p><strong>UNTERNEHMENSDATEN<\/strong><\/p>\n<p>Firma: <strong>COMPAGNIA SIDERURGICA ITALIANA S.P.A.<\/strong><br \/>\nRechtssitz und operativer Sitz: Z. I. Rivoli &#8211; 33010 Osoppo (UD)<br \/>\nSteuernummer: 02448660304<br \/>\nUID-Nummer: IT02448660304<br \/>\nHandelsregister: Udine<br \/>\nVWV: UD-261574<\/p>\n<p style=\"text-align: justify;\"><strong>DATENSCHUTZ- UND EINWILLIGUNGSERKL\u00c4RUNGEN DER UNTERNEHMEN<\/strong><\/p>\n<p style=\"text-align: justify;\"><strong>COMPAGNIA SIDERURGICA ITALIANA S.P.A.<br \/>\n<\/strong>Z. I. Rivoli &#8211; 33010 Osoppo (UD)<br \/>\nSteuernummer: 02448660304<br \/>\nUID-Nummer: IT02448660304<br \/>\nHandelsregister: Udine<br \/>\nVWV: UD-261574<strong><br \/>\n<\/strong><\/p>\n<p style=\"text-align: justify;\"><u><a href=\"https:\/\/www.pittini.com\/wp-content\/uploads\/sites\/21\/CSI-Legal-Information-Customers.pdf\" target=\"_blank\" rel=\"noopener\">Datenschutzinformation und Einwilligung in die Datenverarbeitung &#8211; Kunden<\/a><br \/>\n<a href=\"https:\/\/www.pittini.com\/wp-content\/uploads\/sites\/21\/CSI-Legal-Information-Suppliers.pdf\" target=\"_blank\" rel=\"noopener\">Datenschutzinformation und Einwilligung in die Datenverarbeitung &#8211; Zulieferer<\/a><br \/>\n<a href=\"https:\/\/www.pittini.com\/wp-content\/uploads\/sites\/21\/CSI-Legal-Information-Employees.pdf\" target=\"_blank\" rel=\"noopener\">Datenschutzinformation und Einwilligung in die Datenverarbeitung &#8211; Mitarbeiter<\/a><br \/>\n<\/u><\/p>\n<p style=\"text-align: justify;\"><a href=\"https:\/\/www.pittini.com\/de\/datenschutzerklarung\/\" target=\"_blank\" rel=\"noopener\"><u>Datenschutzerkl\u00e4rung der Website www.pittini.com<\/u><\/a><\/p>\n<p style=\"text-align: justify;\"><a href=\"https:\/\/www.pittini.com\/newsletter-policy\/\" target=\"_blank\" rel=\"noopener\"><u>Newsletterregeln der Website www.pittini.com<\/u><\/a><\/p>\n<p style=\"text-align: justify;\"><strong>FERRIERE NORD S.P.A.<br \/>\n<\/strong>Z. I. Rivoli &#8211; 33010 Osoppo (UD)<br \/>\nSteuernummer: 00163780307<br \/>\nUID-Nummer: IT00163780307<br \/>\nHandelsregister: Udine<br \/>\nVWV: UD-117431<strong><br \/>\n<\/strong><\/p>\n<p style=\"text-align: justify;\"><u><a href=\"https:\/\/www.pittini.com\/wp-content\/uploads\/sites\/21\/FN-Legal-Information-Customers.pdf\" target=\"_blank\" rel=\"noopener\">Datenschutzinformation und Einwilligung in die Datenverarbeitung &#8211; Kunden<\/a><br \/>\n<a href=\"https:\/\/www.pittini.com\/wp-content\/uploads\/sites\/21\/FN-Legal-Information-Suppliers.pdf\" target=\"_blank\" rel=\"noopener\">Datenschutzinformation und Einwilligung in die Datenverarbeitung &#8211; Zulieferer<\/a><br \/>\n<a href=\"https:\/\/www.pittini.com\/wp-content\/uploads\/sites\/21\/FN-Legal-Information-Employees.pdf\" target=\"_blank\" rel=\"noopener\">Datenschutzinformation und Einwilligung in die Datenverarbeitung &#8211; Mitarbeiter<\/a><\/u><\/p>\n<p style=\"text-align: justify;\"><strong>ACCIAIERIE DI VERONA S.P.A.<br \/>\n<\/strong>Z. I. Rivoli &#8211; 33010 Osoppo (UD)<br \/>\nSteuernummer: 02830390304<br \/>\nUID-Nummer: IT02830390304<br \/>\nHandelsregister: Udine<br \/>\nVWV: UD-291294<strong><br \/>\n<\/strong><\/p>\n<p style=\"text-align: justify;\"><u><a href=\"https:\/\/www.pittini.com\/wp-content\/uploads\/sites\/21\/ADV-LIE-Legal-Information-Customers.pdf\" target=\"_blank\" rel=\"noopener\">Datenschutzinformation und Einwilligung in die Datenverarbeitung &#8211; Kunden<\/a><br \/>\n<a href=\"https:\/\/www.pittini.com\/wp-content\/uploads\/sites\/21\/ADV-LIE-Legal-Information-Suppliers.pdf\" target=\"_blank\" rel=\"noopener\">Datenschutzinformation und Einwilligung in die Datenverarbeitung &#8211; Zulieferer<\/a><br \/>\n<a href=\"https:\/\/www.pittini.com\/wp-content\/uploads\/sites\/21\/ADV-LCD-Legal-Information-Employees.pdf\" target=\"_blank\" rel=\"noopener\">Datenschutzinformation und Einwilligung in die Datenverarbeitung &#8211; Mitarbeiter<\/a><\/u><u><\/u><\/p>\n<p><strong>LA VENETA RETI S.R.L.<br \/>\n<\/strong>Via Europa Unita, 13 &#8211; 35010 Loreggia (PD)<br \/>\nSteuernummer: 00268080934<br \/>\nUID-Nummer: IT00987400280<br \/>\nHandelsregister: Padova<br \/>\nVWV: PD-157789<strong><br \/>\n<\/strong><\/p>\n<p><u><a href=\"https:\/\/www.pittini.com\/wp-content\/uploads\/sites\/21\/LA-VENETA-RETI-Legal-Information-Customers.pdf\" target=\"_blank\" rel=\"noopener\">Datenschutzinformation und Einwilligung in die Datenverarbeitung &#8211; Kunden<\/a><br \/>\n<a href=\"https:\/\/www.pittini.com\/wp-content\/uploads\/sites\/21\/LA-VENETA-RETI-Legal-Information-Suppliers.pdf\" target=\"_blank\" rel=\"noopener\">Datenschutzinformation und Einwilligung in die Datenverarbeitung &#8211; Zulieferer<\/a><br \/>\n<a href=\"https:\/\/www.pittini.com\/wp-content\/uploads\/sites\/21\/LA-VENETA-RETI-Consenso-informato-Dipendenti.pdf\" target=\"_blank\" rel=\"noopener\">Datenschutzinformation und Einwilligung in die Datenverarbeitung &#8211; Mitarbeiter<\/a><\/u><u><\/u><\/p>\n<p style=\"text-align: justify;\"><strong>HINWEISE ZU URHEBERRECHTEN UND EINGETRAGENEN MARKENZEICHEN<\/strong><\/p>\n<p style=\"text-align: justify;\">Der gesamte Inhalt dieser Website ist durch Urheberrechte (Copyright \u00a9) 2018 der COMPAGNIA SIDERURGICA ITALIANA S.P.A. oder ihrer Lieferanten gesch\u00fctzt. Alle Rechte sind entsprechend den gesetzlichen Bestimmungen den Rechtsinhabern vorbehalten.<\/p>\n<p style=\"text-align: justify;\">Nach Art. 1, Abs. 1 Gesetzesdekret Nr. 72 vom 22. M\u00e4rz 2004, ge\u00e4ndert durch das Umwandlungsgesetz Nr. 128 vom 21. Mai 2004, erf\u00fcllen die Werke auf dieser Website die urheberrechtlichen Pflichten.<\/p>\n<p style=\"text-align: justify;\">Die Vervielf\u00e4ltigung, die Bekanntmachung in der \u00d6ffentlichkeit, die Bereitstellung an die \u00d6ffentlichkeit, der Verleih und die Ausleihe, die \u00f6ffentliche Vollstreckung und die Verbreitung ohne vorherige Genehmigung des Rechtsinhabers ist verboten.<\/p>\n<p style=\"text-align: justify;\">Entsprechende Rechtsverletzungen werden mit den Sanktionen nach Art. 171, 171-bis, 171-ter, 174-bis und 174-ter des Gesetzes 633\/1941 bestraft.<\/p>\n<p>Nach Art. 5 Gesetz Nr. 633 vom 22. April 1941 \u00fcber den Schutz des Urheberrechts sind die Texte der amtlichen Urkunden des Staates und der italienischen und ausl\u00e4ndischen \u00f6ffentlichen Verwaltungsstellen nicht urheberrechtlich gesch\u00fctzt.<\/p>\n<p>Das angegebene Copyright bezieht sich auf die Verarbeitung und Pr\u00e4sentationsform der Texte.<\/p>\n<p>Behauptete urheberrechtliche Verletzungen<strong>.<\/strong><\/p>\n<p>Diese Mitteilungen sind schriftlich an den zust\u00e4ndigen Vertreter der COMPAGNIA SIDERURGICA ITALIANA S.p.A. an die folgende Anschrift, Faxnummer oder E-Mail-Adresse zu \u00fcbermitteln:<\/p>\n<p style=\"text-align: justify;\"><strong>COMPAGNIA SIDERURGICA ITALIANA S.P.A.<br \/>\n<\/strong>Zona Industriale Rivoli &#8211; 33010 OSOPPO (UD)<br \/>\nTelefon: +39 0432 062811 &#8211; Fax: +39 0432 062822<br \/>\neM. <a href=\"mailto:privacy@pittini.it\">privacy@pittini.it<\/a><\/p>\n","protected":false},"excerpt":{"rendered":"<p>UNTERNEHMENSDATEN Firma: COMPAGNIA SIDERURGICA ITALIANA S.P.A. Rechtssitz und operativer Sitz: Z. I. Rivoli &#8211; 33010 Osoppo (UD) Steuernummer: 02448660304 UID-Nummer: IT02448660304 Handelsregister: Udine VWV: UD-261574 DATENSCHUTZ- UND EINWILLIGUNGSERKL\u00c4RUNGEN DER UNTERNEHMEN COMPAGNIA SIDERURGICA ITALIANA S.P.A. [&hellip;]<\/p>\n","protected":false},"author":1,"featured_media":9029,"parent":0,"menu_order":17,"comment_status":"closed","ping_status":"closed","template":"","meta":{"_acf_changed":false,"footnotes":""},"class_list":["post-8800","page","type-page","status-publish","has-post-thumbnail","hentry"],"acf":[],"yoast_head":"<!-- This site is optimized with the Yoast SEO plugin v27.4 - https:\/\/yoast.com\/product\/yoast-seo-wordpress\/ -->\n<title>Rechtliche Informationen - Pittini Gruppe<\/title>\n<meta name=\"robots\" content=\"noindex, nofollow\" \/>\n<meta property=\"og:locale\" content=\"de_DE\" \/>\n<meta property=\"og:type\" content=\"article\" \/>\n<meta property=\"og:title\" content=\"Rechtliche Informationen - Pittini Gruppe\" \/>\n<meta property=\"og:description\" content=\"UNTERNEHMENSDATEN Firma: COMPAGNIA SIDERURGICA ITALIANA S.P.A. Rechtssitz und operativer Sitz: Z. I. Rivoli &#8211; 33010 Osoppo (UD) Steuernummer: 02448660304 UID-Nummer: IT02448660304 Handelsregister: Udine VWV: UD-261574 DATENSCHUTZ- UND EINWILLIGUNGSERKL\u00c4RUNGEN DER UNTERNEHMEN COMPAGNIA SIDERURGICA ITALIANA S.P.A. [&hellip;]\" \/>\n<meta property=\"og:url\" content=\"https:\/\/www.pittini.com\/de\/rechtliche-angaben\/\" \/>\n<meta property=\"og:site_name\" content=\"Pittini Gruppe\" \/>\n<meta property=\"article:modified_time\" content=\"2024-06-13T10:23:49+00:00\" \/>\n<meta property=\"og:image\" content=\"https:\/\/www.pittini.com\/wp-content\/uploads\/sites\/21\/Gruppo-Pittini-rete-elettrosaldata-standard-8.jpg\" \/>\n\t<meta property=\"og:image:width\" content=\"2500\" \/>\n\t<meta property=\"og:image:height\" content=\"1667\" \/>\n\t<meta property=\"og:image:type\" content=\"image\/jpeg\" \/>\n<meta name=\"twitter:label1\" content=\"Gesch\u00e4tzte Lesezeit\" \/>\n\t<meta name=\"twitter:data1\" content=\"2\u00a0Minuten\" \/>\n<script type=\"application\/ld+json\" class=\"yoast-schema-graph\">{\"@context\":\"https:\\\/\\\/schema.org\",\"@graph\":[{\"@type\":\"WebPage\",\"@id\":\"https:\\\/\\\/www.pittini.com\\\/de\\\/rechtliche-angaben\\\/\",\"url\":\"https:\\\/\\\/www.pittini.com\\\/de\\\/rechtliche-angaben\\\/\",\"name\":\"Rechtliche Informationen - Pittini Gruppe\",\"isPartOf\":{\"@id\":\"https:\\\/\\\/www.pittini.com\\\/de\\\/#website\"},\"primaryImageOfPage\":{\"@id\":\"https:\\\/\\\/www.pittini.com\\\/de\\\/rechtliche-angaben\\\/#primaryimage\"},\"image\":{\"@id\":\"https:\\\/\\\/www.pittini.com\\\/de\\\/rechtliche-angaben\\\/#primaryimage\"},\"thumbnailUrl\":\"https:\\\/\\\/www.pittini.com\\\/wp-content\\\/uploads\\\/sites\\\/21\\\/Gruppo-Pittini-rete-elettrosaldata-standard-8.jpg\",\"datePublished\":\"2014-07-29T08:00:22+00:00\",\"dateModified\":\"2024-06-13T10:23:49+00:00\",\"breadcrumb\":{\"@id\":\"https:\\\/\\\/www.pittini.com\\\/de\\\/rechtliche-angaben\\\/#breadcrumb\"},\"inLanguage\":\"de\",\"potentialAction\":[{\"@type\":\"ReadAction\",\"target\":[\"https:\\\/\\\/www.pittini.com\\\/de\\\/rechtliche-angaben\\\/\"]}]},{\"@type\":\"ImageObject\",\"inLanguage\":\"de\",\"@id\":\"https:\\\/\\\/www.pittini.com\\\/de\\\/rechtliche-angaben\\\/#primaryimage\",\"url\":\"https:\\\/\\\/www.pittini.com\\\/wp-content\\\/uploads\\\/sites\\\/21\\\/Gruppo-Pittini-rete-elettrosaldata-standard-8.jpg\",\"contentUrl\":\"https:\\\/\\\/www.pittini.com\\\/wp-content\\\/uploads\\\/sites\\\/21\\\/Gruppo-Pittini-rete-elettrosaldata-standard-8.jpg\",\"width\":2500,\"height\":1667,\"caption\":\"rete elettrosaldata standard Gruppo Pittini\"},{\"@type\":\"BreadcrumbList\",\"@id\":\"https:\\\/\\\/www.pittini.com\\\/de\\\/rechtliche-angaben\\\/#breadcrumb\",\"itemListElement\":[{\"@type\":\"ListItem\",\"position\":1,\"name\":\"Home\",\"item\":\"https:\\\/\\\/www.pittini.com\\\/de\\\/\"},{\"@type\":\"ListItem\",\"position\":2,\"name\":\"Rechtliche Informationen\"}]},{\"@type\":\"WebSite\",\"@id\":\"https:\\\/\\\/www.pittini.com\\\/de\\\/#website\",\"url\":\"https:\\\/\\\/www.pittini.com\\\/de\\\/\",\"name\":\"Pittini Gruppe\",\"description\":\"A group of companies that manage to cover all the production process\",\"potentialAction\":[{\"@type\":\"SearchAction\",\"target\":{\"@type\":\"EntryPoint\",\"urlTemplate\":\"https:\\\/\\\/www.pittini.com\\\/de\\\/?s={search_term_string}\"},\"query-input\":{\"@type\":\"PropertyValueSpecification\",\"valueRequired\":true,\"valueName\":\"search_term_string\"}}],\"inLanguage\":\"de\"}]}<\/script>\n<!-- \/ Yoast SEO plugin. -->","yoast_head_json":{"title":"Rechtliche Informationen - Pittini Gruppe","robots":{"index":"noindex","follow":"nofollow"},"og_locale":"de_DE","og_type":"article","og_title":"Rechtliche Informationen - Pittini Gruppe","og_description":"UNTERNEHMENSDATEN Firma: COMPAGNIA SIDERURGICA ITALIANA S.P.A. Rechtssitz und operativer Sitz: Z. I. Rivoli &#8211; 33010 Osoppo (UD) Steuernummer: 02448660304 UID-Nummer: IT02448660304 Handelsregister: Udine VWV: UD-261574 DATENSCHUTZ- UND EINWILLIGUNGSERKL\u00c4RUNGEN DER UNTERNEHMEN COMPAGNIA SIDERURGICA ITALIANA S.P.A. [&hellip;]","og_url":"https:\/\/www.pittini.com\/de\/rechtliche-angaben\/","og_site_name":"Pittini Gruppe","article_modified_time":"2024-06-13T10:23:49+00:00","og_image":[{"width":2500,"height":1667,"url":"https:\/\/www.pittini.com\/wp-content\/uploads\/sites\/21\/Gruppo-Pittini-rete-elettrosaldata-standard-8.jpg","type":"image\/jpeg"}],"twitter_misc":{"Gesch\u00e4tzte Lesezeit":"2\u00a0Minuten"},"schema":{"@context":"https:\/\/schema.org","@graph":[{"@type":"WebPage","@id":"https:\/\/www.pittini.com\/de\/rechtliche-angaben\/","url":"https:\/\/www.pittini.com\/de\/rechtliche-angaben\/","name":"Rechtliche Informationen - Pittini Gruppe","isPartOf":{"@id":"https:\/\/www.pittini.com\/de\/#website"},"primaryImageOfPage":{"@id":"https:\/\/www.pittini.com\/de\/rechtliche-angaben\/#primaryimage"},"image":{"@id":"https:\/\/www.pittini.com\/de\/rechtliche-angaben\/#primaryimage"},"thumbnailUrl":"https:\/\/www.pittini.com\/wp-content\/uploads\/sites\/21\/Gruppo-Pittini-rete-elettrosaldata-standard-8.jpg","datePublished":"2014-07-29T08:00:22+00:00","dateModified":"2024-06-13T10:23:49+00:00","breadcrumb":{"@id":"https:\/\/www.pittini.com\/de\/rechtliche-angaben\/#breadcrumb"},"inLanguage":"de","potentialAction":[{"@type":"ReadAction","target":["https:\/\/www.pittini.com\/de\/rechtliche-angaben\/"]}]},{"@type":"ImageObject","inLanguage":"de","@id":"https:\/\/www.pittini.com\/de\/rechtliche-angaben\/#primaryimage","url":"https:\/\/www.pittini.com\/wp-content\/uploads\/sites\/21\/Gruppo-Pittini-rete-elettrosaldata-standard-8.jpg","contentUrl":"https:\/\/www.pittini.com\/wp-content\/uploads\/sites\/21\/Gruppo-Pittini-rete-elettrosaldata-standard-8.jpg","width":2500,"height":1667,"caption":"rete elettrosaldata standard Gruppo Pittini"},{"@type":"BreadcrumbList","@id":"https:\/\/www.pittini.com\/de\/rechtliche-angaben\/#breadcrumb","itemListElement":[{"@type":"ListItem","position":1,"name":"Home","item":"https:\/\/www.pittini.com\/de\/"},{"@type":"ListItem","position":2,"name":"Rechtliche Informationen"}]},{"@type":"WebSite","@id":"https:\/\/www.pittini.com\/de\/#website","url":"https:\/\/www.pittini.com\/de\/","name":"Pittini Gruppe","description":"A group of companies that manage to cover all the production process","potentialAction":[{"@type":"SearchAction","target":{"@type":"EntryPoint","urlTemplate":"https:\/\/www.pittini.com\/de\/?s={search_term_string}"},"query-input":{"@type":"PropertyValueSpecification","valueRequired":true,"valueName":"search_term_string"}}],"inLanguage":"de"}]}},"_links":{"self":[{"href":"https:\/\/www.pittini.com\/de\/wp-json\/wp\/v2\/pages\/8800","targetHints":{"allow":["GET"]}}],"collection":[{"href":"https:\/\/www.pittini.com\/de\/wp-json\/wp\/v2\/pages"}],"about":[{"href":"https:\/\/www.pittini.com\/de\/wp-json\/wp\/v2\/types\/page"}],"author":[{"embeddable":true,"href":"https:\/\/www.pittini.com\/de\/wp-json\/wp\/v2\/users\/1"}],"replies":[{"embeddable":true,"href":"https:\/\/www.pittini.com\/de\/wp-json\/wp\/v2\/comments?post=8800"}],"version-history":[{"count":23,"href":"https:\/\/www.pittini.com\/de\/wp-json\/wp\/v2\/pages\/8800\/revisions"}],"predecessor-version":[{"id":27029,"href":"https:\/\/www.pittini.com\/de\/wp-json\/wp\/v2\/pages\/8800\/revisions\/27029"}],"wp:featuredmedia":[{"embeddable":true,"href":"https:\/\/www.pittini.com\/de\/wp-json\/wp\/v2\/media\/9029"}],"wp:attachment":[{"href":"https:\/\/www.pittini.com\/de\/wp-json\/wp\/v2\/media?parent=8800"}],"curies":[{"name":"wp","href":"https:\/\/api.w.org\/{rel}","templated":true}]}}