{"id":8771,"date":"2018-03-21T10:07:48","date_gmt":"2018-03-21T09:07:48","guid":{"rendered":"https:\/\/new.pittini.it\/produkte\/strassen\/traliccio\/"},"modified":"2024-05-30T13:27:45","modified_gmt":"2024-05-30T11:27:45","slug":"gittertraeger","status":"publish","type":"page","link":"https:\/\/www.pittini.com\/de\/produkte\/strassen\/gittertraeger\/","title":{"rendered":"Gittertr\u00e4ger"},"content":{"rendered":"<p style=\"text-align: justify;\">Die Pittini Gruppe hat als erste <strong>elektro-geschwei\u00dfte Gittertr\u00e4ger<\/strong> in der <a href=\"https:\/\/www.pittini.com\/de\/produkte\/bauindustrie\/\">Bauindustrie<\/a> eingef\u00fchrt, ein Produkt, das wesentlich zur Industrialisierung der modernen Bauindustrie beigetragen hat.<\/p>\n<p style=\"text-align: justify;\">Die elektrogeschwei\u00dften Gittertr\u00e4ger der Pittini Gruppe sind europaweit wegen der breiten Produktpalette, der hochwertigen Qualit\u00e4t und des kompetenten technischen Services bekannt und werden f\u00fcr die Herstellung von <strong>Gitterdeckentr\u00e4gern<\/strong> (f\u00fcr Beton-Ziegel- bzw. Betondecken), von <strong>Gittertr\u00e4gerplatten<\/strong> (f\u00fcr Br\u00fcckenbel\u00e4ge, gro\u00dfe monolithische oder leichtere Decken), von <strong>Doppelplatten<\/strong> (f\u00fcr die Herstellung von Stahlbetonscheidew\u00e4nden in Erdbebengebieten, St\u00fctzmauern, Fassaden) usw. verwendet.<\/p>\n<p style=\"text-align: justify;\">Die Verbreitung von Gittertr\u00e4gern im Infrastrukturbereich ist auf die schnelle und sichere Installation auf dem Bau sowie auf den zum Teil sogar vollkommenen Wegfall der Schalungsst\u00fctzen f\u00fcr den Betonguss zur\u00fcckzuf\u00fchren, was der Hauptgrund daf\u00fcr ist, dass diese Gittertr\u00e4ger beim Bau von <strong>Br\u00fcckenbel\u00e4gen<\/strong> umfassend eingesetzt werden.<\/p>\n<p style=\"text-align: justify;\">J\u00fcngste italienische und europ\u00e4ische Studien haben den wirkungsvollen Einsatz von Gittertr\u00e4gerplatten als Bel\u00e4ge f\u00fcr Metallkonstruktionen gezeigt, sowohl was die Duktilit\u00e4t als auch die Feuerbest\u00e4ndigkeit betrifft, wobei sie im Vergleich zu traditionellen L\u00f6sungen bei gleichem Gewicht eine bessere Leistung aufweisen. Auch die Verwendung von doppelten Gittertr\u00e4gerplatten als Scheidew\u00e4nde in Metallkonstruktionen stellt eine gute und innovative L\u00f6sung beim Bau von Industriehallen dar.<\/p>\n<p><a class=\"cta-dl\" href=\"https:\/\/www.pittini.com\/wp-content\/uploads\/sites\/21\/Gruppo-Pittini-tralicci-elettrosaldati-IT-EN.pdf\" target=\"_blank\" rel=\"noopener noreferrer\">Downloaden Katalog Gittertr\u00e4ger<\/a><\/p>\n","protected":false},"excerpt":{"rendered":"<p>Die Pittini Gruppe hat als erste elektro-geschwei\u00dfte Gittertr\u00e4ger in der Bauindustrie eingef\u00fchrt, ein Produkt, das wesentlich zur Industrialisierung der modernen Bauindustrie beigetragen hat. Die elektrogeschwei\u00dften Gittertr\u00e4ger der Pittini Gruppe sind europaweit wegen der breiten [&hellip;]<\/p>\n","protected":false},"author":1,"featured_media":24515,"parent":8740,"menu_order":4,"comment_status":"closed","ping_status":"closed","template":"page-prodotto.php","meta":{"_acf_changed":false,"footnotes":""},"class_list":["post-8771","page","type-page","status-publish","has-post-thumbnail","hentry"],"acf":[],"yoast_head":"<!-- This site is optimized with the Yoast SEO plugin v27.4 - https:\/\/yoast.com\/product\/yoast-seo-wordpress\/ -->\n<title>Stahltr\u00e4ger f\u00fcr die Bauindustrie - Pittini<\/title>\n<meta name=\"description\" content=\"Die Gittertr\u00e4ger von Pittini zeichnen sich durch ihre gro\u00dfe Auswahl und hohe Qualit\u00e4t aus und sind daher ideal f\u00fcr die Bauindustrie. Datenbl\u00e4tter, Abmessungen, Details.\" \/>\n<meta name=\"robots\" content=\"index, follow, max-snippet:-1, max-image-preview:large, max-video-preview:-1\" \/>\n<link rel=\"canonical\" href=\"https:\/\/www.pittini.com\/de\/produkte\/strassen\/gittertraeger\/\" \/>\n<meta property=\"og:locale\" content=\"de_DE\" \/>\n<meta property=\"og:type\" content=\"article\" \/>\n<meta property=\"og:title\" content=\"Stahltr\u00e4ger f\u00fcr die Bauindustrie - Pittini\" \/>\n<meta property=\"og:description\" content=\"Die Gittertr\u00e4ger von Pittini zeichnen sich durch ihre gro\u00dfe Auswahl und hohe Qualit\u00e4t aus und sind daher ideal f\u00fcr die Bauindustrie. Datenbl\u00e4tter, Abmessungen, Details.\" \/>\n<meta property=\"og:url\" content=\"https:\/\/www.pittini.com\/de\/produkte\/strassen\/gittertraeger\/\" \/>\n<meta property=\"og:site_name\" content=\"Pittini Gruppe\" \/>\n<meta property=\"article:modified_time\" content=\"2024-05-30T11:27:45+00:00\" \/>\n<meta property=\"og:image\" content=\"https:\/\/www.pittini.com\/wp-content\/uploads\/sites\/21\/Gruppo-Pittini-traliccio-elettrosaldato.jpg\" \/>\n\t<meta property=\"og:image:width\" content=\"1900\" \/>\n\t<meta property=\"og:image:height\" content=\"560\" \/>\n\t<meta property=\"og:image:type\" content=\"image\/jpeg\" \/>\n<meta name=\"twitter:label1\" content=\"Gesch\u00e4tzte Lesezeit\" \/>\n\t<meta name=\"twitter:data1\" content=\"1\u00a0Minute\" \/>\n<script type=\"application\/ld+json\" class=\"yoast-schema-graph\">{\"@context\":\"https:\\\/\\\/schema.org\",\"@graph\":[{\"@type\":\"WebPage\",\"@id\":\"https:\\\/\\\/www.pittini.com\\\/de\\\/produkte\\\/strassen\\\/gittertraeger\\\/\",\"url\":\"https:\\\/\\\/www.pittini.com\\\/de\\\/produkte\\\/strassen\\\/gittertraeger\\\/\",\"name\":\"Stahltr\u00e4ger f\u00fcr die Bauindustrie - Pittini\",\"isPartOf\":{\"@id\":\"https:\\\/\\\/www.pittini.com\\\/de\\\/#website\"},\"primaryImageOfPage\":{\"@id\":\"https:\\\/\\\/www.pittini.com\\\/de\\\/produkte\\\/strassen\\\/gittertraeger\\\/#primaryimage\"},\"image\":{\"@id\":\"https:\\\/\\\/www.pittini.com\\\/de\\\/produkte\\\/strassen\\\/gittertraeger\\\/#primaryimage\"},\"thumbnailUrl\":\"https:\\\/\\\/www.pittini.com\\\/wp-content\\\/uploads\\\/sites\\\/21\\\/Gruppo-Pittini-traliccio-elettrosaldato.jpg\",\"datePublished\":\"2018-03-21T09:07:48+00:00\",\"dateModified\":\"2024-05-30T11:27:45+00:00\",\"description\":\"Die Gittertr\u00e4ger von Pittini zeichnen sich durch ihre gro\u00dfe Auswahl und hohe Qualit\u00e4t aus und sind daher ideal f\u00fcr die Bauindustrie. Datenbl\u00e4tter, Abmessungen, Details.\",\"breadcrumb\":{\"@id\":\"https:\\\/\\\/www.pittini.com\\\/de\\\/produkte\\\/strassen\\\/gittertraeger\\\/#breadcrumb\"},\"inLanguage\":\"de\",\"potentialAction\":[{\"@type\":\"ReadAction\",\"target\":[\"https:\\\/\\\/www.pittini.com\\\/de\\\/produkte\\\/strassen\\\/gittertraeger\\\/\"]}]},{\"@type\":\"ImageObject\",\"inLanguage\":\"de\",\"@id\":\"https:\\\/\\\/www.pittini.com\\\/de\\\/produkte\\\/strassen\\\/gittertraeger\\\/#primaryimage\",\"url\":\"https:\\\/\\\/www.pittini.com\\\/wp-content\\\/uploads\\\/sites\\\/21\\\/Gruppo-Pittini-traliccio-elettrosaldato.jpg\",\"contentUrl\":\"https:\\\/\\\/www.pittini.com\\\/wp-content\\\/uploads\\\/sites\\\/21\\\/Gruppo-Pittini-traliccio-elettrosaldato.jpg\",\"width\":1900,\"height\":560},{\"@type\":\"BreadcrumbList\",\"@id\":\"https:\\\/\\\/www.pittini.com\\\/de\\\/produkte\\\/strassen\\\/gittertraeger\\\/#breadcrumb\",\"itemListElement\":[{\"@type\":\"ListItem\",\"position\":1,\"name\":\"Home\",\"item\":\"https:\\\/\\\/www.pittini.com\\\/de\\\/\"},{\"@type\":\"ListItem\",\"position\":2,\"name\":\"Produkte\",\"item\":\"https:\\\/\\\/www.pittini.com\\\/de\\\/produkte\\\/\"},{\"@type\":\"ListItem\",\"position\":3,\"name\":\"Stra\u00dfenbel\u00e4ge\",\"item\":\"https:\\\/\\\/www.pittini.com\\\/de\\\/produkte\\\/strassen\\\/\"},{\"@type\":\"ListItem\",\"position\":4,\"name\":\"Gittertr\u00e4ger\"}]},{\"@type\":\"WebSite\",\"@id\":\"https:\\\/\\\/www.pittini.com\\\/de\\\/#website\",\"url\":\"https:\\\/\\\/www.pittini.com\\\/de\\\/\",\"name\":\"Pittini Gruppe\",\"description\":\"A group of companies that manage to cover all the production process\",\"potentialAction\":[{\"@type\":\"SearchAction\",\"target\":{\"@type\":\"EntryPoint\",\"urlTemplate\":\"https:\\\/\\\/www.pittini.com\\\/de\\\/?s={search_term_string}\"},\"query-input\":{\"@type\":\"PropertyValueSpecification\",\"valueRequired\":true,\"valueName\":\"search_term_string\"}}],\"inLanguage\":\"de\"}]}<\/script>\n<!-- \/ Yoast SEO plugin. -->","yoast_head_json":{"title":"Stahltr\u00e4ger f\u00fcr die Bauindustrie - Pittini","description":"Die Gittertr\u00e4ger von Pittini zeichnen sich durch ihre gro\u00dfe Auswahl und hohe Qualit\u00e4t aus und sind daher ideal f\u00fcr die Bauindustrie. Datenbl\u00e4tter, Abmessungen, Details.","robots":{"index":"index","follow":"follow","max-snippet":"max-snippet:-1","max-image-preview":"max-image-preview:large","max-video-preview":"max-video-preview:-1"},"canonical":"https:\/\/www.pittini.com\/de\/produkte\/strassen\/gittertraeger\/","og_locale":"de_DE","og_type":"article","og_title":"Stahltr\u00e4ger f\u00fcr die Bauindustrie - Pittini","og_description":"Die Gittertr\u00e4ger von Pittini zeichnen sich durch ihre gro\u00dfe Auswahl und hohe Qualit\u00e4t aus und sind daher ideal f\u00fcr die Bauindustrie. Datenbl\u00e4tter, Abmessungen, Details.","og_url":"https:\/\/www.pittini.com\/de\/produkte\/strassen\/gittertraeger\/","og_site_name":"Pittini Gruppe","article_modified_time":"2024-05-30T11:27:45+00:00","og_image":[{"width":1900,"height":560,"url":"https:\/\/www.pittini.com\/wp-content\/uploads\/sites\/21\/Gruppo-Pittini-traliccio-elettrosaldato.jpg","type":"image\/jpeg"}],"twitter_misc":{"Gesch\u00e4tzte Lesezeit":"1\u00a0Minute"},"schema":{"@context":"https:\/\/schema.org","@graph":[{"@type":"WebPage","@id":"https:\/\/www.pittini.com\/de\/produkte\/strassen\/gittertraeger\/","url":"https:\/\/www.pittini.com\/de\/produkte\/strassen\/gittertraeger\/","name":"Stahltr\u00e4ger f\u00fcr die Bauindustrie - Pittini","isPartOf":{"@id":"https:\/\/www.pittini.com\/de\/#website"},"primaryImageOfPage":{"@id":"https:\/\/www.pittini.com\/de\/produkte\/strassen\/gittertraeger\/#primaryimage"},"image":{"@id":"https:\/\/www.pittini.com\/de\/produkte\/strassen\/gittertraeger\/#primaryimage"},"thumbnailUrl":"https:\/\/www.pittini.com\/wp-content\/uploads\/sites\/21\/Gruppo-Pittini-traliccio-elettrosaldato.jpg","datePublished":"2018-03-21T09:07:48+00:00","dateModified":"2024-05-30T11:27:45+00:00","description":"Die Gittertr\u00e4ger von Pittini zeichnen sich durch ihre gro\u00dfe Auswahl und hohe Qualit\u00e4t aus und sind daher ideal f\u00fcr die Bauindustrie. Datenbl\u00e4tter, Abmessungen, Details.","breadcrumb":{"@id":"https:\/\/www.pittini.com\/de\/produkte\/strassen\/gittertraeger\/#breadcrumb"},"inLanguage":"de","potentialAction":[{"@type":"ReadAction","target":["https:\/\/www.pittini.com\/de\/produkte\/strassen\/gittertraeger\/"]}]},{"@type":"ImageObject","inLanguage":"de","@id":"https:\/\/www.pittini.com\/de\/produkte\/strassen\/gittertraeger\/#primaryimage","url":"https:\/\/www.pittini.com\/wp-content\/uploads\/sites\/21\/Gruppo-Pittini-traliccio-elettrosaldato.jpg","contentUrl":"https:\/\/www.pittini.com\/wp-content\/uploads\/sites\/21\/Gruppo-Pittini-traliccio-elettrosaldato.jpg","width":1900,"height":560},{"@type":"BreadcrumbList","@id":"https:\/\/www.pittini.com\/de\/produkte\/strassen\/gittertraeger\/#breadcrumb","itemListElement":[{"@type":"ListItem","position":1,"name":"Home","item":"https:\/\/www.pittini.com\/de\/"},{"@type":"ListItem","position":2,"name":"Produkte","item":"https:\/\/www.pittini.com\/de\/produkte\/"},{"@type":"ListItem","position":3,"name":"Stra\u00dfenbel\u00e4ge","item":"https:\/\/www.pittini.com\/de\/produkte\/strassen\/"},{"@type":"ListItem","position":4,"name":"Gittertr\u00e4ger"}]},{"@type":"WebSite","@id":"https:\/\/www.pittini.com\/de\/#website","url":"https:\/\/www.pittini.com\/de\/","name":"Pittini Gruppe","description":"A group of companies that manage to cover all the production process","potentialAction":[{"@type":"SearchAction","target":{"@type":"EntryPoint","urlTemplate":"https:\/\/www.pittini.com\/de\/?s={search_term_string}"},"query-input":{"@type":"PropertyValueSpecification","valueRequired":true,"valueName":"search_term_string"}}],"inLanguage":"de"}]}},"_links":{"self":[{"href":"https:\/\/www.pittini.com\/de\/wp-json\/wp\/v2\/pages\/8771","targetHints":{"allow":["GET"]}}],"collection":[{"href":"https:\/\/www.pittini.com\/de\/wp-json\/wp\/v2\/pages"}],"about":[{"href":"https:\/\/www.pittini.com\/de\/wp-json\/wp\/v2\/types\/page"}],"author":[{"embeddable":true,"href":"https:\/\/www.pittini.com\/de\/wp-json\/wp\/v2\/users\/1"}],"replies":[{"embeddable":true,"href":"https:\/\/www.pittini.com\/de\/wp-json\/wp\/v2\/comments?post=8771"}],"version-history":[{"count":25,"href":"https:\/\/www.pittini.com\/de\/wp-json\/wp\/v2\/pages\/8771\/revisions"}],"predecessor-version":[{"id":26957,"href":"https:\/\/www.pittini.com\/de\/wp-json\/wp\/v2\/pages\/8771\/revisions\/26957"}],"up":[{"embeddable":true,"href":"https:\/\/www.pittini.com\/de\/wp-json\/wp\/v2\/pages\/8740"}],"wp:featuredmedia":[{"embeddable":true,"href":"https:\/\/www.pittini.com\/de\/wp-json\/wp\/v2\/media\/24515"}],"wp:attachment":[{"href":"https:\/\/www.pittini.com\/de\/wp-json\/wp\/v2\/media?parent=8771"}],"curies":[{"name":"wp","href":"https:\/\/api.w.org\/{rel}","templated":true}]}}