{"id":8765,"date":"2018-03-27T16:08:30","date_gmt":"2018-03-27T14:08:30","guid":{"rendered":"https:\/\/new.pittini.it\/produkte\/strassen\/reti-reflex\/"},"modified":"2024-05-30T14:02:44","modified_gmt":"2024-05-30T12:02:44","slug":"reflex-gitter","status":"publish","type":"page","link":"https:\/\/www.pittini.com\/de\/produkte\/strassen\/reflex-gitter\/","title":{"rendered":"Reflex-Gitter"},"content":{"rendered":"<p>In vielen L\u00e4ndern wird die Verschlechterung des Zustands der Asphaltstra\u00dfen zu einem immer gr\u00f6\u00dferen Problem. Die Ursache hierf\u00fcr ist in der Zunahme des Verkehrsaufkommens auf zu klein ausgelegten Stra\u00dfen, in der schlechten Tragf\u00e4higkeit des Stra\u00dfenunterbaus und in der thermischen Beanspruchung wie z. B. Frost und Tauwetter zu suchen. Die Mittel f\u00fcr die Instandhaltung sind begrenzt und reichen in jedem Fall nicht aus, um die Stra\u00dfen in einem angemessenen Zustand zu erhalten. Ferriere Nord hat zur Entwicklung einer neuen Methode f\u00fcr Stra\u00dfenbau und \u2013instandhaltung beigetragen, bei der mit elektrogeschwei\u00dften Stahlgittern verst\u00e4rktes (EU-Projekt EU REFLEX) bitumin\u00f6ses Mischgut eingesetzt wird.<\/p>\n<p>Die <strong>REFLEX-Gitter<\/strong> sind eine revolution\u00e4re L\u00f6sung in puncto Verkehrssicherheit, Wirtschaftlichkeit \u2013 mit einer Senkung der Gesamtkosten f\u00fcr Stra\u00dfenbau und \u2013instandhaltung w\u00e4hrend der gesamten Lebensdauer der Stra\u00dfe \u2013 und Umweltfreundlichkeit, da weniger Ressourcen verbraucht werden.<\/p>\n<p><a class=\"cta-dl\" href=\"https:\/\/www.pittini.com\/wp-content\/uploads\/sites\/21\/Depliant-Reflex-verde-ITA.pdf\" target=\"_blank\" rel=\"noopener noreferrer\">REFLEX-Gitter Brosch\u00fcre herunterladen<\/a><\/p>\n","protected":false},"excerpt":{"rendered":"<p>In vielen L\u00e4ndern wird die Verschlechterung des Zustands der Asphaltstra\u00dfen zu einem immer gr\u00f6\u00dferen Problem. Die Ursache hierf\u00fcr ist in der Zunahme des Verkehrsaufkommens auf zu klein ausgelegten Stra\u00dfen, in der schlechten Tragf\u00e4higkeit des [&hellip;]<\/p>\n","protected":false},"author":1,"featured_media":9182,"parent":8740,"menu_order":0,"comment_status":"closed","ping_status":"closed","template":"page-prodotto.php","meta":{"_acf_changed":false,"footnotes":""},"class_list":["post-8765","page","type-page","status-publish","has-post-thumbnail","hentry"],"acf":[],"yoast_head":"<!-- This site is optimized with the Yoast SEO plugin v27.3 - https:\/\/yoast.com\/product\/yoast-seo-wordpress\/ -->\n<title>Refle-Bewehrungsmatten f\u00fcr Stra\u00dfenbel\u00e4ge - Pittini<\/title>\n<meta name=\"description\" content=\"Die von der Pittini Gruppe entwickelten Reflex-Baumatten stellen eine innovative L\u00f6sung dar, sowohl in Bezug auf die Verkehrssicherheit als auch in wirtschaftlicher Hinsicht. Datenbl\u00e4tter, Abmessungen, Details.\" \/>\n<meta name=\"robots\" content=\"index, follow, max-snippet:-1, max-image-preview:large, max-video-preview:-1\" \/>\n<link rel=\"canonical\" href=\"https:\/\/www.pittini.com\/de\/produkte\/strassen\/reflex-gitter\/\" \/>\n<meta property=\"og:locale\" content=\"de_DE\" \/>\n<meta property=\"og:type\" content=\"article\" \/>\n<meta property=\"og:title\" content=\"Refle-Bewehrungsmatten f\u00fcr Stra\u00dfenbel\u00e4ge - Pittini\" \/>\n<meta property=\"og:description\" content=\"Die von der Pittini Gruppe entwickelten Reflex-Baumatten stellen eine innovative L\u00f6sung dar, sowohl in Bezug auf die Verkehrssicherheit als auch in wirtschaftlicher Hinsicht. Datenbl\u00e4tter, Abmessungen, Details.\" \/>\n<meta property=\"og:url\" content=\"https:\/\/www.pittini.com\/de\/produkte\/strassen\/reflex-gitter\/\" \/>\n<meta property=\"og:site_name\" content=\"Pittini Gruppe\" \/>\n<meta property=\"article:modified_time\" content=\"2024-05-30T12:02:44+00:00\" \/>\n<meta property=\"og:image\" content=\"https:\/\/www.pittini.com\/wp-content\/uploads\/sites\/21\/Gruppo-Pittini-reti-stradali-reflex-1.jpg\" \/>\n\t<meta property=\"og:image:width\" content=\"1681\" \/>\n\t<meta property=\"og:image:height\" content=\"1120\" \/>\n\t<meta property=\"og:image:type\" content=\"image\/jpeg\" \/>\n<meta name=\"twitter:label1\" content=\"Gesch\u00e4tzte Lesezeit\" \/>\n\t<meta name=\"twitter:data1\" content=\"1\u00a0Minute\" \/>\n<script type=\"application\/ld+json\" class=\"yoast-schema-graph\">{\"@context\":\"https:\\\/\\\/schema.org\",\"@graph\":[{\"@type\":\"WebPage\",\"@id\":\"https:\\\/\\\/www.pittini.com\\\/de\\\/produkte\\\/strassen\\\/reflex-gitter\\\/\",\"url\":\"https:\\\/\\\/www.pittini.com\\\/de\\\/produkte\\\/strassen\\\/reflex-gitter\\\/\",\"name\":\"Refle-Bewehrungsmatten f\u00fcr Stra\u00dfenbel\u00e4ge - Pittini\",\"isPartOf\":{\"@id\":\"https:\\\/\\\/www.pittini.com\\\/de\\\/#website\"},\"primaryImageOfPage\":{\"@id\":\"https:\\\/\\\/www.pittini.com\\\/de\\\/produkte\\\/strassen\\\/reflex-gitter\\\/#primaryimage\"},\"image\":{\"@id\":\"https:\\\/\\\/www.pittini.com\\\/de\\\/produkte\\\/strassen\\\/reflex-gitter\\\/#primaryimage\"},\"thumbnailUrl\":\"https:\\\/\\\/www.pittini.com\\\/wp-content\\\/uploads\\\/sites\\\/21\\\/Gruppo-Pittini-reti-stradali-reflex-1.jpg\",\"datePublished\":\"2018-03-27T14:08:30+00:00\",\"dateModified\":\"2024-05-30T12:02:44+00:00\",\"description\":\"Die von der Pittini Gruppe entwickelten Reflex-Baumatten stellen eine innovative L\u00f6sung dar, sowohl in Bezug auf die Verkehrssicherheit als auch in wirtschaftlicher Hinsicht. Datenbl\u00e4tter, Abmessungen, Details.\",\"breadcrumb\":{\"@id\":\"https:\\\/\\\/www.pittini.com\\\/de\\\/produkte\\\/strassen\\\/reflex-gitter\\\/#breadcrumb\"},\"inLanguage\":\"de\",\"potentialAction\":[{\"@type\":\"ReadAction\",\"target\":[\"https:\\\/\\\/www.pittini.com\\\/de\\\/produkte\\\/strassen\\\/reflex-gitter\\\/\"]}]},{\"@type\":\"ImageObject\",\"inLanguage\":\"de\",\"@id\":\"https:\\\/\\\/www.pittini.com\\\/de\\\/produkte\\\/strassen\\\/reflex-gitter\\\/#primaryimage\",\"url\":\"https:\\\/\\\/www.pittini.com\\\/wp-content\\\/uploads\\\/sites\\\/21\\\/Gruppo-Pittini-reti-stradali-reflex-1.jpg\",\"contentUrl\":\"https:\\\/\\\/www.pittini.com\\\/wp-content\\\/uploads\\\/sites\\\/21\\\/Gruppo-Pittini-reti-stradali-reflex-1.jpg\",\"width\":1681,\"height\":1120,\"caption\":\"reti stradali Reflex Gruppo Pittini\"},{\"@type\":\"BreadcrumbList\",\"@id\":\"https:\\\/\\\/www.pittini.com\\\/de\\\/produkte\\\/strassen\\\/reflex-gitter\\\/#breadcrumb\",\"itemListElement\":[{\"@type\":\"ListItem\",\"position\":1,\"name\":\"Home\",\"item\":\"https:\\\/\\\/www.pittini.com\\\/de\\\/\"},{\"@type\":\"ListItem\",\"position\":2,\"name\":\"Produkte\",\"item\":\"https:\\\/\\\/www.pittini.com\\\/de\\\/produkte\\\/\"},{\"@type\":\"ListItem\",\"position\":3,\"name\":\"Stra\u00dfenbel\u00e4ge\",\"item\":\"https:\\\/\\\/www.pittini.com\\\/de\\\/produkte\\\/strassen\\\/\"},{\"@type\":\"ListItem\",\"position\":4,\"name\":\"Reflex-Gitter\"}]},{\"@type\":\"WebSite\",\"@id\":\"https:\\\/\\\/www.pittini.com\\\/de\\\/#website\",\"url\":\"https:\\\/\\\/www.pittini.com\\\/de\\\/\",\"name\":\"Pittini Gruppe\",\"description\":\"A group of companies that manage to cover all the production process\",\"potentialAction\":[{\"@type\":\"SearchAction\",\"target\":{\"@type\":\"EntryPoint\",\"urlTemplate\":\"https:\\\/\\\/www.pittini.com\\\/de\\\/?s={search_term_string}\"},\"query-input\":{\"@type\":\"PropertyValueSpecification\",\"valueRequired\":true,\"valueName\":\"search_term_string\"}}],\"inLanguage\":\"de\"}]}<\/script>\n<!-- \/ Yoast SEO plugin. -->","yoast_head_json":{"title":"Refle-Bewehrungsmatten f\u00fcr Stra\u00dfenbel\u00e4ge - Pittini","description":"Die von der Pittini Gruppe entwickelten Reflex-Baumatten stellen eine innovative L\u00f6sung dar, sowohl in Bezug auf die Verkehrssicherheit als auch in wirtschaftlicher Hinsicht. Datenbl\u00e4tter, Abmessungen, Details.","robots":{"index":"index","follow":"follow","max-snippet":"max-snippet:-1","max-image-preview":"max-image-preview:large","max-video-preview":"max-video-preview:-1"},"canonical":"https:\/\/www.pittini.com\/de\/produkte\/strassen\/reflex-gitter\/","og_locale":"de_DE","og_type":"article","og_title":"Refle-Bewehrungsmatten f\u00fcr Stra\u00dfenbel\u00e4ge - Pittini","og_description":"Die von der Pittini Gruppe entwickelten Reflex-Baumatten stellen eine innovative L\u00f6sung dar, sowohl in Bezug auf die Verkehrssicherheit als auch in wirtschaftlicher Hinsicht. Datenbl\u00e4tter, Abmessungen, Details.","og_url":"https:\/\/www.pittini.com\/de\/produkte\/strassen\/reflex-gitter\/","og_site_name":"Pittini Gruppe","article_modified_time":"2024-05-30T12:02:44+00:00","og_image":[{"width":1681,"height":1120,"url":"https:\/\/www.pittini.com\/wp-content\/uploads\/sites\/21\/Gruppo-Pittini-reti-stradali-reflex-1.jpg","type":"image\/jpeg"}],"twitter_misc":{"Gesch\u00e4tzte Lesezeit":"1\u00a0Minute"},"schema":{"@context":"https:\/\/schema.org","@graph":[{"@type":"WebPage","@id":"https:\/\/www.pittini.com\/de\/produkte\/strassen\/reflex-gitter\/","url":"https:\/\/www.pittini.com\/de\/produkte\/strassen\/reflex-gitter\/","name":"Refle-Bewehrungsmatten f\u00fcr Stra\u00dfenbel\u00e4ge - Pittini","isPartOf":{"@id":"https:\/\/www.pittini.com\/de\/#website"},"primaryImageOfPage":{"@id":"https:\/\/www.pittini.com\/de\/produkte\/strassen\/reflex-gitter\/#primaryimage"},"image":{"@id":"https:\/\/www.pittini.com\/de\/produkte\/strassen\/reflex-gitter\/#primaryimage"},"thumbnailUrl":"https:\/\/www.pittini.com\/wp-content\/uploads\/sites\/21\/Gruppo-Pittini-reti-stradali-reflex-1.jpg","datePublished":"2018-03-27T14:08:30+00:00","dateModified":"2024-05-30T12:02:44+00:00","description":"Die von der Pittini Gruppe entwickelten Reflex-Baumatten stellen eine innovative L\u00f6sung dar, sowohl in Bezug auf die Verkehrssicherheit als auch in wirtschaftlicher Hinsicht. Datenbl\u00e4tter, Abmessungen, Details.","breadcrumb":{"@id":"https:\/\/www.pittini.com\/de\/produkte\/strassen\/reflex-gitter\/#breadcrumb"},"inLanguage":"de","potentialAction":[{"@type":"ReadAction","target":["https:\/\/www.pittini.com\/de\/produkte\/strassen\/reflex-gitter\/"]}]},{"@type":"ImageObject","inLanguage":"de","@id":"https:\/\/www.pittini.com\/de\/produkte\/strassen\/reflex-gitter\/#primaryimage","url":"https:\/\/www.pittini.com\/wp-content\/uploads\/sites\/21\/Gruppo-Pittini-reti-stradali-reflex-1.jpg","contentUrl":"https:\/\/www.pittini.com\/wp-content\/uploads\/sites\/21\/Gruppo-Pittini-reti-stradali-reflex-1.jpg","width":1681,"height":1120,"caption":"reti stradali Reflex Gruppo Pittini"},{"@type":"BreadcrumbList","@id":"https:\/\/www.pittini.com\/de\/produkte\/strassen\/reflex-gitter\/#breadcrumb","itemListElement":[{"@type":"ListItem","position":1,"name":"Home","item":"https:\/\/www.pittini.com\/de\/"},{"@type":"ListItem","position":2,"name":"Produkte","item":"https:\/\/www.pittini.com\/de\/produkte\/"},{"@type":"ListItem","position":3,"name":"Stra\u00dfenbel\u00e4ge","item":"https:\/\/www.pittini.com\/de\/produkte\/strassen\/"},{"@type":"ListItem","position":4,"name":"Reflex-Gitter"}]},{"@type":"WebSite","@id":"https:\/\/www.pittini.com\/de\/#website","url":"https:\/\/www.pittini.com\/de\/","name":"Pittini Gruppe","description":"A group of companies that manage to cover all the production process","potentialAction":[{"@type":"SearchAction","target":{"@type":"EntryPoint","urlTemplate":"https:\/\/www.pittini.com\/de\/?s={search_term_string}"},"query-input":{"@type":"PropertyValueSpecification","valueRequired":true,"valueName":"search_term_string"}}],"inLanguage":"de"}]}},"_links":{"self":[{"href":"https:\/\/www.pittini.com\/de\/wp-json\/wp\/v2\/pages\/8765","targetHints":{"allow":["GET"]}}],"collection":[{"href":"https:\/\/www.pittini.com\/de\/wp-json\/wp\/v2\/pages"}],"about":[{"href":"https:\/\/www.pittini.com\/de\/wp-json\/wp\/v2\/types\/page"}],"author":[{"embeddable":true,"href":"https:\/\/www.pittini.com\/de\/wp-json\/wp\/v2\/users\/1"}],"replies":[{"embeddable":true,"href":"https:\/\/www.pittini.com\/de\/wp-json\/wp\/v2\/comments?post=8765"}],"version-history":[{"count":9,"href":"https:\/\/www.pittini.com\/de\/wp-json\/wp\/v2\/pages\/8765\/revisions"}],"predecessor-version":[{"id":9990,"href":"https:\/\/www.pittini.com\/de\/wp-json\/wp\/v2\/pages\/8765\/revisions\/9990"}],"up":[{"embeddable":true,"href":"https:\/\/www.pittini.com\/de\/wp-json\/wp\/v2\/pages\/8740"}],"wp:featuredmedia":[{"embeddable":true,"href":"https:\/\/www.pittini.com\/de\/wp-json\/wp\/v2\/media\/9182"}],"wp:attachment":[{"href":"https:\/\/www.pittini.com\/de\/wp-json\/wp\/v2\/media?parent=8765"}],"curies":[{"name":"wp","href":"https:\/\/api.w.org\/{rel}","templated":true}]}}