{"id":8757,"date":"2018-03-13T16:39:52","date_gmt":"2018-03-13T15:39:52","guid":{"rendered":"https:\/\/new.pittini.it\/produkte\/strassen\/granella\/"},"modified":"2025-02-05T16:30:34","modified_gmt":"2025-02-05T15:30:34","slug":"granella","status":"publish","type":"page","link":"https:\/\/www.pittini.com\/de\/produkte\/strassen\/granella\/","title":{"rendered":"Granella\u00ae"},"content":{"rendered":"<p style=\"text-align: justify;\">Granella<sup>\u00ae<\/sup> ist ein Beispiel f\u00fcr die Kreislaufwirtschaft: Abfall wird zu einem Produkt.<\/p>\n<p style=\"text-align: justify;\">Bei der Stahlproduktion durch Schmelzen von Eisenschrott im EAF-Ofen wird auch ein Nebenprodukt namens Pfannenschlacke mit einer \u00e4hnlichen chemischen Analyse wie Effusivgestein gewonnen.<\/p>\n<p style=\"text-align: justify;\">Die durch dieses Verfahren erhaltenen Werkstoffe haben physikalische und mechanische Eigenschaften, die besser als hochwertige effusive Zuschlagstoffe wie Basalt, Diabas und Porphyr sind, die normalweise f\u00fcr die Herstellung von Hochleistungs-Spezialasphalt (l\u00e4rmmindernde, dr\u00e4nierende Stra\u00dfenbel\u00e4ge mit hoher Haftung) verwendet werden.<br \/>\nDie bessere Kombination aus Mikro- und Makrorauigkeit verbessert die Haftungswerte der Stra\u00dfenbel\u00e4ge und damit auch die Sicherheit.<\/p>\n<p style=\"text-align: justify;\">Au\u00dferdem bietet <strong>Granella<sup>\u00ae<\/sup><\/strong> einen doppelten Umweltvorteil: einerseits durch die Wiederverwertung und Nutzung eines industriellen Nebenprodukts, das ansonsten Abfall w\u00e4re, und andererseits als Alternativprodukt zu nat\u00fcrlichen Werkstoffen, die damit nicht mehr ausgebeutet werden &#8211; all dies zur F\u00f6rderung der Nachhaltigkeit.<\/p>\n","protected":false},"excerpt":{"rendered":"<p>Granella\u00ae ist ein Beispiel f\u00fcr die Kreislaufwirtschaft: Abfall wird zu einem Produkt. Bei der Stahlproduktion durch Schmelzen von Eisenschrott im EAF-Ofen wird auch ein Nebenprodukt namens Pfannenschlacke mit einer \u00e4hnlichen chemischen Analyse wie Effusivgestein [&hellip;]<\/p>\n","protected":false},"author":1,"featured_media":24529,"parent":8740,"menu_order":0,"comment_status":"closed","ping_status":"closed","template":"page-prodotto.php","meta":{"_acf_changed":false,"footnotes":""},"class_list":["post-8757","page","type-page","status-publish","has-post-thumbnail","hentry"],"acf":[],"yoast_head":"<!-- This site is optimized with the Yoast SEO plugin v27.5 - https:\/\/yoast.com\/product\/yoast-seo-wordpress\/ -->\n<title>Granella\u00ae-Zuschlagstoff f\u00fcr bitumin\u00f6se Bel\u00e4ge und Stra\u00dfenbel\u00e4ge - Pittini<\/title>\n<meta name=\"description\" content=\"Granella\u00ae von der Pittini Gruppe ist ein nachhaltiges Produkt: Es wird aus Abf\u00e4llen der Stahlverarbeitung gewonnen. Hohe Leistungsf\u00e4higkeit. Datenbl\u00e4tter, Abmessungen, Details.\" \/>\n<meta name=\"robots\" content=\"index, follow, max-snippet:-1, max-image-preview:large, max-video-preview:-1\" \/>\n<link rel=\"canonical\" href=\"https:\/\/www.pittini.com\/de\/produkte\/strassen\/granella\/\" \/>\n<meta property=\"og:locale\" content=\"de_DE\" \/>\n<meta property=\"og:type\" content=\"article\" \/>\n<meta property=\"og:title\" content=\"Granella\u00ae-Zuschlagstoff f\u00fcr bitumin\u00f6se Bel\u00e4ge und Stra\u00dfenbel\u00e4ge - Pittini\" \/>\n<meta property=\"og:description\" content=\"Granella\u00ae von der Pittini Gruppe ist ein nachhaltiges Produkt: Es wird aus Abf\u00e4llen der Stahlverarbeitung gewonnen. Hohe Leistungsf\u00e4higkeit. Datenbl\u00e4tter, Abmessungen, Details.\" \/>\n<meta property=\"og:url\" content=\"https:\/\/www.pittini.com\/de\/produkte\/strassen\/granella\/\" \/>\n<meta property=\"og:site_name\" content=\"Pittini Gruppe\" \/>\n<meta property=\"article:modified_time\" content=\"2025-02-05T15:30:34+00:00\" \/>\n<meta property=\"og:image\" content=\"https:\/\/www.pittini.com\/wp-content\/uploads\/sites\/21\/Gruppo-Pittini-granella.jpg\" \/>\n\t<meta property=\"og:image:width\" content=\"1900\" \/>\n\t<meta property=\"og:image:height\" content=\"560\" \/>\n\t<meta property=\"og:image:type\" content=\"image\/jpeg\" \/>\n<meta name=\"twitter:label1\" content=\"Gesch\u00e4tzte Lesezeit\" \/>\n\t<meta name=\"twitter:data1\" content=\"1\u00a0Minute\" \/>\n<script type=\"application\/ld+json\" class=\"yoast-schema-graph\">{\"@context\":\"https:\\\/\\\/schema.org\",\"@graph\":[{\"@type\":\"WebPage\",\"@id\":\"https:\\\/\\\/www.pittini.com\\\/de\\\/produkte\\\/strassen\\\/granella\\\/\",\"url\":\"https:\\\/\\\/www.pittini.com\\\/de\\\/produkte\\\/strassen\\\/granella\\\/\",\"name\":\"Granella\u00ae-Zuschlagstoff f\u00fcr bitumin\u00f6se Bel\u00e4ge und Stra\u00dfenbel\u00e4ge - Pittini\",\"isPartOf\":{\"@id\":\"https:\\\/\\\/www.pittini.com\\\/de\\\/#website\"},\"primaryImageOfPage\":{\"@id\":\"https:\\\/\\\/www.pittini.com\\\/de\\\/produkte\\\/strassen\\\/granella\\\/#primaryimage\"},\"image\":{\"@id\":\"https:\\\/\\\/www.pittini.com\\\/de\\\/produkte\\\/strassen\\\/granella\\\/#primaryimage\"},\"thumbnailUrl\":\"https:\\\/\\\/www.pittini.com\\\/wp-content\\\/uploads\\\/sites\\\/21\\\/Gruppo-Pittini-granella.jpg\",\"datePublished\":\"2018-03-13T15:39:52+00:00\",\"dateModified\":\"2025-02-05T15:30:34+00:00\",\"description\":\"Granella\u00ae von der Pittini Gruppe ist ein nachhaltiges Produkt: Es wird aus Abf\u00e4llen der Stahlverarbeitung gewonnen. Hohe Leistungsf\u00e4higkeit. Datenbl\u00e4tter, Abmessungen, Details.\",\"breadcrumb\":{\"@id\":\"https:\\\/\\\/www.pittini.com\\\/de\\\/produkte\\\/strassen\\\/granella\\\/#breadcrumb\"},\"inLanguage\":\"de\",\"potentialAction\":[{\"@type\":\"ReadAction\",\"target\":[\"https:\\\/\\\/www.pittini.com\\\/de\\\/produkte\\\/strassen\\\/granella\\\/\"]}]},{\"@type\":\"ImageObject\",\"inLanguage\":\"de\",\"@id\":\"https:\\\/\\\/www.pittini.com\\\/de\\\/produkte\\\/strassen\\\/granella\\\/#primaryimage\",\"url\":\"https:\\\/\\\/www.pittini.com\\\/wp-content\\\/uploads\\\/sites\\\/21\\\/Gruppo-Pittini-granella.jpg\",\"contentUrl\":\"https:\\\/\\\/www.pittini.com\\\/wp-content\\\/uploads\\\/sites\\\/21\\\/Gruppo-Pittini-granella.jpg\",\"width\":1900,\"height\":560},{\"@type\":\"BreadcrumbList\",\"@id\":\"https:\\\/\\\/www.pittini.com\\\/de\\\/produkte\\\/strassen\\\/granella\\\/#breadcrumb\",\"itemListElement\":[{\"@type\":\"ListItem\",\"position\":1,\"name\":\"Home\",\"item\":\"https:\\\/\\\/www.pittini.com\\\/de\\\/\"},{\"@type\":\"ListItem\",\"position\":2,\"name\":\"Produkte\",\"item\":\"https:\\\/\\\/www.pittini.com\\\/de\\\/produkte\\\/\"},{\"@type\":\"ListItem\",\"position\":3,\"name\":\"Stra\u00dfenbel\u00e4ge\",\"item\":\"https:\\\/\\\/www.pittini.com\\\/de\\\/produkte\\\/strassen\\\/\"},{\"@type\":\"ListItem\",\"position\":4,\"name\":\"Granella\u00ae\"}]},{\"@type\":\"WebSite\",\"@id\":\"https:\\\/\\\/www.pittini.com\\\/de\\\/#website\",\"url\":\"https:\\\/\\\/www.pittini.com\\\/de\\\/\",\"name\":\"Pittini Gruppe\",\"description\":\"A group of companies that manage to cover all the production process\",\"potentialAction\":[{\"@type\":\"SearchAction\",\"target\":{\"@type\":\"EntryPoint\",\"urlTemplate\":\"https:\\\/\\\/www.pittini.com\\\/de\\\/?s={search_term_string}\"},\"query-input\":{\"@type\":\"PropertyValueSpecification\",\"valueRequired\":true,\"valueName\":\"search_term_string\"}}],\"inLanguage\":\"de\"}]}<\/script>\n<!-- \/ Yoast SEO plugin. -->","yoast_head_json":{"title":"Granella\u00ae-Zuschlagstoff f\u00fcr bitumin\u00f6se Bel\u00e4ge und Stra\u00dfenbel\u00e4ge - Pittini","description":"Granella\u00ae von der Pittini Gruppe ist ein nachhaltiges Produkt: Es wird aus Abf\u00e4llen der Stahlverarbeitung gewonnen. Hohe Leistungsf\u00e4higkeit. Datenbl\u00e4tter, Abmessungen, Details.","robots":{"index":"index","follow":"follow","max-snippet":"max-snippet:-1","max-image-preview":"max-image-preview:large","max-video-preview":"max-video-preview:-1"},"canonical":"https:\/\/www.pittini.com\/de\/produkte\/strassen\/granella\/","og_locale":"de_DE","og_type":"article","og_title":"Granella\u00ae-Zuschlagstoff f\u00fcr bitumin\u00f6se Bel\u00e4ge und Stra\u00dfenbel\u00e4ge - Pittini","og_description":"Granella\u00ae von der Pittini Gruppe ist ein nachhaltiges Produkt: Es wird aus Abf\u00e4llen der Stahlverarbeitung gewonnen. Hohe Leistungsf\u00e4higkeit. Datenbl\u00e4tter, Abmessungen, Details.","og_url":"https:\/\/www.pittini.com\/de\/produkte\/strassen\/granella\/","og_site_name":"Pittini Gruppe","article_modified_time":"2025-02-05T15:30:34+00:00","og_image":[{"width":1900,"height":560,"url":"https:\/\/www.pittini.com\/wp-content\/uploads\/sites\/21\/Gruppo-Pittini-granella.jpg","type":"image\/jpeg"}],"twitter_misc":{"Gesch\u00e4tzte Lesezeit":"1\u00a0Minute"},"schema":{"@context":"https:\/\/schema.org","@graph":[{"@type":"WebPage","@id":"https:\/\/www.pittini.com\/de\/produkte\/strassen\/granella\/","url":"https:\/\/www.pittini.com\/de\/produkte\/strassen\/granella\/","name":"Granella\u00ae-Zuschlagstoff f\u00fcr bitumin\u00f6se Bel\u00e4ge und Stra\u00dfenbel\u00e4ge - Pittini","isPartOf":{"@id":"https:\/\/www.pittini.com\/de\/#website"},"primaryImageOfPage":{"@id":"https:\/\/www.pittini.com\/de\/produkte\/strassen\/granella\/#primaryimage"},"image":{"@id":"https:\/\/www.pittini.com\/de\/produkte\/strassen\/granella\/#primaryimage"},"thumbnailUrl":"https:\/\/www.pittini.com\/wp-content\/uploads\/sites\/21\/Gruppo-Pittini-granella.jpg","datePublished":"2018-03-13T15:39:52+00:00","dateModified":"2025-02-05T15:30:34+00:00","description":"Granella\u00ae von der Pittini Gruppe ist ein nachhaltiges Produkt: Es wird aus Abf\u00e4llen der Stahlverarbeitung gewonnen. Hohe Leistungsf\u00e4higkeit. Datenbl\u00e4tter, Abmessungen, Details.","breadcrumb":{"@id":"https:\/\/www.pittini.com\/de\/produkte\/strassen\/granella\/#breadcrumb"},"inLanguage":"de","potentialAction":[{"@type":"ReadAction","target":["https:\/\/www.pittini.com\/de\/produkte\/strassen\/granella\/"]}]},{"@type":"ImageObject","inLanguage":"de","@id":"https:\/\/www.pittini.com\/de\/produkte\/strassen\/granella\/#primaryimage","url":"https:\/\/www.pittini.com\/wp-content\/uploads\/sites\/21\/Gruppo-Pittini-granella.jpg","contentUrl":"https:\/\/www.pittini.com\/wp-content\/uploads\/sites\/21\/Gruppo-Pittini-granella.jpg","width":1900,"height":560},{"@type":"BreadcrumbList","@id":"https:\/\/www.pittini.com\/de\/produkte\/strassen\/granella\/#breadcrumb","itemListElement":[{"@type":"ListItem","position":1,"name":"Home","item":"https:\/\/www.pittini.com\/de\/"},{"@type":"ListItem","position":2,"name":"Produkte","item":"https:\/\/www.pittini.com\/de\/produkte\/"},{"@type":"ListItem","position":3,"name":"Stra\u00dfenbel\u00e4ge","item":"https:\/\/www.pittini.com\/de\/produkte\/strassen\/"},{"@type":"ListItem","position":4,"name":"Granella\u00ae"}]},{"@type":"WebSite","@id":"https:\/\/www.pittini.com\/de\/#website","url":"https:\/\/www.pittini.com\/de\/","name":"Pittini Gruppe","description":"A group of companies that manage to cover all the production process","potentialAction":[{"@type":"SearchAction","target":{"@type":"EntryPoint","urlTemplate":"https:\/\/www.pittini.com\/de\/?s={search_term_string}"},"query-input":{"@type":"PropertyValueSpecification","valueRequired":true,"valueName":"search_term_string"}}],"inLanguage":"de"}]}},"_links":{"self":[{"href":"https:\/\/www.pittini.com\/de\/wp-json\/wp\/v2\/pages\/8757","targetHints":{"allow":["GET"]}}],"collection":[{"href":"https:\/\/www.pittini.com\/de\/wp-json\/wp\/v2\/pages"}],"about":[{"href":"https:\/\/www.pittini.com\/de\/wp-json\/wp\/v2\/types\/page"}],"author":[{"embeddable":true,"href":"https:\/\/www.pittini.com\/de\/wp-json\/wp\/v2\/users\/1"}],"replies":[{"embeddable":true,"href":"https:\/\/www.pittini.com\/de\/wp-json\/wp\/v2\/comments?post=8757"}],"version-history":[{"count":37,"href":"https:\/\/www.pittini.com\/de\/wp-json\/wp\/v2\/pages\/8757\/revisions"}],"predecessor-version":[{"id":27277,"href":"https:\/\/www.pittini.com\/de\/wp-json\/wp\/v2\/pages\/8757\/revisions\/27277"}],"up":[{"embeddable":true,"href":"https:\/\/www.pittini.com\/de\/wp-json\/wp\/v2\/pages\/8740"}],"wp:featuredmedia":[{"embeddable":true,"href":"https:\/\/www.pittini.com\/de\/wp-json\/wp\/v2\/media\/24529"}],"wp:attachment":[{"href":"https:\/\/www.pittini.com\/de\/wp-json\/wp\/v2\/media?parent=8757"}],"curies":[{"name":"wp","href":"https:\/\/api.w.org\/{rel}","templated":true}]}}