{"id":8740,"date":"2014-08-07T09:40:53","date_gmt":"2014-08-07T07:40:53","guid":{"rendered":"https:\/\/new.pittini.it\/produkte\/strade\/"},"modified":"2024-04-16T16:50:01","modified_gmt":"2024-04-16T14:50:01","slug":"strassen","status":"publish","type":"page","link":"https:\/\/www.pittini.com\/de\/produkte\/strassen\/","title":{"rendered":"Stra\u00dfenbel\u00e4ge"},"content":{"rendered":"<p style=\"text-align: justify;\">Die Pittini Gruppe bietet verschiedene L\u00f6sungen f\u00fcr den <strong>Stra\u00dfenbau und \u00dcberf\u00fchrungsbau<\/strong> an, die sich durch Nachhaltigkeit, Innovation und leichte Verlegung auszeichnen.<\/p>\n<p style=\"text-align: justify;\">Zu den L\u00f6sungen f\u00fcr die Stra\u00dfeninfrastruktur geh\u00f6ren die <a href=\"https:\/\/www.pittini.com\/de\/produkte\/strassen\/reflex-gitter\/\">Reflex-Baumatten<\/a> zur Bewehrung von Gussasphaltbel\u00e4gen, die <a href=\"https:\/\/www.pittini.com\/de\/produkte\/strassen\/gittertraeger\/\">Baustrada-Gittertr\u00e4ger von Pittini<\/a> f\u00fcr den Bau von stark selbsttragenden Boden- und Deckenplatten wie Br\u00fcckendecks und Viadukten, <a href=\"https:\/\/www.pittini.com\/de\/produkte\/strassen\/granella\/\"><u>Granella\u00ae<\/u><\/a>, ein Zuschlagstoff f\u00fcr bitumin\u00f6se Bel\u00e4ge, Zement- und Betonmischungen, sowie <u><a href=\"https:\/\/www.pittini.com\/de\/produkte\/strassen\/siderlime\/\">Siderlime\u00ae<\/a>,<\/u> ein <strong>k\u00fcnstlicher Zuschlagstoff aus der Stahlerzeugung (SMS)<\/strong>, der bei der Herstellung bitumin\u00f6ser Mischungen als F\u00fcllstoff\/Mischung zum teilweisen Ersatz nat\u00fcrlicher Gesteinsk\u00f6rnungen und in Baumaterialien verwendet wird.<\/p>\n<p><a class=\"cta-dl\" href=\"https:\/\/www.pittini.com\/wp-content\/uploads\/sites\/21\/Gruppo-Pittini-catalogo-pavimentazioni-stradali-IT-EN.pdf\" target=\"_blank\" rel=\"noopener noreferrer\">Herunterladen Strassen Katalog<\/a><\/p>\n","protected":false},"excerpt":{"rendered":"<p>Die Pittini Gruppe bietet verschiedene L\u00f6sungen f\u00fcr den Stra\u00dfenbau und \u00dcberf\u00fchrungsbau an, die sich durch Nachhaltigkeit, Innovation und leichte Verlegung auszeichnen. Zu den L\u00f6sungen f\u00fcr die Stra\u00dfeninfrastruktur geh\u00f6ren die Reflex-Baumatten zur Bewehrung von Gussasphaltbel\u00e4gen, [&hellip;]<\/p>\n","protected":false},"author":1,"featured_media":20663,"parent":8449,"menu_order":8,"comment_status":"closed","ping_status":"closed","template":"page-soluzione.php","meta":{"_acf_changed":false,"footnotes":""},"class_list":["post-8740","page","type-page","status-publish","has-post-thumbnail","hentry"],"acf":[],"yoast_head":"<!-- This site is optimized with the Yoast SEO plugin v27.5 - https:\/\/yoast.com\/product\/yoast-seo-wordpress\/ -->\n<title>L\u00f6sungen f\u00fcr den Stra\u00dfenbau: Baumatten, Gittertr\u00e4ger, Zuschlagstoffe - Pittini<\/title>\n<meta name=\"description\" content=\"Die Pittini Gruppe liefert Stra\u00dfenbauprodukte wie Baumatten, Gittertr\u00e4ger und Zuschlagstoffe. Nachhaltigkeit, Innovation und einfache Montage. Laden Sie den Katalog herunter.\" \/>\n<meta name=\"robots\" content=\"index, follow, max-snippet:-1, max-image-preview:large, max-video-preview:-1\" \/>\n<link rel=\"canonical\" href=\"https:\/\/www.pittini.com\/de\/produkte\/strassen\/\" \/>\n<meta property=\"og:locale\" content=\"de_DE\" \/>\n<meta property=\"og:type\" content=\"article\" \/>\n<meta property=\"og:title\" content=\"L\u00f6sungen f\u00fcr den Stra\u00dfenbau: Baumatten, Gittertr\u00e4ger, Zuschlagstoffe - Pittini\" \/>\n<meta property=\"og:description\" content=\"Die Pittini Gruppe liefert Stra\u00dfenbauprodukte wie Baumatten, Gittertr\u00e4ger und Zuschlagstoffe. Nachhaltigkeit, Innovation und einfache Montage. Laden Sie den Katalog herunter.\" \/>\n<meta property=\"og:url\" content=\"https:\/\/www.pittini.com\/de\/produkte\/strassen\/\" \/>\n<meta property=\"og:site_name\" content=\"Pittini Gruppe\" \/>\n<meta property=\"article:modified_time\" content=\"2024-04-16T14:50:01+00:00\" \/>\n<meta property=\"og:image\" content=\"https:\/\/www.pittini.com\/wp-content\/uploads\/sites\/21\/Gruppo-Pittini-hero-strade.jpg\" \/>\n\t<meta property=\"og:image:width\" content=\"1900\" \/>\n\t<meta property=\"og:image:height\" content=\"560\" \/>\n\t<meta property=\"og:image:type\" content=\"image\/jpeg\" \/>\n<meta name=\"twitter:label1\" content=\"Gesch\u00e4tzte Lesezeit\" \/>\n\t<meta name=\"twitter:data1\" content=\"1\u00a0Minute\" \/>\n<script type=\"application\/ld+json\" class=\"yoast-schema-graph\">{\"@context\":\"https:\\\/\\\/schema.org\",\"@graph\":[{\"@type\":\"WebPage\",\"@id\":\"https:\\\/\\\/www.pittini.com\\\/de\\\/produkte\\\/strassen\\\/\",\"url\":\"https:\\\/\\\/www.pittini.com\\\/de\\\/produkte\\\/strassen\\\/\",\"name\":\"L\u00f6sungen f\u00fcr den Stra\u00dfenbau: Baumatten, Gittertr\u00e4ger, Zuschlagstoffe - Pittini\",\"isPartOf\":{\"@id\":\"https:\\\/\\\/www.pittini.com\\\/de\\\/#website\"},\"primaryImageOfPage\":{\"@id\":\"https:\\\/\\\/www.pittini.com\\\/de\\\/produkte\\\/strassen\\\/#primaryimage\"},\"image\":{\"@id\":\"https:\\\/\\\/www.pittini.com\\\/de\\\/produkte\\\/strassen\\\/#primaryimage\"},\"thumbnailUrl\":\"https:\\\/\\\/www.pittini.com\\\/wp-content\\\/uploads\\\/sites\\\/21\\\/Gruppo-Pittini-hero-strade.jpg\",\"datePublished\":\"2014-08-07T07:40:53+00:00\",\"dateModified\":\"2024-04-16T14:50:01+00:00\",\"description\":\"Die Pittini Gruppe liefert Stra\u00dfenbauprodukte wie Baumatten, Gittertr\u00e4ger und Zuschlagstoffe. Nachhaltigkeit, Innovation und einfache Montage. Laden Sie den Katalog herunter.\",\"breadcrumb\":{\"@id\":\"https:\\\/\\\/www.pittini.com\\\/de\\\/produkte\\\/strassen\\\/#breadcrumb\"},\"inLanguage\":\"de\",\"potentialAction\":[{\"@type\":\"ReadAction\",\"target\":[\"https:\\\/\\\/www.pittini.com\\\/de\\\/produkte\\\/strassen\\\/\"]}]},{\"@type\":\"ImageObject\",\"inLanguage\":\"de\",\"@id\":\"https:\\\/\\\/www.pittini.com\\\/de\\\/produkte\\\/strassen\\\/#primaryimage\",\"url\":\"https:\\\/\\\/www.pittini.com\\\/wp-content\\\/uploads\\\/sites\\\/21\\\/Gruppo-Pittini-hero-strade.jpg\",\"contentUrl\":\"https:\\\/\\\/www.pittini.com\\\/wp-content\\\/uploads\\\/sites\\\/21\\\/Gruppo-Pittini-hero-strade.jpg\",\"width\":1900,\"height\":560,\"caption\":\"soluzioni stradali\"},{\"@type\":\"BreadcrumbList\",\"@id\":\"https:\\\/\\\/www.pittini.com\\\/de\\\/produkte\\\/strassen\\\/#breadcrumb\",\"itemListElement\":[{\"@type\":\"ListItem\",\"position\":1,\"name\":\"Home\",\"item\":\"https:\\\/\\\/www.pittini.com\\\/de\\\/\"},{\"@type\":\"ListItem\",\"position\":2,\"name\":\"Produkte\",\"item\":\"https:\\\/\\\/www.pittini.com\\\/de\\\/produkte\\\/\"},{\"@type\":\"ListItem\",\"position\":3,\"name\":\"Stra\u00dfenbel\u00e4ge\"}]},{\"@type\":\"WebSite\",\"@id\":\"https:\\\/\\\/www.pittini.com\\\/de\\\/#website\",\"url\":\"https:\\\/\\\/www.pittini.com\\\/de\\\/\",\"name\":\"Pittini Gruppe\",\"description\":\"A group of companies that manage to cover all the production process\",\"potentialAction\":[{\"@type\":\"SearchAction\",\"target\":{\"@type\":\"EntryPoint\",\"urlTemplate\":\"https:\\\/\\\/www.pittini.com\\\/de\\\/?s={search_term_string}\"},\"query-input\":{\"@type\":\"PropertyValueSpecification\",\"valueRequired\":true,\"valueName\":\"search_term_string\"}}],\"inLanguage\":\"de\"}]}<\/script>\n<!-- \/ Yoast SEO plugin. -->","yoast_head_json":{"title":"L\u00f6sungen f\u00fcr den Stra\u00dfenbau: Baumatten, Gittertr\u00e4ger, Zuschlagstoffe - Pittini","description":"Die Pittini Gruppe liefert Stra\u00dfenbauprodukte wie Baumatten, Gittertr\u00e4ger und Zuschlagstoffe. Nachhaltigkeit, Innovation und einfache Montage. Laden Sie den Katalog herunter.","robots":{"index":"index","follow":"follow","max-snippet":"max-snippet:-1","max-image-preview":"max-image-preview:large","max-video-preview":"max-video-preview:-1"},"canonical":"https:\/\/www.pittini.com\/de\/produkte\/strassen\/","og_locale":"de_DE","og_type":"article","og_title":"L\u00f6sungen f\u00fcr den Stra\u00dfenbau: Baumatten, Gittertr\u00e4ger, Zuschlagstoffe - Pittini","og_description":"Die Pittini Gruppe liefert Stra\u00dfenbauprodukte wie Baumatten, Gittertr\u00e4ger und Zuschlagstoffe. Nachhaltigkeit, Innovation und einfache Montage. Laden Sie den Katalog herunter.","og_url":"https:\/\/www.pittini.com\/de\/produkte\/strassen\/","og_site_name":"Pittini Gruppe","article_modified_time":"2024-04-16T14:50:01+00:00","og_image":[{"width":1900,"height":560,"url":"https:\/\/www.pittini.com\/wp-content\/uploads\/sites\/21\/Gruppo-Pittini-hero-strade.jpg","type":"image\/jpeg"}],"twitter_misc":{"Gesch\u00e4tzte Lesezeit":"1\u00a0Minute"},"schema":{"@context":"https:\/\/schema.org","@graph":[{"@type":"WebPage","@id":"https:\/\/www.pittini.com\/de\/produkte\/strassen\/","url":"https:\/\/www.pittini.com\/de\/produkte\/strassen\/","name":"L\u00f6sungen f\u00fcr den Stra\u00dfenbau: Baumatten, Gittertr\u00e4ger, Zuschlagstoffe - Pittini","isPartOf":{"@id":"https:\/\/www.pittini.com\/de\/#website"},"primaryImageOfPage":{"@id":"https:\/\/www.pittini.com\/de\/produkte\/strassen\/#primaryimage"},"image":{"@id":"https:\/\/www.pittini.com\/de\/produkte\/strassen\/#primaryimage"},"thumbnailUrl":"https:\/\/www.pittini.com\/wp-content\/uploads\/sites\/21\/Gruppo-Pittini-hero-strade.jpg","datePublished":"2014-08-07T07:40:53+00:00","dateModified":"2024-04-16T14:50:01+00:00","description":"Die Pittini Gruppe liefert Stra\u00dfenbauprodukte wie Baumatten, Gittertr\u00e4ger und Zuschlagstoffe. Nachhaltigkeit, Innovation und einfache Montage. Laden Sie den Katalog herunter.","breadcrumb":{"@id":"https:\/\/www.pittini.com\/de\/produkte\/strassen\/#breadcrumb"},"inLanguage":"de","potentialAction":[{"@type":"ReadAction","target":["https:\/\/www.pittini.com\/de\/produkte\/strassen\/"]}]},{"@type":"ImageObject","inLanguage":"de","@id":"https:\/\/www.pittini.com\/de\/produkte\/strassen\/#primaryimage","url":"https:\/\/www.pittini.com\/wp-content\/uploads\/sites\/21\/Gruppo-Pittini-hero-strade.jpg","contentUrl":"https:\/\/www.pittini.com\/wp-content\/uploads\/sites\/21\/Gruppo-Pittini-hero-strade.jpg","width":1900,"height":560,"caption":"soluzioni stradali"},{"@type":"BreadcrumbList","@id":"https:\/\/www.pittini.com\/de\/produkte\/strassen\/#breadcrumb","itemListElement":[{"@type":"ListItem","position":1,"name":"Home","item":"https:\/\/www.pittini.com\/de\/"},{"@type":"ListItem","position":2,"name":"Produkte","item":"https:\/\/www.pittini.com\/de\/produkte\/"},{"@type":"ListItem","position":3,"name":"Stra\u00dfenbel\u00e4ge"}]},{"@type":"WebSite","@id":"https:\/\/www.pittini.com\/de\/#website","url":"https:\/\/www.pittini.com\/de\/","name":"Pittini Gruppe","description":"A group of companies that manage to cover all the production process","potentialAction":[{"@type":"SearchAction","target":{"@type":"EntryPoint","urlTemplate":"https:\/\/www.pittini.com\/de\/?s={search_term_string}"},"query-input":{"@type":"PropertyValueSpecification","valueRequired":true,"valueName":"search_term_string"}}],"inLanguage":"de"}]}},"_links":{"self":[{"href":"https:\/\/www.pittini.com\/de\/wp-json\/wp\/v2\/pages\/8740","targetHints":{"allow":["GET"]}}],"collection":[{"href":"https:\/\/www.pittini.com\/de\/wp-json\/wp\/v2\/pages"}],"about":[{"href":"https:\/\/www.pittini.com\/de\/wp-json\/wp\/v2\/types\/page"}],"author":[{"embeddable":true,"href":"https:\/\/www.pittini.com\/de\/wp-json\/wp\/v2\/users\/1"}],"replies":[{"embeddable":true,"href":"https:\/\/www.pittini.com\/de\/wp-json\/wp\/v2\/comments?post=8740"}],"version-history":[{"count":14,"href":"https:\/\/www.pittini.com\/de\/wp-json\/wp\/v2\/pages\/8740\/revisions"}],"predecessor-version":[{"id":26915,"href":"https:\/\/www.pittini.com\/de\/wp-json\/wp\/v2\/pages\/8740\/revisions\/26915"}],"up":[{"embeddable":true,"href":"https:\/\/www.pittini.com\/de\/wp-json\/wp\/v2\/pages\/8449"}],"wp:featuredmedia":[{"embeddable":true,"href":"https:\/\/www.pittini.com\/de\/wp-json\/wp\/v2\/media\/20663"}],"wp:attachment":[{"href":"https:\/\/www.pittini.com\/de\/wp-json\/wp\/v2\/media?parent=8740"}],"curies":[{"name":"wp","href":"https:\/\/api.w.org\/{rel}","templated":true}]}}