{"id":8720,"date":"2018-03-21T10:06:35","date_gmt":"2018-03-21T09:06:35","guid":{"rendered":"https:\/\/new.pittini.it\/produkte\/saldatura\/"},"modified":"2023-07-13T14:40:03","modified_gmt":"2023-07-13T12:40:03","slug":"schweissstahl","status":"publish","type":"page","link":"https:\/\/www.pittini.com\/de\/produkte\/schweissstahl\/","title":{"rendered":"Schweissdr\u00e4hte"},"content":{"rendered":"<p style=\"text-align: justify;\">Die Abteilung <a href=\"https:\/\/www.pittarc.com\/de\/unternehmen\/\" target=\"_blank\" rel=\"noopener noreferrer\">Pittarc<\/a> hat in rund 50 Jahren Erfahrung Technologien, Produktionsanlagen und -prozesse entwickelt, mit denen sie zum Branchenf\u00fchrer f\u00fcr Schwei\u00dfdraht aufgestiegen ist. F\u00fcr die Produktion verwendet sie den aus den Stahlwerken der Pittini Gruppe kommenden Walzdraht. Die Produktion umfasst ein breites Spektrum an Schutzgas- und Unterpulver-Schwei\u00dfdr\u00e4hten.<\/p>\n<p><a class=\"cta-dl\" style=\"background-color: #fe5000;\" href=\"https:\/\/www.pittini.com\/wp-content\/uploads\/sites\/21\/Pittarc-catalogo-saldatura-2022-DE-FR.pdf\" target=\"_blank\" rel=\"noopener noreferrer\">Download Schwei\u00dfstahl Katalog<\/a><\/p>\n","protected":false},"excerpt":{"rendered":"<p>Die Abteilung Pittarc hat in rund 50 Jahren Erfahrung Technologien, Produktionsanlagen und -prozesse entwickelt, mit denen sie zum Branchenf\u00fchrer f\u00fcr Schwei\u00dfdraht aufgestiegen ist. F\u00fcr die Produktion verwendet sie den aus den Stahlwerken der Pittini [&hellip;]<\/p>\n","protected":false},"author":1,"featured_media":20659,"parent":8449,"menu_order":10,"comment_status":"closed","ping_status":"closed","template":"page-soluzione.php","meta":{"_acf_changed":false,"footnotes":""},"class_list":["post-8720","page","type-page","status-publish","has-post-thumbnail","hentry"],"acf":[],"yoast_head":"<!-- This site is optimized with the Yoast SEO plugin v27.5 - https:\/\/yoast.com\/product\/yoast-seo-wordpress\/ -->\n<title>Hochwertige und leistungsstarke Schwei\u00dfdr\u00e4hte - Pittini<\/title>\n<meta name=\"description\" content=\"Pittarc stellt Schwei\u00dfdr\u00e4hte aus Stahl der Pittini Gruppe her. Hohe Produktionsqualit\u00e4t und Technologie. Laden Sie den Katalog herunter.\" \/>\n<meta name=\"robots\" content=\"index, follow, max-snippet:-1, max-image-preview:large, max-video-preview:-1\" \/>\n<link rel=\"canonical\" href=\"https:\/\/www.pittini.com\/de\/produkte\/schweissstahl\/\" \/>\n<meta property=\"og:locale\" content=\"de_DE\" \/>\n<meta property=\"og:type\" content=\"article\" \/>\n<meta property=\"og:title\" content=\"Hochwertige und leistungsstarke Schwei\u00dfdr\u00e4hte - Pittini\" \/>\n<meta property=\"og:description\" content=\"Pittarc stellt Schwei\u00dfdr\u00e4hte aus Stahl der Pittini Gruppe her. Hohe Produktionsqualit\u00e4t und Technologie. Laden Sie den Katalog herunter.\" \/>\n<meta property=\"og:url\" content=\"https:\/\/www.pittini.com\/de\/produkte\/schweissstahl\/\" \/>\n<meta property=\"og:site_name\" content=\"Pittini Gruppe\" \/>\n<meta property=\"article:modified_time\" content=\"2023-07-13T12:40:03+00:00\" \/>\n<meta property=\"og:image\" content=\"https:\/\/www.pittini.com\/wp-content\/uploads\/sites\/21\/Gruppo-Pittini-hero-saldature.jpg\" \/>\n\t<meta property=\"og:image:width\" content=\"1900\" \/>\n\t<meta property=\"og:image:height\" content=\"560\" \/>\n\t<meta property=\"og:image:type\" content=\"image\/jpeg\" \/>\n<script type=\"application\/ld+json\" class=\"yoast-schema-graph\">{\"@context\":\"https:\\\/\\\/schema.org\",\"@graph\":[{\"@type\":\"WebPage\",\"@id\":\"https:\\\/\\\/www.pittini.com\\\/de\\\/produkte\\\/schweissstahl\\\/\",\"url\":\"https:\\\/\\\/www.pittini.com\\\/de\\\/produkte\\\/schweissstahl\\\/\",\"name\":\"Hochwertige und leistungsstarke Schwei\u00dfdr\u00e4hte - Pittini\",\"isPartOf\":{\"@id\":\"https:\\\/\\\/www.pittini.com\\\/de\\\/#website\"},\"primaryImageOfPage\":{\"@id\":\"https:\\\/\\\/www.pittini.com\\\/de\\\/produkte\\\/schweissstahl\\\/#primaryimage\"},\"image\":{\"@id\":\"https:\\\/\\\/www.pittini.com\\\/de\\\/produkte\\\/schweissstahl\\\/#primaryimage\"},\"thumbnailUrl\":\"https:\\\/\\\/www.pittini.com\\\/wp-content\\\/uploads\\\/sites\\\/21\\\/Gruppo-Pittini-hero-saldature.jpg\",\"datePublished\":\"2018-03-21T09:06:35+00:00\",\"dateModified\":\"2023-07-13T12:40:03+00:00\",\"description\":\"Pittarc stellt Schwei\u00dfdr\u00e4hte aus Stahl der Pittini Gruppe her. Hohe Produktionsqualit\u00e4t und Technologie. Laden Sie den Katalog herunter.\",\"breadcrumb\":{\"@id\":\"https:\\\/\\\/www.pittini.com\\\/de\\\/produkte\\\/schweissstahl\\\/#breadcrumb\"},\"inLanguage\":\"de\",\"potentialAction\":[{\"@type\":\"ReadAction\",\"target\":[\"https:\\\/\\\/www.pittini.com\\\/de\\\/produkte\\\/schweissstahl\\\/\"]}]},{\"@type\":\"ImageObject\",\"inLanguage\":\"de\",\"@id\":\"https:\\\/\\\/www.pittini.com\\\/de\\\/produkte\\\/schweissstahl\\\/#primaryimage\",\"url\":\"https:\\\/\\\/www.pittini.com\\\/wp-content\\\/uploads\\\/sites\\\/21\\\/Gruppo-Pittini-hero-saldature.jpg\",\"contentUrl\":\"https:\\\/\\\/www.pittini.com\\\/wp-content\\\/uploads\\\/sites\\\/21\\\/Gruppo-Pittini-hero-saldature.jpg\",\"width\":1900,\"height\":560,\"caption\":\"saldatura\"},{\"@type\":\"BreadcrumbList\",\"@id\":\"https:\\\/\\\/www.pittini.com\\\/de\\\/produkte\\\/schweissstahl\\\/#breadcrumb\",\"itemListElement\":[{\"@type\":\"ListItem\",\"position\":1,\"name\":\"Home\",\"item\":\"https:\\\/\\\/www.pittini.com\\\/de\\\/\"},{\"@type\":\"ListItem\",\"position\":2,\"name\":\"Produkte\",\"item\":\"https:\\\/\\\/www.pittini.com\\\/de\\\/produkte\\\/\"},{\"@type\":\"ListItem\",\"position\":3,\"name\":\"Schweissdr\u00e4hte\"}]},{\"@type\":\"WebSite\",\"@id\":\"https:\\\/\\\/www.pittini.com\\\/de\\\/#website\",\"url\":\"https:\\\/\\\/www.pittini.com\\\/de\\\/\",\"name\":\"Pittini Gruppe\",\"description\":\"A group of companies that manage to cover all the production process\",\"potentialAction\":[{\"@type\":\"SearchAction\",\"target\":{\"@type\":\"EntryPoint\",\"urlTemplate\":\"https:\\\/\\\/www.pittini.com\\\/de\\\/?s={search_term_string}\"},\"query-input\":{\"@type\":\"PropertyValueSpecification\",\"valueRequired\":true,\"valueName\":\"search_term_string\"}}],\"inLanguage\":\"de\"}]}<\/script>\n<!-- \/ Yoast SEO plugin. -->","yoast_head_json":{"title":"Hochwertige und leistungsstarke Schwei\u00dfdr\u00e4hte - Pittini","description":"Pittarc stellt Schwei\u00dfdr\u00e4hte aus Stahl der Pittini Gruppe her. Hohe Produktionsqualit\u00e4t und Technologie. Laden Sie den Katalog herunter.","robots":{"index":"index","follow":"follow","max-snippet":"max-snippet:-1","max-image-preview":"max-image-preview:large","max-video-preview":"max-video-preview:-1"},"canonical":"https:\/\/www.pittini.com\/de\/produkte\/schweissstahl\/","og_locale":"de_DE","og_type":"article","og_title":"Hochwertige und leistungsstarke Schwei\u00dfdr\u00e4hte - Pittini","og_description":"Pittarc stellt Schwei\u00dfdr\u00e4hte aus Stahl der Pittini Gruppe her. Hohe Produktionsqualit\u00e4t und Technologie. Laden Sie den Katalog herunter.","og_url":"https:\/\/www.pittini.com\/de\/produkte\/schweissstahl\/","og_site_name":"Pittini Gruppe","article_modified_time":"2023-07-13T12:40:03+00:00","og_image":[{"width":1900,"height":560,"url":"https:\/\/www.pittini.com\/wp-content\/uploads\/sites\/21\/Gruppo-Pittini-hero-saldature.jpg","type":"image\/jpeg"}],"schema":{"@context":"https:\/\/schema.org","@graph":[{"@type":"WebPage","@id":"https:\/\/www.pittini.com\/de\/produkte\/schweissstahl\/","url":"https:\/\/www.pittini.com\/de\/produkte\/schweissstahl\/","name":"Hochwertige und leistungsstarke Schwei\u00dfdr\u00e4hte - Pittini","isPartOf":{"@id":"https:\/\/www.pittini.com\/de\/#website"},"primaryImageOfPage":{"@id":"https:\/\/www.pittini.com\/de\/produkte\/schweissstahl\/#primaryimage"},"image":{"@id":"https:\/\/www.pittini.com\/de\/produkte\/schweissstahl\/#primaryimage"},"thumbnailUrl":"https:\/\/www.pittini.com\/wp-content\/uploads\/sites\/21\/Gruppo-Pittini-hero-saldature.jpg","datePublished":"2018-03-21T09:06:35+00:00","dateModified":"2023-07-13T12:40:03+00:00","description":"Pittarc stellt Schwei\u00dfdr\u00e4hte aus Stahl der Pittini Gruppe her. Hohe Produktionsqualit\u00e4t und Technologie. Laden Sie den Katalog herunter.","breadcrumb":{"@id":"https:\/\/www.pittini.com\/de\/produkte\/schweissstahl\/#breadcrumb"},"inLanguage":"de","potentialAction":[{"@type":"ReadAction","target":["https:\/\/www.pittini.com\/de\/produkte\/schweissstahl\/"]}]},{"@type":"ImageObject","inLanguage":"de","@id":"https:\/\/www.pittini.com\/de\/produkte\/schweissstahl\/#primaryimage","url":"https:\/\/www.pittini.com\/wp-content\/uploads\/sites\/21\/Gruppo-Pittini-hero-saldature.jpg","contentUrl":"https:\/\/www.pittini.com\/wp-content\/uploads\/sites\/21\/Gruppo-Pittini-hero-saldature.jpg","width":1900,"height":560,"caption":"saldatura"},{"@type":"BreadcrumbList","@id":"https:\/\/www.pittini.com\/de\/produkte\/schweissstahl\/#breadcrumb","itemListElement":[{"@type":"ListItem","position":1,"name":"Home","item":"https:\/\/www.pittini.com\/de\/"},{"@type":"ListItem","position":2,"name":"Produkte","item":"https:\/\/www.pittini.com\/de\/produkte\/"},{"@type":"ListItem","position":3,"name":"Schweissdr\u00e4hte"}]},{"@type":"WebSite","@id":"https:\/\/www.pittini.com\/de\/#website","url":"https:\/\/www.pittini.com\/de\/","name":"Pittini Gruppe","description":"A group of companies that manage to cover all the production process","potentialAction":[{"@type":"SearchAction","target":{"@type":"EntryPoint","urlTemplate":"https:\/\/www.pittini.com\/de\/?s={search_term_string}"},"query-input":{"@type":"PropertyValueSpecification","valueRequired":true,"valueName":"search_term_string"}}],"inLanguage":"de"}]}},"_links":{"self":[{"href":"https:\/\/www.pittini.com\/de\/wp-json\/wp\/v2\/pages\/8720","targetHints":{"allow":["GET"]}}],"collection":[{"href":"https:\/\/www.pittini.com\/de\/wp-json\/wp\/v2\/pages"}],"about":[{"href":"https:\/\/www.pittini.com\/de\/wp-json\/wp\/v2\/types\/page"}],"author":[{"embeddable":true,"href":"https:\/\/www.pittini.com\/de\/wp-json\/wp\/v2\/users\/1"}],"replies":[{"embeddable":true,"href":"https:\/\/www.pittini.com\/de\/wp-json\/wp\/v2\/comments?post=8720"}],"version-history":[{"count":14,"href":"https:\/\/www.pittini.com\/de\/wp-json\/wp\/v2\/pages\/8720\/revisions"}],"predecessor-version":[{"id":9693,"href":"https:\/\/www.pittini.com\/de\/wp-json\/wp\/v2\/pages\/8720\/revisions\/9693"}],"up":[{"embeddable":true,"href":"https:\/\/www.pittini.com\/de\/wp-json\/wp\/v2\/pages\/8449"}],"wp:featuredmedia":[{"embeddable":true,"href":"https:\/\/www.pittini.com\/de\/wp-json\/wp\/v2\/media\/20659"}],"wp:attachment":[{"href":"https:\/\/www.pittini.com\/de\/wp-json\/wp\/v2\/media?parent=8720"}],"curies":[{"name":"wp","href":"https:\/\/api.w.org\/{rel}","templated":true}]}}