{"id":8713,"date":"2018-03-21T10:07:48","date_gmt":"2018-03-21T09:07:48","guid":{"rendered":"https:\/\/new.pittini.it\/produkte\/edilizia\/sistema-maplat\/"},"modified":"2024-05-30T13:29:18","modified_gmt":"2024-05-30T11:29:18","slug":"das-maplat-system","status":"publish","type":"page","link":"https:\/\/www.pittini.com\/de\/produkte\/bauindustrie\/das-maplat-system\/","title":{"rendered":"Das Maplat-System"},"content":{"rendered":"<p style=\"text-align: justify;\">Das <strong>Maplat<sup>\u00ae<\/sup>-System<\/strong> ist Pittinis L\u00f6sung f\u00fcr die Industrialisierung und Rationalisierung gro\u00dffl\u00e4chiger Bewehrungen. Das System besteht aus <strong>ma\u00dfgefertigten elektrogeschwei\u00dften Bewehrungsmatten<\/strong>, die <strong>unidirektional und bidirektional<\/strong>, flach und\/oder geformt sind. Auf der Baustelle ist damit eine schnelle und rationale Ausf\u00fchrung der Montage- und Bewehrungsarbeiten f\u00fcr Tragwerke mit gro\u00dfer Zeit- und Kostenersparnis im Vergleich zu traditionellen Systemen m\u00f6glich.<\/p>\n<p style=\"text-align: justify;\">Die elektrogeschwei\u00dften Maplat<sup>\u00ae<\/sup>-Matten werden in modernen automatischen Elektroschwei\u00dfanlagen gefertigt, wobei St\u00e4be mit unterschiedlichem Durchmesser verwendet werden, die in einem in beide Richtungen ver\u00e4nderbaren Abstand je nach Projektbedarf positioniert werden, so dass das Produkt an jede Verwendung angepasst werden kann.<\/p>\n<p style=\"text-align: justify;\">Das Maplat<sup>\u00ae<\/sup>-System bietet:<\/p>\n<ul style=\"text-align: justify;\">\n<li>einen <strong>schnelleren Zusammenbau<\/strong> und eine <strong>einfachere Verlegung<\/strong> der Bewehrung auf der Baustelle<\/li>\n<li>eine <strong>betr\u00e4chtliche Arbeitszeiteinsparung der eingesetzten Arbeitskr\u00e4fte<\/strong><\/li>\n<li>eine <strong>hohe Pr\u00e4zision bei der Verlegung<\/strong> mit garantiert vorgabenkonformem\u00a0Bewehrungsabstand und wesentlich geringerer Fehlerquelle auf der Baustelle.<\/li>\n<\/ul>\n<p style=\"text-align: justify;\">Das Maplat<sup>\u00ae<\/sup>-System kann aufgrund seiner Vielseitigkeit auf jeder Baustelle, vom Tunnelbau bis zum Wohnungsbau, f\u00fcr folgende Ausf\u00fchrungen verwendet werden:<\/p>\n<ul style=\"text-align: justify;\">\n<li>Bodenplatten<\/li>\n<li>monolithische Stahlbeton- und Leichtbetondecken<\/li>\n<li>Trennw\u00e4nde<\/li>\n<li>Eckst\u00fccke<\/li>\n<\/ul>\n<p style=\"text-align: justify;\">\u00c8 possibile inoltre realizzare non solo l\u2019armatura corrente ma anche le riprese, le staffe di chiusura e i rinforzi di collegamento o quelli locali come l\u2019armatura per il punzonamento.<\/p>\n<p style=\"text-align: justify;\">Tutte le armature elettrosaldate vengono prodotte secondo le prescrizioni normative europee (UNI EN 1992:2005 &#8211; Eurocodice 2) e le Norme Tecniche per le Costruzioni (D.M. 17\/01\/2018).<\/p>\n","protected":false},"excerpt":{"rendered":"<p>Das Maplat\u00ae-System ist Pittinis L\u00f6sung f\u00fcr die Industrialisierung und Rationalisierung gro\u00dffl\u00e4chiger Bewehrungen. Das System besteht aus ma\u00dfgefertigten elektrogeschwei\u00dften Bewehrungsmatten, die unidirektional und bidirektional, flach und\/oder geformt sind. Auf der Baustelle ist damit eine schnelle [&hellip;]<\/p>\n","protected":false},"author":1,"featured_media":6796,"parent":8538,"menu_order":5,"comment_status":"closed","ping_status":"closed","template":"page-prodotto.php","meta":{"_acf_changed":false,"footnotes":""},"class_list":["post-8713","page","type-page","status-publish","has-post-thumbnail","hentry"],"acf":[],"yoast_head":"<!-- This site is optimized with the Yoast SEO plugin v27.5 - https:\/\/yoast.com\/product\/yoast-seo-wordpress\/ -->\n<title>Maplat-System: Kundenspezifische Bewehrungsplatten - Pittini<\/title>\n<meta name=\"description\" content=\"Das Maplat-System der Pittini Gruppe besteht aus flachen und\/oder geformten Bewehrungsplatten nach Kundenw\u00fcnschen f\u00fcr gro\u00dffl\u00e4chige Bewehrungen. Datenbl\u00e4tter, Abmessungen, Details.\" \/>\n<meta name=\"robots\" content=\"index, follow, max-snippet:-1, max-image-preview:large, max-video-preview:-1\" \/>\n<link rel=\"canonical\" href=\"https:\/\/www.pittini.com\/de\/produkte\/bauindustrie\/das-maplat-system\/\" \/>\n<meta property=\"og:locale\" content=\"de_DE\" \/>\n<meta property=\"og:type\" content=\"article\" \/>\n<meta property=\"og:title\" content=\"Maplat-System: Kundenspezifische Bewehrungsplatten - Pittini\" \/>\n<meta property=\"og:description\" content=\"Das Maplat-System der Pittini Gruppe besteht aus flachen und\/oder geformten Bewehrungsplatten nach Kundenw\u00fcnschen f\u00fcr gro\u00dffl\u00e4chige Bewehrungen. Datenbl\u00e4tter, Abmessungen, Details.\" \/>\n<meta property=\"og:url\" content=\"https:\/\/www.pittini.com\/de\/produkte\/bauindustrie\/das-maplat-system\/\" \/>\n<meta property=\"og:site_name\" content=\"Pittini Gruppe\" \/>\n<meta property=\"article:modified_time\" content=\"2024-05-30T11:29:18+00:00\" \/>\n<meta property=\"og:image\" content=\"https:\/\/www.pittini.com\/wp-content\/uploads\/sites\/21\/hero-sistema-maplat.jpg\" \/>\n\t<meta property=\"og:image:width\" content=\"1900\" \/>\n\t<meta property=\"og:image:height\" content=\"560\" \/>\n\t<meta property=\"og:image:type\" content=\"image\/jpeg\" \/>\n<meta name=\"twitter:label1\" content=\"Gesch\u00e4tzte Lesezeit\" \/>\n\t<meta name=\"twitter:data1\" content=\"1\u00a0Minute\" \/>\n<script type=\"application\/ld+json\" class=\"yoast-schema-graph\">{\"@context\":\"https:\\\/\\\/schema.org\",\"@graph\":[{\"@type\":\"WebPage\",\"@id\":\"https:\\\/\\\/www.pittini.com\\\/de\\\/produkte\\\/bauindustrie\\\/das-maplat-system\\\/\",\"url\":\"https:\\\/\\\/www.pittini.com\\\/de\\\/produkte\\\/bauindustrie\\\/das-maplat-system\\\/\",\"name\":\"Maplat-System: Kundenspezifische Bewehrungsplatten - Pittini\",\"isPartOf\":{\"@id\":\"https:\\\/\\\/www.pittini.com\\\/de\\\/#website\"},\"primaryImageOfPage\":{\"@id\":\"https:\\\/\\\/www.pittini.com\\\/de\\\/produkte\\\/bauindustrie\\\/das-maplat-system\\\/#primaryimage\"},\"image\":{\"@id\":\"https:\\\/\\\/www.pittini.com\\\/de\\\/produkte\\\/bauindustrie\\\/das-maplat-system\\\/#primaryimage\"},\"thumbnailUrl\":\"https:\\\/\\\/www.pittini.com\\\/wp-content\\\/uploads\\\/sites\\\/21\\\/hero-sistema-maplat.jpg\",\"datePublished\":\"2018-03-21T09:07:48+00:00\",\"dateModified\":\"2024-05-30T11:29:18+00:00\",\"description\":\"Das Maplat-System der Pittini Gruppe besteht aus flachen und\\\/oder geformten Bewehrungsplatten nach Kundenw\u00fcnschen f\u00fcr gro\u00dffl\u00e4chige Bewehrungen. Datenbl\u00e4tter, Abmessungen, Details.\",\"breadcrumb\":{\"@id\":\"https:\\\/\\\/www.pittini.com\\\/de\\\/produkte\\\/bauindustrie\\\/das-maplat-system\\\/#breadcrumb\"},\"inLanguage\":\"de\",\"potentialAction\":[{\"@type\":\"ReadAction\",\"target\":[\"https:\\\/\\\/www.pittini.com\\\/de\\\/produkte\\\/bauindustrie\\\/das-maplat-system\\\/\"]}]},{\"@type\":\"ImageObject\",\"inLanguage\":\"de\",\"@id\":\"https:\\\/\\\/www.pittini.com\\\/de\\\/produkte\\\/bauindustrie\\\/das-maplat-system\\\/#primaryimage\",\"url\":\"https:\\\/\\\/www.pittini.com\\\/wp-content\\\/uploads\\\/sites\\\/21\\\/hero-sistema-maplat.jpg\",\"contentUrl\":\"https:\\\/\\\/www.pittini.com\\\/wp-content\\\/uploads\\\/sites\\\/21\\\/hero-sistema-maplat.jpg\",\"width\":1900,\"height\":560},{\"@type\":\"BreadcrumbList\",\"@id\":\"https:\\\/\\\/www.pittini.com\\\/de\\\/produkte\\\/bauindustrie\\\/das-maplat-system\\\/#breadcrumb\",\"itemListElement\":[{\"@type\":\"ListItem\",\"position\":1,\"name\":\"Home\",\"item\":\"https:\\\/\\\/www.pittini.com\\\/de\\\/\"},{\"@type\":\"ListItem\",\"position\":2,\"name\":\"Produkte\",\"item\":\"https:\\\/\\\/www.pittini.com\\\/de\\\/produkte\\\/\"},{\"@type\":\"ListItem\",\"position\":3,\"name\":\"Baustahl\",\"item\":\"https:\\\/\\\/www.pittini.com\\\/de\\\/produkte\\\/bauindustrie\\\/\"},{\"@type\":\"ListItem\",\"position\":4,\"name\":\"Das Maplat-System\"}]},{\"@type\":\"WebSite\",\"@id\":\"https:\\\/\\\/www.pittini.com\\\/de\\\/#website\",\"url\":\"https:\\\/\\\/www.pittini.com\\\/de\\\/\",\"name\":\"Pittini Gruppe\",\"description\":\"A group of companies that manage to cover all the production process\",\"potentialAction\":[{\"@type\":\"SearchAction\",\"target\":{\"@type\":\"EntryPoint\",\"urlTemplate\":\"https:\\\/\\\/www.pittini.com\\\/de\\\/?s={search_term_string}\"},\"query-input\":{\"@type\":\"PropertyValueSpecification\",\"valueRequired\":true,\"valueName\":\"search_term_string\"}}],\"inLanguage\":\"de\"}]}<\/script>\n<!-- \/ Yoast SEO plugin. -->","yoast_head_json":{"title":"Maplat-System: Kundenspezifische Bewehrungsplatten - Pittini","description":"Das Maplat-System der Pittini Gruppe besteht aus flachen und\/oder geformten Bewehrungsplatten nach Kundenw\u00fcnschen f\u00fcr gro\u00dffl\u00e4chige Bewehrungen. Datenbl\u00e4tter, Abmessungen, Details.","robots":{"index":"index","follow":"follow","max-snippet":"max-snippet:-1","max-image-preview":"max-image-preview:large","max-video-preview":"max-video-preview:-1"},"canonical":"https:\/\/www.pittini.com\/de\/produkte\/bauindustrie\/das-maplat-system\/","og_locale":"de_DE","og_type":"article","og_title":"Maplat-System: Kundenspezifische Bewehrungsplatten - Pittini","og_description":"Das Maplat-System der Pittini Gruppe besteht aus flachen und\/oder geformten Bewehrungsplatten nach Kundenw\u00fcnschen f\u00fcr gro\u00dffl\u00e4chige Bewehrungen. Datenbl\u00e4tter, Abmessungen, Details.","og_url":"https:\/\/www.pittini.com\/de\/produkte\/bauindustrie\/das-maplat-system\/","og_site_name":"Pittini Gruppe","article_modified_time":"2024-05-30T11:29:18+00:00","og_image":[{"width":1900,"height":560,"url":"https:\/\/www.pittini.com\/wp-content\/uploads\/sites\/21\/hero-sistema-maplat.jpg","type":"image\/jpeg"}],"twitter_misc":{"Gesch\u00e4tzte Lesezeit":"1\u00a0Minute"},"schema":{"@context":"https:\/\/schema.org","@graph":[{"@type":"WebPage","@id":"https:\/\/www.pittini.com\/de\/produkte\/bauindustrie\/das-maplat-system\/","url":"https:\/\/www.pittini.com\/de\/produkte\/bauindustrie\/das-maplat-system\/","name":"Maplat-System: Kundenspezifische Bewehrungsplatten - Pittini","isPartOf":{"@id":"https:\/\/www.pittini.com\/de\/#website"},"primaryImageOfPage":{"@id":"https:\/\/www.pittini.com\/de\/produkte\/bauindustrie\/das-maplat-system\/#primaryimage"},"image":{"@id":"https:\/\/www.pittini.com\/de\/produkte\/bauindustrie\/das-maplat-system\/#primaryimage"},"thumbnailUrl":"https:\/\/www.pittini.com\/wp-content\/uploads\/sites\/21\/hero-sistema-maplat.jpg","datePublished":"2018-03-21T09:07:48+00:00","dateModified":"2024-05-30T11:29:18+00:00","description":"Das Maplat-System der Pittini Gruppe besteht aus flachen und\/oder geformten Bewehrungsplatten nach Kundenw\u00fcnschen f\u00fcr gro\u00dffl\u00e4chige Bewehrungen. Datenbl\u00e4tter, Abmessungen, Details.","breadcrumb":{"@id":"https:\/\/www.pittini.com\/de\/produkte\/bauindustrie\/das-maplat-system\/#breadcrumb"},"inLanguage":"de","potentialAction":[{"@type":"ReadAction","target":["https:\/\/www.pittini.com\/de\/produkte\/bauindustrie\/das-maplat-system\/"]}]},{"@type":"ImageObject","inLanguage":"de","@id":"https:\/\/www.pittini.com\/de\/produkte\/bauindustrie\/das-maplat-system\/#primaryimage","url":"https:\/\/www.pittini.com\/wp-content\/uploads\/sites\/21\/hero-sistema-maplat.jpg","contentUrl":"https:\/\/www.pittini.com\/wp-content\/uploads\/sites\/21\/hero-sistema-maplat.jpg","width":1900,"height":560},{"@type":"BreadcrumbList","@id":"https:\/\/www.pittini.com\/de\/produkte\/bauindustrie\/das-maplat-system\/#breadcrumb","itemListElement":[{"@type":"ListItem","position":1,"name":"Home","item":"https:\/\/www.pittini.com\/de\/"},{"@type":"ListItem","position":2,"name":"Produkte","item":"https:\/\/www.pittini.com\/de\/produkte\/"},{"@type":"ListItem","position":3,"name":"Baustahl","item":"https:\/\/www.pittini.com\/de\/produkte\/bauindustrie\/"},{"@type":"ListItem","position":4,"name":"Das Maplat-System"}]},{"@type":"WebSite","@id":"https:\/\/www.pittini.com\/de\/#website","url":"https:\/\/www.pittini.com\/de\/","name":"Pittini Gruppe","description":"A group of companies that manage to cover all the production process","potentialAction":[{"@type":"SearchAction","target":{"@type":"EntryPoint","urlTemplate":"https:\/\/www.pittini.com\/de\/?s={search_term_string}"},"query-input":{"@type":"PropertyValueSpecification","valueRequired":true,"valueName":"search_term_string"}}],"inLanguage":"de"}]}},"_links":{"self":[{"href":"https:\/\/www.pittini.com\/de\/wp-json\/wp\/v2\/pages\/8713","targetHints":{"allow":["GET"]}}],"collection":[{"href":"https:\/\/www.pittini.com\/de\/wp-json\/wp\/v2\/pages"}],"about":[{"href":"https:\/\/www.pittini.com\/de\/wp-json\/wp\/v2\/types\/page"}],"author":[{"embeddable":true,"href":"https:\/\/www.pittini.com\/de\/wp-json\/wp\/v2\/users\/1"}],"replies":[{"embeddable":true,"href":"https:\/\/www.pittini.com\/de\/wp-json\/wp\/v2\/comments?post=8713"}],"version-history":[{"count":16,"href":"https:\/\/www.pittini.com\/de\/wp-json\/wp\/v2\/pages\/8713\/revisions"}],"predecessor-version":[{"id":9705,"href":"https:\/\/www.pittini.com\/de\/wp-json\/wp\/v2\/pages\/8713\/revisions\/9705"}],"up":[{"embeddable":true,"href":"https:\/\/www.pittini.com\/de\/wp-json\/wp\/v2\/pages\/8538"}],"wp:featuredmedia":[{"embeddable":true,"href":"https:\/\/www.pittini.com\/de\/wp-json\/wp\/v2\/media\/6796"}],"wp:attachment":[{"href":"https:\/\/www.pittini.com\/de\/wp-json\/wp\/v2\/media?parent=8713"}],"curies":[{"name":"wp","href":"https:\/\/api.w.org\/{rel}","templated":true}]}}