{"id":8670,"date":"2018-03-21T11:43:33","date_gmt":"2018-03-21T10:43:33","guid":{"rendered":"https:\/\/new.pittini.it\/produkte\/edilizia\/sondermatten\/reti-zincate\/"},"modified":"2023-08-31T16:40:27","modified_gmt":"2023-08-31T14:40:27","slug":"verzinkte-matten","status":"publish","type":"page","link":"https:\/\/www.pittini.com\/de\/produkte\/bauindustrie\/elektrogeschweisste-sondermatten\/verzinkte-matten\/","title":{"rendered":"Verzinkte Matten"},"content":{"rendered":"<p>Alle <a href=\"https:\/\/www.pittini.com\/de\/produkte\/bauindustrie\/elektrogeschweisste-standardmatten\/\" target=\"_blank\" rel=\"noopener\">Standard<\/a>\u2013 und\u00a0<a href=\"https:\/\/www.pittini.com\/de\/produkte\/bauindustrie\/elektrogeschweisste-sondermatten\/\" target=\"_blank\" rel=\"noopener\">Sondermatten<\/a> k\u00f6nnen normgem\u00e4\u00df verzinkt werden.<\/p>\n<p>Durch die Verzinkung erh\u00e4lt die Matte eine l\u00e4ngere Langlebigkeit und damit einen h\u00f6heren Grad an Sicherheit. Das umfangreiche Produktsortiment bietet die M\u00f6glichkeit, diese Bewehrungen sowohl f\u00fcr Restaurierungsarbeiten zur Erhaltung des Baubestands als auch f\u00fcr den Neubau dauerhafter Bauten einzusetzen.<\/p>\n","protected":false},"excerpt":{"rendered":"<p>Alle Standard\u2013 und\u00a0Sondermatten k\u00f6nnen normgem\u00e4\u00df verzinkt werden. Durch die Verzinkung erh\u00e4lt die Matte eine l\u00e4ngere Langlebigkeit und damit einen h\u00f6heren Grad an Sicherheit. Das umfangreiche Produktsortiment bietet die M\u00f6glichkeit, diese Bewehrungen sowohl f\u00fcr Restaurierungsarbeiten [&hellip;]<\/p>\n","protected":false},"author":1,"featured_media":9025,"parent":8625,"menu_order":18,"comment_status":"closed","ping_status":"closed","template":"page-prodotto-rete.php","meta":{"_acf_changed":false,"footnotes":""},"class_list":["post-8670","page","type-page","status-publish","has-post-thumbnail","hentry"],"acf":[],"yoast_head":"<!-- This site is optimized with the Yoast SEO plugin v27.5 - https:\/\/yoast.com\/product\/yoast-seo-wordpress\/ -->\n<title>Verzinkte Bewehrungsmatten: Standard und kundenspezifisch - Pittini<\/title>\n<meta name=\"description\" content=\"Die verzinkten Baumatten der Pittini Gruppe stellen eine L\u00f6sung f\u00fcr die Herstellung von dauerhaften und witterungsbest\u00e4ndigen Bewehrungen dar. Sowohl f\u00fcr Standard- als auch f\u00fcr kundenspezifische Projekte. Datenbl\u00e4tter, Abmessungen, Details.\" \/>\n<meta name=\"robots\" content=\"index, follow, max-snippet:-1, max-image-preview:large, max-video-preview:-1\" \/>\n<link rel=\"canonical\" href=\"https:\/\/www.pittini.com\/de\/produkte\/bauindustrie\/elektrogeschweisste-sondermatten\/verzinkte-matten\/\" \/>\n<meta property=\"og:locale\" content=\"de_DE\" \/>\n<meta property=\"og:type\" content=\"article\" \/>\n<meta property=\"og:title\" content=\"Verzinkte Bewehrungsmatten: Standard und kundenspezifisch - Pittini\" \/>\n<meta property=\"og:description\" content=\"Die verzinkten Baumatten der Pittini Gruppe stellen eine L\u00f6sung f\u00fcr die Herstellung von dauerhaften und witterungsbest\u00e4ndigen Bewehrungen dar. Sowohl f\u00fcr Standard- als auch f\u00fcr kundenspezifische Projekte. Datenbl\u00e4tter, Abmessungen, Details.\" \/>\n<meta property=\"og:url\" content=\"https:\/\/www.pittini.com\/de\/produkte\/bauindustrie\/elektrogeschweisste-sondermatten\/verzinkte-matten\/\" \/>\n<meta property=\"og:site_name\" content=\"Pittini Gruppe\" \/>\n<meta property=\"article:modified_time\" content=\"2023-08-31T14:40:27+00:00\" \/>\n<meta property=\"og:image\" content=\"https:\/\/www.pittini.com\/wp-content\/uploads\/sites\/21\/Gruppo-Pittini-reti-zincate-1.jpg\" \/>\n\t<meta property=\"og:image:width\" content=\"2500\" \/>\n\t<meta property=\"og:image:height\" content=\"1395\" \/>\n\t<meta property=\"og:image:type\" content=\"image\/jpeg\" \/>\n<script type=\"application\/ld+json\" class=\"yoast-schema-graph\">{\"@context\":\"https:\\\/\\\/schema.org\",\"@graph\":[{\"@type\":\"WebPage\",\"@id\":\"https:\\\/\\\/www.pittini.com\\\/de\\\/produkte\\\/bauindustrie\\\/elektrogeschweisste-sondermatten\\\/verzinkte-matten\\\/\",\"url\":\"https:\\\/\\\/www.pittini.com\\\/de\\\/produkte\\\/bauindustrie\\\/elektrogeschweisste-sondermatten\\\/verzinkte-matten\\\/\",\"name\":\"Verzinkte Bewehrungsmatten: Standard und kundenspezifisch - Pittini\",\"isPartOf\":{\"@id\":\"https:\\\/\\\/www.pittini.com\\\/de\\\/#website\"},\"primaryImageOfPage\":{\"@id\":\"https:\\\/\\\/www.pittini.com\\\/de\\\/produkte\\\/bauindustrie\\\/elektrogeschweisste-sondermatten\\\/verzinkte-matten\\\/#primaryimage\"},\"image\":{\"@id\":\"https:\\\/\\\/www.pittini.com\\\/de\\\/produkte\\\/bauindustrie\\\/elektrogeschweisste-sondermatten\\\/verzinkte-matten\\\/#primaryimage\"},\"thumbnailUrl\":\"https:\\\/\\\/www.pittini.com\\\/wp-content\\\/uploads\\\/sites\\\/21\\\/Gruppo-Pittini-reti-zincate-1.jpg\",\"datePublished\":\"2018-03-21T10:43:33+00:00\",\"dateModified\":\"2023-08-31T14:40:27+00:00\",\"description\":\"Die verzinkten Baumatten der Pittini Gruppe stellen eine L\u00f6sung f\u00fcr die Herstellung von dauerhaften und witterungsbest\u00e4ndigen Bewehrungen dar. Sowohl f\u00fcr Standard- als auch f\u00fcr kundenspezifische Projekte. Datenbl\u00e4tter, Abmessungen, Details.\",\"breadcrumb\":{\"@id\":\"https:\\\/\\\/www.pittini.com\\\/de\\\/produkte\\\/bauindustrie\\\/elektrogeschweisste-sondermatten\\\/verzinkte-matten\\\/#breadcrumb\"},\"inLanguage\":\"de\",\"potentialAction\":[{\"@type\":\"ReadAction\",\"target\":[\"https:\\\/\\\/www.pittini.com\\\/de\\\/produkte\\\/bauindustrie\\\/elektrogeschweisste-sondermatten\\\/verzinkte-matten\\\/\"]}]},{\"@type\":\"ImageObject\",\"inLanguage\":\"de\",\"@id\":\"https:\\\/\\\/www.pittini.com\\\/de\\\/produkte\\\/bauindustrie\\\/elektrogeschweisste-sondermatten\\\/verzinkte-matten\\\/#primaryimage\",\"url\":\"https:\\\/\\\/www.pittini.com\\\/wp-content\\\/uploads\\\/sites\\\/21\\\/Gruppo-Pittini-reti-zincate-1.jpg\",\"contentUrl\":\"https:\\\/\\\/www.pittini.com\\\/wp-content\\\/uploads\\\/sites\\\/21\\\/Gruppo-Pittini-reti-zincate-1.jpg\",\"width\":2500,\"height\":1395,\"caption\":\"reti zincate Gruppo Pittini\"},{\"@type\":\"BreadcrumbList\",\"@id\":\"https:\\\/\\\/www.pittini.com\\\/de\\\/produkte\\\/bauindustrie\\\/elektrogeschweisste-sondermatten\\\/verzinkte-matten\\\/#breadcrumb\",\"itemListElement\":[{\"@type\":\"ListItem\",\"position\":1,\"name\":\"Home\",\"item\":\"https:\\\/\\\/www.pittini.com\\\/de\\\/\"},{\"@type\":\"ListItem\",\"position\":2,\"name\":\"Produkte\",\"item\":\"https:\\\/\\\/www.pittini.com\\\/de\\\/produkte\\\/\"},{\"@type\":\"ListItem\",\"position\":3,\"name\":\"Baustahl\",\"item\":\"https:\\\/\\\/www.pittini.com\\\/de\\\/produkte\\\/bauindustrie\\\/\"},{\"@type\":\"ListItem\",\"position\":4,\"name\":\"Sondermatten\",\"item\":\"https:\\\/\\\/www.pittini.com\\\/de\\\/produkte\\\/bauindustrie\\\/elektrogeschweisste-sondermatten\\\/\"},{\"@type\":\"ListItem\",\"position\":5,\"name\":\"Verzinkte Matten\"}]},{\"@type\":\"WebSite\",\"@id\":\"https:\\\/\\\/www.pittini.com\\\/de\\\/#website\",\"url\":\"https:\\\/\\\/www.pittini.com\\\/de\\\/\",\"name\":\"Pittini Gruppe\",\"description\":\"A group of companies that manage to cover all the production process\",\"potentialAction\":[{\"@type\":\"SearchAction\",\"target\":{\"@type\":\"EntryPoint\",\"urlTemplate\":\"https:\\\/\\\/www.pittini.com\\\/de\\\/?s={search_term_string}\"},\"query-input\":{\"@type\":\"PropertyValueSpecification\",\"valueRequired\":true,\"valueName\":\"search_term_string\"}}],\"inLanguage\":\"de\"}]}<\/script>\n<!-- \/ Yoast SEO plugin. -->","yoast_head_json":{"title":"Verzinkte Bewehrungsmatten: Standard und kundenspezifisch - Pittini","description":"Die verzinkten Baumatten der Pittini Gruppe stellen eine L\u00f6sung f\u00fcr die Herstellung von dauerhaften und witterungsbest\u00e4ndigen Bewehrungen dar. Sowohl f\u00fcr Standard- als auch f\u00fcr kundenspezifische Projekte. Datenbl\u00e4tter, Abmessungen, Details.","robots":{"index":"index","follow":"follow","max-snippet":"max-snippet:-1","max-image-preview":"max-image-preview:large","max-video-preview":"max-video-preview:-1"},"canonical":"https:\/\/www.pittini.com\/de\/produkte\/bauindustrie\/elektrogeschweisste-sondermatten\/verzinkte-matten\/","og_locale":"de_DE","og_type":"article","og_title":"Verzinkte Bewehrungsmatten: Standard und kundenspezifisch - Pittini","og_description":"Die verzinkten Baumatten der Pittini Gruppe stellen eine L\u00f6sung f\u00fcr die Herstellung von dauerhaften und witterungsbest\u00e4ndigen Bewehrungen dar. Sowohl f\u00fcr Standard- als auch f\u00fcr kundenspezifische Projekte. Datenbl\u00e4tter, Abmessungen, Details.","og_url":"https:\/\/www.pittini.com\/de\/produkte\/bauindustrie\/elektrogeschweisste-sondermatten\/verzinkte-matten\/","og_site_name":"Pittini Gruppe","article_modified_time":"2023-08-31T14:40:27+00:00","og_image":[{"width":2500,"height":1395,"url":"https:\/\/www.pittini.com\/wp-content\/uploads\/sites\/21\/Gruppo-Pittini-reti-zincate-1.jpg","type":"image\/jpeg"}],"schema":{"@context":"https:\/\/schema.org","@graph":[{"@type":"WebPage","@id":"https:\/\/www.pittini.com\/de\/produkte\/bauindustrie\/elektrogeschweisste-sondermatten\/verzinkte-matten\/","url":"https:\/\/www.pittini.com\/de\/produkte\/bauindustrie\/elektrogeschweisste-sondermatten\/verzinkte-matten\/","name":"Verzinkte Bewehrungsmatten: Standard und kundenspezifisch - Pittini","isPartOf":{"@id":"https:\/\/www.pittini.com\/de\/#website"},"primaryImageOfPage":{"@id":"https:\/\/www.pittini.com\/de\/produkte\/bauindustrie\/elektrogeschweisste-sondermatten\/verzinkte-matten\/#primaryimage"},"image":{"@id":"https:\/\/www.pittini.com\/de\/produkte\/bauindustrie\/elektrogeschweisste-sondermatten\/verzinkte-matten\/#primaryimage"},"thumbnailUrl":"https:\/\/www.pittini.com\/wp-content\/uploads\/sites\/21\/Gruppo-Pittini-reti-zincate-1.jpg","datePublished":"2018-03-21T10:43:33+00:00","dateModified":"2023-08-31T14:40:27+00:00","description":"Die verzinkten Baumatten der Pittini Gruppe stellen eine L\u00f6sung f\u00fcr die Herstellung von dauerhaften und witterungsbest\u00e4ndigen Bewehrungen dar. Sowohl f\u00fcr Standard- als auch f\u00fcr kundenspezifische Projekte. Datenbl\u00e4tter, Abmessungen, Details.","breadcrumb":{"@id":"https:\/\/www.pittini.com\/de\/produkte\/bauindustrie\/elektrogeschweisste-sondermatten\/verzinkte-matten\/#breadcrumb"},"inLanguage":"de","potentialAction":[{"@type":"ReadAction","target":["https:\/\/www.pittini.com\/de\/produkte\/bauindustrie\/elektrogeschweisste-sondermatten\/verzinkte-matten\/"]}]},{"@type":"ImageObject","inLanguage":"de","@id":"https:\/\/www.pittini.com\/de\/produkte\/bauindustrie\/elektrogeschweisste-sondermatten\/verzinkte-matten\/#primaryimage","url":"https:\/\/www.pittini.com\/wp-content\/uploads\/sites\/21\/Gruppo-Pittini-reti-zincate-1.jpg","contentUrl":"https:\/\/www.pittini.com\/wp-content\/uploads\/sites\/21\/Gruppo-Pittini-reti-zincate-1.jpg","width":2500,"height":1395,"caption":"reti zincate Gruppo Pittini"},{"@type":"BreadcrumbList","@id":"https:\/\/www.pittini.com\/de\/produkte\/bauindustrie\/elektrogeschweisste-sondermatten\/verzinkte-matten\/#breadcrumb","itemListElement":[{"@type":"ListItem","position":1,"name":"Home","item":"https:\/\/www.pittini.com\/de\/"},{"@type":"ListItem","position":2,"name":"Produkte","item":"https:\/\/www.pittini.com\/de\/produkte\/"},{"@type":"ListItem","position":3,"name":"Baustahl","item":"https:\/\/www.pittini.com\/de\/produkte\/bauindustrie\/"},{"@type":"ListItem","position":4,"name":"Sondermatten","item":"https:\/\/www.pittini.com\/de\/produkte\/bauindustrie\/elektrogeschweisste-sondermatten\/"},{"@type":"ListItem","position":5,"name":"Verzinkte Matten"}]},{"@type":"WebSite","@id":"https:\/\/www.pittini.com\/de\/#website","url":"https:\/\/www.pittini.com\/de\/","name":"Pittini Gruppe","description":"A group of companies that manage to cover all the production process","potentialAction":[{"@type":"SearchAction","target":{"@type":"EntryPoint","urlTemplate":"https:\/\/www.pittini.com\/de\/?s={search_term_string}"},"query-input":{"@type":"PropertyValueSpecification","valueRequired":true,"valueName":"search_term_string"}}],"inLanguage":"de"}]}},"_links":{"self":[{"href":"https:\/\/www.pittini.com\/de\/wp-json\/wp\/v2\/pages\/8670","targetHints":{"allow":["GET"]}}],"collection":[{"href":"https:\/\/www.pittini.com\/de\/wp-json\/wp\/v2\/pages"}],"about":[{"href":"https:\/\/www.pittini.com\/de\/wp-json\/wp\/v2\/types\/page"}],"author":[{"embeddable":true,"href":"https:\/\/www.pittini.com\/de\/wp-json\/wp\/v2\/users\/1"}],"replies":[{"embeddable":true,"href":"https:\/\/www.pittini.com\/de\/wp-json\/wp\/v2\/comments?post=8670"}],"version-history":[{"count":8,"href":"https:\/\/www.pittini.com\/de\/wp-json\/wp\/v2\/pages\/8670\/revisions"}],"predecessor-version":[{"id":26278,"href":"https:\/\/www.pittini.com\/de\/wp-json\/wp\/v2\/pages\/8670\/revisions\/26278"}],"up":[{"embeddable":true,"href":"https:\/\/www.pittini.com\/de\/wp-json\/wp\/v2\/pages\/8625"}],"wp:featuredmedia":[{"embeddable":true,"href":"https:\/\/www.pittini.com\/de\/wp-json\/wp\/v2\/media\/9025"}],"wp:attachment":[{"href":"https:\/\/www.pittini.com\/de\/wp-json\/wp\/v2\/media?parent=8670"}],"curies":[{"name":"wp","href":"https:\/\/api.w.org\/{rel}","templated":true}]}}