{"id":8664,"date":"2018-03-21T11:43:33","date_gmt":"2018-03-21T10:43:33","guid":{"rendered":"https:\/\/new.pittini.it\/produkte\/edilizia\/sondermatten\/reti-trafer\/"},"modified":"2024-05-30T16:34:25","modified_gmt":"2024-05-30T14:34:25","slug":"trafer-matten","status":"publish","type":"page","link":"https:\/\/www.pittini.com\/de\/produkte\/bauindustrie\/elektrogeschweisste-sondermatten\/trafer-matten\/","title":{"rendered":"Trafer Matten"},"content":{"rendered":"<p style=\"text-align: justify;\">Das <strong>Trafer-Gitter<\/strong> wurde in den 90er Jahren von Ferriere Nord patentgesch\u00fctzt und besteht aus einer vorgefertigten, kombinierbaren elektrogeschwei\u00dften Bewehrung, die eine bemerkenswerte Zeitersparnis bei der Montage auf der Baustelle und eine einfache Lagerung erm\u00f6glicht und leicht zu transportieren ist.<\/p>\n<p style=\"text-align: justify;\">Trafer-Gitter Bewehrungen mit geschlossenen und offenen B\u00fcgeln, die an drei oder mehr L\u00e4ngsst\u00e4ben angeschwei\u00dft sind, so dass sie einen Korb bilden, der zusammen mit verschiedenen Mattenlagen auf innovative Weise die notwendige Bewehrung bildet.<\/p>\n<p style=\"text-align: justify;\"><img decoding=\"async\" class=\"alignnone wp-image-7790 size-full\" src=\"https:\/\/www.pittini.com\/wp-content\/uploads\/sites\/21\/Gruppo-Pittini-disegno-tecnico-rete-trafer.jpg\" alt=\"Disegno tecnico Rete TRafer del Gruppo Pittini\" width=\"383\" height=\"233\" srcset=\"https:\/\/www.pittini.com\/wp-content\/uploads\/sites\/21\/Gruppo-Pittini-disegno-tecnico-rete-trafer.jpg 383w, https:\/\/www.pittini.com\/wp-content\/uploads\/sites\/21\/Gruppo-Pittini-disegno-tecnico-rete-trafer-300x183.jpg 300w\" sizes=\"(max-width: 383px) 100vw, 383px\" \/><br \/>\nDie Trafer-Matte ist nicht nur eine Alternative zu Gittertr\u00e4gern und gebogenen Stahlmatten, die durch Eisenstangen erg\u00e4nzt werden, sondern stellt auch ein neues Bewehrungssystem f\u00fcr vorgefertigte Betonplatten dar, das die <a href=\"https:\/\/www.pittini.com\/prodotti\/edilizia\/\">Stahll\u00f6sungen der Pittini Gruppe f\u00fcr den Bau<\/a> erweitert.<\/p>\n<p><a href=\"https:\/\/www.pittini.com\/wp-content\/uploads\/sites\/21\/Pittini-Group-Lattice-Trafer-ST810-B450C.pdf\">Landen Sie das technische Datenblatt<\/a><\/p>\n","protected":false},"excerpt":{"rendered":"<p>Das Trafer-Gitter wurde in den 90er Jahren von Ferriere Nord patentgesch\u00fctzt und besteht aus einer vorgefertigten, kombinierbaren elektrogeschwei\u00dften Bewehrung, die eine bemerkenswerte Zeitersparnis bei der Montage auf der Baustelle und eine einfache Lagerung erm\u00f6glicht [&hellip;]<\/p>\n","protected":false},"author":1,"featured_media":6847,"parent":8625,"menu_order":17,"comment_status":"closed","ping_status":"closed","template":"page-prodotto-rete.php","meta":{"_acf_changed":false,"footnotes":""},"class_list":["post-8664","page","type-page","status-publish","has-post-thumbnail","hentry"],"acf":[],"yoast_head":"<!-- This site is optimized with the Yoast SEO plugin v27.5 - https:\/\/yoast.com\/product\/yoast-seo-wordpress\/ -->\n<title>Trafer-Baumatten: Vorgefertigte modulare Bewehrungsmatten - Pittini<\/title>\n<meta name=\"description\" content=\"Die Trafer-Baumatten der Pittini Gruppe stellen eine innovative, vorgefertigte, Industriebewehrung dar, auch f\u00fcr kleine Baustellen. Schnelle Montage und einfache Lagerung. Datenbl\u00e4tter, Abmessungen, Details.\" \/>\n<meta name=\"robots\" content=\"index, follow, max-snippet:-1, max-image-preview:large, max-video-preview:-1\" \/>\n<link rel=\"canonical\" href=\"https:\/\/www.pittini.com\/de\/produkte\/bauindustrie\/elektrogeschweisste-sondermatten\/trafer-matten\/\" \/>\n<meta property=\"og:locale\" content=\"de_DE\" \/>\n<meta property=\"og:type\" content=\"article\" \/>\n<meta property=\"og:title\" content=\"Trafer-Baumatten: Vorgefertigte modulare Bewehrungsmatten - Pittini\" \/>\n<meta property=\"og:description\" content=\"Die Trafer-Baumatten der Pittini Gruppe stellen eine innovative, vorgefertigte, Industriebewehrung dar, auch f\u00fcr kleine Baustellen. Schnelle Montage und einfache Lagerung. Datenbl\u00e4tter, Abmessungen, Details.\" \/>\n<meta property=\"og:url\" content=\"https:\/\/www.pittini.com\/de\/produkte\/bauindustrie\/elektrogeschweisste-sondermatten\/trafer-matten\/\" \/>\n<meta property=\"og:site_name\" content=\"Pittini Gruppe\" \/>\n<meta property=\"article:modified_time\" content=\"2024-05-30T14:34:25+00:00\" \/>\n<meta property=\"og:image\" content=\"https:\/\/www.pittini.com\/wp-content\/uploads\/sites\/21\/hero-edilizia-trafer.jpg\" \/>\n\t<meta property=\"og:image:width\" content=\"1900\" \/>\n\t<meta property=\"og:image:height\" content=\"560\" \/>\n\t<meta property=\"og:image:type\" content=\"image\/jpeg\" \/>\n<meta name=\"twitter:label1\" content=\"Gesch\u00e4tzte Lesezeit\" \/>\n\t<meta name=\"twitter:data1\" content=\"1\u00a0Minute\" \/>\n<script type=\"application\/ld+json\" class=\"yoast-schema-graph\">{\"@context\":\"https:\\\/\\\/schema.org\",\"@graph\":[{\"@type\":\"WebPage\",\"@id\":\"https:\\\/\\\/www.pittini.com\\\/de\\\/produkte\\\/bauindustrie\\\/elektrogeschweisste-sondermatten\\\/trafer-matten\\\/\",\"url\":\"https:\\\/\\\/www.pittini.com\\\/de\\\/produkte\\\/bauindustrie\\\/elektrogeschweisste-sondermatten\\\/trafer-matten\\\/\",\"name\":\"Trafer-Baumatten: Vorgefertigte modulare Bewehrungsmatten - Pittini\",\"isPartOf\":{\"@id\":\"https:\\\/\\\/www.pittini.com\\\/de\\\/#website\"},\"primaryImageOfPage\":{\"@id\":\"https:\\\/\\\/www.pittini.com\\\/de\\\/produkte\\\/bauindustrie\\\/elektrogeschweisste-sondermatten\\\/trafer-matten\\\/#primaryimage\"},\"image\":{\"@id\":\"https:\\\/\\\/www.pittini.com\\\/de\\\/produkte\\\/bauindustrie\\\/elektrogeschweisste-sondermatten\\\/trafer-matten\\\/#primaryimage\"},\"thumbnailUrl\":\"https:\\\/\\\/www.pittini.com\\\/wp-content\\\/uploads\\\/sites\\\/21\\\/hero-edilizia-trafer.jpg\",\"datePublished\":\"2018-03-21T10:43:33+00:00\",\"dateModified\":\"2024-05-30T14:34:25+00:00\",\"description\":\"Die Trafer-Baumatten der Pittini Gruppe stellen eine innovative, vorgefertigte, Industriebewehrung dar, auch f\u00fcr kleine Baustellen. Schnelle Montage und einfache Lagerung. Datenbl\u00e4tter, Abmessungen, Details.\",\"breadcrumb\":{\"@id\":\"https:\\\/\\\/www.pittini.com\\\/de\\\/produkte\\\/bauindustrie\\\/elektrogeschweisste-sondermatten\\\/trafer-matten\\\/#breadcrumb\"},\"inLanguage\":\"de\",\"potentialAction\":[{\"@type\":\"ReadAction\",\"target\":[\"https:\\\/\\\/www.pittini.com\\\/de\\\/produkte\\\/bauindustrie\\\/elektrogeschweisste-sondermatten\\\/trafer-matten\\\/\"]}]},{\"@type\":\"ImageObject\",\"inLanguage\":\"de\",\"@id\":\"https:\\\/\\\/www.pittini.com\\\/de\\\/produkte\\\/bauindustrie\\\/elektrogeschweisste-sondermatten\\\/trafer-matten\\\/#primaryimage\",\"url\":\"https:\\\/\\\/www.pittini.com\\\/wp-content\\\/uploads\\\/sites\\\/21\\\/hero-edilizia-trafer.jpg\",\"contentUrl\":\"https:\\\/\\\/www.pittini.com\\\/wp-content\\\/uploads\\\/sites\\\/21\\\/hero-edilizia-trafer.jpg\",\"width\":1900,\"height\":560},{\"@type\":\"BreadcrumbList\",\"@id\":\"https:\\\/\\\/www.pittini.com\\\/de\\\/produkte\\\/bauindustrie\\\/elektrogeschweisste-sondermatten\\\/trafer-matten\\\/#breadcrumb\",\"itemListElement\":[{\"@type\":\"ListItem\",\"position\":1,\"name\":\"Home\",\"item\":\"https:\\\/\\\/www.pittini.com\\\/de\\\/\"},{\"@type\":\"ListItem\",\"position\":2,\"name\":\"Produkte\",\"item\":\"https:\\\/\\\/www.pittini.com\\\/de\\\/produkte\\\/\"},{\"@type\":\"ListItem\",\"position\":3,\"name\":\"Baustahl\",\"item\":\"https:\\\/\\\/www.pittini.com\\\/de\\\/produkte\\\/bauindustrie\\\/\"},{\"@type\":\"ListItem\",\"position\":4,\"name\":\"Sondermatten\",\"item\":\"https:\\\/\\\/www.pittini.com\\\/de\\\/produkte\\\/bauindustrie\\\/elektrogeschweisste-sondermatten\\\/\"},{\"@type\":\"ListItem\",\"position\":5,\"name\":\"Trafer Matten\"}]},{\"@type\":\"WebSite\",\"@id\":\"https:\\\/\\\/www.pittini.com\\\/de\\\/#website\",\"url\":\"https:\\\/\\\/www.pittini.com\\\/de\\\/\",\"name\":\"Pittini Gruppe\",\"description\":\"A group of companies that manage to cover all the production process\",\"potentialAction\":[{\"@type\":\"SearchAction\",\"target\":{\"@type\":\"EntryPoint\",\"urlTemplate\":\"https:\\\/\\\/www.pittini.com\\\/de\\\/?s={search_term_string}\"},\"query-input\":{\"@type\":\"PropertyValueSpecification\",\"valueRequired\":true,\"valueName\":\"search_term_string\"}}],\"inLanguage\":\"de\"}]}<\/script>\n<!-- \/ Yoast SEO plugin. -->","yoast_head_json":{"title":"Trafer-Baumatten: Vorgefertigte modulare Bewehrungsmatten - Pittini","description":"Die Trafer-Baumatten der Pittini Gruppe stellen eine innovative, vorgefertigte, Industriebewehrung dar, auch f\u00fcr kleine Baustellen. Schnelle Montage und einfache Lagerung. Datenbl\u00e4tter, Abmessungen, Details.","robots":{"index":"index","follow":"follow","max-snippet":"max-snippet:-1","max-image-preview":"max-image-preview:large","max-video-preview":"max-video-preview:-1"},"canonical":"https:\/\/www.pittini.com\/de\/produkte\/bauindustrie\/elektrogeschweisste-sondermatten\/trafer-matten\/","og_locale":"de_DE","og_type":"article","og_title":"Trafer-Baumatten: Vorgefertigte modulare Bewehrungsmatten - Pittini","og_description":"Die Trafer-Baumatten der Pittini Gruppe stellen eine innovative, vorgefertigte, Industriebewehrung dar, auch f\u00fcr kleine Baustellen. Schnelle Montage und einfache Lagerung. Datenbl\u00e4tter, Abmessungen, Details.","og_url":"https:\/\/www.pittini.com\/de\/produkte\/bauindustrie\/elektrogeschweisste-sondermatten\/trafer-matten\/","og_site_name":"Pittini Gruppe","article_modified_time":"2024-05-30T14:34:25+00:00","og_image":[{"width":1900,"height":560,"url":"https:\/\/www.pittini.com\/wp-content\/uploads\/sites\/21\/hero-edilizia-trafer.jpg","type":"image\/jpeg"}],"twitter_misc":{"Gesch\u00e4tzte Lesezeit":"1\u00a0Minute"},"schema":{"@context":"https:\/\/schema.org","@graph":[{"@type":"WebPage","@id":"https:\/\/www.pittini.com\/de\/produkte\/bauindustrie\/elektrogeschweisste-sondermatten\/trafer-matten\/","url":"https:\/\/www.pittini.com\/de\/produkte\/bauindustrie\/elektrogeschweisste-sondermatten\/trafer-matten\/","name":"Trafer-Baumatten: Vorgefertigte modulare Bewehrungsmatten - Pittini","isPartOf":{"@id":"https:\/\/www.pittini.com\/de\/#website"},"primaryImageOfPage":{"@id":"https:\/\/www.pittini.com\/de\/produkte\/bauindustrie\/elektrogeschweisste-sondermatten\/trafer-matten\/#primaryimage"},"image":{"@id":"https:\/\/www.pittini.com\/de\/produkte\/bauindustrie\/elektrogeschweisste-sondermatten\/trafer-matten\/#primaryimage"},"thumbnailUrl":"https:\/\/www.pittini.com\/wp-content\/uploads\/sites\/21\/hero-edilizia-trafer.jpg","datePublished":"2018-03-21T10:43:33+00:00","dateModified":"2024-05-30T14:34:25+00:00","description":"Die Trafer-Baumatten der Pittini Gruppe stellen eine innovative, vorgefertigte, Industriebewehrung dar, auch f\u00fcr kleine Baustellen. Schnelle Montage und einfache Lagerung. Datenbl\u00e4tter, Abmessungen, Details.","breadcrumb":{"@id":"https:\/\/www.pittini.com\/de\/produkte\/bauindustrie\/elektrogeschweisste-sondermatten\/trafer-matten\/#breadcrumb"},"inLanguage":"de","potentialAction":[{"@type":"ReadAction","target":["https:\/\/www.pittini.com\/de\/produkte\/bauindustrie\/elektrogeschweisste-sondermatten\/trafer-matten\/"]}]},{"@type":"ImageObject","inLanguage":"de","@id":"https:\/\/www.pittini.com\/de\/produkte\/bauindustrie\/elektrogeschweisste-sondermatten\/trafer-matten\/#primaryimage","url":"https:\/\/www.pittini.com\/wp-content\/uploads\/sites\/21\/hero-edilizia-trafer.jpg","contentUrl":"https:\/\/www.pittini.com\/wp-content\/uploads\/sites\/21\/hero-edilizia-trafer.jpg","width":1900,"height":560},{"@type":"BreadcrumbList","@id":"https:\/\/www.pittini.com\/de\/produkte\/bauindustrie\/elektrogeschweisste-sondermatten\/trafer-matten\/#breadcrumb","itemListElement":[{"@type":"ListItem","position":1,"name":"Home","item":"https:\/\/www.pittini.com\/de\/"},{"@type":"ListItem","position":2,"name":"Produkte","item":"https:\/\/www.pittini.com\/de\/produkte\/"},{"@type":"ListItem","position":3,"name":"Baustahl","item":"https:\/\/www.pittini.com\/de\/produkte\/bauindustrie\/"},{"@type":"ListItem","position":4,"name":"Sondermatten","item":"https:\/\/www.pittini.com\/de\/produkte\/bauindustrie\/elektrogeschweisste-sondermatten\/"},{"@type":"ListItem","position":5,"name":"Trafer Matten"}]},{"@type":"WebSite","@id":"https:\/\/www.pittini.com\/de\/#website","url":"https:\/\/www.pittini.com\/de\/","name":"Pittini Gruppe","description":"A group of companies that manage to cover all the production process","potentialAction":[{"@type":"SearchAction","target":{"@type":"EntryPoint","urlTemplate":"https:\/\/www.pittini.com\/de\/?s={search_term_string}"},"query-input":{"@type":"PropertyValueSpecification","valueRequired":true,"valueName":"search_term_string"}}],"inLanguage":"de"}]}},"_links":{"self":[{"href":"https:\/\/www.pittini.com\/de\/wp-json\/wp\/v2\/pages\/8664","targetHints":{"allow":["GET"]}}],"collection":[{"href":"https:\/\/www.pittini.com\/de\/wp-json\/wp\/v2\/pages"}],"about":[{"href":"https:\/\/www.pittini.com\/de\/wp-json\/wp\/v2\/types\/page"}],"author":[{"embeddable":true,"href":"https:\/\/www.pittini.com\/de\/wp-json\/wp\/v2\/users\/1"}],"replies":[{"embeddable":true,"href":"https:\/\/www.pittini.com\/de\/wp-json\/wp\/v2\/comments?post=8664"}],"version-history":[{"count":20,"href":"https:\/\/www.pittini.com\/de\/wp-json\/wp\/v2\/pages\/8664\/revisions"}],"predecessor-version":[{"id":27010,"href":"https:\/\/www.pittini.com\/de\/wp-json\/wp\/v2\/pages\/8664\/revisions\/27010"}],"up":[{"embeddable":true,"href":"https:\/\/www.pittini.com\/de\/wp-json\/wp\/v2\/pages\/8625"}],"wp:featuredmedia":[{"embeddable":true,"href":"https:\/\/www.pittini.com\/de\/wp-json\/wp\/v2\/media\/6847"}],"wp:attachment":[{"href":"https:\/\/www.pittini.com\/de\/wp-json\/wp\/v2\/media?parent=8664"}],"curies":[{"name":"wp","href":"https:\/\/api.w.org\/{rel}","templated":true}]}}