{"id":8655,"date":"2018-03-21T11:43:33","date_gmt":"2018-03-21T10:43:33","guid":{"rendered":"https:\/\/new.pittini.it\/produkte\/edilizia\/sondermatten\/reti-per-terre-armate\/"},"modified":"2024-05-30T16:31:25","modified_gmt":"2024-05-30T14:31:25","slug":"matten-fuer-stahlboden","status":"publish","type":"page","link":"https:\/\/www.pittini.com\/de\/produkte\/bauindustrie\/elektrogeschweisste-sondermatten\/matten-fuer-stahlboden\/","title":{"rendered":"Matten f\u00fcr Stahlboden"},"content":{"rendered":"<p style=\"text-align: justify;\">Die Technik der <strong>Bewehrter Erde<\/strong> ist ein Bauverfahren, mit dem Erdb\u00f6schungen oder Gel\u00e4ndespr\u00fcnge mit einem Gef\u00e4lle gebaut werden k\u00f6nnen, das steiler als der innere Reibewinkel des Bodens ist, so dass sogar senkrechte Wandfl\u00e4chen an Stelle der traditionellen, das Landschaftsbild st\u00e4rker beeintr\u00e4chetigenden Konstruktionen gebaut werden k\u00f6nnen.<\/p>\n<p style=\"text-align: justify;\">Die <a href=\"https:\/\/www.pittini.com\/de\/produkte\/bauindustrie\/elektrogeschweisste-sondermatten\/formmatten\/\">elektrogeschwei\u00dfte Matte<\/a> wird als verlorene Stahlschalung verwendet, um das gew\u00fcnschte B\u00f6schungsprofil zu erhalten. Die Beibehaltung des im geotechnischen Projekt festgelegten Winkels wird durch die an der Formmatte verankerten Metallzugst\u00e4be garantiert.<\/p>\n<p style=\"text-align: justify;\">Durch abwechselnde Schichten von verdichteten Boden (mit einer Dicke zwischen 60 und 70 cm) und einer besonderen Art der Panzerung Bewehrung aus Geogitter, das seine Stabilit\u00e4t zu sichern, ist es m\u00f6glich, noch h\u00f6here H\u00f6hen zu erreichen, dh. 20m.<\/p>\n<p style=\"text-align: justify;\">Dank dieser besonderen Eigenschaften wurde die Bewehrte Erde der Pittini Gruppe ausgew\u00e4hlt, um die\u00a0 <a href=\"https:\/\/www.pittini.it\/en\/blog\/meshes-reinforced-soils-are-helping-protect-bavarian-village\/\">Gemeinde Mittenwald (Bayern) vor Lawinen zu sch\u00fctzen<\/a>.<\/p>\n","protected":false},"excerpt":{"rendered":"<p>Die Technik der Bewehrter Erde ist ein Bauverfahren, mit dem Erdb\u00f6schungen oder Gel\u00e4ndespr\u00fcnge mit einem Gef\u00e4lle gebaut werden k\u00f6nnen, das steiler als der innere Reibewinkel des Bodens ist, so dass sogar senkrechte Wandfl\u00e4chen an [&hellip;]<\/p>\n","protected":false},"author":1,"featured_media":6851,"parent":8625,"menu_order":14,"comment_status":"closed","ping_status":"closed","template":"page-prodotto-rete.php","meta":{"_acf_changed":false,"footnotes":""},"class_list":["post-8655","page","type-page","status-publish","has-post-thumbnail","hentry"],"acf":[],"yoast_head":"<!-- This site is optimized with the Yoast SEO plugin v27.5 - https:\/\/yoast.com\/product\/yoast-seo-wordpress\/ -->\n<title>Baumatten f\u00fcr Bewehrte Erde zur Schaffung von Erdd\u00e4mmen oder B\u00f6schungen - Pittini<\/title>\n<meta name=\"description\" content=\"Die Baumatten f\u00fcr Bewehrte Erde der Pittini Gruppe stellen eine umweltfreundliche L\u00f6sung f\u00fcr die Bewehrung von Steilh\u00e4ngen und B\u00f6schungen dar. Ausf\u00fchrungsbeispiele.\" \/>\n<meta name=\"robots\" content=\"index, follow, max-snippet:-1, max-image-preview:large, max-video-preview:-1\" \/>\n<link rel=\"canonical\" href=\"https:\/\/www.pittini.com\/de\/produkte\/bauindustrie\/elektrogeschweisste-sondermatten\/matten-fuer-stahlboden\/\" \/>\n<meta property=\"og:locale\" content=\"de_DE\" \/>\n<meta property=\"og:type\" content=\"article\" \/>\n<meta property=\"og:title\" content=\"Baumatten f\u00fcr Bewehrte Erde zur Schaffung von Erdd\u00e4mmen oder B\u00f6schungen - Pittini\" \/>\n<meta property=\"og:description\" content=\"Die Baumatten f\u00fcr Bewehrte Erde der Pittini Gruppe stellen eine umweltfreundliche L\u00f6sung f\u00fcr die Bewehrung von Steilh\u00e4ngen und B\u00f6schungen dar. Ausf\u00fchrungsbeispiele.\" \/>\n<meta property=\"og:url\" content=\"https:\/\/www.pittini.com\/de\/produkte\/bauindustrie\/elektrogeschweisste-sondermatten\/matten-fuer-stahlboden\/\" \/>\n<meta property=\"og:site_name\" content=\"Pittini Gruppe\" \/>\n<meta property=\"article:modified_time\" content=\"2024-05-30T14:31:25+00:00\" \/>\n<meta property=\"og:image\" content=\"https:\/\/www.pittini.com\/wp-content\/uploads\/sites\/21\/hero-edilizia-terre-armate.jpg\" \/>\n\t<meta property=\"og:image:width\" content=\"1900\" \/>\n\t<meta property=\"og:image:height\" content=\"560\" \/>\n\t<meta property=\"og:image:type\" content=\"image\/jpeg\" \/>\n<meta name=\"twitter:label1\" content=\"Gesch\u00e4tzte Lesezeit\" \/>\n\t<meta name=\"twitter:data1\" content=\"1\u00a0Minute\" \/>\n<script type=\"application\/ld+json\" class=\"yoast-schema-graph\">{\"@context\":\"https:\\\/\\\/schema.org\",\"@graph\":[{\"@type\":\"WebPage\",\"@id\":\"https:\\\/\\\/www.pittini.com\\\/de\\\/produkte\\\/bauindustrie\\\/elektrogeschweisste-sondermatten\\\/matten-fuer-stahlboden\\\/\",\"url\":\"https:\\\/\\\/www.pittini.com\\\/de\\\/produkte\\\/bauindustrie\\\/elektrogeschweisste-sondermatten\\\/matten-fuer-stahlboden\\\/\",\"name\":\"Baumatten f\u00fcr Bewehrte Erde zur Schaffung von Erdd\u00e4mmen oder B\u00f6schungen - Pittini\",\"isPartOf\":{\"@id\":\"https:\\\/\\\/www.pittini.com\\\/de\\\/#website\"},\"primaryImageOfPage\":{\"@id\":\"https:\\\/\\\/www.pittini.com\\\/de\\\/produkte\\\/bauindustrie\\\/elektrogeschweisste-sondermatten\\\/matten-fuer-stahlboden\\\/#primaryimage\"},\"image\":{\"@id\":\"https:\\\/\\\/www.pittini.com\\\/de\\\/produkte\\\/bauindustrie\\\/elektrogeschweisste-sondermatten\\\/matten-fuer-stahlboden\\\/#primaryimage\"},\"thumbnailUrl\":\"https:\\\/\\\/www.pittini.com\\\/wp-content\\\/uploads\\\/sites\\\/21\\\/hero-edilizia-terre-armate.jpg\",\"datePublished\":\"2018-03-21T10:43:33+00:00\",\"dateModified\":\"2024-05-30T14:31:25+00:00\",\"description\":\"Die Baumatten f\u00fcr Bewehrte Erde der Pittini Gruppe stellen eine umweltfreundliche L\u00f6sung f\u00fcr die Bewehrung von Steilh\u00e4ngen und B\u00f6schungen dar. Ausf\u00fchrungsbeispiele.\",\"breadcrumb\":{\"@id\":\"https:\\\/\\\/www.pittini.com\\\/de\\\/produkte\\\/bauindustrie\\\/elektrogeschweisste-sondermatten\\\/matten-fuer-stahlboden\\\/#breadcrumb\"},\"inLanguage\":\"de\",\"potentialAction\":[{\"@type\":\"ReadAction\",\"target\":[\"https:\\\/\\\/www.pittini.com\\\/de\\\/produkte\\\/bauindustrie\\\/elektrogeschweisste-sondermatten\\\/matten-fuer-stahlboden\\\/\"]}]},{\"@type\":\"ImageObject\",\"inLanguage\":\"de\",\"@id\":\"https:\\\/\\\/www.pittini.com\\\/de\\\/produkte\\\/bauindustrie\\\/elektrogeschweisste-sondermatten\\\/matten-fuer-stahlboden\\\/#primaryimage\",\"url\":\"https:\\\/\\\/www.pittini.com\\\/wp-content\\\/uploads\\\/sites\\\/21\\\/hero-edilizia-terre-armate.jpg\",\"contentUrl\":\"https:\\\/\\\/www.pittini.com\\\/wp-content\\\/uploads\\\/sites\\\/21\\\/hero-edilizia-terre-armate.jpg\",\"width\":1900,\"height\":560},{\"@type\":\"BreadcrumbList\",\"@id\":\"https:\\\/\\\/www.pittini.com\\\/de\\\/produkte\\\/bauindustrie\\\/elektrogeschweisste-sondermatten\\\/matten-fuer-stahlboden\\\/#breadcrumb\",\"itemListElement\":[{\"@type\":\"ListItem\",\"position\":1,\"name\":\"Home\",\"item\":\"https:\\\/\\\/www.pittini.com\\\/de\\\/\"},{\"@type\":\"ListItem\",\"position\":2,\"name\":\"Produkte\",\"item\":\"https:\\\/\\\/www.pittini.com\\\/de\\\/produkte\\\/\"},{\"@type\":\"ListItem\",\"position\":3,\"name\":\"Baustahl\",\"item\":\"https:\\\/\\\/www.pittini.com\\\/de\\\/produkte\\\/bauindustrie\\\/\"},{\"@type\":\"ListItem\",\"position\":4,\"name\":\"Sondermatten\",\"item\":\"https:\\\/\\\/www.pittini.com\\\/de\\\/produkte\\\/bauindustrie\\\/elektrogeschweisste-sondermatten\\\/\"},{\"@type\":\"ListItem\",\"position\":5,\"name\":\"Matten f\u00fcr Stahlboden\"}]},{\"@type\":\"WebSite\",\"@id\":\"https:\\\/\\\/www.pittini.com\\\/de\\\/#website\",\"url\":\"https:\\\/\\\/www.pittini.com\\\/de\\\/\",\"name\":\"Pittini Gruppe\",\"description\":\"A group of companies that manage to cover all the production process\",\"potentialAction\":[{\"@type\":\"SearchAction\",\"target\":{\"@type\":\"EntryPoint\",\"urlTemplate\":\"https:\\\/\\\/www.pittini.com\\\/de\\\/?s={search_term_string}\"},\"query-input\":{\"@type\":\"PropertyValueSpecification\",\"valueRequired\":true,\"valueName\":\"search_term_string\"}}],\"inLanguage\":\"de\"}]}<\/script>\n<!-- \/ Yoast SEO plugin. -->","yoast_head_json":{"title":"Baumatten f\u00fcr Bewehrte Erde zur Schaffung von Erdd\u00e4mmen oder B\u00f6schungen - Pittini","description":"Die Baumatten f\u00fcr Bewehrte Erde der Pittini Gruppe stellen eine umweltfreundliche L\u00f6sung f\u00fcr die Bewehrung von Steilh\u00e4ngen und B\u00f6schungen dar. Ausf\u00fchrungsbeispiele.","robots":{"index":"index","follow":"follow","max-snippet":"max-snippet:-1","max-image-preview":"max-image-preview:large","max-video-preview":"max-video-preview:-1"},"canonical":"https:\/\/www.pittini.com\/de\/produkte\/bauindustrie\/elektrogeschweisste-sondermatten\/matten-fuer-stahlboden\/","og_locale":"de_DE","og_type":"article","og_title":"Baumatten f\u00fcr Bewehrte Erde zur Schaffung von Erdd\u00e4mmen oder B\u00f6schungen - Pittini","og_description":"Die Baumatten f\u00fcr Bewehrte Erde der Pittini Gruppe stellen eine umweltfreundliche L\u00f6sung f\u00fcr die Bewehrung von Steilh\u00e4ngen und B\u00f6schungen dar. Ausf\u00fchrungsbeispiele.","og_url":"https:\/\/www.pittini.com\/de\/produkte\/bauindustrie\/elektrogeschweisste-sondermatten\/matten-fuer-stahlboden\/","og_site_name":"Pittini Gruppe","article_modified_time":"2024-05-30T14:31:25+00:00","og_image":[{"width":1900,"height":560,"url":"https:\/\/www.pittini.com\/wp-content\/uploads\/sites\/21\/hero-edilizia-terre-armate.jpg","type":"image\/jpeg"}],"twitter_misc":{"Gesch\u00e4tzte Lesezeit":"1\u00a0Minute"},"schema":{"@context":"https:\/\/schema.org","@graph":[{"@type":"WebPage","@id":"https:\/\/www.pittini.com\/de\/produkte\/bauindustrie\/elektrogeschweisste-sondermatten\/matten-fuer-stahlboden\/","url":"https:\/\/www.pittini.com\/de\/produkte\/bauindustrie\/elektrogeschweisste-sondermatten\/matten-fuer-stahlboden\/","name":"Baumatten f\u00fcr Bewehrte Erde zur Schaffung von Erdd\u00e4mmen oder B\u00f6schungen - Pittini","isPartOf":{"@id":"https:\/\/www.pittini.com\/de\/#website"},"primaryImageOfPage":{"@id":"https:\/\/www.pittini.com\/de\/produkte\/bauindustrie\/elektrogeschweisste-sondermatten\/matten-fuer-stahlboden\/#primaryimage"},"image":{"@id":"https:\/\/www.pittini.com\/de\/produkte\/bauindustrie\/elektrogeschweisste-sondermatten\/matten-fuer-stahlboden\/#primaryimage"},"thumbnailUrl":"https:\/\/www.pittini.com\/wp-content\/uploads\/sites\/21\/hero-edilizia-terre-armate.jpg","datePublished":"2018-03-21T10:43:33+00:00","dateModified":"2024-05-30T14:31:25+00:00","description":"Die Baumatten f\u00fcr Bewehrte Erde der Pittini Gruppe stellen eine umweltfreundliche L\u00f6sung f\u00fcr die Bewehrung von Steilh\u00e4ngen und B\u00f6schungen dar. Ausf\u00fchrungsbeispiele.","breadcrumb":{"@id":"https:\/\/www.pittini.com\/de\/produkte\/bauindustrie\/elektrogeschweisste-sondermatten\/matten-fuer-stahlboden\/#breadcrumb"},"inLanguage":"de","potentialAction":[{"@type":"ReadAction","target":["https:\/\/www.pittini.com\/de\/produkte\/bauindustrie\/elektrogeschweisste-sondermatten\/matten-fuer-stahlboden\/"]}]},{"@type":"ImageObject","inLanguage":"de","@id":"https:\/\/www.pittini.com\/de\/produkte\/bauindustrie\/elektrogeschweisste-sondermatten\/matten-fuer-stahlboden\/#primaryimage","url":"https:\/\/www.pittini.com\/wp-content\/uploads\/sites\/21\/hero-edilizia-terre-armate.jpg","contentUrl":"https:\/\/www.pittini.com\/wp-content\/uploads\/sites\/21\/hero-edilizia-terre-armate.jpg","width":1900,"height":560},{"@type":"BreadcrumbList","@id":"https:\/\/www.pittini.com\/de\/produkte\/bauindustrie\/elektrogeschweisste-sondermatten\/matten-fuer-stahlboden\/#breadcrumb","itemListElement":[{"@type":"ListItem","position":1,"name":"Home","item":"https:\/\/www.pittini.com\/de\/"},{"@type":"ListItem","position":2,"name":"Produkte","item":"https:\/\/www.pittini.com\/de\/produkte\/"},{"@type":"ListItem","position":3,"name":"Baustahl","item":"https:\/\/www.pittini.com\/de\/produkte\/bauindustrie\/"},{"@type":"ListItem","position":4,"name":"Sondermatten","item":"https:\/\/www.pittini.com\/de\/produkte\/bauindustrie\/elektrogeschweisste-sondermatten\/"},{"@type":"ListItem","position":5,"name":"Matten f\u00fcr Stahlboden"}]},{"@type":"WebSite","@id":"https:\/\/www.pittini.com\/de\/#website","url":"https:\/\/www.pittini.com\/de\/","name":"Pittini Gruppe","description":"A group of companies that manage to cover all the production process","potentialAction":[{"@type":"SearchAction","target":{"@type":"EntryPoint","urlTemplate":"https:\/\/www.pittini.com\/de\/?s={search_term_string}"},"query-input":{"@type":"PropertyValueSpecification","valueRequired":true,"valueName":"search_term_string"}}],"inLanguage":"de"}]}},"_links":{"self":[{"href":"https:\/\/www.pittini.com\/de\/wp-json\/wp\/v2\/pages\/8655","targetHints":{"allow":["GET"]}}],"collection":[{"href":"https:\/\/www.pittini.com\/de\/wp-json\/wp\/v2\/pages"}],"about":[{"href":"https:\/\/www.pittini.com\/de\/wp-json\/wp\/v2\/types\/page"}],"author":[{"embeddable":true,"href":"https:\/\/www.pittini.com\/de\/wp-json\/wp\/v2\/users\/1"}],"replies":[{"embeddable":true,"href":"https:\/\/www.pittini.com\/de\/wp-json\/wp\/v2\/comments?post=8655"}],"version-history":[{"count":10,"href":"https:\/\/www.pittini.com\/de\/wp-json\/wp\/v2\/pages\/8655\/revisions"}],"predecessor-version":[{"id":10146,"href":"https:\/\/www.pittini.com\/de\/wp-json\/wp\/v2\/pages\/8655\/revisions\/10146"}],"up":[{"embeddable":true,"href":"https:\/\/www.pittini.com\/de\/wp-json\/wp\/v2\/pages\/8625"}],"wp:featuredmedia":[{"embeddable":true,"href":"https:\/\/www.pittini.com\/de\/wp-json\/wp\/v2\/media\/6851"}],"wp:attachment":[{"href":"https:\/\/www.pittini.com\/de\/wp-json\/wp\/v2\/media?parent=8655"}],"curies":[{"name":"wp","href":"https:\/\/api.w.org\/{rel}","templated":true}]}}