{"id":8650,"date":"2018-03-21T11:43:33","date_gmt":"2018-03-21T10:43:33","guid":{"rendered":"https:\/\/new.pittini.it\/produkte\/edilizia\/sondermatten\/reti-per-pilastri\/"},"modified":"2024-05-30T16:17:46","modified_gmt":"2024-05-30T14:17:46","slug":"bewehrungsgitter-fuer-pfeiler","status":"publish","type":"page","link":"https:\/\/www.pittini.com\/de\/produkte\/bauindustrie\/elektrogeschweisste-sondermatten\/bewehrungsgitter-fuer-pfeiler\/","title":{"rendered":"Bewehrungsgitter F\u00fcr Pfeiler"},"content":{"rendered":"<p style=\"text-align: justify;\">Die <strong>Bewehrungsgitter f\u00fcr Pfeiler<\/strong> stellen eine neue Technologie dar, die f\u00fcr Bewehrungen angewendet wird, bei denen eine vormontierte Bewehrung f\u00fcr Pfeiler, Betonringe oder sonstige Formelemente angefertigt werden kann.<br \/>\nDie Formung des Bewehrungselements erfolgt entsprechend dem Querschnitt des zu bauenden Elements: rechteckig, quadratisch oder in einer sonstigen Form.<\/p>\n<figure id=\"attachment_6742\" aria-describedby=\"caption-attachment-6742\" style=\"width: 274px\" class=\"wp-caption aligncenter\"><img decoding=\"async\" class=\"wp-image-6742 size-full\" src=\"https:\/\/www.pittini.com\/wp-content\/uploads\/sites\/21\/sagomatura_reti_pilastri.png\" alt=\"Esempi utilizzo reti per pilastri\" width=\"274\" height=\"147\" \/><figcaption id=\"caption-attachment-6742\" class=\"wp-caption-text\">Einige Formungsbeispiele<\/figcaption><\/figure>\n<p style=\"text-align: justify;\">Der so angefertigte Bewehrungskorb wird durch Rundstahl mit angemessenem Durchmesser erg\u00e4nzt, so dass den Kalkulationsvorgaben entsprochen wird.<\/p>\n<figure id=\"attachment_6745\" aria-describedby=\"caption-attachment-6745\" style=\"width: 274px\" class=\"wp-caption aligncenter\"><img decoding=\"async\" class=\"wp-image-6745 size-full\" src=\"https:\/\/www.pittini.com\/wp-content\/uploads\/sites\/21\/prima_e_dopo.png\" alt=\"disegno tecnico rete sagomata prima e dopo l'inserimento dei tondi strutturali\" width=\"274\" height=\"149\" \/><figcaption id=\"caption-attachment-6745\" class=\"wp-caption-text\">Formmatte vor und nach dem Einsetzen des statisch anrechenbaren Rundstahls<\/figcaption><\/figure>\n<p style=\"text-align: justify;\">Die auf diese Weise hergestellten Baumatten f\u00fcr Pfeiler bieten zahlreiche Wettbewerbsvorteile im <a href=\"https:\/\/www.pittini.com\/prodotti\/edilizia\/\">Baustahlbereich<\/a>:<\/p>\n<ul>\n<li style=\"text-align: justify;\"><strong>Zeit- und Arbeitseinsparung<\/strong>: Mit diesen Bewehrungen kann die Montagezeit im Vergleich zum traditionellen System um 80 % reduziert werden, ohne dass dabei Fachpersonal eingesetzt werden muss. Die Anfertigung von Bewehrungen mit B\u00fcgeln und St\u00e4ben erfordert den Einsatz von Fachpersonal und einen beachtlichenZeitaufwand bei der Montage, da die Positionierung St\u00fcck f\u00fcr St\u00fcck erfolgt.<\/li>\n<li style=\"text-align: justify;\"><strong>Ausf\u00fchrungsqualit\u00e4t und statische Sicherheit<\/strong>: Mit den Bewehrungsgittern f\u00fcr Pfeiler wird eine vollkommene Entsprechung von statischer Kalkulation und Bewehrung erreicht, wobei dank der automatisierten Produktion eine h\u00f6here Ausf\u00fchrungsqualit\u00e4t und vollkommene Sicherheit garantiert werden.<\/li>\n<li style=\"text-align: justify;\"><strong>Geringe Investitionen in Maschinen<\/strong>: Im Unterschied zu den traditionellen Systemen, bei denen f\u00fcr die Anfertigung eines Korbs komplexe und sehr teure Maschinen wie B\u00fcgelbiegemaschinen gebraucht werden, werden die Bewehrungsgitter f\u00fcr Pfeiler mit einfachen und kleinen Maschinen geformt.<\/li>\n<\/ul>\n<p><a class=\"cta-dl\" href=\"https:\/\/www.pittini.com\/wp-content\/uploads\/sites\/21\/Pittini-Group-Meshes-for-Pillars-ST703.pdf\" target=\"_blank\" rel=\"noopener\">Slanden Sie das Technische Datenblatt<\/a><\/p>\n","protected":false},"excerpt":{"rendered":"<p>Die Bewehrungsgitter f\u00fcr Pfeiler stellen eine neue Technologie dar, die f\u00fcr Bewehrungen angewendet wird, bei denen eine vormontierte Bewehrung f\u00fcr Pfeiler, Betonringe oder sonstige Formelemente angefertigt werden kann. Die Formung des Bewehrungselements erfolgt entsprechend [&hellip;]<\/p>\n","protected":false},"author":1,"featured_media":9291,"parent":8625,"menu_order":13,"comment_status":"closed","ping_status":"closed","template":"page-prodotto-rete.php","meta":{"_acf_changed":false,"footnotes":""},"class_list":["post-8650","page","type-page","status-publish","has-post-thumbnail","hentry"],"acf":[],"yoast_head":"<!-- This site is optimized with the Yoast SEO plugin v27.4 - https:\/\/yoast.com\/product\/yoast-seo-wordpress\/ -->\n<title>Baumatten f\u00fcr die S\u00e4ulenbewehrung - Pittini<\/title>\n<meta name=\"description\" content=\"Die Pittini Gruppe stellt Baumatten f\u00fcr S\u00e4ulen her, die sich schnell und kosteng\u00fcnstig in den Bau von vertikalen Strukturen auf der Baustelle integrieren lassen. Konstruktionsbeispiele, technische Datenbl\u00e4tter.\" \/>\n<meta name=\"robots\" content=\"index, follow, max-snippet:-1, max-image-preview:large, max-video-preview:-1\" \/>\n<link rel=\"canonical\" href=\"https:\/\/www.pittini.com\/de\/produkte\/bauindustrie\/elektrogeschweisste-sondermatten\/bewehrungsgitter-fuer-pfeiler\/\" \/>\n<meta property=\"og:locale\" content=\"de_DE\" \/>\n<meta property=\"og:type\" content=\"article\" \/>\n<meta property=\"og:title\" content=\"Baumatten f\u00fcr die S\u00e4ulenbewehrung - Pittini\" \/>\n<meta property=\"og:description\" content=\"Die Pittini Gruppe stellt Baumatten f\u00fcr S\u00e4ulen her, die sich schnell und kosteng\u00fcnstig in den Bau von vertikalen Strukturen auf der Baustelle integrieren lassen. Konstruktionsbeispiele, technische Datenbl\u00e4tter.\" \/>\n<meta property=\"og:url\" content=\"https:\/\/www.pittini.com\/de\/produkte\/bauindustrie\/elektrogeschweisste-sondermatten\/bewehrungsgitter-fuer-pfeiler\/\" \/>\n<meta property=\"og:site_name\" content=\"Pittini Gruppe\" \/>\n<meta property=\"article:modified_time\" content=\"2024-05-30T14:17:46+00:00\" \/>\n<meta property=\"og:image\" content=\"https:\/\/www.pittini.com\/wp-content\/uploads\/sites\/21\/Gruppo-Pittini-reti-pilastri-1.jpg\" \/>\n\t<meta property=\"og:image:width\" content=\"2500\" \/>\n\t<meta property=\"og:image:height\" content=\"1669\" \/>\n\t<meta property=\"og:image:type\" content=\"image\/jpeg\" \/>\n<meta name=\"twitter:label1\" content=\"Gesch\u00e4tzte Lesezeit\" \/>\n\t<meta name=\"twitter:data1\" content=\"1\u00a0Minute\" \/>\n<script type=\"application\/ld+json\" class=\"yoast-schema-graph\">{\"@context\":\"https:\\\/\\\/schema.org\",\"@graph\":[{\"@type\":\"WebPage\",\"@id\":\"https:\\\/\\\/www.pittini.com\\\/de\\\/produkte\\\/bauindustrie\\\/elektrogeschweisste-sondermatten\\\/bewehrungsgitter-fuer-pfeiler\\\/\",\"url\":\"https:\\\/\\\/www.pittini.com\\\/de\\\/produkte\\\/bauindustrie\\\/elektrogeschweisste-sondermatten\\\/bewehrungsgitter-fuer-pfeiler\\\/\",\"name\":\"Baumatten f\u00fcr die S\u00e4ulenbewehrung - Pittini\",\"isPartOf\":{\"@id\":\"https:\\\/\\\/www.pittini.com\\\/de\\\/#website\"},\"primaryImageOfPage\":{\"@id\":\"https:\\\/\\\/www.pittini.com\\\/de\\\/produkte\\\/bauindustrie\\\/elektrogeschweisste-sondermatten\\\/bewehrungsgitter-fuer-pfeiler\\\/#primaryimage\"},\"image\":{\"@id\":\"https:\\\/\\\/www.pittini.com\\\/de\\\/produkte\\\/bauindustrie\\\/elektrogeschweisste-sondermatten\\\/bewehrungsgitter-fuer-pfeiler\\\/#primaryimage\"},\"thumbnailUrl\":\"https:\\\/\\\/www.pittini.com\\\/wp-content\\\/uploads\\\/sites\\\/21\\\/Gruppo-Pittini-reti-pilastri-1.jpg\",\"datePublished\":\"2018-03-21T10:43:33+00:00\",\"dateModified\":\"2024-05-30T14:17:46+00:00\",\"description\":\"Die Pittini Gruppe stellt Baumatten f\u00fcr S\u00e4ulen her, die sich schnell und kosteng\u00fcnstig in den Bau von vertikalen Strukturen auf der Baustelle integrieren lassen. Konstruktionsbeispiele, technische Datenbl\u00e4tter.\",\"breadcrumb\":{\"@id\":\"https:\\\/\\\/www.pittini.com\\\/de\\\/produkte\\\/bauindustrie\\\/elektrogeschweisste-sondermatten\\\/bewehrungsgitter-fuer-pfeiler\\\/#breadcrumb\"},\"inLanguage\":\"de\",\"potentialAction\":[{\"@type\":\"ReadAction\",\"target\":[\"https:\\\/\\\/www.pittini.com\\\/de\\\/produkte\\\/bauindustrie\\\/elektrogeschweisste-sondermatten\\\/bewehrungsgitter-fuer-pfeiler\\\/\"]}]},{\"@type\":\"ImageObject\",\"inLanguage\":\"de\",\"@id\":\"https:\\\/\\\/www.pittini.com\\\/de\\\/produkte\\\/bauindustrie\\\/elektrogeschweisste-sondermatten\\\/bewehrungsgitter-fuer-pfeiler\\\/#primaryimage\",\"url\":\"https:\\\/\\\/www.pittini.com\\\/wp-content\\\/uploads\\\/sites\\\/21\\\/Gruppo-Pittini-reti-pilastri-1.jpg\",\"contentUrl\":\"https:\\\/\\\/www.pittini.com\\\/wp-content\\\/uploads\\\/sites\\\/21\\\/Gruppo-Pittini-reti-pilastri-1.jpg\",\"width\":2500,\"height\":1669},{\"@type\":\"BreadcrumbList\",\"@id\":\"https:\\\/\\\/www.pittini.com\\\/de\\\/produkte\\\/bauindustrie\\\/elektrogeschweisste-sondermatten\\\/bewehrungsgitter-fuer-pfeiler\\\/#breadcrumb\",\"itemListElement\":[{\"@type\":\"ListItem\",\"position\":1,\"name\":\"Home\",\"item\":\"https:\\\/\\\/www.pittini.com\\\/de\\\/\"},{\"@type\":\"ListItem\",\"position\":2,\"name\":\"Produkte\",\"item\":\"https:\\\/\\\/www.pittini.com\\\/de\\\/produkte\\\/\"},{\"@type\":\"ListItem\",\"position\":3,\"name\":\"Baustahl\",\"item\":\"https:\\\/\\\/www.pittini.com\\\/de\\\/produkte\\\/bauindustrie\\\/\"},{\"@type\":\"ListItem\",\"position\":4,\"name\":\"Sondermatten\",\"item\":\"https:\\\/\\\/www.pittini.com\\\/de\\\/produkte\\\/bauindustrie\\\/elektrogeschweisste-sondermatten\\\/\"},{\"@type\":\"ListItem\",\"position\":5,\"name\":\"Bewehrungsgitter F\u00fcr Pfeiler\"}]},{\"@type\":\"WebSite\",\"@id\":\"https:\\\/\\\/www.pittini.com\\\/de\\\/#website\",\"url\":\"https:\\\/\\\/www.pittini.com\\\/de\\\/\",\"name\":\"Pittini Gruppe\",\"description\":\"A group of companies that manage to cover all the production process\",\"potentialAction\":[{\"@type\":\"SearchAction\",\"target\":{\"@type\":\"EntryPoint\",\"urlTemplate\":\"https:\\\/\\\/www.pittini.com\\\/de\\\/?s={search_term_string}\"},\"query-input\":{\"@type\":\"PropertyValueSpecification\",\"valueRequired\":true,\"valueName\":\"search_term_string\"}}],\"inLanguage\":\"de\"}]}<\/script>\n<!-- \/ Yoast SEO plugin. -->","yoast_head_json":{"title":"Baumatten f\u00fcr die S\u00e4ulenbewehrung - Pittini","description":"Die Pittini Gruppe stellt Baumatten f\u00fcr S\u00e4ulen her, die sich schnell und kosteng\u00fcnstig in den Bau von vertikalen Strukturen auf der Baustelle integrieren lassen. Konstruktionsbeispiele, technische Datenbl\u00e4tter.","robots":{"index":"index","follow":"follow","max-snippet":"max-snippet:-1","max-image-preview":"max-image-preview:large","max-video-preview":"max-video-preview:-1"},"canonical":"https:\/\/www.pittini.com\/de\/produkte\/bauindustrie\/elektrogeschweisste-sondermatten\/bewehrungsgitter-fuer-pfeiler\/","og_locale":"de_DE","og_type":"article","og_title":"Baumatten f\u00fcr die S\u00e4ulenbewehrung - Pittini","og_description":"Die Pittini Gruppe stellt Baumatten f\u00fcr S\u00e4ulen her, die sich schnell und kosteng\u00fcnstig in den Bau von vertikalen Strukturen auf der Baustelle integrieren lassen. Konstruktionsbeispiele, technische Datenbl\u00e4tter.","og_url":"https:\/\/www.pittini.com\/de\/produkte\/bauindustrie\/elektrogeschweisste-sondermatten\/bewehrungsgitter-fuer-pfeiler\/","og_site_name":"Pittini Gruppe","article_modified_time":"2024-05-30T14:17:46+00:00","og_image":[{"width":2500,"height":1669,"url":"https:\/\/www.pittini.com\/wp-content\/uploads\/sites\/21\/Gruppo-Pittini-reti-pilastri-1.jpg","type":"image\/jpeg"}],"twitter_misc":{"Gesch\u00e4tzte Lesezeit":"1\u00a0Minute"},"schema":{"@context":"https:\/\/schema.org","@graph":[{"@type":"WebPage","@id":"https:\/\/www.pittini.com\/de\/produkte\/bauindustrie\/elektrogeschweisste-sondermatten\/bewehrungsgitter-fuer-pfeiler\/","url":"https:\/\/www.pittini.com\/de\/produkte\/bauindustrie\/elektrogeschweisste-sondermatten\/bewehrungsgitter-fuer-pfeiler\/","name":"Baumatten f\u00fcr die S\u00e4ulenbewehrung - Pittini","isPartOf":{"@id":"https:\/\/www.pittini.com\/de\/#website"},"primaryImageOfPage":{"@id":"https:\/\/www.pittini.com\/de\/produkte\/bauindustrie\/elektrogeschweisste-sondermatten\/bewehrungsgitter-fuer-pfeiler\/#primaryimage"},"image":{"@id":"https:\/\/www.pittini.com\/de\/produkte\/bauindustrie\/elektrogeschweisste-sondermatten\/bewehrungsgitter-fuer-pfeiler\/#primaryimage"},"thumbnailUrl":"https:\/\/www.pittini.com\/wp-content\/uploads\/sites\/21\/Gruppo-Pittini-reti-pilastri-1.jpg","datePublished":"2018-03-21T10:43:33+00:00","dateModified":"2024-05-30T14:17:46+00:00","description":"Die Pittini Gruppe stellt Baumatten f\u00fcr S\u00e4ulen her, die sich schnell und kosteng\u00fcnstig in den Bau von vertikalen Strukturen auf der Baustelle integrieren lassen. Konstruktionsbeispiele, technische Datenbl\u00e4tter.","breadcrumb":{"@id":"https:\/\/www.pittini.com\/de\/produkte\/bauindustrie\/elektrogeschweisste-sondermatten\/bewehrungsgitter-fuer-pfeiler\/#breadcrumb"},"inLanguage":"de","potentialAction":[{"@type":"ReadAction","target":["https:\/\/www.pittini.com\/de\/produkte\/bauindustrie\/elektrogeschweisste-sondermatten\/bewehrungsgitter-fuer-pfeiler\/"]}]},{"@type":"ImageObject","inLanguage":"de","@id":"https:\/\/www.pittini.com\/de\/produkte\/bauindustrie\/elektrogeschweisste-sondermatten\/bewehrungsgitter-fuer-pfeiler\/#primaryimage","url":"https:\/\/www.pittini.com\/wp-content\/uploads\/sites\/21\/Gruppo-Pittini-reti-pilastri-1.jpg","contentUrl":"https:\/\/www.pittini.com\/wp-content\/uploads\/sites\/21\/Gruppo-Pittini-reti-pilastri-1.jpg","width":2500,"height":1669},{"@type":"BreadcrumbList","@id":"https:\/\/www.pittini.com\/de\/produkte\/bauindustrie\/elektrogeschweisste-sondermatten\/bewehrungsgitter-fuer-pfeiler\/#breadcrumb","itemListElement":[{"@type":"ListItem","position":1,"name":"Home","item":"https:\/\/www.pittini.com\/de\/"},{"@type":"ListItem","position":2,"name":"Produkte","item":"https:\/\/www.pittini.com\/de\/produkte\/"},{"@type":"ListItem","position":3,"name":"Baustahl","item":"https:\/\/www.pittini.com\/de\/produkte\/bauindustrie\/"},{"@type":"ListItem","position":4,"name":"Sondermatten","item":"https:\/\/www.pittini.com\/de\/produkte\/bauindustrie\/elektrogeschweisste-sondermatten\/"},{"@type":"ListItem","position":5,"name":"Bewehrungsgitter F\u00fcr Pfeiler"}]},{"@type":"WebSite","@id":"https:\/\/www.pittini.com\/de\/#website","url":"https:\/\/www.pittini.com\/de\/","name":"Pittini Gruppe","description":"A group of companies that manage to cover all the production process","potentialAction":[{"@type":"SearchAction","target":{"@type":"EntryPoint","urlTemplate":"https:\/\/www.pittini.com\/de\/?s={search_term_string}"},"query-input":{"@type":"PropertyValueSpecification","valueRequired":true,"valueName":"search_term_string"}}],"inLanguage":"de"}]}},"_links":{"self":[{"href":"https:\/\/www.pittini.com\/de\/wp-json\/wp\/v2\/pages\/8650","targetHints":{"allow":["GET"]}}],"collection":[{"href":"https:\/\/www.pittini.com\/de\/wp-json\/wp\/v2\/pages"}],"about":[{"href":"https:\/\/www.pittini.com\/de\/wp-json\/wp\/v2\/types\/page"}],"author":[{"embeddable":true,"href":"https:\/\/www.pittini.com\/de\/wp-json\/wp\/v2\/users\/1"}],"replies":[{"embeddable":true,"href":"https:\/\/www.pittini.com\/de\/wp-json\/wp\/v2\/comments?post=8650"}],"version-history":[{"count":18,"href":"https:\/\/www.pittini.com\/de\/wp-json\/wp\/v2\/pages\/8650\/revisions"}],"predecessor-version":[{"id":26334,"href":"https:\/\/www.pittini.com\/de\/wp-json\/wp\/v2\/pages\/8650\/revisions\/26334"}],"up":[{"embeddable":true,"href":"https:\/\/www.pittini.com\/de\/wp-json\/wp\/v2\/pages\/8625"}],"wp:featuredmedia":[{"embeddable":true,"href":"https:\/\/www.pittini.com\/de\/wp-json\/wp\/v2\/media\/9291"}],"wp:attachment":[{"href":"https:\/\/www.pittini.com\/de\/wp-json\/wp\/v2\/media?parent=8650"}],"curies":[{"name":"wp","href":"https:\/\/api.w.org\/{rel}","templated":true}]}}