{"id":8644,"date":"2018-03-21T11:43:33","date_gmt":"2018-03-21T10:43:33","guid":{"rendered":"https:\/\/new.pittini.it\/produkte\/edilizia\/sondermatten\/reti-per-gallerie\/"},"modified":"2024-05-30T16:01:43","modified_gmt":"2024-05-30T14:01:43","slug":"bewehrungsgitter-fuer-tunnel","status":"publish","type":"page","link":"https:\/\/www.pittini.com\/de\/produkte\/bauindustrie\/elektrogeschweisste-sondermatten\/bewehrungsgitter-fuer-tunnel\/","title":{"rendered":"Bewehrungsgitter f\u00fcr Tunnel"},"content":{"rendered":"<p style=\"text-align: justify;\">Die <strong>kalandrierten Gitterplatten f\u00fcr Ortbeton<\/strong> und die Matten f\u00fcr die T\u00fcbbings f\u00fcr die Verkleidung von k\u00fcnstlichen und nat\u00fcrlichen Tunneln werden unter Ber\u00fccksichtigung der strukturellen Bed\u00fcrfnisse, der besonderen Umgebung und der operativen Bedingungen auf den Baustellen angefertigt. Der Baustahl der Pittini Gruppe wurde beispielsweise f\u00fcr den <a href=\"https:\/\/www.pittini.it\/en\/blog\/pittini-group-mesh-is-part-of-the-brenner-tunnel\/\">Bau des Brenner-Eisenbahntunnels\u00a0 ausgew\u00e4hlt<\/a><u>.<\/u><\/p>\n<p style=\"text-align: justify;\">Durch die M\u00f6glichkeit, den Kr\u00fcmmungsradius, den Drahtdurchmesser, die Maschenweite und die Abmessungen der Matten je nach Projektbed\u00fcrfnissen zu variieren, erh\u00e4lt das System eine fast einzigartige Vielseitigkeit und Flexibilit\u00e4t.<\/p>\n","protected":false},"excerpt":{"rendered":"<p>Die kalandrierten Gitterplatten f\u00fcr Ortbeton und die Matten f\u00fcr die T\u00fcbbings f\u00fcr die Verkleidung von k\u00fcnstlichen und nat\u00fcrlichen Tunneln werden unter Ber\u00fccksichtigung der strukturellen Bed\u00fcrfnisse, der besonderen Umgebung und der operativen Bedingungen auf den [&hellip;]<\/p>\n","protected":false},"author":1,"featured_media":9265,"parent":8625,"menu_order":12,"comment_status":"closed","ping_status":"closed","template":"page-prodotto-rete.php","meta":{"_acf_changed":false,"footnotes":""},"class_list":["post-8644","page","type-page","status-publish","has-post-thumbnail","hentry"],"acf":[],"yoast_head":"<!-- This site is optimized with the Yoast SEO plugin v27.5 - https:\/\/yoast.com\/product\/yoast-seo-wordpress\/ -->\n<title>Bewehrungsmatten f\u00fcr Tunnel und Galerien - Pittini<\/title>\n<meta name=\"description\" content=\"Die Pittini Gruppe ist auf kalandrierte Baumatten f\u00fcr die Bewehrung von Ortbeton-Tunneln und vorgefertigten Betont\u00fcbbingen spezialisiert. Ausf\u00fchrungsbeispiele.\" \/>\n<meta name=\"robots\" content=\"index, follow, max-snippet:-1, max-image-preview:large, max-video-preview:-1\" \/>\n<link rel=\"canonical\" href=\"https:\/\/www.pittini.com\/de\/produkte\/bauindustrie\/elektrogeschweisste-sondermatten\/bewehrungsgitter-fuer-tunnel\/\" \/>\n<meta property=\"og:locale\" content=\"de_DE\" \/>\n<meta property=\"og:type\" content=\"article\" \/>\n<meta property=\"og:title\" content=\"Bewehrungsmatten f\u00fcr Tunnel und Galerien - Pittini\" \/>\n<meta property=\"og:description\" content=\"Die Pittini Gruppe ist auf kalandrierte Baumatten f\u00fcr die Bewehrung von Ortbeton-Tunneln und vorgefertigten Betont\u00fcbbingen spezialisiert. Ausf\u00fchrungsbeispiele.\" \/>\n<meta property=\"og:url\" content=\"https:\/\/www.pittini.com\/de\/produkte\/bauindustrie\/elektrogeschweisste-sondermatten\/bewehrungsgitter-fuer-tunnel\/\" \/>\n<meta property=\"og:site_name\" content=\"Pittini Gruppe\" \/>\n<meta property=\"article:modified_time\" content=\"2024-05-30T14:01:43+00:00\" \/>\n<meta property=\"og:image\" content=\"https:\/\/www.pittini.com\/wp-content\/uploads\/sites\/21\/hero-reti-gallerie.jpg\" \/>\n\t<meta property=\"og:image:width\" content=\"1900\" \/>\n\t<meta property=\"og:image:height\" content=\"560\" \/>\n\t<meta property=\"og:image:type\" content=\"image\/jpeg\" \/>\n<script type=\"application\/ld+json\" class=\"yoast-schema-graph\">{\"@context\":\"https:\\\/\\\/schema.org\",\"@graph\":[{\"@type\":\"WebPage\",\"@id\":\"https:\\\/\\\/www.pittini.com\\\/de\\\/produkte\\\/bauindustrie\\\/elektrogeschweisste-sondermatten\\\/bewehrungsgitter-fuer-tunnel\\\/\",\"url\":\"https:\\\/\\\/www.pittini.com\\\/de\\\/produkte\\\/bauindustrie\\\/elektrogeschweisste-sondermatten\\\/bewehrungsgitter-fuer-tunnel\\\/\",\"name\":\"Bewehrungsmatten f\u00fcr Tunnel und Galerien - Pittini\",\"isPartOf\":{\"@id\":\"https:\\\/\\\/www.pittini.com\\\/de\\\/#website\"},\"primaryImageOfPage\":{\"@id\":\"https:\\\/\\\/www.pittini.com\\\/de\\\/produkte\\\/bauindustrie\\\/elektrogeschweisste-sondermatten\\\/bewehrungsgitter-fuer-tunnel\\\/#primaryimage\"},\"image\":{\"@id\":\"https:\\\/\\\/www.pittini.com\\\/de\\\/produkte\\\/bauindustrie\\\/elektrogeschweisste-sondermatten\\\/bewehrungsgitter-fuer-tunnel\\\/#primaryimage\"},\"thumbnailUrl\":\"https:\\\/\\\/www.pittini.com\\\/wp-content\\\/uploads\\\/sites\\\/21\\\/hero-reti-gallerie.jpg\",\"datePublished\":\"2018-03-21T10:43:33+00:00\",\"dateModified\":\"2024-05-30T14:01:43+00:00\",\"description\":\"Die Pittini Gruppe ist auf kalandrierte Baumatten f\u00fcr die Bewehrung von Ortbeton-Tunneln und vorgefertigten Betont\u00fcbbingen spezialisiert. Ausf\u00fchrungsbeispiele.\",\"breadcrumb\":{\"@id\":\"https:\\\/\\\/www.pittini.com\\\/de\\\/produkte\\\/bauindustrie\\\/elektrogeschweisste-sondermatten\\\/bewehrungsgitter-fuer-tunnel\\\/#breadcrumb\"},\"inLanguage\":\"de\",\"potentialAction\":[{\"@type\":\"ReadAction\",\"target\":[\"https:\\\/\\\/www.pittini.com\\\/de\\\/produkte\\\/bauindustrie\\\/elektrogeschweisste-sondermatten\\\/bewehrungsgitter-fuer-tunnel\\\/\"]}]},{\"@type\":\"ImageObject\",\"inLanguage\":\"de\",\"@id\":\"https:\\\/\\\/www.pittini.com\\\/de\\\/produkte\\\/bauindustrie\\\/elektrogeschweisste-sondermatten\\\/bewehrungsgitter-fuer-tunnel\\\/#primaryimage\",\"url\":\"https:\\\/\\\/www.pittini.com\\\/wp-content\\\/uploads\\\/sites\\\/21\\\/hero-reti-gallerie.jpg\",\"contentUrl\":\"https:\\\/\\\/www.pittini.com\\\/wp-content\\\/uploads\\\/sites\\\/21\\\/hero-reti-gallerie.jpg\",\"width\":1900,\"height\":560},{\"@type\":\"BreadcrumbList\",\"@id\":\"https:\\\/\\\/www.pittini.com\\\/de\\\/produkte\\\/bauindustrie\\\/elektrogeschweisste-sondermatten\\\/bewehrungsgitter-fuer-tunnel\\\/#breadcrumb\",\"itemListElement\":[{\"@type\":\"ListItem\",\"position\":1,\"name\":\"Home\",\"item\":\"https:\\\/\\\/www.pittini.com\\\/de\\\/\"},{\"@type\":\"ListItem\",\"position\":2,\"name\":\"Produkte\",\"item\":\"https:\\\/\\\/www.pittini.com\\\/de\\\/produkte\\\/\"},{\"@type\":\"ListItem\",\"position\":3,\"name\":\"Baustahl\",\"item\":\"https:\\\/\\\/www.pittini.com\\\/de\\\/produkte\\\/bauindustrie\\\/\"},{\"@type\":\"ListItem\",\"position\":4,\"name\":\"Sondermatten\",\"item\":\"https:\\\/\\\/www.pittini.com\\\/de\\\/produkte\\\/bauindustrie\\\/elektrogeschweisste-sondermatten\\\/\"},{\"@type\":\"ListItem\",\"position\":5,\"name\":\"Bewehrungsgitter f\u00fcr Tunnel\"}]},{\"@type\":\"WebSite\",\"@id\":\"https:\\\/\\\/www.pittini.com\\\/de\\\/#website\",\"url\":\"https:\\\/\\\/www.pittini.com\\\/de\\\/\",\"name\":\"Pittini Gruppe\",\"description\":\"A group of companies that manage to cover all the production process\",\"potentialAction\":[{\"@type\":\"SearchAction\",\"target\":{\"@type\":\"EntryPoint\",\"urlTemplate\":\"https:\\\/\\\/www.pittini.com\\\/de\\\/?s={search_term_string}\"},\"query-input\":{\"@type\":\"PropertyValueSpecification\",\"valueRequired\":true,\"valueName\":\"search_term_string\"}}],\"inLanguage\":\"de\"}]}<\/script>\n<!-- \/ Yoast SEO plugin. -->","yoast_head_json":{"title":"Bewehrungsmatten f\u00fcr Tunnel und Galerien - Pittini","description":"Die Pittini Gruppe ist auf kalandrierte Baumatten f\u00fcr die Bewehrung von Ortbeton-Tunneln und vorgefertigten Betont\u00fcbbingen spezialisiert. Ausf\u00fchrungsbeispiele.","robots":{"index":"index","follow":"follow","max-snippet":"max-snippet:-1","max-image-preview":"max-image-preview:large","max-video-preview":"max-video-preview:-1"},"canonical":"https:\/\/www.pittini.com\/de\/produkte\/bauindustrie\/elektrogeschweisste-sondermatten\/bewehrungsgitter-fuer-tunnel\/","og_locale":"de_DE","og_type":"article","og_title":"Bewehrungsmatten f\u00fcr Tunnel und Galerien - Pittini","og_description":"Die Pittini Gruppe ist auf kalandrierte Baumatten f\u00fcr die Bewehrung von Ortbeton-Tunneln und vorgefertigten Betont\u00fcbbingen spezialisiert. Ausf\u00fchrungsbeispiele.","og_url":"https:\/\/www.pittini.com\/de\/produkte\/bauindustrie\/elektrogeschweisste-sondermatten\/bewehrungsgitter-fuer-tunnel\/","og_site_name":"Pittini Gruppe","article_modified_time":"2024-05-30T14:01:43+00:00","og_image":[{"width":1900,"height":560,"url":"https:\/\/www.pittini.com\/wp-content\/uploads\/sites\/21\/hero-reti-gallerie.jpg","type":"image\/jpeg"}],"schema":{"@context":"https:\/\/schema.org","@graph":[{"@type":"WebPage","@id":"https:\/\/www.pittini.com\/de\/produkte\/bauindustrie\/elektrogeschweisste-sondermatten\/bewehrungsgitter-fuer-tunnel\/","url":"https:\/\/www.pittini.com\/de\/produkte\/bauindustrie\/elektrogeschweisste-sondermatten\/bewehrungsgitter-fuer-tunnel\/","name":"Bewehrungsmatten f\u00fcr Tunnel und Galerien - Pittini","isPartOf":{"@id":"https:\/\/www.pittini.com\/de\/#website"},"primaryImageOfPage":{"@id":"https:\/\/www.pittini.com\/de\/produkte\/bauindustrie\/elektrogeschweisste-sondermatten\/bewehrungsgitter-fuer-tunnel\/#primaryimage"},"image":{"@id":"https:\/\/www.pittini.com\/de\/produkte\/bauindustrie\/elektrogeschweisste-sondermatten\/bewehrungsgitter-fuer-tunnel\/#primaryimage"},"thumbnailUrl":"https:\/\/www.pittini.com\/wp-content\/uploads\/sites\/21\/hero-reti-gallerie.jpg","datePublished":"2018-03-21T10:43:33+00:00","dateModified":"2024-05-30T14:01:43+00:00","description":"Die Pittini Gruppe ist auf kalandrierte Baumatten f\u00fcr die Bewehrung von Ortbeton-Tunneln und vorgefertigten Betont\u00fcbbingen spezialisiert. Ausf\u00fchrungsbeispiele.","breadcrumb":{"@id":"https:\/\/www.pittini.com\/de\/produkte\/bauindustrie\/elektrogeschweisste-sondermatten\/bewehrungsgitter-fuer-tunnel\/#breadcrumb"},"inLanguage":"de","potentialAction":[{"@type":"ReadAction","target":["https:\/\/www.pittini.com\/de\/produkte\/bauindustrie\/elektrogeschweisste-sondermatten\/bewehrungsgitter-fuer-tunnel\/"]}]},{"@type":"ImageObject","inLanguage":"de","@id":"https:\/\/www.pittini.com\/de\/produkte\/bauindustrie\/elektrogeschweisste-sondermatten\/bewehrungsgitter-fuer-tunnel\/#primaryimage","url":"https:\/\/www.pittini.com\/wp-content\/uploads\/sites\/21\/hero-reti-gallerie.jpg","contentUrl":"https:\/\/www.pittini.com\/wp-content\/uploads\/sites\/21\/hero-reti-gallerie.jpg","width":1900,"height":560},{"@type":"BreadcrumbList","@id":"https:\/\/www.pittini.com\/de\/produkte\/bauindustrie\/elektrogeschweisste-sondermatten\/bewehrungsgitter-fuer-tunnel\/#breadcrumb","itemListElement":[{"@type":"ListItem","position":1,"name":"Home","item":"https:\/\/www.pittini.com\/de\/"},{"@type":"ListItem","position":2,"name":"Produkte","item":"https:\/\/www.pittini.com\/de\/produkte\/"},{"@type":"ListItem","position":3,"name":"Baustahl","item":"https:\/\/www.pittini.com\/de\/produkte\/bauindustrie\/"},{"@type":"ListItem","position":4,"name":"Sondermatten","item":"https:\/\/www.pittini.com\/de\/produkte\/bauindustrie\/elektrogeschweisste-sondermatten\/"},{"@type":"ListItem","position":5,"name":"Bewehrungsgitter f\u00fcr Tunnel"}]},{"@type":"WebSite","@id":"https:\/\/www.pittini.com\/de\/#website","url":"https:\/\/www.pittini.com\/de\/","name":"Pittini Gruppe","description":"A group of companies that manage to cover all the production process","potentialAction":[{"@type":"SearchAction","target":{"@type":"EntryPoint","urlTemplate":"https:\/\/www.pittini.com\/de\/?s={search_term_string}"},"query-input":{"@type":"PropertyValueSpecification","valueRequired":true,"valueName":"search_term_string"}}],"inLanguage":"de"}]}},"_links":{"self":[{"href":"https:\/\/www.pittini.com\/de\/wp-json\/wp\/v2\/pages\/8644","targetHints":{"allow":["GET"]}}],"collection":[{"href":"https:\/\/www.pittini.com\/de\/wp-json\/wp\/v2\/pages"}],"about":[{"href":"https:\/\/www.pittini.com\/de\/wp-json\/wp\/v2\/types\/page"}],"author":[{"embeddable":true,"href":"https:\/\/www.pittini.com\/de\/wp-json\/wp\/v2\/users\/1"}],"replies":[{"embeddable":true,"href":"https:\/\/www.pittini.com\/de\/wp-json\/wp\/v2\/comments?post=8644"}],"version-history":[{"count":9,"href":"https:\/\/www.pittini.com\/de\/wp-json\/wp\/v2\/pages\/8644\/revisions"}],"predecessor-version":[{"id":27004,"href":"https:\/\/www.pittini.com\/de\/wp-json\/wp\/v2\/pages\/8644\/revisions\/27004"}],"up":[{"embeddable":true,"href":"https:\/\/www.pittini.com\/de\/wp-json\/wp\/v2\/pages\/8625"}],"wp:featuredmedia":[{"embeddable":true,"href":"https:\/\/www.pittini.com\/de\/wp-json\/wp\/v2\/media\/9265"}],"wp:attachment":[{"href":"https:\/\/www.pittini.com\/de\/wp-json\/wp\/v2\/media?parent=8644"}],"curies":[{"name":"wp","href":"https:\/\/api.w.org\/{rel}","templated":true}]}}