{"id":8639,"date":"2018-03-21T11:43:33","date_gmt":"2018-03-21T10:43:33","guid":{"rendered":"https:\/\/new.pittini.it\/produkte\/edilizia\/sondermatten\/reti-a-misura-slovenia\/"},"modified":"2023-09-05T16:30:21","modified_gmt":"2023-09-05T14:30:21","slug":"sondermatten-in-slowenien","status":"publish","type":"page","link":"https:\/\/www.pittini.com\/de\/produkte\/bauindustrie\/elektrogeschweisste-sondermatten\/sondermatten-in-slowenien\/","title":{"rendered":"Sondermatten in Slowenien"},"content":{"rendered":"<p style=\"text-align: justify;\"><strong>Kovinar<\/strong> fertigt in hochmodernen Anlagen Spezialmatten nach Kundenzeichnungen an, mit den folgenden Merkmalen: Mindestl\u00e4nge 3000 mm, maximale L\u00e4nge 7500mm, Mindestbreite 1800mm, maximale Breite 2400mm , Mindestmaschen\u00f6ffnung von 100 x 100mm. Die Durchmesser der Draht gehen von 4,2 bis 10 mm (glatt) und von 5 bis 10 mm (gerippt).<\/p>\n<p style=\"text-align: justify;\">Ohne Einschr\u00e4nkungen beim Maschengitter oder beim Durchmesser des Rundstahls.<\/p>\n<p>Kovinar ist seit mehr als f\u00fcnfzig Jahren auf dem <a href=\"https:\/\/www.pittini.com\/prodotti\/edilizia\/\">Baustahlmarkt<\/a> t\u00e4tig und geh\u00f6rt seit 2007 zur Pittini Gruppe. Der vom Unternehmen hergestellte Bewehrungsstahl zeichnet sich durch hohe Qualit\u00e4tsstandards aus, die mithilfe <a href=\"https:\/\/www.pittini.com\/prodotti\/processo-produttivo\/\">geplanter und in allen Phasen st\u00e4ndig \u00fcberwachter Produktionsabl\u00e4ufe<\/a> erzielt werden.<\/p>\n<p style=\"text-align: justify;\">Die Qualit\u00e4t war schon immer ein entscheidender Faktor f\u00fcr die hohe Wettbewerbsf\u00e4higkeit der Konzernunternehmen und stellt eine St\u00e4rke und Konstante in allen Produktionen dar. Pittini-Stahl wird strengen Kontrollen unterzogen, und die Anerkennung der Produktqualit\u00e4t erfolgt durch Zertifizierungen, die von verschiedenen offiziellen Kontroll- und Zertifizierungsstellen wie ZAG, BauCert Steiermark und dem Institut IGH erteilt werden.<\/p>\n<p style=\"text-align: justify;\">Die <strong>hochgradig flexible Produktion<\/strong> erm\u00f6glicht die Herstellung von ma\u00dfgefertigten Matten nach Kundenspezifikation, die f\u00fcr jede Anwendung eingesetzt werden k\u00f6nnen und hohe Stahleinsparungen im Vergleich zu den Standardl\u00f6sungen erm\u00f6glichen.<\/p>\n<p style=\"text-align: justify;\">Die im Werk Osoppo hergestellten <strong>Elektrogeschwei\u00dfte Matten<\/strong> haben die <strong>EPD Zertifizierung<\/strong> &#8211; <em>Environmental Product Declaration<\/em> &#8211; durch den zertifizierenden <strong>Partner ICMQ<\/strong>, das Institut f\u00fcr Zertifizierung und Qualit\u00e4tsabzeichen f\u00fcr Bauprodukte und Dienstleistungen, erhalten.<\/p>\n<p><a href=\"https:\/\/www.pittini.com\/wp-content\/uploads\/sites\/21\/Pittini-Gruppe-elektrogeschweisste-matten-und-gittertrager-DEU.pdf\" target=\"_blank\" rel=\"noopener\">Downloaden EPD Zertifizierung<\/a><\/p>\n<p style=\"text-align: justify;\">Um die Produktpalette zu vervollst\u00e4ndigen, produziert Kovinar au\u00dferdem <a href=\"https:\/\/www.pittini.com\/prodotti\/edilizia\/reti-elettrosaldate-standard\/meshes-in-slovenia-croatia-and-serbia\/\">Standardmatten f\u00fcr den Balkanraum<\/a>, insbesondere f\u00fcr Slowenien, Kroatien und Serbien.<\/p>\n","protected":false},"excerpt":{"rendered":"<p>Kovinar fertigt in hochmodernen Anlagen Spezialmatten nach Kundenzeichnungen an, mit den folgenden Merkmalen: Mindestl\u00e4nge 3000 mm, maximale L\u00e4nge 7500mm, Mindestbreite 1800mm, maximale Breite 2400mm , Mindestmaschen\u00f6ffnung von 100 x 100mm. Die Durchmesser der Draht [&hellip;]<\/p>\n","protected":false},"author":1,"featured_media":24509,"parent":8625,"menu_order":11,"comment_status":"closed","ping_status":"closed","template":"page-prodotto-rete.php","meta":{"_acf_changed":false,"footnotes":""},"class_list":["post-8639","page","type-page","status-publish","has-post-thumbnail","hentry"],"acf":[],"yoast_head":"<!-- This site is optimized with the Yoast SEO plugin v27.5 - https:\/\/yoast.com\/product\/yoast-seo-wordpress\/ -->\n<title>Kundenspezifische Bewehrungsmatten f\u00fcr Slowenien - Pittini<\/title>\n<meta name=\"description\" content=\"Die Pittini Gruppe stellt Sondermatten nach Kunden- und Projektanforderungen f\u00fcr den slowenischen Markt her. Datenbl\u00e4tter, Abmessungen, Details.\" \/>\n<meta name=\"robots\" content=\"index, follow, max-snippet:-1, max-image-preview:large, max-video-preview:-1\" \/>\n<link rel=\"canonical\" href=\"https:\/\/www.pittini.com\/de\/produkte\/bauindustrie\/elektrogeschweisste-sondermatten\/sondermatten-in-slowenien\/\" \/>\n<meta property=\"og:locale\" content=\"de_DE\" \/>\n<meta property=\"og:type\" content=\"article\" \/>\n<meta property=\"og:title\" content=\"Kundenspezifische Bewehrungsmatten f\u00fcr Slowenien - Pittini\" \/>\n<meta property=\"og:description\" content=\"Die Pittini Gruppe stellt Sondermatten nach Kunden- und Projektanforderungen f\u00fcr den slowenischen Markt her. Datenbl\u00e4tter, Abmessungen, Details.\" \/>\n<meta property=\"og:url\" content=\"https:\/\/www.pittini.com\/de\/produkte\/bauindustrie\/elektrogeschweisste-sondermatten\/sondermatten-in-slowenien\/\" \/>\n<meta property=\"og:site_name\" content=\"Pittini Gruppe\" \/>\n<meta property=\"article:modified_time\" content=\"2023-09-05T14:30:21+00:00\" \/>\n<meta property=\"og:image\" content=\"https:\/\/www.pittini.com\/wp-content\/uploads\/sites\/21\/Gruppo-Pittini-rete-elettrosaldata-misura.jpg\" \/>\n\t<meta property=\"og:image:width\" content=\"1900\" \/>\n\t<meta property=\"og:image:height\" content=\"560\" \/>\n\t<meta property=\"og:image:type\" content=\"image\/jpeg\" \/>\n<meta name=\"twitter:label1\" content=\"Gesch\u00e4tzte Lesezeit\" \/>\n\t<meta name=\"twitter:data1\" content=\"1\u00a0Minute\" \/>\n<script type=\"application\/ld+json\" class=\"yoast-schema-graph\">{\"@context\":\"https:\\\/\\\/schema.org\",\"@graph\":[{\"@type\":\"WebPage\",\"@id\":\"https:\\\/\\\/www.pittini.com\\\/de\\\/produkte\\\/bauindustrie\\\/elektrogeschweisste-sondermatten\\\/sondermatten-in-slowenien\\\/\",\"url\":\"https:\\\/\\\/www.pittini.com\\\/de\\\/produkte\\\/bauindustrie\\\/elektrogeschweisste-sondermatten\\\/sondermatten-in-slowenien\\\/\",\"name\":\"Kundenspezifische Bewehrungsmatten f\u00fcr Slowenien - Pittini\",\"isPartOf\":{\"@id\":\"https:\\\/\\\/www.pittini.com\\\/de\\\/#website\"},\"primaryImageOfPage\":{\"@id\":\"https:\\\/\\\/www.pittini.com\\\/de\\\/produkte\\\/bauindustrie\\\/elektrogeschweisste-sondermatten\\\/sondermatten-in-slowenien\\\/#primaryimage\"},\"image\":{\"@id\":\"https:\\\/\\\/www.pittini.com\\\/de\\\/produkte\\\/bauindustrie\\\/elektrogeschweisste-sondermatten\\\/sondermatten-in-slowenien\\\/#primaryimage\"},\"thumbnailUrl\":\"https:\\\/\\\/www.pittini.com\\\/wp-content\\\/uploads\\\/sites\\\/21\\\/Gruppo-Pittini-rete-elettrosaldata-misura.jpg\",\"datePublished\":\"2018-03-21T10:43:33+00:00\",\"dateModified\":\"2023-09-05T14:30:21+00:00\",\"description\":\"Die Pittini Gruppe stellt Sondermatten nach Kunden- und Projektanforderungen f\u00fcr den slowenischen Markt her. Datenbl\u00e4tter, Abmessungen, Details.\",\"breadcrumb\":{\"@id\":\"https:\\\/\\\/www.pittini.com\\\/de\\\/produkte\\\/bauindustrie\\\/elektrogeschweisste-sondermatten\\\/sondermatten-in-slowenien\\\/#breadcrumb\"},\"inLanguage\":\"de\",\"potentialAction\":[{\"@type\":\"ReadAction\",\"target\":[\"https:\\\/\\\/www.pittini.com\\\/de\\\/produkte\\\/bauindustrie\\\/elektrogeschweisste-sondermatten\\\/sondermatten-in-slowenien\\\/\"]}]},{\"@type\":\"ImageObject\",\"inLanguage\":\"de\",\"@id\":\"https:\\\/\\\/www.pittini.com\\\/de\\\/produkte\\\/bauindustrie\\\/elektrogeschweisste-sondermatten\\\/sondermatten-in-slowenien\\\/#primaryimage\",\"url\":\"https:\\\/\\\/www.pittini.com\\\/wp-content\\\/uploads\\\/sites\\\/21\\\/Gruppo-Pittini-rete-elettrosaldata-misura.jpg\",\"contentUrl\":\"https:\\\/\\\/www.pittini.com\\\/wp-content\\\/uploads\\\/sites\\\/21\\\/Gruppo-Pittini-rete-elettrosaldata-misura.jpg\",\"width\":1900,\"height\":560,\"caption\":\"reti elettrosaldate a misura\"},{\"@type\":\"BreadcrumbList\",\"@id\":\"https:\\\/\\\/www.pittini.com\\\/de\\\/produkte\\\/bauindustrie\\\/elektrogeschweisste-sondermatten\\\/sondermatten-in-slowenien\\\/#breadcrumb\",\"itemListElement\":[{\"@type\":\"ListItem\",\"position\":1,\"name\":\"Home\",\"item\":\"https:\\\/\\\/www.pittini.com\\\/de\\\/\"},{\"@type\":\"ListItem\",\"position\":2,\"name\":\"Produkte\",\"item\":\"https:\\\/\\\/www.pittini.com\\\/de\\\/produkte\\\/\"},{\"@type\":\"ListItem\",\"position\":3,\"name\":\"Baustahl\",\"item\":\"https:\\\/\\\/www.pittini.com\\\/de\\\/produkte\\\/bauindustrie\\\/\"},{\"@type\":\"ListItem\",\"position\":4,\"name\":\"Sondermatten\",\"item\":\"https:\\\/\\\/www.pittini.com\\\/de\\\/produkte\\\/bauindustrie\\\/elektrogeschweisste-sondermatten\\\/\"},{\"@type\":\"ListItem\",\"position\":5,\"name\":\"Sondermatten in Slowenien\"}]},{\"@type\":\"WebSite\",\"@id\":\"https:\\\/\\\/www.pittini.com\\\/de\\\/#website\",\"url\":\"https:\\\/\\\/www.pittini.com\\\/de\\\/\",\"name\":\"Pittini Gruppe\",\"description\":\"A group of companies that manage to cover all the production process\",\"potentialAction\":[{\"@type\":\"SearchAction\",\"target\":{\"@type\":\"EntryPoint\",\"urlTemplate\":\"https:\\\/\\\/www.pittini.com\\\/de\\\/?s={search_term_string}\"},\"query-input\":{\"@type\":\"PropertyValueSpecification\",\"valueRequired\":true,\"valueName\":\"search_term_string\"}}],\"inLanguage\":\"de\"}]}<\/script>\n<!-- \/ Yoast SEO plugin. -->","yoast_head_json":{"title":"Kundenspezifische Bewehrungsmatten f\u00fcr Slowenien - Pittini","description":"Die Pittini Gruppe stellt Sondermatten nach Kunden- und Projektanforderungen f\u00fcr den slowenischen Markt her. Datenbl\u00e4tter, Abmessungen, Details.","robots":{"index":"index","follow":"follow","max-snippet":"max-snippet:-1","max-image-preview":"max-image-preview:large","max-video-preview":"max-video-preview:-1"},"canonical":"https:\/\/www.pittini.com\/de\/produkte\/bauindustrie\/elektrogeschweisste-sondermatten\/sondermatten-in-slowenien\/","og_locale":"de_DE","og_type":"article","og_title":"Kundenspezifische Bewehrungsmatten f\u00fcr Slowenien - Pittini","og_description":"Die Pittini Gruppe stellt Sondermatten nach Kunden- und Projektanforderungen f\u00fcr den slowenischen Markt her. Datenbl\u00e4tter, Abmessungen, Details.","og_url":"https:\/\/www.pittini.com\/de\/produkte\/bauindustrie\/elektrogeschweisste-sondermatten\/sondermatten-in-slowenien\/","og_site_name":"Pittini Gruppe","article_modified_time":"2023-09-05T14:30:21+00:00","og_image":[{"width":1900,"height":560,"url":"https:\/\/www.pittini.com\/wp-content\/uploads\/sites\/21\/Gruppo-Pittini-rete-elettrosaldata-misura.jpg","type":"image\/jpeg"}],"twitter_misc":{"Gesch\u00e4tzte Lesezeit":"1\u00a0Minute"},"schema":{"@context":"https:\/\/schema.org","@graph":[{"@type":"WebPage","@id":"https:\/\/www.pittini.com\/de\/produkte\/bauindustrie\/elektrogeschweisste-sondermatten\/sondermatten-in-slowenien\/","url":"https:\/\/www.pittini.com\/de\/produkte\/bauindustrie\/elektrogeschweisste-sondermatten\/sondermatten-in-slowenien\/","name":"Kundenspezifische Bewehrungsmatten f\u00fcr Slowenien - Pittini","isPartOf":{"@id":"https:\/\/www.pittini.com\/de\/#website"},"primaryImageOfPage":{"@id":"https:\/\/www.pittini.com\/de\/produkte\/bauindustrie\/elektrogeschweisste-sondermatten\/sondermatten-in-slowenien\/#primaryimage"},"image":{"@id":"https:\/\/www.pittini.com\/de\/produkte\/bauindustrie\/elektrogeschweisste-sondermatten\/sondermatten-in-slowenien\/#primaryimage"},"thumbnailUrl":"https:\/\/www.pittini.com\/wp-content\/uploads\/sites\/21\/Gruppo-Pittini-rete-elettrosaldata-misura.jpg","datePublished":"2018-03-21T10:43:33+00:00","dateModified":"2023-09-05T14:30:21+00:00","description":"Die Pittini Gruppe stellt Sondermatten nach Kunden- und Projektanforderungen f\u00fcr den slowenischen Markt her. Datenbl\u00e4tter, Abmessungen, Details.","breadcrumb":{"@id":"https:\/\/www.pittini.com\/de\/produkte\/bauindustrie\/elektrogeschweisste-sondermatten\/sondermatten-in-slowenien\/#breadcrumb"},"inLanguage":"de","potentialAction":[{"@type":"ReadAction","target":["https:\/\/www.pittini.com\/de\/produkte\/bauindustrie\/elektrogeschweisste-sondermatten\/sondermatten-in-slowenien\/"]}]},{"@type":"ImageObject","inLanguage":"de","@id":"https:\/\/www.pittini.com\/de\/produkte\/bauindustrie\/elektrogeschweisste-sondermatten\/sondermatten-in-slowenien\/#primaryimage","url":"https:\/\/www.pittini.com\/wp-content\/uploads\/sites\/21\/Gruppo-Pittini-rete-elettrosaldata-misura.jpg","contentUrl":"https:\/\/www.pittini.com\/wp-content\/uploads\/sites\/21\/Gruppo-Pittini-rete-elettrosaldata-misura.jpg","width":1900,"height":560,"caption":"reti elettrosaldate a misura"},{"@type":"BreadcrumbList","@id":"https:\/\/www.pittini.com\/de\/produkte\/bauindustrie\/elektrogeschweisste-sondermatten\/sondermatten-in-slowenien\/#breadcrumb","itemListElement":[{"@type":"ListItem","position":1,"name":"Home","item":"https:\/\/www.pittini.com\/de\/"},{"@type":"ListItem","position":2,"name":"Produkte","item":"https:\/\/www.pittini.com\/de\/produkte\/"},{"@type":"ListItem","position":3,"name":"Baustahl","item":"https:\/\/www.pittini.com\/de\/produkte\/bauindustrie\/"},{"@type":"ListItem","position":4,"name":"Sondermatten","item":"https:\/\/www.pittini.com\/de\/produkte\/bauindustrie\/elektrogeschweisste-sondermatten\/"},{"@type":"ListItem","position":5,"name":"Sondermatten in Slowenien"}]},{"@type":"WebSite","@id":"https:\/\/www.pittini.com\/de\/#website","url":"https:\/\/www.pittini.com\/de\/","name":"Pittini Gruppe","description":"A group of companies that manage to cover all the production process","potentialAction":[{"@type":"SearchAction","target":{"@type":"EntryPoint","urlTemplate":"https:\/\/www.pittini.com\/de\/?s={search_term_string}"},"query-input":{"@type":"PropertyValueSpecification","valueRequired":true,"valueName":"search_term_string"}}],"inLanguage":"de"}]}},"_links":{"self":[{"href":"https:\/\/www.pittini.com\/de\/wp-json\/wp\/v2\/pages\/8639","targetHints":{"allow":["GET"]}}],"collection":[{"href":"https:\/\/www.pittini.com\/de\/wp-json\/wp\/v2\/pages"}],"about":[{"href":"https:\/\/www.pittini.com\/de\/wp-json\/wp\/v2\/types\/page"}],"author":[{"embeddable":true,"href":"https:\/\/www.pittini.com\/de\/wp-json\/wp\/v2\/users\/1"}],"replies":[{"embeddable":true,"href":"https:\/\/www.pittini.com\/de\/wp-json\/wp\/v2\/comments?post=8639"}],"version-history":[{"count":11,"href":"https:\/\/www.pittini.com\/de\/wp-json\/wp\/v2\/pages\/8639\/revisions"}],"predecessor-version":[{"id":26329,"href":"https:\/\/www.pittini.com\/de\/wp-json\/wp\/v2\/pages\/8639\/revisions\/26329"}],"up":[{"embeddable":true,"href":"https:\/\/www.pittini.com\/de\/wp-json\/wp\/v2\/pages\/8625"}],"wp:featuredmedia":[{"embeddable":true,"href":"https:\/\/www.pittini.com\/de\/wp-json\/wp\/v2\/media\/24509"}],"wp:attachment":[{"href":"https:\/\/www.pittini.com\/de\/wp-json\/wp\/v2\/media?parent=8639"}],"curies":[{"name":"wp","href":"https:\/\/api.w.org\/{rel}","templated":true}]}}