{"id":8629,"date":"2018-03-21T11:43:32","date_gmt":"2018-03-21T10:43:32","guid":{"rendered":"https:\/\/new.pittini.it\/produkte\/edilizia\/sondermatten\/reti-a-misura-italia\/"},"modified":"2023-09-05T16:37:54","modified_gmt":"2023-09-05T14:37:54","slug":"sondermatten-in-italien","status":"publish","type":"page","link":"https:\/\/www.pittini.com\/de\/produkte\/bauindustrie\/elektrogeschweisste-sondermatten\/sondermatten-in-italien\/","title":{"rendered":"Sondermatten in Italien"},"content":{"rendered":"<p style=\"text-align: justify;\">Mit seinen hochmodernen Produktionsanlagen fertigt <a href=\"https:\/\/www.pittini.it\/en\/corporate\/companies\/la-veneta-reti\/\" target=\"_blank\" rel=\"noopener\"><strong>La Veneta Reti<\/strong><\/a> Spezialmatten nach den Zeichnungen der Kunden ohne Einschr\u00e4nkungen der Maschenweite oder des Rundstahldurchmessers (beim selben Typ variierbar) an.<\/p>\n<p style=\"text-align: justify;\">Die M\u00f6glichkeit, Geometrie und Abmessungen des Bewehrungselements sowie Durchmesser und L\u00e4nge der einzelnen <a href=\"https:\/\/www.pittini.com\/de\/produkte\/bauindustrie\/bewehrungsstaebe\/\">St\u00e4be<\/a> zu variieren, bedeutet, dass jedes Planungsbed\u00fcrfnis ber\u00fccksichtigt werden kann.<\/p>\n<p><img decoding=\"async\" class=\"alignnone wp-image-7830 size-large\" src=\"https:\/\/www.pittini.com\/wp-content\/uploads\/sites\/21\/Gruppo-Pittini-rete-misura-tabella-valori-dimensioni-pannelli-1-1024x467.jpg\" alt=\"valori rete a misura Italia\" width=\"940\" height=\"429\" srcset=\"https:\/\/www.pittini.com\/wp-content\/uploads\/sites\/21\/Gruppo-Pittini-rete-misura-tabella-valori-dimensioni-pannelli-1-1024x467.jpg 1024w, https:\/\/www.pittini.com\/wp-content\/uploads\/sites\/21\/Gruppo-Pittini-rete-misura-tabella-valori-dimensioni-pannelli-1-300x137.jpg 300w, https:\/\/www.pittini.com\/wp-content\/uploads\/sites\/21\/Gruppo-Pittini-rete-misura-tabella-valori-dimensioni-pannelli-1-768x350.jpg 768w, https:\/\/www.pittini.com\/wp-content\/uploads\/sites\/21\/Gruppo-Pittini-rete-misura-tabella-valori-dimensioni-pannelli-1.jpg 1587w\" sizes=\"(max-width: 940px) 100vw, 940px\" \/><\/p>\n<p style=\"text-align: justify;\">F\u00fcr eine l\u00e4ngere Langlebigkeit k\u00f6nnen die <strong>Matten verzinkt werden<\/strong>, so dass der Struktur mehr Sicherheit verliehen wird. Das umfangreiche Produktsortiment bietet die M\u00f6glichkeit, diese Bewehrungen sowohl f\u00fcr Restaurierungsarbeiten zur Erhaltung des Baubestands als auch f\u00fcr den Neubau dauerhafter Bauten einzusetzen<\/p>\n<p><img decoding=\"async\" class=\"alignnone wp-image-7833 size-large\" src=\"https:\/\/www.pittini.com\/wp-content\/uploads\/sites\/21\/Gruppo-Pittini-rete-misura-tabella-valori-dimensioni-pannelli-1024x457.jpg\" alt=\"valori rete a misura Italia 1\" width=\"940\" height=\"420\" srcset=\"https:\/\/www.pittini.com\/wp-content\/uploads\/sites\/21\/Gruppo-Pittini-rete-misura-tabella-valori-dimensioni-pannelli-1024x457.jpg 1024w, https:\/\/www.pittini.com\/wp-content\/uploads\/sites\/21\/Gruppo-Pittini-rete-misura-tabella-valori-dimensioni-pannelli-300x134.jpg 300w, https:\/\/www.pittini.com\/wp-content\/uploads\/sites\/21\/Gruppo-Pittini-rete-misura-tabella-valori-dimensioni-pannelli-768x343.jpg 768w, https:\/\/www.pittini.com\/wp-content\/uploads\/sites\/21\/Gruppo-Pittini-rete-misura-tabella-valori-dimensioni-pannelli.jpg 1587w\" sizes=\"(max-width: 940px) 100vw, 940px\" \/><\/p>\n<p style=\"text-align: justify;\">Die im Werk Osoppo hergestellten <strong>Elektrogeschwei\u00dfte Matten<\/strong> haben die <strong>EPD Zertifizierung<\/strong> &#8211; <em>Environmental Product Declaration<\/em> &#8211; durch den zertifizierenden <strong>Partner ICMQ<\/strong>, das Institut f\u00fcr Zertifizierung und Qualit\u00e4tsabzeichen f\u00fcr Bauprodukte und Dienstleistungen, erhalten.<\/p>\n<p><a href=\"https:\/\/www.pittini.com\/wp-content\/uploads\/sites\/21\/Pittini-Gruppe-elektrogeschweisste-matten-und-gittertrager-DEU.pdf\" target=\"_blank\" rel=\"noopener\">Downloaden EPD Zertifizierung<\/a><\/p>\n<p style=\"text-align: justify;\">Die 3 italienischen Werke der Pittini Gruppe produzieren au\u00dferdem eine <a href=\"https:\/\/www.pittini.com\/prodotti\/edilizia\/reti-elettrosaldate-standard\/rete-elettrosaldata-italia\/\">breite Palette von Standardmatten f\u00fcr Italien<\/a><u>.<\/u><\/p>\n","protected":false},"excerpt":{"rendered":"<p>Mit seinen hochmodernen Produktionsanlagen fertigt La Veneta Reti Spezialmatten nach den Zeichnungen der Kunden ohne Einschr\u00e4nkungen der Maschenweite oder des Rundstahldurchmessers (beim selben Typ variierbar) an. Die M\u00f6glichkeit, Geometrie und Abmessungen des Bewehrungselements sowie [&hellip;]<\/p>\n","protected":false},"author":1,"featured_media":24509,"parent":8625,"menu_order":7,"comment_status":"closed","ping_status":"closed","template":"page-prodotto-rete.php","meta":{"_acf_changed":false,"footnotes":""},"class_list":["post-8629","page","type-page","status-publish","has-post-thumbnail","hentry"],"acf":[],"yoast_head":"<!-- This site is optimized with the Yoast SEO plugin v27.4 - https:\/\/yoast.com\/product\/yoast-seo-wordpress\/ -->\n<title>Kundenspezifische Bewehrungsmatten f\u00fcr Italien - Pittini<\/title>\n<meta name=\"description\" content=\"Die Pittini Gruppe stellt Sondermatten nach Kunden- und Projektanforderungen f\u00fcr den italienischen Markt her. Datenbl\u00e4tter, Abmessungen, Details.\" \/>\n<meta name=\"robots\" content=\"index, follow, max-snippet:-1, max-image-preview:large, max-video-preview:-1\" \/>\n<link rel=\"canonical\" href=\"https:\/\/www.pittini.com\/de\/produkte\/bauindustrie\/elektrogeschweisste-sondermatten\/sondermatten-in-italien\/\" \/>\n<meta property=\"og:locale\" content=\"de_DE\" \/>\n<meta property=\"og:type\" content=\"article\" \/>\n<meta property=\"og:title\" content=\"Kundenspezifische Bewehrungsmatten f\u00fcr Italien - Pittini\" \/>\n<meta property=\"og:description\" content=\"Die Pittini Gruppe stellt Sondermatten nach Kunden- und Projektanforderungen f\u00fcr den italienischen Markt her. Datenbl\u00e4tter, Abmessungen, Details.\" \/>\n<meta property=\"og:url\" content=\"https:\/\/www.pittini.com\/de\/produkte\/bauindustrie\/elektrogeschweisste-sondermatten\/sondermatten-in-italien\/\" \/>\n<meta property=\"og:site_name\" content=\"Pittini Gruppe\" \/>\n<meta property=\"article:modified_time\" content=\"2023-09-05T14:37:54+00:00\" \/>\n<meta property=\"og:image\" content=\"https:\/\/www.pittini.com\/wp-content\/uploads\/sites\/21\/Gruppo-Pittini-rete-elettrosaldata-misura.jpg\" \/>\n\t<meta property=\"og:image:width\" content=\"1900\" \/>\n\t<meta property=\"og:image:height\" content=\"560\" \/>\n\t<meta property=\"og:image:type\" content=\"image\/jpeg\" \/>\n<meta name=\"twitter:label1\" content=\"Gesch\u00e4tzte Lesezeit\" \/>\n\t<meta name=\"twitter:data1\" content=\"1\u00a0Minute\" \/>\n<script type=\"application\/ld+json\" class=\"yoast-schema-graph\">{\"@context\":\"https:\\\/\\\/schema.org\",\"@graph\":[{\"@type\":\"WebPage\",\"@id\":\"https:\\\/\\\/www.pittini.com\\\/de\\\/produkte\\\/bauindustrie\\\/elektrogeschweisste-sondermatten\\\/sondermatten-in-italien\\\/\",\"url\":\"https:\\\/\\\/www.pittini.com\\\/de\\\/produkte\\\/bauindustrie\\\/elektrogeschweisste-sondermatten\\\/sondermatten-in-italien\\\/\",\"name\":\"Kundenspezifische Bewehrungsmatten f\u00fcr Italien - Pittini\",\"isPartOf\":{\"@id\":\"https:\\\/\\\/www.pittini.com\\\/de\\\/#website\"},\"primaryImageOfPage\":{\"@id\":\"https:\\\/\\\/www.pittini.com\\\/de\\\/produkte\\\/bauindustrie\\\/elektrogeschweisste-sondermatten\\\/sondermatten-in-italien\\\/#primaryimage\"},\"image\":{\"@id\":\"https:\\\/\\\/www.pittini.com\\\/de\\\/produkte\\\/bauindustrie\\\/elektrogeschweisste-sondermatten\\\/sondermatten-in-italien\\\/#primaryimage\"},\"thumbnailUrl\":\"https:\\\/\\\/www.pittini.com\\\/wp-content\\\/uploads\\\/sites\\\/21\\\/Gruppo-Pittini-rete-elettrosaldata-misura.jpg\",\"datePublished\":\"2018-03-21T10:43:32+00:00\",\"dateModified\":\"2023-09-05T14:37:54+00:00\",\"description\":\"Die Pittini Gruppe stellt Sondermatten nach Kunden- und Projektanforderungen f\u00fcr den italienischen Markt her. Datenbl\u00e4tter, Abmessungen, Details.\",\"breadcrumb\":{\"@id\":\"https:\\\/\\\/www.pittini.com\\\/de\\\/produkte\\\/bauindustrie\\\/elektrogeschweisste-sondermatten\\\/sondermatten-in-italien\\\/#breadcrumb\"},\"inLanguage\":\"de\",\"potentialAction\":[{\"@type\":\"ReadAction\",\"target\":[\"https:\\\/\\\/www.pittini.com\\\/de\\\/produkte\\\/bauindustrie\\\/elektrogeschweisste-sondermatten\\\/sondermatten-in-italien\\\/\"]}]},{\"@type\":\"ImageObject\",\"inLanguage\":\"de\",\"@id\":\"https:\\\/\\\/www.pittini.com\\\/de\\\/produkte\\\/bauindustrie\\\/elektrogeschweisste-sondermatten\\\/sondermatten-in-italien\\\/#primaryimage\",\"url\":\"https:\\\/\\\/www.pittini.com\\\/wp-content\\\/uploads\\\/sites\\\/21\\\/Gruppo-Pittini-rete-elettrosaldata-misura.jpg\",\"contentUrl\":\"https:\\\/\\\/www.pittini.com\\\/wp-content\\\/uploads\\\/sites\\\/21\\\/Gruppo-Pittini-rete-elettrosaldata-misura.jpg\",\"width\":1900,\"height\":560,\"caption\":\"reti elettrosaldate a misura\"},{\"@type\":\"BreadcrumbList\",\"@id\":\"https:\\\/\\\/www.pittini.com\\\/de\\\/produkte\\\/bauindustrie\\\/elektrogeschweisste-sondermatten\\\/sondermatten-in-italien\\\/#breadcrumb\",\"itemListElement\":[{\"@type\":\"ListItem\",\"position\":1,\"name\":\"Home\",\"item\":\"https:\\\/\\\/www.pittini.com\\\/de\\\/\"},{\"@type\":\"ListItem\",\"position\":2,\"name\":\"Produkte\",\"item\":\"https:\\\/\\\/www.pittini.com\\\/de\\\/produkte\\\/\"},{\"@type\":\"ListItem\",\"position\":3,\"name\":\"Baustahl\",\"item\":\"https:\\\/\\\/www.pittini.com\\\/de\\\/produkte\\\/bauindustrie\\\/\"},{\"@type\":\"ListItem\",\"position\":4,\"name\":\"Sondermatten\",\"item\":\"https:\\\/\\\/www.pittini.com\\\/de\\\/produkte\\\/bauindustrie\\\/elektrogeschweisste-sondermatten\\\/\"},{\"@type\":\"ListItem\",\"position\":5,\"name\":\"Sondermatten in Italien\"}]},{\"@type\":\"WebSite\",\"@id\":\"https:\\\/\\\/www.pittini.com\\\/de\\\/#website\",\"url\":\"https:\\\/\\\/www.pittini.com\\\/de\\\/\",\"name\":\"Pittini Gruppe\",\"description\":\"A group of companies that manage to cover all the production process\",\"potentialAction\":[{\"@type\":\"SearchAction\",\"target\":{\"@type\":\"EntryPoint\",\"urlTemplate\":\"https:\\\/\\\/www.pittini.com\\\/de\\\/?s={search_term_string}\"},\"query-input\":{\"@type\":\"PropertyValueSpecification\",\"valueRequired\":true,\"valueName\":\"search_term_string\"}}],\"inLanguage\":\"de\"}]}<\/script>\n<!-- \/ Yoast SEO plugin. -->","yoast_head_json":{"title":"Kundenspezifische Bewehrungsmatten f\u00fcr Italien - Pittini","description":"Die Pittini Gruppe stellt Sondermatten nach Kunden- und Projektanforderungen f\u00fcr den italienischen Markt her. Datenbl\u00e4tter, Abmessungen, Details.","robots":{"index":"index","follow":"follow","max-snippet":"max-snippet:-1","max-image-preview":"max-image-preview:large","max-video-preview":"max-video-preview:-1"},"canonical":"https:\/\/www.pittini.com\/de\/produkte\/bauindustrie\/elektrogeschweisste-sondermatten\/sondermatten-in-italien\/","og_locale":"de_DE","og_type":"article","og_title":"Kundenspezifische Bewehrungsmatten f\u00fcr Italien - Pittini","og_description":"Die Pittini Gruppe stellt Sondermatten nach Kunden- und Projektanforderungen f\u00fcr den italienischen Markt her. Datenbl\u00e4tter, Abmessungen, Details.","og_url":"https:\/\/www.pittini.com\/de\/produkte\/bauindustrie\/elektrogeschweisste-sondermatten\/sondermatten-in-italien\/","og_site_name":"Pittini Gruppe","article_modified_time":"2023-09-05T14:37:54+00:00","og_image":[{"width":1900,"height":560,"url":"https:\/\/www.pittini.com\/wp-content\/uploads\/sites\/21\/Gruppo-Pittini-rete-elettrosaldata-misura.jpg","type":"image\/jpeg"}],"twitter_misc":{"Gesch\u00e4tzte Lesezeit":"1\u00a0Minute"},"schema":{"@context":"https:\/\/schema.org","@graph":[{"@type":"WebPage","@id":"https:\/\/www.pittini.com\/de\/produkte\/bauindustrie\/elektrogeschweisste-sondermatten\/sondermatten-in-italien\/","url":"https:\/\/www.pittini.com\/de\/produkte\/bauindustrie\/elektrogeschweisste-sondermatten\/sondermatten-in-italien\/","name":"Kundenspezifische Bewehrungsmatten f\u00fcr Italien - Pittini","isPartOf":{"@id":"https:\/\/www.pittini.com\/de\/#website"},"primaryImageOfPage":{"@id":"https:\/\/www.pittini.com\/de\/produkte\/bauindustrie\/elektrogeschweisste-sondermatten\/sondermatten-in-italien\/#primaryimage"},"image":{"@id":"https:\/\/www.pittini.com\/de\/produkte\/bauindustrie\/elektrogeschweisste-sondermatten\/sondermatten-in-italien\/#primaryimage"},"thumbnailUrl":"https:\/\/www.pittini.com\/wp-content\/uploads\/sites\/21\/Gruppo-Pittini-rete-elettrosaldata-misura.jpg","datePublished":"2018-03-21T10:43:32+00:00","dateModified":"2023-09-05T14:37:54+00:00","description":"Die Pittini Gruppe stellt Sondermatten nach Kunden- und Projektanforderungen f\u00fcr den italienischen Markt her. Datenbl\u00e4tter, Abmessungen, Details.","breadcrumb":{"@id":"https:\/\/www.pittini.com\/de\/produkte\/bauindustrie\/elektrogeschweisste-sondermatten\/sondermatten-in-italien\/#breadcrumb"},"inLanguage":"de","potentialAction":[{"@type":"ReadAction","target":["https:\/\/www.pittini.com\/de\/produkte\/bauindustrie\/elektrogeschweisste-sondermatten\/sondermatten-in-italien\/"]}]},{"@type":"ImageObject","inLanguage":"de","@id":"https:\/\/www.pittini.com\/de\/produkte\/bauindustrie\/elektrogeschweisste-sondermatten\/sondermatten-in-italien\/#primaryimage","url":"https:\/\/www.pittini.com\/wp-content\/uploads\/sites\/21\/Gruppo-Pittini-rete-elettrosaldata-misura.jpg","contentUrl":"https:\/\/www.pittini.com\/wp-content\/uploads\/sites\/21\/Gruppo-Pittini-rete-elettrosaldata-misura.jpg","width":1900,"height":560,"caption":"reti elettrosaldate a misura"},{"@type":"BreadcrumbList","@id":"https:\/\/www.pittini.com\/de\/produkte\/bauindustrie\/elektrogeschweisste-sondermatten\/sondermatten-in-italien\/#breadcrumb","itemListElement":[{"@type":"ListItem","position":1,"name":"Home","item":"https:\/\/www.pittini.com\/de\/"},{"@type":"ListItem","position":2,"name":"Produkte","item":"https:\/\/www.pittini.com\/de\/produkte\/"},{"@type":"ListItem","position":3,"name":"Baustahl","item":"https:\/\/www.pittini.com\/de\/produkte\/bauindustrie\/"},{"@type":"ListItem","position":4,"name":"Sondermatten","item":"https:\/\/www.pittini.com\/de\/produkte\/bauindustrie\/elektrogeschweisste-sondermatten\/"},{"@type":"ListItem","position":5,"name":"Sondermatten in Italien"}]},{"@type":"WebSite","@id":"https:\/\/www.pittini.com\/de\/#website","url":"https:\/\/www.pittini.com\/de\/","name":"Pittini Gruppe","description":"A group of companies that manage to cover all the production process","potentialAction":[{"@type":"SearchAction","target":{"@type":"EntryPoint","urlTemplate":"https:\/\/www.pittini.com\/de\/?s={search_term_string}"},"query-input":{"@type":"PropertyValueSpecification","valueRequired":true,"valueName":"search_term_string"}}],"inLanguage":"de"}]}},"_links":{"self":[{"href":"https:\/\/www.pittini.com\/de\/wp-json\/wp\/v2\/pages\/8629","targetHints":{"allow":["GET"]}}],"collection":[{"href":"https:\/\/www.pittini.com\/de\/wp-json\/wp\/v2\/pages"}],"about":[{"href":"https:\/\/www.pittini.com\/de\/wp-json\/wp\/v2\/types\/page"}],"author":[{"embeddable":true,"href":"https:\/\/www.pittini.com\/de\/wp-json\/wp\/v2\/users\/1"}],"replies":[{"embeddable":true,"href":"https:\/\/www.pittini.com\/de\/wp-json\/wp\/v2\/comments?post=8629"}],"version-history":[{"count":16,"href":"https:\/\/www.pittini.com\/de\/wp-json\/wp\/v2\/pages\/8629\/revisions"}],"predecessor-version":[{"id":26330,"href":"https:\/\/www.pittini.com\/de\/wp-json\/wp\/v2\/pages\/8629\/revisions\/26330"}],"up":[{"embeddable":true,"href":"https:\/\/www.pittini.com\/de\/wp-json\/wp\/v2\/pages\/8625"}],"wp:featuredmedia":[{"embeddable":true,"href":"https:\/\/www.pittini.com\/de\/wp-json\/wp\/v2\/media\/24509"}],"wp:attachment":[{"href":"https:\/\/www.pittini.com\/de\/wp-json\/wp\/v2\/media?parent=8629"}],"curies":[{"name":"wp","href":"https:\/\/api.w.org\/{rel}","templated":true}]}}