{"id":8625,"date":"2018-03-21T10:07:48","date_gmt":"2018-03-21T09:07:48","guid":{"rendered":"https:\/\/new.pittini.it\/produkte\/edilizia\/reti-a-misura\/"},"modified":"2023-09-05T16:24:01","modified_gmt":"2023-09-05T14:24:01","slug":"elektrogeschweisste-sondermatten","status":"publish","type":"page","link":"https:\/\/www.pittini.com\/de\/produkte\/bauindustrie\/elektrogeschweisste-sondermatten\/","title":{"rendered":"Sondermatten"},"content":{"rendered":"<p style=\"text-align: justify;\">Die Einrichtungen des <strong>Pittini Gruppe<\/strong> werden in der <strong>Produktion von speziellen und Sondermatten spezialisiert<\/strong>, verzinkt und\/oder geformte Matten, die mit h\u00f6chster Pr\u00e4zision Design und Durchf\u00fchrung vor Ort Anforderungen.<\/p>\n<p style=\"text-align: justify;\">Die vom Konzern eingef\u00fchrten <a href=\"https:\/\/www.pittini.it\/innovazione\/\">Innovationen<\/a> bringen den Bauunternehmen erhebliche Vorteile, indem die Bauzeit verk\u00fcrzt und die Sicherheit der Geb\u00e4ude erh\u00f6ht werden. Die Hauptvorteile dieses Produkts bestehen in der einfachen Montage und der verbesserten Baueffizienz. Diese L\u00f6sung h\u00e4lt auch die Kosten niedrig und bietet gleichzeitig die absolute Sicherheit von Geb\u00e4uden aus HD-Stahl von Pittini. Die Pittini Gruppe hat sich stets um die Verbesserung der Qualit\u00e4t ihrer Produkte bem\u00fcht. Aus diesem Grund unterliegt der gesamte Produktionsablauf einer st\u00e4ndigen und strengen Kontrolle, angefangen bei den recycelten Eisenwerkstoffen, die im Elektroofen geschmolzen werden, bis hin zur Fertigung der Baustahlmatten in den Konzernwerken.<\/p>\n<p style=\"text-align: justify;\">F\u00fcr spezifische Anforderungen k\u00f6nnen die Kunden auf einen speziellen Kundendienst z\u00e4hlen, der kundenspezifische Bewehrungsmatten f\u00fcr eine Vielzahl von Anwendungen entwerfen kann, wie <a href=\"https:\/\/www.pittini.com\/prodotti\/edilizia\/reti-elettrosaldate-su-misura\/reti-per-terre-armate\/\">Baumatten f\u00fcr Bewehrte Erde,<\/a> <a href=\"https:\/\/www.pittini.com\/prodotti\/edilizia\/reti-elettrosaldate-su-misura\/reti-sagomate\/\">geformte Baumatten<\/a>, <a href=\"https:\/\/www.pittini.com\/prodotti\/edilizia\/reti-elettrosaldate-su-misura\/reti-per-gallerie\/\">Bewehrungsmatten f\u00fcr Tunnel und Stollen<\/a>, <a href=\"https:\/\/www.pittini.com\/prodotti\/edilizia\/reti-elettrosaldate-su-misura\/reti-per-pilastri\/\">Baumatten f\u00fcr Fertigteile und Pfeiler<\/a> sowie unidirektionale Matten.<\/p>\n<p style=\"text-align: justify;\">Die im Werk Osoppo hergestellten <strong>Elektrogeschwei\u00dfte Matten<\/strong> haben die <strong>EPD Zertifizierung<\/strong> &#8211; <em>Environmental Product Declaration<\/em> &#8211; durch den zertifizierenden <strong>Partner ICMQ<\/strong>, das Institut f\u00fcr Zertifizierung und Qualit\u00e4tsabzeichen f\u00fcr Bauprodukte und Dienstleistungen, erhalten.<\/p>\n<p><a href=\"https:\/\/www.pittini.com\/wp-content\/uploads\/sites\/21\/Pittini-Gruppe-elektrogeschweisste-matten-und-gittertrager-DEU.pdf\" target=\"_blank\" rel=\"noopener\">Downloaden EPD Zertifizierung<\/a><\/p>\n<p style=\"text-align: justify;\">Die M\u00f6glichkeit, Bewehrungsmatten nach Ma\u00df zu produzieren, vervollst\u00e4ndigt das Angebot der Pittini Gruppe und erg\u00e4nzt das bereits <a href=\"https:\/\/www.pittini.com\/prodotti\/edilizia\/reti-elettrosaldate-standard\/\">breite Angebot an Standardmatten<\/a>.<\/p>\n","protected":false},"excerpt":{"rendered":"<p>Die Einrichtungen des Pittini Gruppe werden in der Produktion von speziellen und Sondermatten spezialisiert, verzinkt und\/oder geformte Matten, die mit h\u00f6chster Pr\u00e4zision Design und Durchf\u00fchrung vor Ort Anforderungen. Die vom Konzern eingef\u00fchrten Innovationen bringen [&hellip;]<\/p>\n","protected":false},"author":1,"featured_media":24509,"parent":8538,"menu_order":3,"comment_status":"closed","ping_status":"closed","template":"page-rete-misura.php","meta":{"_acf_changed":false,"footnotes":""},"class_list":["post-8625","page","type-page","status-publish","has-post-thumbnail","hentry"],"acf":[],"yoast_head":"<!-- This site is optimized with the Yoast SEO plugin v27.5 - https:\/\/yoast.com\/product\/yoast-seo-wordpress\/ -->\n<title>Kundenspezifische Bewehrungsmatten: Entwurf und Produktion - Pittini<\/title>\n<meta name=\"description\" content=\"Die Pittini Gruppe hat sich auf die Herstellung von Bewehrungsmatten mit Sonderanfertigung nach Kundenw\u00fcnschen spezialisiert. Laden Sie den Katalog herunter.\" \/>\n<meta name=\"robots\" content=\"index, follow, max-snippet:-1, max-image-preview:large, max-video-preview:-1\" \/>\n<link rel=\"canonical\" href=\"https:\/\/www.pittini.com\/de\/produkte\/bauindustrie\/elektrogeschweisste-sondermatten\/\" \/>\n<meta property=\"og:locale\" content=\"de_DE\" \/>\n<meta property=\"og:type\" content=\"article\" \/>\n<meta property=\"og:title\" content=\"Kundenspezifische Bewehrungsmatten: Entwurf und Produktion - Pittini\" \/>\n<meta property=\"og:description\" content=\"Die Pittini Gruppe hat sich auf die Herstellung von Bewehrungsmatten mit Sonderanfertigung nach Kundenw\u00fcnschen spezialisiert. Laden Sie den Katalog herunter.\" \/>\n<meta property=\"og:url\" content=\"https:\/\/www.pittini.com\/de\/produkte\/bauindustrie\/elektrogeschweisste-sondermatten\/\" \/>\n<meta property=\"og:site_name\" content=\"Pittini Gruppe\" \/>\n<meta property=\"article:modified_time\" content=\"2023-09-05T14:24:01+00:00\" \/>\n<meta property=\"og:image\" content=\"https:\/\/www.pittini.com\/wp-content\/uploads\/sites\/21\/Gruppo-Pittini-rete-elettrosaldata-misura.jpg\" \/>\n\t<meta property=\"og:image:width\" content=\"1900\" \/>\n\t<meta property=\"og:image:height\" content=\"560\" \/>\n\t<meta property=\"og:image:type\" content=\"image\/jpeg\" \/>\n<meta name=\"twitter:label1\" content=\"Gesch\u00e4tzte Lesezeit\" \/>\n\t<meta name=\"twitter:data1\" content=\"1\u00a0Minute\" \/>\n<script type=\"application\/ld+json\" class=\"yoast-schema-graph\">{\"@context\":\"https:\\\/\\\/schema.org\",\"@graph\":[{\"@type\":\"WebPage\",\"@id\":\"https:\\\/\\\/www.pittini.com\\\/de\\\/produkte\\\/bauindustrie\\\/elektrogeschweisste-sondermatten\\\/\",\"url\":\"https:\\\/\\\/www.pittini.com\\\/de\\\/produkte\\\/bauindustrie\\\/elektrogeschweisste-sondermatten\\\/\",\"name\":\"Kundenspezifische Bewehrungsmatten: Entwurf und Produktion - Pittini\",\"isPartOf\":{\"@id\":\"https:\\\/\\\/www.pittini.com\\\/de\\\/#website\"},\"primaryImageOfPage\":{\"@id\":\"https:\\\/\\\/www.pittini.com\\\/de\\\/produkte\\\/bauindustrie\\\/elektrogeschweisste-sondermatten\\\/#primaryimage\"},\"image\":{\"@id\":\"https:\\\/\\\/www.pittini.com\\\/de\\\/produkte\\\/bauindustrie\\\/elektrogeschweisste-sondermatten\\\/#primaryimage\"},\"thumbnailUrl\":\"https:\\\/\\\/www.pittini.com\\\/wp-content\\\/uploads\\\/sites\\\/21\\\/Gruppo-Pittini-rete-elettrosaldata-misura.jpg\",\"datePublished\":\"2018-03-21T09:07:48+00:00\",\"dateModified\":\"2023-09-05T14:24:01+00:00\",\"description\":\"Die Pittini Gruppe hat sich auf die Herstellung von Bewehrungsmatten mit Sonderanfertigung nach Kundenw\u00fcnschen spezialisiert. Laden Sie den Katalog herunter.\",\"breadcrumb\":{\"@id\":\"https:\\\/\\\/www.pittini.com\\\/de\\\/produkte\\\/bauindustrie\\\/elektrogeschweisste-sondermatten\\\/#breadcrumb\"},\"inLanguage\":\"de\",\"potentialAction\":[{\"@type\":\"ReadAction\",\"target\":[\"https:\\\/\\\/www.pittini.com\\\/de\\\/produkte\\\/bauindustrie\\\/elektrogeschweisste-sondermatten\\\/\"]}]},{\"@type\":\"ImageObject\",\"inLanguage\":\"de\",\"@id\":\"https:\\\/\\\/www.pittini.com\\\/de\\\/produkte\\\/bauindustrie\\\/elektrogeschweisste-sondermatten\\\/#primaryimage\",\"url\":\"https:\\\/\\\/www.pittini.com\\\/wp-content\\\/uploads\\\/sites\\\/21\\\/Gruppo-Pittini-rete-elettrosaldata-misura.jpg\",\"contentUrl\":\"https:\\\/\\\/www.pittini.com\\\/wp-content\\\/uploads\\\/sites\\\/21\\\/Gruppo-Pittini-rete-elettrosaldata-misura.jpg\",\"width\":1900,\"height\":560,\"caption\":\"reti elettrosaldate a misura\"},{\"@type\":\"BreadcrumbList\",\"@id\":\"https:\\\/\\\/www.pittini.com\\\/de\\\/produkte\\\/bauindustrie\\\/elektrogeschweisste-sondermatten\\\/#breadcrumb\",\"itemListElement\":[{\"@type\":\"ListItem\",\"position\":1,\"name\":\"Home\",\"item\":\"https:\\\/\\\/www.pittini.com\\\/de\\\/\"},{\"@type\":\"ListItem\",\"position\":2,\"name\":\"Produkte\",\"item\":\"https:\\\/\\\/www.pittini.com\\\/de\\\/produkte\\\/\"},{\"@type\":\"ListItem\",\"position\":3,\"name\":\"Baustahl\",\"item\":\"https:\\\/\\\/www.pittini.com\\\/de\\\/produkte\\\/bauindustrie\\\/\"},{\"@type\":\"ListItem\",\"position\":4,\"name\":\"Sondermatten\"}]},{\"@type\":\"WebSite\",\"@id\":\"https:\\\/\\\/www.pittini.com\\\/de\\\/#website\",\"url\":\"https:\\\/\\\/www.pittini.com\\\/de\\\/\",\"name\":\"Pittini Gruppe\",\"description\":\"A group of companies that manage to cover all the production process\",\"potentialAction\":[{\"@type\":\"SearchAction\",\"target\":{\"@type\":\"EntryPoint\",\"urlTemplate\":\"https:\\\/\\\/www.pittini.com\\\/de\\\/?s={search_term_string}\"},\"query-input\":{\"@type\":\"PropertyValueSpecification\",\"valueRequired\":true,\"valueName\":\"search_term_string\"}}],\"inLanguage\":\"de\"}]}<\/script>\n<!-- \/ Yoast SEO plugin. -->","yoast_head_json":{"title":"Kundenspezifische Bewehrungsmatten: Entwurf und Produktion - Pittini","description":"Die Pittini Gruppe hat sich auf die Herstellung von Bewehrungsmatten mit Sonderanfertigung nach Kundenw\u00fcnschen spezialisiert. Laden Sie den Katalog herunter.","robots":{"index":"index","follow":"follow","max-snippet":"max-snippet:-1","max-image-preview":"max-image-preview:large","max-video-preview":"max-video-preview:-1"},"canonical":"https:\/\/www.pittini.com\/de\/produkte\/bauindustrie\/elektrogeschweisste-sondermatten\/","og_locale":"de_DE","og_type":"article","og_title":"Kundenspezifische Bewehrungsmatten: Entwurf und Produktion - Pittini","og_description":"Die Pittini Gruppe hat sich auf die Herstellung von Bewehrungsmatten mit Sonderanfertigung nach Kundenw\u00fcnschen spezialisiert. Laden Sie den Katalog herunter.","og_url":"https:\/\/www.pittini.com\/de\/produkte\/bauindustrie\/elektrogeschweisste-sondermatten\/","og_site_name":"Pittini Gruppe","article_modified_time":"2023-09-05T14:24:01+00:00","og_image":[{"width":1900,"height":560,"url":"https:\/\/www.pittini.com\/wp-content\/uploads\/sites\/21\/Gruppo-Pittini-rete-elettrosaldata-misura.jpg","type":"image\/jpeg"}],"twitter_misc":{"Gesch\u00e4tzte Lesezeit":"1\u00a0Minute"},"schema":{"@context":"https:\/\/schema.org","@graph":[{"@type":"WebPage","@id":"https:\/\/www.pittini.com\/de\/produkte\/bauindustrie\/elektrogeschweisste-sondermatten\/","url":"https:\/\/www.pittini.com\/de\/produkte\/bauindustrie\/elektrogeschweisste-sondermatten\/","name":"Kundenspezifische Bewehrungsmatten: Entwurf und Produktion - Pittini","isPartOf":{"@id":"https:\/\/www.pittini.com\/de\/#website"},"primaryImageOfPage":{"@id":"https:\/\/www.pittini.com\/de\/produkte\/bauindustrie\/elektrogeschweisste-sondermatten\/#primaryimage"},"image":{"@id":"https:\/\/www.pittini.com\/de\/produkte\/bauindustrie\/elektrogeschweisste-sondermatten\/#primaryimage"},"thumbnailUrl":"https:\/\/www.pittini.com\/wp-content\/uploads\/sites\/21\/Gruppo-Pittini-rete-elettrosaldata-misura.jpg","datePublished":"2018-03-21T09:07:48+00:00","dateModified":"2023-09-05T14:24:01+00:00","description":"Die Pittini Gruppe hat sich auf die Herstellung von Bewehrungsmatten mit Sonderanfertigung nach Kundenw\u00fcnschen spezialisiert. Laden Sie den Katalog herunter.","breadcrumb":{"@id":"https:\/\/www.pittini.com\/de\/produkte\/bauindustrie\/elektrogeschweisste-sondermatten\/#breadcrumb"},"inLanguage":"de","potentialAction":[{"@type":"ReadAction","target":["https:\/\/www.pittini.com\/de\/produkte\/bauindustrie\/elektrogeschweisste-sondermatten\/"]}]},{"@type":"ImageObject","inLanguage":"de","@id":"https:\/\/www.pittini.com\/de\/produkte\/bauindustrie\/elektrogeschweisste-sondermatten\/#primaryimage","url":"https:\/\/www.pittini.com\/wp-content\/uploads\/sites\/21\/Gruppo-Pittini-rete-elettrosaldata-misura.jpg","contentUrl":"https:\/\/www.pittini.com\/wp-content\/uploads\/sites\/21\/Gruppo-Pittini-rete-elettrosaldata-misura.jpg","width":1900,"height":560,"caption":"reti elettrosaldate a misura"},{"@type":"BreadcrumbList","@id":"https:\/\/www.pittini.com\/de\/produkte\/bauindustrie\/elektrogeschweisste-sondermatten\/#breadcrumb","itemListElement":[{"@type":"ListItem","position":1,"name":"Home","item":"https:\/\/www.pittini.com\/de\/"},{"@type":"ListItem","position":2,"name":"Produkte","item":"https:\/\/www.pittini.com\/de\/produkte\/"},{"@type":"ListItem","position":3,"name":"Baustahl","item":"https:\/\/www.pittini.com\/de\/produkte\/bauindustrie\/"},{"@type":"ListItem","position":4,"name":"Sondermatten"}]},{"@type":"WebSite","@id":"https:\/\/www.pittini.com\/de\/#website","url":"https:\/\/www.pittini.com\/de\/","name":"Pittini Gruppe","description":"A group of companies that manage to cover all the production process","potentialAction":[{"@type":"SearchAction","target":{"@type":"EntryPoint","urlTemplate":"https:\/\/www.pittini.com\/de\/?s={search_term_string}"},"query-input":{"@type":"PropertyValueSpecification","valueRequired":true,"valueName":"search_term_string"}}],"inLanguage":"de"}]}},"_links":{"self":[{"href":"https:\/\/www.pittini.com\/de\/wp-json\/wp\/v2\/pages\/8625","targetHints":{"allow":["GET"]}}],"collection":[{"href":"https:\/\/www.pittini.com\/de\/wp-json\/wp\/v2\/pages"}],"about":[{"href":"https:\/\/www.pittini.com\/de\/wp-json\/wp\/v2\/types\/page"}],"author":[{"embeddable":true,"href":"https:\/\/www.pittini.com\/de\/wp-json\/wp\/v2\/users\/1"}],"replies":[{"embeddable":true,"href":"https:\/\/www.pittini.com\/de\/wp-json\/wp\/v2\/comments?post=8625"}],"version-history":[{"count":7,"href":"https:\/\/www.pittini.com\/de\/wp-json\/wp\/v2\/pages\/8625\/revisions"}],"predecessor-version":[{"id":26327,"href":"https:\/\/www.pittini.com\/de\/wp-json\/wp\/v2\/pages\/8625\/revisions\/26327"}],"up":[{"embeddable":true,"href":"https:\/\/www.pittini.com\/de\/wp-json\/wp\/v2\/pages\/8538"}],"wp:featuredmedia":[{"embeddable":true,"href":"https:\/\/www.pittini.com\/de\/wp-json\/wp\/v2\/media\/24509"}],"wp:attachment":[{"href":"https:\/\/www.pittini.com\/de\/wp-json\/wp\/v2\/media?parent=8625"}],"curies":[{"name":"wp","href":"https:\/\/api.w.org\/{rel}","templated":true}]}}