{"id":8615,"date":"2018-03-21T10:07:48","date_gmt":"2018-03-21T09:07:48","guid":{"rendered":"https:\/\/new.pittini.it\/produkte\/edilizia\/tondo-in-rotoli\/"},"modified":"2026-05-04T09:51:01","modified_gmt":"2026-05-04T07:51:01","slug":"rundstahl-vom-coil","status":"publish","type":"page","link":"https:\/\/www.pittini.com\/de\/produkte\/bauindustrie\/rundstahl-vom-coil\/","title":{"rendered":"Rundstahl vom Coil"},"content":{"rendered":"<p style=\"text-align: justify;\">Der Rundstahl vom <strong>Jumbo\u00ae-Coil<\/strong> wurde zum ersten Mal 2002 dank eines innovativen Produktionssystems von der <strong>Pittini-Gruppe<\/strong> hergestellt, mit dem Warmwalzen und \u2013wickeln m\u00f6glich wurde, so dass zus\u00e4tzliche Produktionsschritte wegfielen.<br \/>\nDie Jumbo-Coils verbinden die Vorteile einer <strong>kompakten Verpackung<\/strong> mit <strong>revolution\u00e4ren technischen<\/strong> Eigenschaften wie dem absoluten Fehlen der L\u00e4ngsverdrehung des Drahtes.<br \/>\nDas im Werk in Osoppo hergestellte Jumbo-Coil wird aus warmgewalztem, hochfestem und <strong>hochduktilem <\/strong>Stahl hergestellt, der die internationalen Normen und Vorschriften f\u00fcr den Einsatz in <strong>Erdbebengebieten<\/strong> erf\u00fcllt.<\/p>\n<p style=\"text-align: justify;\">Rundstahl- Jumbo\u00ae haben somit eine superkompakte Verpackung (Coil), einen Durchmesser von 8 bis 25 mm und ein Gewicht von 2,5 Tonnen oder 5,0 Tonnen, mit einer Wicklung ohne Drehungen und Windung an Windung, so dass die einheitlichen mechanischen Eigenschaften auf der gesamten Drahtl\u00e4nge auch nach der Beseitigung der durch unterschiedliches Abk\u00fchlen bedingten Verfestigungen erhalten bleiben.<\/p>\n<p>Weitere Vorteile sind:<\/p>\n<ul>\n<li style=\"text-align: justify;\">Reduzierung der Produktionsabf\u00e4lle in den nachfolgenden Bearbeitungen;<\/li>\n<li style=\"text-align: justify;\">Reduzierung des Platzbedarfs bei Transport und Lagerung, da die H\u00f6he etwa 90 cm betr\u00e4gt.<\/li>\n<\/ul>\n<p><a class=\"cta-dl\" href=\"https:\/\/www.pittini.com\/wp-content\/uploads\/sites\/21\/Gruppo-Pittini-tondo-in-rotoli-jumbo-DE-FR.pdf\" target=\"_blank\" rel=\"noopener noreferrer\">Downloaden Katalog Jumbo\u00ae Coils<\/a><\/p>\n<p style=\"text-align: justify;\">Die im Werk Osoppo hergestellten <strong>Jumbo\u00ae-Coils<\/strong> haben die <strong>EPD Zertifizierung<\/strong> &#8211; <em>Environmental Product Declaratio<\/em>n &#8211; durch den zertifizierenden Partner <strong>ICMQ<\/strong>, das Institut f\u00fcr Zertifizierung und Qualit\u00e4tsabzeichen f\u00fcr Bauprodukte und Dienstleistungen, erhalten.<\/p>\n<p><a href=\"https:\/\/www.pittini.com\/wp-content\/uploads\/sites\/21\/Pittini-Gruppe-rundstahl-vom-coil-und-in-staben-EPD-zertifizierung-DEU.pdf\" target=\"_blank\" rel=\"noopener\">Downloaden EPD Zertifizierung<\/a><\/p>\n","protected":false},"excerpt":{"rendered":"<p>Der Rundstahl vom Jumbo\u00ae-Coil wurde zum ersten Mal 2002 dank eines innovativen Produktionssystems von der Pittini-Gruppe hergestellt, mit dem Warmwalzen und \u2013wickeln m\u00f6glich wurde, so dass zus\u00e4tzliche Produktionsschritte wegfielen. Die Jumbo-Coils verbinden die Vorteile [&hellip;]<\/p>\n","protected":false},"author":1,"featured_media":6792,"parent":8538,"menu_order":0,"comment_status":"closed","ping_status":"closed","template":"page-prodotto.php","meta":{"_acf_changed":false,"footnotes":""},"class_list":["post-8615","page","type-page","status-publish","has-post-thumbnail","hentry"],"acf":[],"yoast_head":"<!-- This site is optimized with the Yoast SEO plugin v27.5 - https:\/\/yoast.com\/product\/yoast-seo-wordpress\/ -->\n<title>Bewehrungsst\u00e4be in Jumbo-Coils\u00ae - Pittini<\/title>\n<meta name=\"description\" content=\"Pittini Betonstahl in Jumbo\u00ae-Coils verbindet die Vorteile einer kompakten Verpackung mit revolution\u00e4ren technischen Eigenschaften. Datenbl\u00e4tter, Abmessungen, Details.\" \/>\n<meta name=\"robots\" content=\"index, follow, max-snippet:-1, max-image-preview:large, max-video-preview:-1\" \/>\n<link rel=\"canonical\" href=\"https:\/\/www.pittini.com\/de\/produkte\/bauindustrie\/rundstahl-vom-coil\/\" \/>\n<meta property=\"og:locale\" content=\"de_DE\" \/>\n<meta property=\"og:type\" content=\"article\" \/>\n<meta property=\"og:title\" content=\"Bewehrungsst\u00e4be in Jumbo-Coils\u00ae - Pittini\" \/>\n<meta property=\"og:description\" content=\"Pittini Betonstahl in Jumbo\u00ae-Coils verbindet die Vorteile einer kompakten Verpackung mit revolution\u00e4ren technischen Eigenschaften. Datenbl\u00e4tter, Abmessungen, Details.\" \/>\n<meta property=\"og:url\" content=\"https:\/\/www.pittini.com\/de\/produkte\/bauindustrie\/rundstahl-vom-coil\/\" \/>\n<meta property=\"og:site_name\" content=\"Pittini Gruppe\" \/>\n<meta property=\"article:modified_time\" content=\"2026-05-04T07:51:01+00:00\" \/>\n<meta property=\"og:image\" content=\"https:\/\/www.pittini.com\/wp-content\/uploads\/sites\/21\/hero-tondi-in-rotoli.jpg\" \/>\n\t<meta property=\"og:image:width\" content=\"1900\" \/>\n\t<meta property=\"og:image:height\" content=\"560\" \/>\n\t<meta property=\"og:image:type\" content=\"image\/jpeg\" \/>\n<meta name=\"twitter:label1\" content=\"Gesch\u00e4tzte Lesezeit\" \/>\n\t<meta name=\"twitter:data1\" content=\"1\u00a0Minute\" \/>\n<script type=\"application\/ld+json\" class=\"yoast-schema-graph\">{\"@context\":\"https:\\\/\\\/schema.org\",\"@graph\":[{\"@type\":\"WebPage\",\"@id\":\"https:\\\/\\\/www.pittini.com\\\/de\\\/produkte\\\/bauindustrie\\\/rundstahl-vom-coil\\\/\",\"url\":\"https:\\\/\\\/www.pittini.com\\\/de\\\/produkte\\\/bauindustrie\\\/rundstahl-vom-coil\\\/\",\"name\":\"Bewehrungsst\u00e4be in Jumbo-Coils\u00ae - Pittini\",\"isPartOf\":{\"@id\":\"https:\\\/\\\/www.pittini.com\\\/de\\\/#website\"},\"primaryImageOfPage\":{\"@id\":\"https:\\\/\\\/www.pittini.com\\\/de\\\/produkte\\\/bauindustrie\\\/rundstahl-vom-coil\\\/#primaryimage\"},\"image\":{\"@id\":\"https:\\\/\\\/www.pittini.com\\\/de\\\/produkte\\\/bauindustrie\\\/rundstahl-vom-coil\\\/#primaryimage\"},\"thumbnailUrl\":\"https:\\\/\\\/www.pittini.com\\\/wp-content\\\/uploads\\\/sites\\\/21\\\/hero-tondi-in-rotoli.jpg\",\"datePublished\":\"2018-03-21T09:07:48+00:00\",\"dateModified\":\"2026-05-04T07:51:01+00:00\",\"description\":\"Pittini Betonstahl in Jumbo\u00ae-Coils verbindet die Vorteile einer kompakten Verpackung mit revolution\u00e4ren technischen Eigenschaften. Datenbl\u00e4tter, Abmessungen, Details.\",\"breadcrumb\":{\"@id\":\"https:\\\/\\\/www.pittini.com\\\/de\\\/produkte\\\/bauindustrie\\\/rundstahl-vom-coil\\\/#breadcrumb\"},\"inLanguage\":\"de\",\"potentialAction\":[{\"@type\":\"ReadAction\",\"target\":[\"https:\\\/\\\/www.pittini.com\\\/de\\\/produkte\\\/bauindustrie\\\/rundstahl-vom-coil\\\/\"]}]},{\"@type\":\"ImageObject\",\"inLanguage\":\"de\",\"@id\":\"https:\\\/\\\/www.pittini.com\\\/de\\\/produkte\\\/bauindustrie\\\/rundstahl-vom-coil\\\/#primaryimage\",\"url\":\"https:\\\/\\\/www.pittini.com\\\/wp-content\\\/uploads\\\/sites\\\/21\\\/hero-tondi-in-rotoli.jpg\",\"contentUrl\":\"https:\\\/\\\/www.pittini.com\\\/wp-content\\\/uploads\\\/sites\\\/21\\\/hero-tondi-in-rotoli.jpg\",\"width\":1900,\"height\":560,\"caption\":\"rebars\"},{\"@type\":\"BreadcrumbList\",\"@id\":\"https:\\\/\\\/www.pittini.com\\\/de\\\/produkte\\\/bauindustrie\\\/rundstahl-vom-coil\\\/#breadcrumb\",\"itemListElement\":[{\"@type\":\"ListItem\",\"position\":1,\"name\":\"Home\",\"item\":\"https:\\\/\\\/www.pittini.com\\\/de\\\/\"},{\"@type\":\"ListItem\",\"position\":2,\"name\":\"Produkte\",\"item\":\"https:\\\/\\\/www.pittini.com\\\/de\\\/produkte\\\/\"},{\"@type\":\"ListItem\",\"position\":3,\"name\":\"Baustahl\",\"item\":\"https:\\\/\\\/www.pittini.com\\\/de\\\/produkte\\\/bauindustrie\\\/\"},{\"@type\":\"ListItem\",\"position\":4,\"name\":\"Rundstahl vom Coil\"}]},{\"@type\":\"WebSite\",\"@id\":\"https:\\\/\\\/www.pittini.com\\\/de\\\/#website\",\"url\":\"https:\\\/\\\/www.pittini.com\\\/de\\\/\",\"name\":\"Pittini Gruppe\",\"description\":\"A group of companies that manage to cover all the production process\",\"potentialAction\":[{\"@type\":\"SearchAction\",\"target\":{\"@type\":\"EntryPoint\",\"urlTemplate\":\"https:\\\/\\\/www.pittini.com\\\/de\\\/?s={search_term_string}\"},\"query-input\":{\"@type\":\"PropertyValueSpecification\",\"valueRequired\":true,\"valueName\":\"search_term_string\"}}],\"inLanguage\":\"de\"}]}<\/script>\n<!-- \/ Yoast SEO plugin. -->","yoast_head_json":{"title":"Bewehrungsst\u00e4be in Jumbo-Coils\u00ae - Pittini","description":"Pittini Betonstahl in Jumbo\u00ae-Coils verbindet die Vorteile einer kompakten Verpackung mit revolution\u00e4ren technischen Eigenschaften. Datenbl\u00e4tter, Abmessungen, Details.","robots":{"index":"index","follow":"follow","max-snippet":"max-snippet:-1","max-image-preview":"max-image-preview:large","max-video-preview":"max-video-preview:-1"},"canonical":"https:\/\/www.pittini.com\/de\/produkte\/bauindustrie\/rundstahl-vom-coil\/","og_locale":"de_DE","og_type":"article","og_title":"Bewehrungsst\u00e4be in Jumbo-Coils\u00ae - Pittini","og_description":"Pittini Betonstahl in Jumbo\u00ae-Coils verbindet die Vorteile einer kompakten Verpackung mit revolution\u00e4ren technischen Eigenschaften. Datenbl\u00e4tter, Abmessungen, Details.","og_url":"https:\/\/www.pittini.com\/de\/produkte\/bauindustrie\/rundstahl-vom-coil\/","og_site_name":"Pittini Gruppe","article_modified_time":"2026-05-04T07:51:01+00:00","og_image":[{"width":1900,"height":560,"url":"https:\/\/www.pittini.com\/wp-content\/uploads\/sites\/21\/hero-tondi-in-rotoli.jpg","type":"image\/jpeg"}],"twitter_misc":{"Gesch\u00e4tzte Lesezeit":"1\u00a0Minute"},"schema":{"@context":"https:\/\/schema.org","@graph":[{"@type":"WebPage","@id":"https:\/\/www.pittini.com\/de\/produkte\/bauindustrie\/rundstahl-vom-coil\/","url":"https:\/\/www.pittini.com\/de\/produkte\/bauindustrie\/rundstahl-vom-coil\/","name":"Bewehrungsst\u00e4be in Jumbo-Coils\u00ae - Pittini","isPartOf":{"@id":"https:\/\/www.pittini.com\/de\/#website"},"primaryImageOfPage":{"@id":"https:\/\/www.pittini.com\/de\/produkte\/bauindustrie\/rundstahl-vom-coil\/#primaryimage"},"image":{"@id":"https:\/\/www.pittini.com\/de\/produkte\/bauindustrie\/rundstahl-vom-coil\/#primaryimage"},"thumbnailUrl":"https:\/\/www.pittini.com\/wp-content\/uploads\/sites\/21\/hero-tondi-in-rotoli.jpg","datePublished":"2018-03-21T09:07:48+00:00","dateModified":"2026-05-04T07:51:01+00:00","description":"Pittini Betonstahl in Jumbo\u00ae-Coils verbindet die Vorteile einer kompakten Verpackung mit revolution\u00e4ren technischen Eigenschaften. Datenbl\u00e4tter, Abmessungen, Details.","breadcrumb":{"@id":"https:\/\/www.pittini.com\/de\/produkte\/bauindustrie\/rundstahl-vom-coil\/#breadcrumb"},"inLanguage":"de","potentialAction":[{"@type":"ReadAction","target":["https:\/\/www.pittini.com\/de\/produkte\/bauindustrie\/rundstahl-vom-coil\/"]}]},{"@type":"ImageObject","inLanguage":"de","@id":"https:\/\/www.pittini.com\/de\/produkte\/bauindustrie\/rundstahl-vom-coil\/#primaryimage","url":"https:\/\/www.pittini.com\/wp-content\/uploads\/sites\/21\/hero-tondi-in-rotoli.jpg","contentUrl":"https:\/\/www.pittini.com\/wp-content\/uploads\/sites\/21\/hero-tondi-in-rotoli.jpg","width":1900,"height":560,"caption":"rebars"},{"@type":"BreadcrumbList","@id":"https:\/\/www.pittini.com\/de\/produkte\/bauindustrie\/rundstahl-vom-coil\/#breadcrumb","itemListElement":[{"@type":"ListItem","position":1,"name":"Home","item":"https:\/\/www.pittini.com\/de\/"},{"@type":"ListItem","position":2,"name":"Produkte","item":"https:\/\/www.pittini.com\/de\/produkte\/"},{"@type":"ListItem","position":3,"name":"Baustahl","item":"https:\/\/www.pittini.com\/de\/produkte\/bauindustrie\/"},{"@type":"ListItem","position":4,"name":"Rundstahl vom Coil"}]},{"@type":"WebSite","@id":"https:\/\/www.pittini.com\/de\/#website","url":"https:\/\/www.pittini.com\/de\/","name":"Pittini Gruppe","description":"A group of companies that manage to cover all the production process","potentialAction":[{"@type":"SearchAction","target":{"@type":"EntryPoint","urlTemplate":"https:\/\/www.pittini.com\/de\/?s={search_term_string}"},"query-input":{"@type":"PropertyValueSpecification","valueRequired":true,"valueName":"search_term_string"}}],"inLanguage":"de"}]}},"_links":{"self":[{"href":"https:\/\/www.pittini.com\/de\/wp-json\/wp\/v2\/pages\/8615","targetHints":{"allow":["GET"]}}],"collection":[{"href":"https:\/\/www.pittini.com\/de\/wp-json\/wp\/v2\/pages"}],"about":[{"href":"https:\/\/www.pittini.com\/de\/wp-json\/wp\/v2\/types\/page"}],"author":[{"embeddable":true,"href":"https:\/\/www.pittini.com\/de\/wp-json\/wp\/v2\/users\/1"}],"replies":[{"embeddable":true,"href":"https:\/\/www.pittini.com\/de\/wp-json\/wp\/v2\/comments?post=8615"}],"version-history":[{"count":87,"href":"https:\/\/www.pittini.com\/de\/wp-json\/wp\/v2\/pages\/8615\/revisions"}],"predecessor-version":[{"id":27682,"href":"https:\/\/www.pittini.com\/de\/wp-json\/wp\/v2\/pages\/8615\/revisions\/27682"}],"up":[{"embeddable":true,"href":"https:\/\/www.pittini.com\/de\/wp-json\/wp\/v2\/pages\/8538"}],"wp:featuredmedia":[{"embeddable":true,"href":"https:\/\/www.pittini.com\/de\/wp-json\/wp\/v2\/media\/6792"}],"wp:attachment":[{"href":"https:\/\/www.pittini.com\/de\/wp-json\/wp\/v2\/media?parent=8615"}],"curies":[{"name":"wp","href":"https:\/\/api.w.org\/{rel}","templated":true}]}}