{"id":8609,"date":"2018-03-21T10:09:39","date_gmt":"2018-03-21T09:09:39","guid":{"rendered":"https:\/\/new.pittini.it\/produkte\/edilizia\/standardmatten\/resti-standard-polonia-e-ungheria\/"},"modified":"2025-03-31T17:11:54","modified_gmt":"2025-03-31T15:11:54","slug":"matten-ungarn","status":"publish","type":"page","link":"https:\/\/www.pittini.com\/de\/produkte\/bauindustrie\/elektrogeschweisste-standardmatten\/matten-ungarn\/","title":{"rendered":"Matten Ungarn"},"content":{"rendered":"<p style=\"text-align: justify;\">Die <strong>Pittini Gruppe<\/strong> ist mit ihren <strong>Produktionsst\u00e4tten f\u00fcr elektro-geschwei\u00dfte Matten<\/strong> und einem engmaschigen Kunden- und Vertriebsservice europ\u00e4ischer Marktf\u00fchrer in der Herstellung von elektro-geschwei\u00dften Matten. F\u00fcr die gesamte Produktion wird der in den konzerneigenen Stahlwerken produzierte Stahl verwendet, und die<strong> hohen Qualit\u00e4tsstandards<\/strong> werden durch kontinuierliche Kontrollen in allen Produktionsphasen garantiert.<\/p>\n<p><a class=\"cta-dl\" href=\"https:\/\/www.pittini.com\/wp-content\/uploads\/sites\/21\/Gruppo-Pittini-reti-standard-europa-est-EN.pdf\" target=\"_blank\" rel=\"noopener noreferrer\">Download Datenblatt Matten<\/a><\/p>\n<p style=\"text-align: justify;\">Die im Werk Osoppo hergestellten <strong>Elektrogeschwei\u00dfte Matten<\/strong> haben die <strong>EPD Zertifizierung<\/strong> <em>&#8211; Environmental Product Declaration &#8211;<\/em> durch den zertifizierenden <strong>Partner ICMQ<\/strong>, das Institut f\u00fcr Zertifizierung und Qualit\u00e4tsabzeichen f\u00fcr Bauprodukte und Dienstleistungen, erhalten.<\/p>\n<p><a href=\"https:\/\/www.pittini.com\/wp-content\/uploads\/sites\/21\/Pittini-Gruppe-elektrogeschweisste-matten-und-gittertrager-DEU.pdf\" target=\"_blank\" rel=\"noopener\">Downloaden EPD Zertifizierung<\/a><\/p>\n","protected":false},"excerpt":{"rendered":"<p>Die Pittini Gruppe ist mit ihren Produktionsst\u00e4tten f\u00fcr elektro-geschwei\u00dfte Matten und einem engmaschigen Kunden- und Vertriebsservice europ\u00e4ischer Marktf\u00fchrer in der Herstellung von elektro-geschwei\u00dften Matten. F\u00fcr die gesamte Produktion wird der in den konzerneigenen Stahlwerken [&hellip;]<\/p>\n","protected":false},"author":1,"featured_media":24510,"parent":8565,"menu_order":14,"comment_status":"closed","ping_status":"closed","template":"page-prodotto-rete.php","meta":{"_acf_changed":false,"footnotes":""},"class_list":["post-8609","page","type-page","status-publish","has-post-thumbnail","hentry"],"acf":[],"yoast_head":"<!-- This site is optimized with the Yoast SEO plugin v27.4 - https:\/\/yoast.com\/product\/yoast-seo-wordpress\/ -->\n<title>Standardmatten f\u00fcr Polen und Ungarn. Typ Q, KA, KD, KH, KY - Pittini Gruppe<\/title>\n<meta name=\"description\" content=\"Die Pittini Gruppe stellt Bewehrungsmatten f\u00fcr den polnischen und ungarischen Markt her: Typ Q, KA, KD, KH, KY. Datenbl\u00e4tter, Abmessungen, Details.\" \/>\n<meta name=\"robots\" content=\"index, follow, max-snippet:-1, max-image-preview:large, max-video-preview:-1\" \/>\n<link rel=\"canonical\" href=\"https:\/\/www.pittini.com\/de\/produkte\/bauindustrie\/elektrogeschweisste-standardmatten\/matten-ungarn\/\" \/>\n<meta property=\"og:locale\" content=\"de_DE\" \/>\n<meta property=\"og:type\" content=\"article\" \/>\n<meta property=\"og:title\" content=\"Standardmatten f\u00fcr Polen und Ungarn. Typ Q, KA, KD, KH, KY - Pittini Gruppe\" \/>\n<meta property=\"og:description\" content=\"Die Pittini Gruppe stellt Bewehrungsmatten f\u00fcr den polnischen und ungarischen Markt her: Typ Q, KA, KD, KH, KY. Datenbl\u00e4tter, Abmessungen, Details.\" \/>\n<meta property=\"og:url\" content=\"https:\/\/www.pittini.com\/de\/produkte\/bauindustrie\/elektrogeschweisste-standardmatten\/matten-ungarn\/\" \/>\n<meta property=\"og:site_name\" content=\"Pittini Gruppe\" \/>\n<meta property=\"article:modified_time\" content=\"2025-03-31T15:11:54+00:00\" \/>\n<meta property=\"og:image\" content=\"https:\/\/www.pittini.com\/wp-content\/uploads\/sites\/21\/Gruppo-Pittini-rete-elettrosaldata-standard.jpg\" \/>\n\t<meta property=\"og:image:width\" content=\"1900\" \/>\n\t<meta property=\"og:image:height\" content=\"560\" \/>\n\t<meta property=\"og:image:type\" content=\"image\/jpeg\" \/>\n<script type=\"application\/ld+json\" class=\"yoast-schema-graph\">{\"@context\":\"https:\\\/\\\/schema.org\",\"@graph\":[{\"@type\":\"WebPage\",\"@id\":\"https:\\\/\\\/www.pittini.com\\\/de\\\/produkte\\\/bauindustrie\\\/elektrogeschweisste-standardmatten\\\/matten-ungarn\\\/\",\"url\":\"https:\\\/\\\/www.pittini.com\\\/de\\\/produkte\\\/bauindustrie\\\/elektrogeschweisste-standardmatten\\\/matten-ungarn\\\/\",\"name\":\"Standardmatten f\u00fcr Polen und Ungarn. Typ Q, KA, KD, KH, KY - Pittini Gruppe\",\"isPartOf\":{\"@id\":\"https:\\\/\\\/www.pittini.com\\\/de\\\/#website\"},\"primaryImageOfPage\":{\"@id\":\"https:\\\/\\\/www.pittini.com\\\/de\\\/produkte\\\/bauindustrie\\\/elektrogeschweisste-standardmatten\\\/matten-ungarn\\\/#primaryimage\"},\"image\":{\"@id\":\"https:\\\/\\\/www.pittini.com\\\/de\\\/produkte\\\/bauindustrie\\\/elektrogeschweisste-standardmatten\\\/matten-ungarn\\\/#primaryimage\"},\"thumbnailUrl\":\"https:\\\/\\\/www.pittini.com\\\/wp-content\\\/uploads\\\/sites\\\/21\\\/Gruppo-Pittini-rete-elettrosaldata-standard.jpg\",\"datePublished\":\"2018-03-21T09:09:39+00:00\",\"dateModified\":\"2025-03-31T15:11:54+00:00\",\"description\":\"Die Pittini Gruppe stellt Bewehrungsmatten f\u00fcr den polnischen und ungarischen Markt her: Typ Q, KA, KD, KH, KY. Datenbl\u00e4tter, Abmessungen, Details.\",\"breadcrumb\":{\"@id\":\"https:\\\/\\\/www.pittini.com\\\/de\\\/produkte\\\/bauindustrie\\\/elektrogeschweisste-standardmatten\\\/matten-ungarn\\\/#breadcrumb\"},\"inLanguage\":\"de\",\"potentialAction\":[{\"@type\":\"ReadAction\",\"target\":[\"https:\\\/\\\/www.pittini.com\\\/de\\\/produkte\\\/bauindustrie\\\/elektrogeschweisste-standardmatten\\\/matten-ungarn\\\/\"]}]},{\"@type\":\"ImageObject\",\"inLanguage\":\"de\",\"@id\":\"https:\\\/\\\/www.pittini.com\\\/de\\\/produkte\\\/bauindustrie\\\/elektrogeschweisste-standardmatten\\\/matten-ungarn\\\/#primaryimage\",\"url\":\"https:\\\/\\\/www.pittini.com\\\/wp-content\\\/uploads\\\/sites\\\/21\\\/Gruppo-Pittini-rete-elettrosaldata-standard.jpg\",\"contentUrl\":\"https:\\\/\\\/www.pittini.com\\\/wp-content\\\/uploads\\\/sites\\\/21\\\/Gruppo-Pittini-rete-elettrosaldata-standard.jpg\",\"width\":1900,\"height\":560},{\"@type\":\"BreadcrumbList\",\"@id\":\"https:\\\/\\\/www.pittini.com\\\/de\\\/produkte\\\/bauindustrie\\\/elektrogeschweisste-standardmatten\\\/matten-ungarn\\\/#breadcrumb\",\"itemListElement\":[{\"@type\":\"ListItem\",\"position\":1,\"name\":\"Home\",\"item\":\"https:\\\/\\\/www.pittini.com\\\/de\\\/\"},{\"@type\":\"ListItem\",\"position\":2,\"name\":\"Produkte\",\"item\":\"https:\\\/\\\/www.pittini.com\\\/de\\\/produkte\\\/\"},{\"@type\":\"ListItem\",\"position\":3,\"name\":\"Baustahl\",\"item\":\"https:\\\/\\\/www.pittini.com\\\/de\\\/produkte\\\/bauindustrie\\\/\"},{\"@type\":\"ListItem\",\"position\":4,\"name\":\"Standardmatten\",\"item\":\"https:\\\/\\\/www.pittini.com\\\/de\\\/produkte\\\/bauindustrie\\\/elektrogeschweisste-standardmatten\\\/\"},{\"@type\":\"ListItem\",\"position\":5,\"name\":\"Matten Ungarn\"}]},{\"@type\":\"WebSite\",\"@id\":\"https:\\\/\\\/www.pittini.com\\\/de\\\/#website\",\"url\":\"https:\\\/\\\/www.pittini.com\\\/de\\\/\",\"name\":\"Pittini Gruppe\",\"description\":\"A group of companies that manage to cover all the production process\",\"potentialAction\":[{\"@type\":\"SearchAction\",\"target\":{\"@type\":\"EntryPoint\",\"urlTemplate\":\"https:\\\/\\\/www.pittini.com\\\/de\\\/?s={search_term_string}\"},\"query-input\":{\"@type\":\"PropertyValueSpecification\",\"valueRequired\":true,\"valueName\":\"search_term_string\"}}],\"inLanguage\":\"de\"}]}<\/script>\n<!-- \/ Yoast SEO plugin. -->","yoast_head_json":{"title":"Standardmatten f\u00fcr Polen und Ungarn. Typ Q, KA, KD, KH, KY - Pittini Gruppe","description":"Die Pittini Gruppe stellt Bewehrungsmatten f\u00fcr den polnischen und ungarischen Markt her: Typ Q, KA, KD, KH, KY. Datenbl\u00e4tter, Abmessungen, Details.","robots":{"index":"index","follow":"follow","max-snippet":"max-snippet:-1","max-image-preview":"max-image-preview:large","max-video-preview":"max-video-preview:-1"},"canonical":"https:\/\/www.pittini.com\/de\/produkte\/bauindustrie\/elektrogeschweisste-standardmatten\/matten-ungarn\/","og_locale":"de_DE","og_type":"article","og_title":"Standardmatten f\u00fcr Polen und Ungarn. Typ Q, KA, KD, KH, KY - Pittini Gruppe","og_description":"Die Pittini Gruppe stellt Bewehrungsmatten f\u00fcr den polnischen und ungarischen Markt her: Typ Q, KA, KD, KH, KY. Datenbl\u00e4tter, Abmessungen, Details.","og_url":"https:\/\/www.pittini.com\/de\/produkte\/bauindustrie\/elektrogeschweisste-standardmatten\/matten-ungarn\/","og_site_name":"Pittini Gruppe","article_modified_time":"2025-03-31T15:11:54+00:00","og_image":[{"width":1900,"height":560,"url":"https:\/\/www.pittini.com\/wp-content\/uploads\/sites\/21\/Gruppo-Pittini-rete-elettrosaldata-standard.jpg","type":"image\/jpeg"}],"schema":{"@context":"https:\/\/schema.org","@graph":[{"@type":"WebPage","@id":"https:\/\/www.pittini.com\/de\/produkte\/bauindustrie\/elektrogeschweisste-standardmatten\/matten-ungarn\/","url":"https:\/\/www.pittini.com\/de\/produkte\/bauindustrie\/elektrogeschweisste-standardmatten\/matten-ungarn\/","name":"Standardmatten f\u00fcr Polen und Ungarn. Typ Q, KA, KD, KH, KY - Pittini Gruppe","isPartOf":{"@id":"https:\/\/www.pittini.com\/de\/#website"},"primaryImageOfPage":{"@id":"https:\/\/www.pittini.com\/de\/produkte\/bauindustrie\/elektrogeschweisste-standardmatten\/matten-ungarn\/#primaryimage"},"image":{"@id":"https:\/\/www.pittini.com\/de\/produkte\/bauindustrie\/elektrogeschweisste-standardmatten\/matten-ungarn\/#primaryimage"},"thumbnailUrl":"https:\/\/www.pittini.com\/wp-content\/uploads\/sites\/21\/Gruppo-Pittini-rete-elettrosaldata-standard.jpg","datePublished":"2018-03-21T09:09:39+00:00","dateModified":"2025-03-31T15:11:54+00:00","description":"Die Pittini Gruppe stellt Bewehrungsmatten f\u00fcr den polnischen und ungarischen Markt her: Typ Q, KA, KD, KH, KY. Datenbl\u00e4tter, Abmessungen, Details.","breadcrumb":{"@id":"https:\/\/www.pittini.com\/de\/produkte\/bauindustrie\/elektrogeschweisste-standardmatten\/matten-ungarn\/#breadcrumb"},"inLanguage":"de","potentialAction":[{"@type":"ReadAction","target":["https:\/\/www.pittini.com\/de\/produkte\/bauindustrie\/elektrogeschweisste-standardmatten\/matten-ungarn\/"]}]},{"@type":"ImageObject","inLanguage":"de","@id":"https:\/\/www.pittini.com\/de\/produkte\/bauindustrie\/elektrogeschweisste-standardmatten\/matten-ungarn\/#primaryimage","url":"https:\/\/www.pittini.com\/wp-content\/uploads\/sites\/21\/Gruppo-Pittini-rete-elettrosaldata-standard.jpg","contentUrl":"https:\/\/www.pittini.com\/wp-content\/uploads\/sites\/21\/Gruppo-Pittini-rete-elettrosaldata-standard.jpg","width":1900,"height":560},{"@type":"BreadcrumbList","@id":"https:\/\/www.pittini.com\/de\/produkte\/bauindustrie\/elektrogeschweisste-standardmatten\/matten-ungarn\/#breadcrumb","itemListElement":[{"@type":"ListItem","position":1,"name":"Home","item":"https:\/\/www.pittini.com\/de\/"},{"@type":"ListItem","position":2,"name":"Produkte","item":"https:\/\/www.pittini.com\/de\/produkte\/"},{"@type":"ListItem","position":3,"name":"Baustahl","item":"https:\/\/www.pittini.com\/de\/produkte\/bauindustrie\/"},{"@type":"ListItem","position":4,"name":"Standardmatten","item":"https:\/\/www.pittini.com\/de\/produkte\/bauindustrie\/elektrogeschweisste-standardmatten\/"},{"@type":"ListItem","position":5,"name":"Matten Ungarn"}]},{"@type":"WebSite","@id":"https:\/\/www.pittini.com\/de\/#website","url":"https:\/\/www.pittini.com\/de\/","name":"Pittini Gruppe","description":"A group of companies that manage to cover all the production process","potentialAction":[{"@type":"SearchAction","target":{"@type":"EntryPoint","urlTemplate":"https:\/\/www.pittini.com\/de\/?s={search_term_string}"},"query-input":{"@type":"PropertyValueSpecification","valueRequired":true,"valueName":"search_term_string"}}],"inLanguage":"de"}]}},"_links":{"self":[{"href":"https:\/\/www.pittini.com\/de\/wp-json\/wp\/v2\/pages\/8609","targetHints":{"allow":["GET"]}}],"collection":[{"href":"https:\/\/www.pittini.com\/de\/wp-json\/wp\/v2\/pages"}],"about":[{"href":"https:\/\/www.pittini.com\/de\/wp-json\/wp\/v2\/types\/page"}],"author":[{"embeddable":true,"href":"https:\/\/www.pittini.com\/de\/wp-json\/wp\/v2\/users\/1"}],"replies":[{"embeddable":true,"href":"https:\/\/www.pittini.com\/de\/wp-json\/wp\/v2\/comments?post=8609"}],"version-history":[{"count":18,"href":"https:\/\/www.pittini.com\/de\/wp-json\/wp\/v2\/pages\/8609\/revisions"}],"predecessor-version":[{"id":27294,"href":"https:\/\/www.pittini.com\/de\/wp-json\/wp\/v2\/pages\/8609\/revisions\/27294"}],"up":[{"embeddable":true,"href":"https:\/\/www.pittini.com\/de\/wp-json\/wp\/v2\/pages\/8565"}],"wp:featuredmedia":[{"embeddable":true,"href":"https:\/\/www.pittini.com\/de\/wp-json\/wp\/v2\/media\/24510"}],"wp:attachment":[{"href":"https:\/\/www.pittini.com\/de\/wp-json\/wp\/v2\/media?parent=8609"}],"curies":[{"name":"wp","href":"https:\/\/api.w.org\/{rel}","templated":true}]}}