{"id":8578,"date":"2018-03-21T10:09:39","date_gmt":"2018-03-21T09:09:39","guid":{"rendered":"https:\/\/new.pittini.it\/produkte\/edilizia\/standardmatten\/reti-standard-slovenia-croazia-e-serbia\/"},"modified":"2024-10-30T16:34:56","modified_gmt":"2024-10-30T15:34:56","slug":"matten-slowenien-kroatien-serbien","status":"publish","type":"page","link":"https:\/\/www.pittini.com\/de\/produkte\/bauindustrie\/elektrogeschweisste-standardmatten\/matten-slowenien-kroatien-serbien\/","title":{"rendered":"Matten Slowenien, Kroatien, Serbien, Bosnien-Herzegowina, Montenegro, Malta"},"content":{"rendered":"<p style=\"text-align: justify;\">Die Pittini Gruppe produziert im <a href=\"https:\/\/www.pittini.it\/en\/corporate\/companies\/kovinar\/\" target=\"_blank\" rel=\"noopener noreferrer\"><strong>Kovinar<\/strong><\/a>-Werk in Jesenice elektrogeschwei\u00dfte Matten f\u00fcr die L\u00e4nder auf dem Balkan, vor allem f\u00fcr Slowenien, Kroatien und Serbien, und bietet damit ein engmaschiges Vertriebsnetz und technischen Service sowie eine hochwertige Produktqualit\u00e4t, die durch kontinuierliche Investitionen in beste Anlagentechnologie erreicht wird.<\/p>\n<p><a class=\"cta-dl\" href=\"https:\/\/www.pittini.com\/wp-content\/uploads\/sites\/21\/Gruppo-Pittini-reti-standard-balcani-malta-EN.pdf\" target=\"_blank\" rel=\"noopener noreferrer\">Download Datenblatt Matten<\/a><\/p>\n<p style=\"text-align: justify;\">Die im Werk Osoppo hergestellten <strong>Elektrogeschwei\u00dfte Matten<\/strong> haben die <strong>EPD Zertifizierung<\/strong> <em>&#8211; Environmental Product Declaration &#8211;<\/em> durch den zertifizierenden <strong>Partner ICMQ<\/strong>, das Institut f\u00fcr Zertifizierung und Qualit\u00e4tsabzeichen f\u00fcr Bauprodukte und Dienstleistungen, erhalten.<\/p>\n<p><a href=\"https:\/\/www.pittini.com\/wp-content\/uploads\/sites\/21\/Pittini-Gruppe-elektrogeschweisste-matten-und-gittertrager-DEU.pdf\" target=\"_blank\" rel=\"noopener\">Downloaden EPD Zertifizierung<\/a><\/p>\n<p style=\"text-align: justify;\">Das Werk Kovinar ist au\u00dferdem auf die Herstellung von <a href=\"https:\/\/www.pittini.com\/prodotti\/edilizia\/reti-elettrosaldate-su-misura\/reti-a-misura-slovenia\/\">kundenspezifischen Bewehrungsmatten f\u00fcr Slowenien, Kroatien und Serbien<\/a> spezialisiert.<\/p>\n","protected":false},"excerpt":{"rendered":"<p>Die Pittini Gruppe produziert im Kovinar-Werk in Jesenice elektrogeschwei\u00dfte Matten f\u00fcr die L\u00e4nder auf dem Balkan, vor allem f\u00fcr Slowenien, Kroatien und Serbien, und bietet damit ein engmaschiges Vertriebsnetz und technischen Service sowie eine [&hellip;]<\/p>\n","protected":false},"author":1,"featured_media":24510,"parent":8565,"menu_order":9,"comment_status":"closed","ping_status":"closed","template":"page-prodotto-rete.php","meta":{"_acf_changed":false,"footnotes":""},"class_list":["post-8578","page","type-page","status-publish","has-post-thumbnail","hentry"],"acf":[],"yoast_head":"<!-- This site is optimized with the Yoast SEO plugin v27.4 - https:\/\/yoast.com\/product\/yoast-seo-wordpress\/ -->\n<title>Standardmatten f\u00fcr die Balkanhalbinsel. Typ R, Q - Pittini<\/title>\n<meta name=\"description\" content=\"Die Pittini Gruppe stellt Bewehrungsmatten f\u00fcr den Balkanmarkt her: Typ R, Q. Datenbl\u00e4tter, Abmessungen, Details.\" \/>\n<meta name=\"robots\" content=\"index, follow, max-snippet:-1, max-image-preview:large, max-video-preview:-1\" \/>\n<link rel=\"canonical\" href=\"https:\/\/www.pittini.com\/de\/produkte\/bauindustrie\/elektrogeschweisste-standardmatten\/matten-slowenien-kroatien-serbien\/\" \/>\n<meta property=\"og:locale\" content=\"de_DE\" \/>\n<meta property=\"og:type\" content=\"article\" \/>\n<meta property=\"og:title\" content=\"Standardmatten f\u00fcr die Balkanhalbinsel. Typ R, Q - Pittini\" \/>\n<meta property=\"og:description\" content=\"Die Pittini Gruppe stellt Bewehrungsmatten f\u00fcr den Balkanmarkt her: Typ R, Q. Datenbl\u00e4tter, Abmessungen, Details.\" \/>\n<meta property=\"og:url\" content=\"https:\/\/www.pittini.com\/de\/produkte\/bauindustrie\/elektrogeschweisste-standardmatten\/matten-slowenien-kroatien-serbien\/\" \/>\n<meta property=\"og:site_name\" content=\"Pittini Gruppe\" \/>\n<meta property=\"article:modified_time\" content=\"2024-10-30T15:34:56+00:00\" \/>\n<meta property=\"og:image\" content=\"https:\/\/www.pittini.com\/wp-content\/uploads\/sites\/21\/Gruppo-Pittini-rete-elettrosaldata-standard.jpg\" \/>\n\t<meta property=\"og:image:width\" content=\"1900\" \/>\n\t<meta property=\"og:image:height\" content=\"560\" \/>\n\t<meta property=\"og:image:type\" content=\"image\/jpeg\" \/>\n<meta name=\"twitter:label1\" content=\"Gesch\u00e4tzte Lesezeit\" \/>\n\t<meta name=\"twitter:data1\" content=\"1\u00a0Minute\" \/>\n<script type=\"application\/ld+json\" class=\"yoast-schema-graph\">{\"@context\":\"https:\\\/\\\/schema.org\",\"@graph\":[{\"@type\":\"WebPage\",\"@id\":\"https:\\\/\\\/www.pittini.com\\\/de\\\/produkte\\\/bauindustrie\\\/elektrogeschweisste-standardmatten\\\/matten-slowenien-kroatien-serbien\\\/\",\"url\":\"https:\\\/\\\/www.pittini.com\\\/de\\\/produkte\\\/bauindustrie\\\/elektrogeschweisste-standardmatten\\\/matten-slowenien-kroatien-serbien\\\/\",\"name\":\"Standardmatten f\u00fcr die Balkanhalbinsel. Typ R, Q - Pittini\",\"isPartOf\":{\"@id\":\"https:\\\/\\\/www.pittini.com\\\/de\\\/#website\"},\"primaryImageOfPage\":{\"@id\":\"https:\\\/\\\/www.pittini.com\\\/de\\\/produkte\\\/bauindustrie\\\/elektrogeschweisste-standardmatten\\\/matten-slowenien-kroatien-serbien\\\/#primaryimage\"},\"image\":{\"@id\":\"https:\\\/\\\/www.pittini.com\\\/de\\\/produkte\\\/bauindustrie\\\/elektrogeschweisste-standardmatten\\\/matten-slowenien-kroatien-serbien\\\/#primaryimage\"},\"thumbnailUrl\":\"https:\\\/\\\/www.pittini.com\\\/wp-content\\\/uploads\\\/sites\\\/21\\\/Gruppo-Pittini-rete-elettrosaldata-standard.jpg\",\"datePublished\":\"2018-03-21T09:09:39+00:00\",\"dateModified\":\"2024-10-30T15:34:56+00:00\",\"description\":\"Die Pittini Gruppe stellt Bewehrungsmatten f\u00fcr den Balkanmarkt her: Typ R, Q. Datenbl\u00e4tter, Abmessungen, Details.\",\"breadcrumb\":{\"@id\":\"https:\\\/\\\/www.pittini.com\\\/de\\\/produkte\\\/bauindustrie\\\/elektrogeschweisste-standardmatten\\\/matten-slowenien-kroatien-serbien\\\/#breadcrumb\"},\"inLanguage\":\"de\",\"potentialAction\":[{\"@type\":\"ReadAction\",\"target\":[\"https:\\\/\\\/www.pittini.com\\\/de\\\/produkte\\\/bauindustrie\\\/elektrogeschweisste-standardmatten\\\/matten-slowenien-kroatien-serbien\\\/\"]}]},{\"@type\":\"ImageObject\",\"inLanguage\":\"de\",\"@id\":\"https:\\\/\\\/www.pittini.com\\\/de\\\/produkte\\\/bauindustrie\\\/elektrogeschweisste-standardmatten\\\/matten-slowenien-kroatien-serbien\\\/#primaryimage\",\"url\":\"https:\\\/\\\/www.pittini.com\\\/wp-content\\\/uploads\\\/sites\\\/21\\\/Gruppo-Pittini-rete-elettrosaldata-standard.jpg\",\"contentUrl\":\"https:\\\/\\\/www.pittini.com\\\/wp-content\\\/uploads\\\/sites\\\/21\\\/Gruppo-Pittini-rete-elettrosaldata-standard.jpg\",\"width\":1900,\"height\":560},{\"@type\":\"BreadcrumbList\",\"@id\":\"https:\\\/\\\/www.pittini.com\\\/de\\\/produkte\\\/bauindustrie\\\/elektrogeschweisste-standardmatten\\\/matten-slowenien-kroatien-serbien\\\/#breadcrumb\",\"itemListElement\":[{\"@type\":\"ListItem\",\"position\":1,\"name\":\"Home\",\"item\":\"https:\\\/\\\/www.pittini.com\\\/de\\\/\"},{\"@type\":\"ListItem\",\"position\":2,\"name\":\"Produkte\",\"item\":\"https:\\\/\\\/www.pittini.com\\\/de\\\/produkte\\\/\"},{\"@type\":\"ListItem\",\"position\":3,\"name\":\"Baustahl\",\"item\":\"https:\\\/\\\/www.pittini.com\\\/de\\\/produkte\\\/bauindustrie\\\/\"},{\"@type\":\"ListItem\",\"position\":4,\"name\":\"Standardmatten\",\"item\":\"https:\\\/\\\/www.pittini.com\\\/de\\\/produkte\\\/bauindustrie\\\/elektrogeschweisste-standardmatten\\\/\"},{\"@type\":\"ListItem\",\"position\":5,\"name\":\"Matten Slowenien, Kroatien, Serbien, Bosnien-Herzegowina, Montenegro, Malta\"}]},{\"@type\":\"WebSite\",\"@id\":\"https:\\\/\\\/www.pittini.com\\\/de\\\/#website\",\"url\":\"https:\\\/\\\/www.pittini.com\\\/de\\\/\",\"name\":\"Pittini Gruppe\",\"description\":\"A group of companies that manage to cover all the production process\",\"potentialAction\":[{\"@type\":\"SearchAction\",\"target\":{\"@type\":\"EntryPoint\",\"urlTemplate\":\"https:\\\/\\\/www.pittini.com\\\/de\\\/?s={search_term_string}\"},\"query-input\":{\"@type\":\"PropertyValueSpecification\",\"valueRequired\":true,\"valueName\":\"search_term_string\"}}],\"inLanguage\":\"de\"}]}<\/script>\n<!-- \/ Yoast SEO plugin. -->","yoast_head_json":{"title":"Standardmatten f\u00fcr die Balkanhalbinsel. Typ R, Q - Pittini","description":"Die Pittini Gruppe stellt Bewehrungsmatten f\u00fcr den Balkanmarkt her: Typ R, Q. Datenbl\u00e4tter, Abmessungen, Details.","robots":{"index":"index","follow":"follow","max-snippet":"max-snippet:-1","max-image-preview":"max-image-preview:large","max-video-preview":"max-video-preview:-1"},"canonical":"https:\/\/www.pittini.com\/de\/produkte\/bauindustrie\/elektrogeschweisste-standardmatten\/matten-slowenien-kroatien-serbien\/","og_locale":"de_DE","og_type":"article","og_title":"Standardmatten f\u00fcr die Balkanhalbinsel. Typ R, Q - Pittini","og_description":"Die Pittini Gruppe stellt Bewehrungsmatten f\u00fcr den Balkanmarkt her: Typ R, Q. Datenbl\u00e4tter, Abmessungen, Details.","og_url":"https:\/\/www.pittini.com\/de\/produkte\/bauindustrie\/elektrogeschweisste-standardmatten\/matten-slowenien-kroatien-serbien\/","og_site_name":"Pittini Gruppe","article_modified_time":"2024-10-30T15:34:56+00:00","og_image":[{"width":1900,"height":560,"url":"https:\/\/www.pittini.com\/wp-content\/uploads\/sites\/21\/Gruppo-Pittini-rete-elettrosaldata-standard.jpg","type":"image\/jpeg"}],"twitter_misc":{"Gesch\u00e4tzte Lesezeit":"1\u00a0Minute"},"schema":{"@context":"https:\/\/schema.org","@graph":[{"@type":"WebPage","@id":"https:\/\/www.pittini.com\/de\/produkte\/bauindustrie\/elektrogeschweisste-standardmatten\/matten-slowenien-kroatien-serbien\/","url":"https:\/\/www.pittini.com\/de\/produkte\/bauindustrie\/elektrogeschweisste-standardmatten\/matten-slowenien-kroatien-serbien\/","name":"Standardmatten f\u00fcr die Balkanhalbinsel. Typ R, Q - Pittini","isPartOf":{"@id":"https:\/\/www.pittini.com\/de\/#website"},"primaryImageOfPage":{"@id":"https:\/\/www.pittini.com\/de\/produkte\/bauindustrie\/elektrogeschweisste-standardmatten\/matten-slowenien-kroatien-serbien\/#primaryimage"},"image":{"@id":"https:\/\/www.pittini.com\/de\/produkte\/bauindustrie\/elektrogeschweisste-standardmatten\/matten-slowenien-kroatien-serbien\/#primaryimage"},"thumbnailUrl":"https:\/\/www.pittini.com\/wp-content\/uploads\/sites\/21\/Gruppo-Pittini-rete-elettrosaldata-standard.jpg","datePublished":"2018-03-21T09:09:39+00:00","dateModified":"2024-10-30T15:34:56+00:00","description":"Die Pittini Gruppe stellt Bewehrungsmatten f\u00fcr den Balkanmarkt her: Typ R, Q. Datenbl\u00e4tter, Abmessungen, Details.","breadcrumb":{"@id":"https:\/\/www.pittini.com\/de\/produkte\/bauindustrie\/elektrogeschweisste-standardmatten\/matten-slowenien-kroatien-serbien\/#breadcrumb"},"inLanguage":"de","potentialAction":[{"@type":"ReadAction","target":["https:\/\/www.pittini.com\/de\/produkte\/bauindustrie\/elektrogeschweisste-standardmatten\/matten-slowenien-kroatien-serbien\/"]}]},{"@type":"ImageObject","inLanguage":"de","@id":"https:\/\/www.pittini.com\/de\/produkte\/bauindustrie\/elektrogeschweisste-standardmatten\/matten-slowenien-kroatien-serbien\/#primaryimage","url":"https:\/\/www.pittini.com\/wp-content\/uploads\/sites\/21\/Gruppo-Pittini-rete-elettrosaldata-standard.jpg","contentUrl":"https:\/\/www.pittini.com\/wp-content\/uploads\/sites\/21\/Gruppo-Pittini-rete-elettrosaldata-standard.jpg","width":1900,"height":560},{"@type":"BreadcrumbList","@id":"https:\/\/www.pittini.com\/de\/produkte\/bauindustrie\/elektrogeschweisste-standardmatten\/matten-slowenien-kroatien-serbien\/#breadcrumb","itemListElement":[{"@type":"ListItem","position":1,"name":"Home","item":"https:\/\/www.pittini.com\/de\/"},{"@type":"ListItem","position":2,"name":"Produkte","item":"https:\/\/www.pittini.com\/de\/produkte\/"},{"@type":"ListItem","position":3,"name":"Baustahl","item":"https:\/\/www.pittini.com\/de\/produkte\/bauindustrie\/"},{"@type":"ListItem","position":4,"name":"Standardmatten","item":"https:\/\/www.pittini.com\/de\/produkte\/bauindustrie\/elektrogeschweisste-standardmatten\/"},{"@type":"ListItem","position":5,"name":"Matten Slowenien, Kroatien, Serbien, Bosnien-Herzegowina, Montenegro, Malta"}]},{"@type":"WebSite","@id":"https:\/\/www.pittini.com\/de\/#website","url":"https:\/\/www.pittini.com\/de\/","name":"Pittini Gruppe","description":"A group of companies that manage to cover all the production process","potentialAction":[{"@type":"SearchAction","target":{"@type":"EntryPoint","urlTemplate":"https:\/\/www.pittini.com\/de\/?s={search_term_string}"},"query-input":{"@type":"PropertyValueSpecification","valueRequired":true,"valueName":"search_term_string"}}],"inLanguage":"de"}]}},"_links":{"self":[{"href":"https:\/\/www.pittini.com\/de\/wp-json\/wp\/v2\/pages\/8578","targetHints":{"allow":["GET"]}}],"collection":[{"href":"https:\/\/www.pittini.com\/de\/wp-json\/wp\/v2\/pages"}],"about":[{"href":"https:\/\/www.pittini.com\/de\/wp-json\/wp\/v2\/types\/page"}],"author":[{"embeddable":true,"href":"https:\/\/www.pittini.com\/de\/wp-json\/wp\/v2\/users\/1"}],"replies":[{"embeddable":true,"href":"https:\/\/www.pittini.com\/de\/wp-json\/wp\/v2\/comments?post=8578"}],"version-history":[{"count":23,"href":"https:\/\/www.pittini.com\/de\/wp-json\/wp\/v2\/pages\/8578\/revisions"}],"predecessor-version":[{"id":27180,"href":"https:\/\/www.pittini.com\/de\/wp-json\/wp\/v2\/pages\/8578\/revisions\/27180"}],"up":[{"embeddable":true,"href":"https:\/\/www.pittini.com\/de\/wp-json\/wp\/v2\/pages\/8565"}],"wp:featuredmedia":[{"embeddable":true,"href":"https:\/\/www.pittini.com\/de\/wp-json\/wp\/v2\/media\/24510"}],"wp:attachment":[{"href":"https:\/\/www.pittini.com\/de\/wp-json\/wp\/v2\/media?parent=8578"}],"curies":[{"name":"wp","href":"https:\/\/api.w.org\/{rel}","templated":true}]}}