{"id":8571,"date":"2018-03-21T10:09:39","date_gmt":"2018-03-21T09:09:39","guid":{"rendered":"https:\/\/new.pittini.it\/produkte\/edilizia\/standardmatten\/reti-standard-italia\/"},"modified":"2024-05-30T15:18:25","modified_gmt":"2024-05-30T13:18:25","slug":"matten-italien","status":"publish","type":"page","link":"https:\/\/www.pittini.com\/de\/produkte\/bauindustrie\/elektrogeschweisste-standardmatten\/matten-italien\/","title":{"rendered":"Matten Italien"},"content":{"rendered":"<p style=\"text-align: justify;\">Die Industrialisierung der Bewehrungen hat zur Entwicklung elektro-geschwei\u00dfter Matten mit daraus folgender <strong>leichter Ausf\u00fchrung und<\/strong> <strong>Zeit- und Kosteneinsparung<\/strong> auf der Baustelle in der Ausf\u00fchrungsphase eines Bauwerks gef\u00fchrt.<br \/>\nDie Pittini Gruppe <strong>ist der f\u00fchrende italienische Hersteller von elektro-geschwei\u00dften Matten<\/strong>, und mit ihren <a href=\"https:\/\/www.pittini.it\/en\/corporate\/companies\/\" target=\"_blank\" rel=\"noopener\">3 Produktionsst\u00e4tten<\/a> in Italien und \u00fcber 60 Jahren Erfahrung steht die Gruppe auch dank kontinuierlicher Investitionen in modernste High-Tech-Anlagen f\u00fcr ein garantiert hochwertiges Qualit\u00e4tsprodukt.<\/p>\n<p style=\"text-align: justify;\">In ihren Werken stellt die Pittini Gruppe ein umfassendes Sortiment an elektrogeschwei\u00dften Matten aus <strong>HD-Stahl (High Ductility)<\/strong> her, deren hohe Qualit\u00e4t durch die strengen Kontrollen des gesamten Produktionsprozesses, angefangen bei der sorgf\u00e4ltigen Untersuchung des Ausgangsstoffs Schrott, garantiert wird. Dank des ausgedehnten Vertriebsnetzes gew\u00e4hrleistet das Unternehmen einen umfassenden gesch\u00e4ftlichen und technischen Kundendienst. Die Fabriken der Pittini Gruppe produzieren zudem <a href=\"https:\/\/www.pittini.com\/prodotti\/edilizia\/reti-elettrosaldate-su-misura\/reti-a-misura-italia\/\">Bewehrungsmatten nach Kundenzeichnung<\/a>.<\/p>\n<p><a class=\"cta-dl\" href=\"https:\/\/www.pittini.com\/wp-content\/uploads\/sites\/21\/Gruppo-Pittini-rete-standard-IT.pdf\" target=\"_blank\" rel=\"noopener noreferrer\">Download Datenblatt Matten Italien<\/a><\/p>\n<p style=\"text-align: justify;\">Die im Werk Osoppo hergestellten <strong>Elektrogeschwei\u00dfte Matten<\/strong> haben die <strong>EPD Zertifizierung<\/strong> <em>&#8211; Environmental Product Declaration &#8211;<\/em> durch den zertifizierenden <strong>Partner ICMQ<\/strong>, das Institut f\u00fcr Zertifizierung und Qualit\u00e4tsabzeichen f\u00fcr Bauprodukte und Dienstleistungen, erhalten.<\/p>\n<p><a href=\"https:\/\/www.pittini.com\/wp-content\/uploads\/sites\/21\/Pittini-Gruppe-elektrogeschweisste-matten-und-gittertrager-DEU.pdf\" target=\"_blank\" rel=\"noopener\">Downloaden EPD Zertifizierung<\/a><\/p>\n","protected":false},"excerpt":{"rendered":"<p>Die Industrialisierung der Bewehrungen hat zur Entwicklung elektro-geschwei\u00dfter Matten mit daraus folgender leichter Ausf\u00fchrung und Zeit- und Kosteneinsparung auf der Baustelle in der Ausf\u00fchrungsphase eines Bauwerks gef\u00fchrt. Die Pittini Gruppe ist der f\u00fchrende italienische [&hellip;]<\/p>\n","protected":false},"author":1,"featured_media":24510,"parent":8565,"menu_order":7,"comment_status":"closed","ping_status":"closed","template":"page-prodotto-rete.php","meta":{"_acf_changed":false,"footnotes":""},"class_list":["post-8571","page","type-page","status-publish","has-post-thumbnail","hentry"],"acf":[],"yoast_head":"<!-- This site is optimized with the Yoast SEO plugin v27.5 - https:\/\/yoast.com\/product\/yoast-seo-wordpress\/ -->\n<title>Standardmatten f\u00fcr Italien. Typ B450A und B450C - Pittini<\/title>\n<meta name=\"description\" content=\"Die Pittini Gruppe stellt Bewehrungsmatten f\u00fcr den italienischen Markt her: Typ B450A und B450C. Datenbl\u00e4tter, Abmessungen, Details.\" \/>\n<meta name=\"robots\" content=\"index, follow, max-snippet:-1, max-image-preview:large, max-video-preview:-1\" \/>\n<link rel=\"canonical\" href=\"https:\/\/www.pittini.com\/de\/produkte\/bauindustrie\/elektrogeschweisste-standardmatten\/matten-italien\/\" \/>\n<meta property=\"og:locale\" content=\"de_DE\" \/>\n<meta property=\"og:type\" content=\"article\" \/>\n<meta property=\"og:title\" content=\"Standardmatten f\u00fcr Italien. Typ B450A und B450C - Pittini\" \/>\n<meta property=\"og:description\" content=\"Die Pittini Gruppe stellt Bewehrungsmatten f\u00fcr den italienischen Markt her: Typ B450A und B450C. Datenbl\u00e4tter, Abmessungen, Details.\" \/>\n<meta property=\"og:url\" content=\"https:\/\/www.pittini.com\/de\/produkte\/bauindustrie\/elektrogeschweisste-standardmatten\/matten-italien\/\" \/>\n<meta property=\"og:site_name\" content=\"Pittini Gruppe\" \/>\n<meta property=\"article:modified_time\" content=\"2024-05-30T13:18:25+00:00\" \/>\n<meta property=\"og:image\" content=\"https:\/\/www.pittini.com\/wp-content\/uploads\/sites\/21\/Gruppo-Pittini-rete-elettrosaldata-standard.jpg\" \/>\n\t<meta property=\"og:image:width\" content=\"1900\" \/>\n\t<meta property=\"og:image:height\" content=\"560\" \/>\n\t<meta property=\"og:image:type\" content=\"image\/jpeg\" \/>\n<meta name=\"twitter:label1\" content=\"Gesch\u00e4tzte Lesezeit\" \/>\n\t<meta name=\"twitter:data1\" content=\"1\u00a0Minute\" \/>\n<script type=\"application\/ld+json\" class=\"yoast-schema-graph\">{\"@context\":\"https:\\\/\\\/schema.org\",\"@graph\":[{\"@type\":\"WebPage\",\"@id\":\"https:\\\/\\\/www.pittini.com\\\/de\\\/produkte\\\/bauindustrie\\\/elektrogeschweisste-standardmatten\\\/matten-italien\\\/\",\"url\":\"https:\\\/\\\/www.pittini.com\\\/de\\\/produkte\\\/bauindustrie\\\/elektrogeschweisste-standardmatten\\\/matten-italien\\\/\",\"name\":\"Standardmatten f\u00fcr Italien. Typ B450A und B450C - Pittini\",\"isPartOf\":{\"@id\":\"https:\\\/\\\/www.pittini.com\\\/de\\\/#website\"},\"primaryImageOfPage\":{\"@id\":\"https:\\\/\\\/www.pittini.com\\\/de\\\/produkte\\\/bauindustrie\\\/elektrogeschweisste-standardmatten\\\/matten-italien\\\/#primaryimage\"},\"image\":{\"@id\":\"https:\\\/\\\/www.pittini.com\\\/de\\\/produkte\\\/bauindustrie\\\/elektrogeschweisste-standardmatten\\\/matten-italien\\\/#primaryimage\"},\"thumbnailUrl\":\"https:\\\/\\\/www.pittini.com\\\/wp-content\\\/uploads\\\/sites\\\/21\\\/Gruppo-Pittini-rete-elettrosaldata-standard.jpg\",\"datePublished\":\"2018-03-21T09:09:39+00:00\",\"dateModified\":\"2024-05-30T13:18:25+00:00\",\"description\":\"Die Pittini Gruppe stellt Bewehrungsmatten f\u00fcr den italienischen Markt her: Typ B450A und B450C. Datenbl\u00e4tter, Abmessungen, Details.\",\"breadcrumb\":{\"@id\":\"https:\\\/\\\/www.pittini.com\\\/de\\\/produkte\\\/bauindustrie\\\/elektrogeschweisste-standardmatten\\\/matten-italien\\\/#breadcrumb\"},\"inLanguage\":\"de\",\"potentialAction\":[{\"@type\":\"ReadAction\",\"target\":[\"https:\\\/\\\/www.pittini.com\\\/de\\\/produkte\\\/bauindustrie\\\/elektrogeschweisste-standardmatten\\\/matten-italien\\\/\"]}]},{\"@type\":\"ImageObject\",\"inLanguage\":\"de\",\"@id\":\"https:\\\/\\\/www.pittini.com\\\/de\\\/produkte\\\/bauindustrie\\\/elektrogeschweisste-standardmatten\\\/matten-italien\\\/#primaryimage\",\"url\":\"https:\\\/\\\/www.pittini.com\\\/wp-content\\\/uploads\\\/sites\\\/21\\\/Gruppo-Pittini-rete-elettrosaldata-standard.jpg\",\"contentUrl\":\"https:\\\/\\\/www.pittini.com\\\/wp-content\\\/uploads\\\/sites\\\/21\\\/Gruppo-Pittini-rete-elettrosaldata-standard.jpg\",\"width\":1900,\"height\":560},{\"@type\":\"BreadcrumbList\",\"@id\":\"https:\\\/\\\/www.pittini.com\\\/de\\\/produkte\\\/bauindustrie\\\/elektrogeschweisste-standardmatten\\\/matten-italien\\\/#breadcrumb\",\"itemListElement\":[{\"@type\":\"ListItem\",\"position\":1,\"name\":\"Home\",\"item\":\"https:\\\/\\\/www.pittini.com\\\/de\\\/\"},{\"@type\":\"ListItem\",\"position\":2,\"name\":\"Produkte\",\"item\":\"https:\\\/\\\/www.pittini.com\\\/de\\\/produkte\\\/\"},{\"@type\":\"ListItem\",\"position\":3,\"name\":\"Baustahl\",\"item\":\"https:\\\/\\\/www.pittini.com\\\/de\\\/produkte\\\/bauindustrie\\\/\"},{\"@type\":\"ListItem\",\"position\":4,\"name\":\"Standardmatten\",\"item\":\"https:\\\/\\\/www.pittini.com\\\/de\\\/produkte\\\/bauindustrie\\\/elektrogeschweisste-standardmatten\\\/\"},{\"@type\":\"ListItem\",\"position\":5,\"name\":\"Matten Italien\"}]},{\"@type\":\"WebSite\",\"@id\":\"https:\\\/\\\/www.pittini.com\\\/de\\\/#website\",\"url\":\"https:\\\/\\\/www.pittini.com\\\/de\\\/\",\"name\":\"Pittini Gruppe\",\"description\":\"A group of companies that manage to cover all the production process\",\"potentialAction\":[{\"@type\":\"SearchAction\",\"target\":{\"@type\":\"EntryPoint\",\"urlTemplate\":\"https:\\\/\\\/www.pittini.com\\\/de\\\/?s={search_term_string}\"},\"query-input\":{\"@type\":\"PropertyValueSpecification\",\"valueRequired\":true,\"valueName\":\"search_term_string\"}}],\"inLanguage\":\"de\"}]}<\/script>\n<!-- \/ Yoast SEO plugin. -->","yoast_head_json":{"title":"Standardmatten f\u00fcr Italien. Typ B450A und B450C - Pittini","description":"Die Pittini Gruppe stellt Bewehrungsmatten f\u00fcr den italienischen Markt her: Typ B450A und B450C. Datenbl\u00e4tter, Abmessungen, Details.","robots":{"index":"index","follow":"follow","max-snippet":"max-snippet:-1","max-image-preview":"max-image-preview:large","max-video-preview":"max-video-preview:-1"},"canonical":"https:\/\/www.pittini.com\/de\/produkte\/bauindustrie\/elektrogeschweisste-standardmatten\/matten-italien\/","og_locale":"de_DE","og_type":"article","og_title":"Standardmatten f\u00fcr Italien. Typ B450A und B450C - Pittini","og_description":"Die Pittini Gruppe stellt Bewehrungsmatten f\u00fcr den italienischen Markt her: Typ B450A und B450C. Datenbl\u00e4tter, Abmessungen, Details.","og_url":"https:\/\/www.pittini.com\/de\/produkte\/bauindustrie\/elektrogeschweisste-standardmatten\/matten-italien\/","og_site_name":"Pittini Gruppe","article_modified_time":"2024-05-30T13:18:25+00:00","og_image":[{"width":1900,"height":560,"url":"https:\/\/www.pittini.com\/wp-content\/uploads\/sites\/21\/Gruppo-Pittini-rete-elettrosaldata-standard.jpg","type":"image\/jpeg"}],"twitter_misc":{"Gesch\u00e4tzte Lesezeit":"1\u00a0Minute"},"schema":{"@context":"https:\/\/schema.org","@graph":[{"@type":"WebPage","@id":"https:\/\/www.pittini.com\/de\/produkte\/bauindustrie\/elektrogeschweisste-standardmatten\/matten-italien\/","url":"https:\/\/www.pittini.com\/de\/produkte\/bauindustrie\/elektrogeschweisste-standardmatten\/matten-italien\/","name":"Standardmatten f\u00fcr Italien. Typ B450A und B450C - Pittini","isPartOf":{"@id":"https:\/\/www.pittini.com\/de\/#website"},"primaryImageOfPage":{"@id":"https:\/\/www.pittini.com\/de\/produkte\/bauindustrie\/elektrogeschweisste-standardmatten\/matten-italien\/#primaryimage"},"image":{"@id":"https:\/\/www.pittini.com\/de\/produkte\/bauindustrie\/elektrogeschweisste-standardmatten\/matten-italien\/#primaryimage"},"thumbnailUrl":"https:\/\/www.pittini.com\/wp-content\/uploads\/sites\/21\/Gruppo-Pittini-rete-elettrosaldata-standard.jpg","datePublished":"2018-03-21T09:09:39+00:00","dateModified":"2024-05-30T13:18:25+00:00","description":"Die Pittini Gruppe stellt Bewehrungsmatten f\u00fcr den italienischen Markt her: Typ B450A und B450C. Datenbl\u00e4tter, Abmessungen, Details.","breadcrumb":{"@id":"https:\/\/www.pittini.com\/de\/produkte\/bauindustrie\/elektrogeschweisste-standardmatten\/matten-italien\/#breadcrumb"},"inLanguage":"de","potentialAction":[{"@type":"ReadAction","target":["https:\/\/www.pittini.com\/de\/produkte\/bauindustrie\/elektrogeschweisste-standardmatten\/matten-italien\/"]}]},{"@type":"ImageObject","inLanguage":"de","@id":"https:\/\/www.pittini.com\/de\/produkte\/bauindustrie\/elektrogeschweisste-standardmatten\/matten-italien\/#primaryimage","url":"https:\/\/www.pittini.com\/wp-content\/uploads\/sites\/21\/Gruppo-Pittini-rete-elettrosaldata-standard.jpg","contentUrl":"https:\/\/www.pittini.com\/wp-content\/uploads\/sites\/21\/Gruppo-Pittini-rete-elettrosaldata-standard.jpg","width":1900,"height":560},{"@type":"BreadcrumbList","@id":"https:\/\/www.pittini.com\/de\/produkte\/bauindustrie\/elektrogeschweisste-standardmatten\/matten-italien\/#breadcrumb","itemListElement":[{"@type":"ListItem","position":1,"name":"Home","item":"https:\/\/www.pittini.com\/de\/"},{"@type":"ListItem","position":2,"name":"Produkte","item":"https:\/\/www.pittini.com\/de\/produkte\/"},{"@type":"ListItem","position":3,"name":"Baustahl","item":"https:\/\/www.pittini.com\/de\/produkte\/bauindustrie\/"},{"@type":"ListItem","position":4,"name":"Standardmatten","item":"https:\/\/www.pittini.com\/de\/produkte\/bauindustrie\/elektrogeschweisste-standardmatten\/"},{"@type":"ListItem","position":5,"name":"Matten Italien"}]},{"@type":"WebSite","@id":"https:\/\/www.pittini.com\/de\/#website","url":"https:\/\/www.pittini.com\/de\/","name":"Pittini Gruppe","description":"A group of companies that manage to cover all the production process","potentialAction":[{"@type":"SearchAction","target":{"@type":"EntryPoint","urlTemplate":"https:\/\/www.pittini.com\/de\/?s={search_term_string}"},"query-input":{"@type":"PropertyValueSpecification","valueRequired":true,"valueName":"search_term_string"}}],"inLanguage":"de"}]}},"_links":{"self":[{"href":"https:\/\/www.pittini.com\/de\/wp-json\/wp\/v2\/pages\/8571","targetHints":{"allow":["GET"]}}],"collection":[{"href":"https:\/\/www.pittini.com\/de\/wp-json\/wp\/v2\/pages"}],"about":[{"href":"https:\/\/www.pittini.com\/de\/wp-json\/wp\/v2\/types\/page"}],"author":[{"embeddable":true,"href":"https:\/\/www.pittini.com\/de\/wp-json\/wp\/v2\/users\/1"}],"replies":[{"embeddable":true,"href":"https:\/\/www.pittini.com\/de\/wp-json\/wp\/v2\/comments?post=8571"}],"version-history":[{"count":25,"href":"https:\/\/www.pittini.com\/de\/wp-json\/wp\/v2\/pages\/8571\/revisions"}],"predecessor-version":[{"id":26989,"href":"https:\/\/www.pittini.com\/de\/wp-json\/wp\/v2\/pages\/8571\/revisions\/26989"}],"up":[{"embeddable":true,"href":"https:\/\/www.pittini.com\/de\/wp-json\/wp\/v2\/pages\/8565"}],"wp:featuredmedia":[{"embeddable":true,"href":"https:\/\/www.pittini.com\/de\/wp-json\/wp\/v2\/media\/24510"}],"wp:attachment":[{"href":"https:\/\/www.pittini.com\/de\/wp-json\/wp\/v2\/media?parent=8571"}],"curies":[{"name":"wp","href":"https:\/\/api.w.org\/{rel}","templated":true}]}}