{"id":8565,"date":"2018-03-21T10:07:48","date_gmt":"2018-03-21T09:07:48","guid":{"rendered":"https:\/\/new.pittini.it\/produkte\/edilizia\/reti-standard\/"},"modified":"2024-02-13T09:35:10","modified_gmt":"2024-02-13T08:35:10","slug":"elektrogeschweisste-standardmatten","status":"publish","type":"page","link":"https:\/\/www.pittini.com\/de\/produkte\/bauindustrie\/elektrogeschweisste-standardmatten\/","title":{"rendered":"Standardmatten"},"content":{"rendered":"<p style=\"text-align: justify;\">Die <strong>Pittini Gruppe <\/strong>geh\u00f6rt mit 8 eigenen Werken (in Italien, \u00d6sterreich, Slowenien, Tschechien und Slowakei) sowie einer weit verbreiteten Handelspr\u00e4senz zu den<strong> europ\u00e4ischen Spitzenherstellern von Bewehrungsmatten <\/strong>und zu den ersten, die diese Art von Produkt auf dem Markt eingef\u00fchrt haben.<\/p>\n<p style=\"text-align: justify;\">Kontinuierliche Investitionen in die Erneuerung der Produktionsanlagen, das Know-how des hochqualifizierten technischen Personals und die in mehr als 60 Jahren gewonnene Erfahrung in der Herstellung von Bewehrungsmatten machen den Konzern heute zu einem Bezugspunkt in der Branche, der in der Lage ist, die Bed\u00fcrfnisse aller seiner Partner bestm\u00f6glich zufriedenzustellen. Ein organisiertes <a href=\"https:\/\/www.pittini.com\/de\/vertriebsnetz\/\">Vertriebsnetz<\/a> sorgt f\u00fcr einen fl\u00e4chendeckenden Vertrieb, und ein engagiertes Serviceteam steht den Kunden in allen Phasen zur Seite.<\/p>\n<p style=\"text-align: justify;\">Die <strong>Bewehrungsmatten von PITTINI<\/strong> stellen im Bereich des <a href=\"https:\/\/www.pittini.com\/de\/produkte\/bauindustrie\/elektrogeschweisste-sondermatten\/\">Baustahls<\/a> ein hochwertiges Produkt dar, das maximale Sicherheit f\u00fcr Geb\u00e4ude und Konstruktionen garantiert. Sie bestehen aus HD-Stahl (Hohe Duktibilit\u00e4t) mit herausragenden Qualit\u00e4tsmerkmalen, die durch die strengen Kontrollen w\u00e4hrend der gesamten Lieferkette gew\u00e4hrleistet werden, die mit der sorgf\u00e4ltigen Pr\u00fcfung des Rohmaterials beginnt: recycelte Eisenwerkstoffe, die im Elektroofen geschmolzen werden, der umweltfreundlichsten L\u00f6sung f\u00fcr diese Art der Verarbeitung.<\/p>\n<p style=\"text-align: justify;\">Die im Werk Osoppo hergestellten <strong>Elektrogeschwei\u00dfte Matten<\/strong> haben die <strong>EPD Zertifizierung<\/strong> <em>&#8211; Environmental Product Declaration &#8211;<\/em> durch den zertifizierenden <strong>Partner ICMQ<\/strong>, das Institut f\u00fcr Zertifizierung und Qualit\u00e4tsabzeichen f\u00fcr Bauprodukte und Dienstleistungen, erhalten.<\/p>\n<p><a href=\"https:\/\/www.pittini.com\/wp-content\/uploads\/sites\/21\/Pittini-Gruppe-elektrogeschweisste-matten-und-gittertrager-DEU.pdf\" target=\"_blank\" rel=\"noopener\">Downloaden EPD Zertifizierung<\/a><\/p>\n<p style=\"text-align: justify;\">Das Angebot der Pittini Gruppe an Bewehrungsmatten wird durch die F\u00e4higkeit erg\u00e4nzt, <a href=\"https:\/\/www.pittini.com\/de\/produkte\/bauindustrie\/elektrogeschweisste-sondermatten\/\">Sondermatten nach Kundenzeichnungen zu entwerfen und herzustellen.<\/a><\/p>\n","protected":false},"excerpt":{"rendered":"<p>Die Pittini Gruppe geh\u00f6rt mit 8 eigenen Werken (in Italien, \u00d6sterreich, Slowenien, Tschechien und Slowakei) sowie einer weit verbreiteten Handelspr\u00e4senz zu den europ\u00e4ischen Spitzenherstellern von Bewehrungsmatten und zu den ersten, die diese Art von [&hellip;]<\/p>\n","protected":false},"author":1,"featured_media":24510,"parent":8538,"menu_order":2,"comment_status":"closed","ping_status":"closed","template":"page-rete-standard.php","meta":{"_acf_changed":false,"footnotes":""},"class_list":["post-8565","page","type-page","status-publish","has-post-thumbnail","hentry"],"acf":[],"yoast_head":"<!-- This site is optimized with the Yoast SEO plugin v27.5 - https:\/\/yoast.com\/product\/yoast-seo-wordpress\/ -->\n<title>Standardmatten f\u00fcr Beton und Bauwesen - Pittini<\/title>\n<meta name=\"description\" content=\"Entdecken Sie die breite Palette an Standardmatten der Pittini Gruppe: die umfangreichste auf dem Markt, dank moderner Ausr\u00fcstung und hochwertigem Stahl.\" \/>\n<meta name=\"robots\" content=\"index, follow, max-snippet:-1, max-image-preview:large, max-video-preview:-1\" \/>\n<link rel=\"canonical\" href=\"https:\/\/www.pittini.com\/de\/produkte\/bauindustrie\/elektrogeschweisste-standardmatten\/\" \/>\n<meta property=\"og:locale\" content=\"de_DE\" \/>\n<meta property=\"og:type\" content=\"article\" \/>\n<meta property=\"og:title\" content=\"Standardmatten f\u00fcr Beton und Bauwesen - Pittini\" \/>\n<meta property=\"og:description\" content=\"Entdecken Sie die breite Palette an Standardmatten der Pittini Gruppe: die umfangreichste auf dem Markt, dank moderner Ausr\u00fcstung und hochwertigem Stahl.\" \/>\n<meta property=\"og:url\" content=\"https:\/\/www.pittini.com\/de\/produkte\/bauindustrie\/elektrogeschweisste-standardmatten\/\" \/>\n<meta property=\"og:site_name\" content=\"Pittini Gruppe\" \/>\n<meta property=\"article:modified_time\" content=\"2024-02-13T08:35:10+00:00\" \/>\n<meta property=\"og:image\" content=\"https:\/\/www.pittini.com\/wp-content\/uploads\/sites\/21\/Gruppo-Pittini-rete-elettrosaldata-standard.jpg\" \/>\n\t<meta property=\"og:image:width\" content=\"1900\" \/>\n\t<meta property=\"og:image:height\" content=\"560\" \/>\n\t<meta property=\"og:image:type\" content=\"image\/jpeg\" \/>\n<meta name=\"twitter:label1\" content=\"Gesch\u00e4tzte Lesezeit\" \/>\n\t<meta name=\"twitter:data1\" content=\"1\u00a0Minute\" \/>\n<script type=\"application\/ld+json\" class=\"yoast-schema-graph\">{\"@context\":\"https:\\\/\\\/schema.org\",\"@graph\":[{\"@type\":\"WebPage\",\"@id\":\"https:\\\/\\\/www.pittini.com\\\/de\\\/produkte\\\/bauindustrie\\\/elektrogeschweisste-standardmatten\\\/\",\"url\":\"https:\\\/\\\/www.pittini.com\\\/de\\\/produkte\\\/bauindustrie\\\/elektrogeschweisste-standardmatten\\\/\",\"name\":\"Standardmatten f\u00fcr Beton und Bauwesen - Pittini\",\"isPartOf\":{\"@id\":\"https:\\\/\\\/www.pittini.com\\\/de\\\/#website\"},\"primaryImageOfPage\":{\"@id\":\"https:\\\/\\\/www.pittini.com\\\/de\\\/produkte\\\/bauindustrie\\\/elektrogeschweisste-standardmatten\\\/#primaryimage\"},\"image\":{\"@id\":\"https:\\\/\\\/www.pittini.com\\\/de\\\/produkte\\\/bauindustrie\\\/elektrogeschweisste-standardmatten\\\/#primaryimage\"},\"thumbnailUrl\":\"https:\\\/\\\/www.pittini.com\\\/wp-content\\\/uploads\\\/sites\\\/21\\\/Gruppo-Pittini-rete-elettrosaldata-standard.jpg\",\"datePublished\":\"2018-03-21T09:07:48+00:00\",\"dateModified\":\"2024-02-13T08:35:10+00:00\",\"description\":\"Entdecken Sie die breite Palette an Standardmatten der Pittini Gruppe: die umfangreichste auf dem Markt, dank moderner Ausr\u00fcstung und hochwertigem Stahl.\",\"breadcrumb\":{\"@id\":\"https:\\\/\\\/www.pittini.com\\\/de\\\/produkte\\\/bauindustrie\\\/elektrogeschweisste-standardmatten\\\/#breadcrumb\"},\"inLanguage\":\"de\",\"potentialAction\":[{\"@type\":\"ReadAction\",\"target\":[\"https:\\\/\\\/www.pittini.com\\\/de\\\/produkte\\\/bauindustrie\\\/elektrogeschweisste-standardmatten\\\/\"]}]},{\"@type\":\"ImageObject\",\"inLanguage\":\"de\",\"@id\":\"https:\\\/\\\/www.pittini.com\\\/de\\\/produkte\\\/bauindustrie\\\/elektrogeschweisste-standardmatten\\\/#primaryimage\",\"url\":\"https:\\\/\\\/www.pittini.com\\\/wp-content\\\/uploads\\\/sites\\\/21\\\/Gruppo-Pittini-rete-elettrosaldata-standard.jpg\",\"contentUrl\":\"https:\\\/\\\/www.pittini.com\\\/wp-content\\\/uploads\\\/sites\\\/21\\\/Gruppo-Pittini-rete-elettrosaldata-standard.jpg\",\"width\":1900,\"height\":560},{\"@type\":\"BreadcrumbList\",\"@id\":\"https:\\\/\\\/www.pittini.com\\\/de\\\/produkte\\\/bauindustrie\\\/elektrogeschweisste-standardmatten\\\/#breadcrumb\",\"itemListElement\":[{\"@type\":\"ListItem\",\"position\":1,\"name\":\"Home\",\"item\":\"https:\\\/\\\/www.pittini.com\\\/de\\\/\"},{\"@type\":\"ListItem\",\"position\":2,\"name\":\"Produkte\",\"item\":\"https:\\\/\\\/www.pittini.com\\\/de\\\/produkte\\\/\"},{\"@type\":\"ListItem\",\"position\":3,\"name\":\"Baustahl\",\"item\":\"https:\\\/\\\/www.pittini.com\\\/de\\\/produkte\\\/bauindustrie\\\/\"},{\"@type\":\"ListItem\",\"position\":4,\"name\":\"Standardmatten\"}]},{\"@type\":\"WebSite\",\"@id\":\"https:\\\/\\\/www.pittini.com\\\/de\\\/#website\",\"url\":\"https:\\\/\\\/www.pittini.com\\\/de\\\/\",\"name\":\"Pittini Gruppe\",\"description\":\"A group of companies that manage to cover all the production process\",\"potentialAction\":[{\"@type\":\"SearchAction\",\"target\":{\"@type\":\"EntryPoint\",\"urlTemplate\":\"https:\\\/\\\/www.pittini.com\\\/de\\\/?s={search_term_string}\"},\"query-input\":{\"@type\":\"PropertyValueSpecification\",\"valueRequired\":true,\"valueName\":\"search_term_string\"}}],\"inLanguage\":\"de\"}]}<\/script>\n<!-- \/ Yoast SEO plugin. -->","yoast_head_json":{"title":"Standardmatten f\u00fcr Beton und Bauwesen - Pittini","description":"Entdecken Sie die breite Palette an Standardmatten der Pittini Gruppe: die umfangreichste auf dem Markt, dank moderner Ausr\u00fcstung und hochwertigem Stahl.","robots":{"index":"index","follow":"follow","max-snippet":"max-snippet:-1","max-image-preview":"max-image-preview:large","max-video-preview":"max-video-preview:-1"},"canonical":"https:\/\/www.pittini.com\/de\/produkte\/bauindustrie\/elektrogeschweisste-standardmatten\/","og_locale":"de_DE","og_type":"article","og_title":"Standardmatten f\u00fcr Beton und Bauwesen - Pittini","og_description":"Entdecken Sie die breite Palette an Standardmatten der Pittini Gruppe: die umfangreichste auf dem Markt, dank moderner Ausr\u00fcstung und hochwertigem Stahl.","og_url":"https:\/\/www.pittini.com\/de\/produkte\/bauindustrie\/elektrogeschweisste-standardmatten\/","og_site_name":"Pittini Gruppe","article_modified_time":"2024-02-13T08:35:10+00:00","og_image":[{"width":1900,"height":560,"url":"https:\/\/www.pittini.com\/wp-content\/uploads\/sites\/21\/Gruppo-Pittini-rete-elettrosaldata-standard.jpg","type":"image\/jpeg"}],"twitter_misc":{"Gesch\u00e4tzte Lesezeit":"1\u00a0Minute"},"schema":{"@context":"https:\/\/schema.org","@graph":[{"@type":"WebPage","@id":"https:\/\/www.pittini.com\/de\/produkte\/bauindustrie\/elektrogeschweisste-standardmatten\/","url":"https:\/\/www.pittini.com\/de\/produkte\/bauindustrie\/elektrogeschweisste-standardmatten\/","name":"Standardmatten f\u00fcr Beton und Bauwesen - Pittini","isPartOf":{"@id":"https:\/\/www.pittini.com\/de\/#website"},"primaryImageOfPage":{"@id":"https:\/\/www.pittini.com\/de\/produkte\/bauindustrie\/elektrogeschweisste-standardmatten\/#primaryimage"},"image":{"@id":"https:\/\/www.pittini.com\/de\/produkte\/bauindustrie\/elektrogeschweisste-standardmatten\/#primaryimage"},"thumbnailUrl":"https:\/\/www.pittini.com\/wp-content\/uploads\/sites\/21\/Gruppo-Pittini-rete-elettrosaldata-standard.jpg","datePublished":"2018-03-21T09:07:48+00:00","dateModified":"2024-02-13T08:35:10+00:00","description":"Entdecken Sie die breite Palette an Standardmatten der Pittini Gruppe: die umfangreichste auf dem Markt, dank moderner Ausr\u00fcstung und hochwertigem Stahl.","breadcrumb":{"@id":"https:\/\/www.pittini.com\/de\/produkte\/bauindustrie\/elektrogeschweisste-standardmatten\/#breadcrumb"},"inLanguage":"de","potentialAction":[{"@type":"ReadAction","target":["https:\/\/www.pittini.com\/de\/produkte\/bauindustrie\/elektrogeschweisste-standardmatten\/"]}]},{"@type":"ImageObject","inLanguage":"de","@id":"https:\/\/www.pittini.com\/de\/produkte\/bauindustrie\/elektrogeschweisste-standardmatten\/#primaryimage","url":"https:\/\/www.pittini.com\/wp-content\/uploads\/sites\/21\/Gruppo-Pittini-rete-elettrosaldata-standard.jpg","contentUrl":"https:\/\/www.pittini.com\/wp-content\/uploads\/sites\/21\/Gruppo-Pittini-rete-elettrosaldata-standard.jpg","width":1900,"height":560},{"@type":"BreadcrumbList","@id":"https:\/\/www.pittini.com\/de\/produkte\/bauindustrie\/elektrogeschweisste-standardmatten\/#breadcrumb","itemListElement":[{"@type":"ListItem","position":1,"name":"Home","item":"https:\/\/www.pittini.com\/de\/"},{"@type":"ListItem","position":2,"name":"Produkte","item":"https:\/\/www.pittini.com\/de\/produkte\/"},{"@type":"ListItem","position":3,"name":"Baustahl","item":"https:\/\/www.pittini.com\/de\/produkte\/bauindustrie\/"},{"@type":"ListItem","position":4,"name":"Standardmatten"}]},{"@type":"WebSite","@id":"https:\/\/www.pittini.com\/de\/#website","url":"https:\/\/www.pittini.com\/de\/","name":"Pittini Gruppe","description":"A group of companies that manage to cover all the production process","potentialAction":[{"@type":"SearchAction","target":{"@type":"EntryPoint","urlTemplate":"https:\/\/www.pittini.com\/de\/?s={search_term_string}"},"query-input":{"@type":"PropertyValueSpecification","valueRequired":true,"valueName":"search_term_string"}}],"inLanguage":"de"}]}},"_links":{"self":[{"href":"https:\/\/www.pittini.com\/de\/wp-json\/wp\/v2\/pages\/8565","targetHints":{"allow":["GET"]}}],"collection":[{"href":"https:\/\/www.pittini.com\/de\/wp-json\/wp\/v2\/pages"}],"about":[{"href":"https:\/\/www.pittini.com\/de\/wp-json\/wp\/v2\/types\/page"}],"author":[{"embeddable":true,"href":"https:\/\/www.pittini.com\/de\/wp-json\/wp\/v2\/users\/1"}],"replies":[{"embeddable":true,"href":"https:\/\/www.pittini.com\/de\/wp-json\/wp\/v2\/comments?post=8565"}],"version-history":[{"count":13,"href":"https:\/\/www.pittini.com\/de\/wp-json\/wp\/v2\/pages\/8565\/revisions"}],"predecessor-version":[{"id":26842,"href":"https:\/\/www.pittini.com\/de\/wp-json\/wp\/v2\/pages\/8565\/revisions\/26842"}],"up":[{"embeddable":true,"href":"https:\/\/www.pittini.com\/de\/wp-json\/wp\/v2\/pages\/8538"}],"wp:featuredmedia":[{"embeddable":true,"href":"https:\/\/www.pittini.com\/de\/wp-json\/wp\/v2\/media\/24510"}],"wp:attachment":[{"href":"https:\/\/www.pittini.com\/de\/wp-json\/wp\/v2\/media?parent=8565"}],"curies":[{"name":"wp","href":"https:\/\/api.w.org\/{rel}","templated":true}]}}