{"id":8538,"date":"2018-03-21T10:06:35","date_gmt":"2018-03-21T09:06:35","guid":{"rendered":"https:\/\/new.pittini.it\/produkte\/edilizia\/"},"modified":"2026-04-24T17:28:18","modified_gmt":"2026-04-24T15:28:18","slug":"bauindustrie","status":"publish","type":"page","link":"https:\/\/www.pittini.com\/de\/produkte\/bauindustrie\/","title":{"rendered":"Baustahl"},"content":{"rendered":"<p style=\"text-align: justify;\">Stahl ist das R\u00fcckgrat der meisten modernen Geb\u00e4ude: Er ist der wesentliche Bestandteil f\u00fcr das moderne Bauen und f\u00fcr den Bau gro\u00dfer Infrastrukturprojekte. Die Vielfalt der von der <strong>Pittini Gruppe <\/strong>angebotenen Stahll\u00f6sungen f\u00fcr den Stahlbeton geh\u00f6rt zu den umfassendsten auf dem Markt und erf\u00fcllt alle baulichen Anforderungen.<\/p>\n<p style=\"text-align: justify;\">Der Konzern hat in diesem Bereich zu zahlreichen <a href=\"https:\/\/www.pittini.it\/innovazione\/\">Innovationen <\/a><a href=\"https:\/\/www.pittini.it\/innovazione\/\">in der Stahlbranche<\/a> beigetragen. Anfang der 60er Jahre wurde mit der Produktion von <a href=\"https:\/\/www.pittini.com\/de\/produkte\/strassen\/gittertraeger\/\">Gittertr\u00e4gern<\/a> und <a href=\"https:\/\/www.pittini.com\/de\/produkte\/bauindustrie\/elektrogeschweisste-standardmatten\/\">Bewehrungsmatten<\/a> begonnen, um den Bau zu industrialisieren und die f\u00fcr die Verlegung auf der Baustelle ben\u00f6tigte Zeit erheblich zu reduzieren. In j\u00fcngster Zeit hat die Pittini Gruppe als erstes Unternehmen weltweit das <a href=\"https:\/\/www.pittini.com\/de\/produkte\/bauindustrie\/rundstahl-vom-coil\/\">warmgewalzte Coil<\/a> eingef\u00fchrt, das sich durch eine kompakte Verpackung und eine verdrehungsfreie Spule-auf-Spule-Wicklung auszeichnet, die es erm\u00f6glicht, gleichm\u00e4\u00dfige mechanische Eigenschaften im gesamten Draht zu erzielen.<br \/>\n<a class=\"cta-dl\" href=\"https:\/\/www.pittini.com\/wp-content\/uploads\/sites\/21\/Pittini-Gruppe-baustahl-katalog-2026-DE.pdf\" target=\"_blank\" rel=\"noopener noreferrer\">Herunterladen Bauindustrie Katalog<\/a><\/p>\n","protected":false},"excerpt":{"rendered":"<p>Stahl ist das R\u00fcckgrat der meisten modernen Geb\u00e4ude: Er ist der wesentliche Bestandteil f\u00fcr das moderne Bauen und f\u00fcr den Bau gro\u00dfer Infrastrukturprojekte. Die Vielfalt der von der Pittini Gruppe angebotenen Stahll\u00f6sungen f\u00fcr den [&hellip;]<\/p>\n","protected":false},"author":1,"featured_media":20656,"parent":8449,"menu_order":7,"comment_status":"closed","ping_status":"closed","template":"page-soluzione.php","meta":{"_acf_changed":false,"footnotes":""},"class_list":["post-8538","page","type-page","status-publish","has-post-thumbnail","hentry"],"acf":[],"yoast_head":"<!-- This site is optimized with the Yoast SEO plugin v27.4 - https:\/\/yoast.com\/product\/yoast-seo-wordpress\/ -->\n<title>Bau- und Konstruktionsstahl: L\u00f6sungen f\u00fcr das Bauwesen - Pittini<\/title>\n<meta name=\"description\" content=\"Entdecken Sie die Stahlbetonstahll\u00f6sungen der Pittini Gruppe: die umfassendsten auf dem Markt, die alle Anforderungen des modernen Bauwesens erf\u00fcllen.\" \/>\n<meta name=\"robots\" content=\"index, follow, max-snippet:-1, max-image-preview:large, max-video-preview:-1\" \/>\n<link rel=\"canonical\" href=\"https:\/\/www.pittini.com\/de\/produkte\/bauindustrie\/\" \/>\n<meta property=\"og:locale\" content=\"de_DE\" \/>\n<meta property=\"og:type\" content=\"article\" \/>\n<meta property=\"og:title\" content=\"Bau- und Konstruktionsstahl: L\u00f6sungen f\u00fcr das Bauwesen - Pittini\" \/>\n<meta property=\"og:description\" content=\"Entdecken Sie die Stahlbetonstahll\u00f6sungen der Pittini Gruppe: die umfassendsten auf dem Markt, die alle Anforderungen des modernen Bauwesens erf\u00fcllen.\" \/>\n<meta property=\"og:url\" content=\"https:\/\/www.pittini.com\/de\/produkte\/bauindustrie\/\" \/>\n<meta property=\"og:site_name\" content=\"Pittini Gruppe\" \/>\n<meta property=\"article:modified_time\" content=\"2026-04-24T15:28:18+00:00\" \/>\n<meta property=\"og:image\" content=\"https:\/\/www.pittini.com\/wp-content\/uploads\/sites\/21\/Gruppo-Pittini-hero-edilizia.jpg\" \/>\n\t<meta property=\"og:image:width\" content=\"1900\" \/>\n\t<meta property=\"og:image:height\" content=\"560\" \/>\n\t<meta property=\"og:image:type\" content=\"image\/jpeg\" \/>\n<meta name=\"twitter:label1\" content=\"Gesch\u00e4tzte Lesezeit\" \/>\n\t<meta name=\"twitter:data1\" content=\"1\u00a0Minute\" \/>\n<script type=\"application\/ld+json\" class=\"yoast-schema-graph\">{\"@context\":\"https:\\\/\\\/schema.org\",\"@graph\":[{\"@type\":\"WebPage\",\"@id\":\"https:\\\/\\\/www.pittini.com\\\/de\\\/produkte\\\/bauindustrie\\\/\",\"url\":\"https:\\\/\\\/www.pittini.com\\\/de\\\/produkte\\\/bauindustrie\\\/\",\"name\":\"Bau- und Konstruktionsstahl: L\u00f6sungen f\u00fcr das Bauwesen - Pittini\",\"isPartOf\":{\"@id\":\"https:\\\/\\\/www.pittini.com\\\/de\\\/#website\"},\"primaryImageOfPage\":{\"@id\":\"https:\\\/\\\/www.pittini.com\\\/de\\\/produkte\\\/bauindustrie\\\/#primaryimage\"},\"image\":{\"@id\":\"https:\\\/\\\/www.pittini.com\\\/de\\\/produkte\\\/bauindustrie\\\/#primaryimage\"},\"thumbnailUrl\":\"https:\\\/\\\/www.pittini.com\\\/wp-content\\\/uploads\\\/sites\\\/21\\\/Gruppo-Pittini-hero-edilizia.jpg\",\"datePublished\":\"2018-03-21T09:06:35+00:00\",\"dateModified\":\"2026-04-24T15:28:18+00:00\",\"description\":\"Entdecken Sie die Stahlbetonstahll\u00f6sungen der Pittini Gruppe: die umfassendsten auf dem Markt, die alle Anforderungen des modernen Bauwesens erf\u00fcllen.\",\"breadcrumb\":{\"@id\":\"https:\\\/\\\/www.pittini.com\\\/de\\\/produkte\\\/bauindustrie\\\/#breadcrumb\"},\"inLanguage\":\"de\",\"potentialAction\":[{\"@type\":\"ReadAction\",\"target\":[\"https:\\\/\\\/www.pittini.com\\\/de\\\/produkte\\\/bauindustrie\\\/\"]}]},{\"@type\":\"ImageObject\",\"inLanguage\":\"de\",\"@id\":\"https:\\\/\\\/www.pittini.com\\\/de\\\/produkte\\\/bauindustrie\\\/#primaryimage\",\"url\":\"https:\\\/\\\/www.pittini.com\\\/wp-content\\\/uploads\\\/sites\\\/21\\\/Gruppo-Pittini-hero-edilizia.jpg\",\"contentUrl\":\"https:\\\/\\\/www.pittini.com\\\/wp-content\\\/uploads\\\/sites\\\/21\\\/Gruppo-Pittini-hero-edilizia.jpg\",\"width\":1900,\"height\":560,\"caption\":\"edilizia\"},{\"@type\":\"BreadcrumbList\",\"@id\":\"https:\\\/\\\/www.pittini.com\\\/de\\\/produkte\\\/bauindustrie\\\/#breadcrumb\",\"itemListElement\":[{\"@type\":\"ListItem\",\"position\":1,\"name\":\"Home\",\"item\":\"https:\\\/\\\/www.pittini.com\\\/de\\\/\"},{\"@type\":\"ListItem\",\"position\":2,\"name\":\"Produkte\",\"item\":\"https:\\\/\\\/www.pittini.com\\\/de\\\/produkte\\\/\"},{\"@type\":\"ListItem\",\"position\":3,\"name\":\"Baustahl\"}]},{\"@type\":\"WebSite\",\"@id\":\"https:\\\/\\\/www.pittini.com\\\/de\\\/#website\",\"url\":\"https:\\\/\\\/www.pittini.com\\\/de\\\/\",\"name\":\"Pittini Gruppe\",\"description\":\"A group of companies that manage to cover all the production process\",\"potentialAction\":[{\"@type\":\"SearchAction\",\"target\":{\"@type\":\"EntryPoint\",\"urlTemplate\":\"https:\\\/\\\/www.pittini.com\\\/de\\\/?s={search_term_string}\"},\"query-input\":{\"@type\":\"PropertyValueSpecification\",\"valueRequired\":true,\"valueName\":\"search_term_string\"}}],\"inLanguage\":\"de\"}]}<\/script>\n<!-- \/ Yoast SEO plugin. -->","yoast_head_json":{"title":"Bau- und Konstruktionsstahl: L\u00f6sungen f\u00fcr das Bauwesen - Pittini","description":"Entdecken Sie die Stahlbetonstahll\u00f6sungen der Pittini Gruppe: die umfassendsten auf dem Markt, die alle Anforderungen des modernen Bauwesens erf\u00fcllen.","robots":{"index":"index","follow":"follow","max-snippet":"max-snippet:-1","max-image-preview":"max-image-preview:large","max-video-preview":"max-video-preview:-1"},"canonical":"https:\/\/www.pittini.com\/de\/produkte\/bauindustrie\/","og_locale":"de_DE","og_type":"article","og_title":"Bau- und Konstruktionsstahl: L\u00f6sungen f\u00fcr das Bauwesen - Pittini","og_description":"Entdecken Sie die Stahlbetonstahll\u00f6sungen der Pittini Gruppe: die umfassendsten auf dem Markt, die alle Anforderungen des modernen Bauwesens erf\u00fcllen.","og_url":"https:\/\/www.pittini.com\/de\/produkte\/bauindustrie\/","og_site_name":"Pittini Gruppe","article_modified_time":"2026-04-24T15:28:18+00:00","og_image":[{"width":1900,"height":560,"url":"https:\/\/www.pittini.com\/wp-content\/uploads\/sites\/21\/Gruppo-Pittini-hero-edilizia.jpg","type":"image\/jpeg"}],"twitter_misc":{"Gesch\u00e4tzte Lesezeit":"1\u00a0Minute"},"schema":{"@context":"https:\/\/schema.org","@graph":[{"@type":"WebPage","@id":"https:\/\/www.pittini.com\/de\/produkte\/bauindustrie\/","url":"https:\/\/www.pittini.com\/de\/produkte\/bauindustrie\/","name":"Bau- und Konstruktionsstahl: L\u00f6sungen f\u00fcr das Bauwesen - Pittini","isPartOf":{"@id":"https:\/\/www.pittini.com\/de\/#website"},"primaryImageOfPage":{"@id":"https:\/\/www.pittini.com\/de\/produkte\/bauindustrie\/#primaryimage"},"image":{"@id":"https:\/\/www.pittini.com\/de\/produkte\/bauindustrie\/#primaryimage"},"thumbnailUrl":"https:\/\/www.pittini.com\/wp-content\/uploads\/sites\/21\/Gruppo-Pittini-hero-edilizia.jpg","datePublished":"2018-03-21T09:06:35+00:00","dateModified":"2026-04-24T15:28:18+00:00","description":"Entdecken Sie die Stahlbetonstahll\u00f6sungen der Pittini Gruppe: die umfassendsten auf dem Markt, die alle Anforderungen des modernen Bauwesens erf\u00fcllen.","breadcrumb":{"@id":"https:\/\/www.pittini.com\/de\/produkte\/bauindustrie\/#breadcrumb"},"inLanguage":"de","potentialAction":[{"@type":"ReadAction","target":["https:\/\/www.pittini.com\/de\/produkte\/bauindustrie\/"]}]},{"@type":"ImageObject","inLanguage":"de","@id":"https:\/\/www.pittini.com\/de\/produkte\/bauindustrie\/#primaryimage","url":"https:\/\/www.pittini.com\/wp-content\/uploads\/sites\/21\/Gruppo-Pittini-hero-edilizia.jpg","contentUrl":"https:\/\/www.pittini.com\/wp-content\/uploads\/sites\/21\/Gruppo-Pittini-hero-edilizia.jpg","width":1900,"height":560,"caption":"edilizia"},{"@type":"BreadcrumbList","@id":"https:\/\/www.pittini.com\/de\/produkte\/bauindustrie\/#breadcrumb","itemListElement":[{"@type":"ListItem","position":1,"name":"Home","item":"https:\/\/www.pittini.com\/de\/"},{"@type":"ListItem","position":2,"name":"Produkte","item":"https:\/\/www.pittini.com\/de\/produkte\/"},{"@type":"ListItem","position":3,"name":"Baustahl"}]},{"@type":"WebSite","@id":"https:\/\/www.pittini.com\/de\/#website","url":"https:\/\/www.pittini.com\/de\/","name":"Pittini Gruppe","description":"A group of companies that manage to cover all the production process","potentialAction":[{"@type":"SearchAction","target":{"@type":"EntryPoint","urlTemplate":"https:\/\/www.pittini.com\/de\/?s={search_term_string}"},"query-input":{"@type":"PropertyValueSpecification","valueRequired":true,"valueName":"search_term_string"}}],"inLanguage":"de"}]}},"_links":{"self":[{"href":"https:\/\/www.pittini.com\/de\/wp-json\/wp\/v2\/pages\/8538","targetHints":{"allow":["GET"]}}],"collection":[{"href":"https:\/\/www.pittini.com\/de\/wp-json\/wp\/v2\/pages"}],"about":[{"href":"https:\/\/www.pittini.com\/de\/wp-json\/wp\/v2\/types\/page"}],"author":[{"embeddable":true,"href":"https:\/\/www.pittini.com\/de\/wp-json\/wp\/v2\/users\/1"}],"replies":[{"embeddable":true,"href":"https:\/\/www.pittini.com\/de\/wp-json\/wp\/v2\/comments?post=8538"}],"version-history":[{"count":18,"href":"https:\/\/www.pittini.com\/de\/wp-json\/wp\/v2\/pages\/8538\/revisions"}],"predecessor-version":[{"id":27674,"href":"https:\/\/www.pittini.com\/de\/wp-json\/wp\/v2\/pages\/8538\/revisions\/27674"}],"up":[{"embeddable":true,"href":"https:\/\/www.pittini.com\/de\/wp-json\/wp\/v2\/pages\/8449"}],"wp:featuredmedia":[{"embeddable":true,"href":"https:\/\/www.pittini.com\/de\/wp-json\/wp\/v2\/media\/20656"}],"wp:attachment":[{"href":"https:\/\/www.pittini.com\/de\/wp-json\/wp\/v2\/media?parent=8538"}],"curies":[{"name":"wp","href":"https:\/\/api.w.org\/{rel}","templated":true}]}}