{"id":8535,"date":"2018-03-23T15:47:46","date_gmt":"2018-03-23T14:47:46","guid":{"rendered":"https:\/\/new.pittini.it\/produkte\/walzdraht\/vergella-alto-carbonio\/"},"modified":"2024-08-30T11:37:42","modified_gmt":"2024-08-30T09:37:42","slug":"hohe-kohlenstoffhaltige-walzdraht","status":"publish","type":"page","link":"https:\/\/www.pittini.com\/de\/produkte\/walzdraht\/hohe-kohlenstoffhaltige-walzdraht\/","title":{"rendered":"Walzdraht mit hohem Kohlenstoffgehalt"},"content":{"rendered":"<p style=\"text-align: justify;\">Die Pittini Gruppe hat sich dank umfangreicher Investitionen in Walzanlagen auf die Herstellung von Walzdraht mit hohem Kohlenstoffgehalt spezialisiert und damit ihr Angebot erweitert.<\/p>\n<p style=\"text-align: justify;\">Der <strong>Walzdraht mit mittlerem Kohlenstoffgehalt<\/strong> ist f\u00fcr die Herstellung von N\u00e4geln, Heftklammern und anderen Anwendungen im Bereich des <a href=\"https:\/\/www.pittini.it\/en\/applications\/mechanics\/\">Maschinenbaus<\/a> gedacht.<\/p>\n<p style=\"text-align: justify;\">Der <strong>Walzdraht mit hohem Kohlenstoffgehalt<\/strong> der G\u00fcteklasse G3V66 wird f\u00fcr die Herstellung von Draht zur Reifenverst\u00e4rkung verwendet.<\/p>\n<p style=\"text-align: justify;\">Der <strong>Walzdraht mit hohem Kohlenstoffgehalt<\/strong> der G\u00fcteklasse G3V72 wird f\u00fcr die Herstellung von Draht f\u00fcr mechanische Federn verwendet, w\u00e4hrend er in den G\u00fcteklassen G3V80 und G3V82 f\u00fcr die Herstellung von Litzen und Dr\u00e4hten f\u00fcr Spannbeton und Eisenbahnschwellen gedacht ist. Er bietet eine hohe Festigkeit bei guter Duktilit\u00e4t (Zugfestigkeit bis zu 1240 MPa und eine Mindesteinschn\u00fcrung von 30 %).<\/p>\n<p style=\"text-align: justify;\"><a class=\"cta-dl\" href=\"https:\/\/www.pittini.com\/wp-content\/uploads\/sites\/21\/Gruppo-Pittini-vergella-alto-carbonio-DE-FR.pdf\" target=\"_blank\" rel=\"noopener noreferrer\">Walzdraht Eins\u00e4tze herunterladen<\/a><\/p>\n<p style=\"text-align: justify;\">Der im Werk Osoppo und Verona hergestellte Walzdraht mit niedrigem Kohlenstoffgehalt hat die\u00a0<strong>EPD Zertifizierung<\/strong> &#8211; Environmental Product Declaration &#8211; durch den zertifizierenden Partner <strong>ICMQ<\/strong>, das Institut f\u00fcr Zertifizierung und Qualit\u00e4tsabzeichen f\u00fcr Bauprodukte und Dienstleistungen, erhalten.<\/p>\n<p style=\"text-align: justify;\"><a href=\"https:\/\/www.pittini.com\/wp-content\/uploads\/sites\/21\/Pittini-Gruppe-walzdraht-EPD-zertifizierung-DEU.pdf\" target=\"_blank\" rel=\"noopener\">Downloaden EPD Zertifizierung &#8211; Osoppo<\/a><\/p>\n<p><a href=\"https:\/\/www.pittini.it\/wp-content\/uploads\/Gruppo-Pittini-vergella-dichiarazione-EPD-Acciaierie-di-Verona.pdf\" target=\"_blank\" rel=\"noopener\">Downloaden EPD Zertifizierung &#8211; Verona<\/a><\/p>\n","protected":false},"excerpt":{"rendered":"<p>Die Pittini Gruppe hat sich dank umfangreicher Investitionen in Walzanlagen auf die Herstellung von Walzdraht mit hohem Kohlenstoffgehalt spezialisiert und damit ihr Angebot erweitert. Der Walzdraht mit mittlerem Kohlenstoffgehalt ist f\u00fcr die Herstellung von [&hellip;]<\/p>\n","protected":false},"author":1,"featured_media":6960,"parent":8515,"menu_order":9,"comment_status":"closed","ping_status":"closed","template":"page-prodotto.php","meta":{"_acf_changed":false,"footnotes":""},"class_list":["post-8535","page","type-page","status-publish","has-post-thumbnail","hentry"],"acf":[],"yoast_head":"<!-- This site is optimized with the Yoast SEO plugin v27.4 - https:\/\/yoast.com\/product\/yoast-seo-wordpress\/ -->\n<title>Zieh- und Walzdraht aus Stahl mit hohem Kohlenstoffgehalt - Pittini<\/title>\n<meta name=\"description\" content=\"Die Pittini Gruppe ist ein Bezugspunkt auf dem Markt f\u00fcr die Verarbeitung von Walzdraht aus Stahl mit mittlerem und hohem Kohlenstoffgehalt. Datenbl\u00e4tter, Abmessungen, Details.\" \/>\n<meta name=\"robots\" content=\"index, follow, max-snippet:-1, max-image-preview:large, max-video-preview:-1\" \/>\n<link rel=\"canonical\" href=\"https:\/\/www.pittini.com\/de\/produkte\/walzdraht\/hohe-kohlenstoffhaltige-walzdraht\/\" \/>\n<meta property=\"og:locale\" content=\"de_DE\" \/>\n<meta property=\"og:type\" content=\"article\" \/>\n<meta property=\"og:title\" content=\"Zieh- und Walzdraht aus Stahl mit hohem Kohlenstoffgehalt - Pittini\" \/>\n<meta property=\"og:description\" content=\"Die Pittini Gruppe ist ein Bezugspunkt auf dem Markt f\u00fcr die Verarbeitung von Walzdraht aus Stahl mit mittlerem und hohem Kohlenstoffgehalt. Datenbl\u00e4tter, Abmessungen, Details.\" \/>\n<meta property=\"og:url\" content=\"https:\/\/www.pittini.com\/de\/produkte\/walzdraht\/hohe-kohlenstoffhaltige-walzdraht\/\" \/>\n<meta property=\"og:site_name\" content=\"Pittini Gruppe\" \/>\n<meta property=\"article:modified_time\" content=\"2024-08-30T09:37:42+00:00\" \/>\n<meta property=\"og:image\" content=\"https:\/\/www.pittini.com\/wp-content\/uploads\/sites\/21\/hero-vergella-alto-carbonio.jpg\" \/>\n\t<meta property=\"og:image:width\" content=\"1900\" \/>\n\t<meta property=\"og:image:height\" content=\"560\" \/>\n\t<meta property=\"og:image:type\" content=\"image\/jpeg\" \/>\n<meta name=\"twitter:label1\" content=\"Gesch\u00e4tzte Lesezeit\" \/>\n\t<meta name=\"twitter:data1\" content=\"1\u00a0Minute\" \/>\n<script type=\"application\/ld+json\" class=\"yoast-schema-graph\">{\"@context\":\"https:\\\/\\\/schema.org\",\"@graph\":[{\"@type\":\"WebPage\",\"@id\":\"https:\\\/\\\/www.pittini.com\\\/de\\\/produkte\\\/walzdraht\\\/hohe-kohlenstoffhaltige-walzdraht\\\/\",\"url\":\"https:\\\/\\\/www.pittini.com\\\/de\\\/produkte\\\/walzdraht\\\/hohe-kohlenstoffhaltige-walzdraht\\\/\",\"name\":\"Zieh- und Walzdraht aus Stahl mit hohem Kohlenstoffgehalt - Pittini\",\"isPartOf\":{\"@id\":\"https:\\\/\\\/www.pittini.com\\\/de\\\/#website\"},\"primaryImageOfPage\":{\"@id\":\"https:\\\/\\\/www.pittini.com\\\/de\\\/produkte\\\/walzdraht\\\/hohe-kohlenstoffhaltige-walzdraht\\\/#primaryimage\"},\"image\":{\"@id\":\"https:\\\/\\\/www.pittini.com\\\/de\\\/produkte\\\/walzdraht\\\/hohe-kohlenstoffhaltige-walzdraht\\\/#primaryimage\"},\"thumbnailUrl\":\"https:\\\/\\\/www.pittini.com\\\/wp-content\\\/uploads\\\/sites\\\/21\\\/hero-vergella-alto-carbonio.jpg\",\"datePublished\":\"2018-03-23T14:47:46+00:00\",\"dateModified\":\"2024-08-30T09:37:42+00:00\",\"description\":\"Die Pittini Gruppe ist ein Bezugspunkt auf dem Markt f\u00fcr die Verarbeitung von Walzdraht aus Stahl mit mittlerem und hohem Kohlenstoffgehalt. Datenbl\u00e4tter, Abmessungen, Details.\",\"breadcrumb\":{\"@id\":\"https:\\\/\\\/www.pittini.com\\\/de\\\/produkte\\\/walzdraht\\\/hohe-kohlenstoffhaltige-walzdraht\\\/#breadcrumb\"},\"inLanguage\":\"de\",\"potentialAction\":[{\"@type\":\"ReadAction\",\"target\":[\"https:\\\/\\\/www.pittini.com\\\/de\\\/produkte\\\/walzdraht\\\/hohe-kohlenstoffhaltige-walzdraht\\\/\"]}]},{\"@type\":\"ImageObject\",\"inLanguage\":\"de\",\"@id\":\"https:\\\/\\\/www.pittini.com\\\/de\\\/produkte\\\/walzdraht\\\/hohe-kohlenstoffhaltige-walzdraht\\\/#primaryimage\",\"url\":\"https:\\\/\\\/www.pittini.com\\\/wp-content\\\/uploads\\\/sites\\\/21\\\/hero-vergella-alto-carbonio.jpg\",\"contentUrl\":\"https:\\\/\\\/www.pittini.com\\\/wp-content\\\/uploads\\\/sites\\\/21\\\/hero-vergella-alto-carbonio.jpg\",\"width\":1900,\"height\":560},{\"@type\":\"BreadcrumbList\",\"@id\":\"https:\\\/\\\/www.pittini.com\\\/de\\\/produkte\\\/walzdraht\\\/hohe-kohlenstoffhaltige-walzdraht\\\/#breadcrumb\",\"itemListElement\":[{\"@type\":\"ListItem\",\"position\":1,\"name\":\"Home\",\"item\":\"https:\\\/\\\/www.pittini.com\\\/de\\\/\"},{\"@type\":\"ListItem\",\"position\":2,\"name\":\"Produkte\",\"item\":\"https:\\\/\\\/www.pittini.com\\\/de\\\/produkte\\\/\"},{\"@type\":\"ListItem\",\"position\":3,\"name\":\"Walzdraht mit Kohlenstoff\",\"item\":\"https:\\\/\\\/www.pittini.com\\\/de\\\/produkte\\\/walzdraht\\\/\"},{\"@type\":\"ListItem\",\"position\":4,\"name\":\"Walzdraht mit hohem Kohlenstoffgehalt\"}]},{\"@type\":\"WebSite\",\"@id\":\"https:\\\/\\\/www.pittini.com\\\/de\\\/#website\",\"url\":\"https:\\\/\\\/www.pittini.com\\\/de\\\/\",\"name\":\"Pittini Gruppe\",\"description\":\"A group of companies that manage to cover all the production process\",\"potentialAction\":[{\"@type\":\"SearchAction\",\"target\":{\"@type\":\"EntryPoint\",\"urlTemplate\":\"https:\\\/\\\/www.pittini.com\\\/de\\\/?s={search_term_string}\"},\"query-input\":{\"@type\":\"PropertyValueSpecification\",\"valueRequired\":true,\"valueName\":\"search_term_string\"}}],\"inLanguage\":\"de\"}]}<\/script>\n<!-- \/ Yoast SEO plugin. -->","yoast_head_json":{"title":"Zieh- und Walzdraht aus Stahl mit hohem Kohlenstoffgehalt - Pittini","description":"Die Pittini Gruppe ist ein Bezugspunkt auf dem Markt f\u00fcr die Verarbeitung von Walzdraht aus Stahl mit mittlerem und hohem Kohlenstoffgehalt. Datenbl\u00e4tter, Abmessungen, Details.","robots":{"index":"index","follow":"follow","max-snippet":"max-snippet:-1","max-image-preview":"max-image-preview:large","max-video-preview":"max-video-preview:-1"},"canonical":"https:\/\/www.pittini.com\/de\/produkte\/walzdraht\/hohe-kohlenstoffhaltige-walzdraht\/","og_locale":"de_DE","og_type":"article","og_title":"Zieh- und Walzdraht aus Stahl mit hohem Kohlenstoffgehalt - Pittini","og_description":"Die Pittini Gruppe ist ein Bezugspunkt auf dem Markt f\u00fcr die Verarbeitung von Walzdraht aus Stahl mit mittlerem und hohem Kohlenstoffgehalt. Datenbl\u00e4tter, Abmessungen, Details.","og_url":"https:\/\/www.pittini.com\/de\/produkte\/walzdraht\/hohe-kohlenstoffhaltige-walzdraht\/","og_site_name":"Pittini Gruppe","article_modified_time":"2024-08-30T09:37:42+00:00","og_image":[{"width":1900,"height":560,"url":"https:\/\/www.pittini.com\/wp-content\/uploads\/sites\/21\/hero-vergella-alto-carbonio.jpg","type":"image\/jpeg"}],"twitter_misc":{"Gesch\u00e4tzte Lesezeit":"1\u00a0Minute"},"schema":{"@context":"https:\/\/schema.org","@graph":[{"@type":"WebPage","@id":"https:\/\/www.pittini.com\/de\/produkte\/walzdraht\/hohe-kohlenstoffhaltige-walzdraht\/","url":"https:\/\/www.pittini.com\/de\/produkte\/walzdraht\/hohe-kohlenstoffhaltige-walzdraht\/","name":"Zieh- und Walzdraht aus Stahl mit hohem Kohlenstoffgehalt - Pittini","isPartOf":{"@id":"https:\/\/www.pittini.com\/de\/#website"},"primaryImageOfPage":{"@id":"https:\/\/www.pittini.com\/de\/produkte\/walzdraht\/hohe-kohlenstoffhaltige-walzdraht\/#primaryimage"},"image":{"@id":"https:\/\/www.pittini.com\/de\/produkte\/walzdraht\/hohe-kohlenstoffhaltige-walzdraht\/#primaryimage"},"thumbnailUrl":"https:\/\/www.pittini.com\/wp-content\/uploads\/sites\/21\/hero-vergella-alto-carbonio.jpg","datePublished":"2018-03-23T14:47:46+00:00","dateModified":"2024-08-30T09:37:42+00:00","description":"Die Pittini Gruppe ist ein Bezugspunkt auf dem Markt f\u00fcr die Verarbeitung von Walzdraht aus Stahl mit mittlerem und hohem Kohlenstoffgehalt. Datenbl\u00e4tter, Abmessungen, Details.","breadcrumb":{"@id":"https:\/\/www.pittini.com\/de\/produkte\/walzdraht\/hohe-kohlenstoffhaltige-walzdraht\/#breadcrumb"},"inLanguage":"de","potentialAction":[{"@type":"ReadAction","target":["https:\/\/www.pittini.com\/de\/produkte\/walzdraht\/hohe-kohlenstoffhaltige-walzdraht\/"]}]},{"@type":"ImageObject","inLanguage":"de","@id":"https:\/\/www.pittini.com\/de\/produkte\/walzdraht\/hohe-kohlenstoffhaltige-walzdraht\/#primaryimage","url":"https:\/\/www.pittini.com\/wp-content\/uploads\/sites\/21\/hero-vergella-alto-carbonio.jpg","contentUrl":"https:\/\/www.pittini.com\/wp-content\/uploads\/sites\/21\/hero-vergella-alto-carbonio.jpg","width":1900,"height":560},{"@type":"BreadcrumbList","@id":"https:\/\/www.pittini.com\/de\/produkte\/walzdraht\/hohe-kohlenstoffhaltige-walzdraht\/#breadcrumb","itemListElement":[{"@type":"ListItem","position":1,"name":"Home","item":"https:\/\/www.pittini.com\/de\/"},{"@type":"ListItem","position":2,"name":"Produkte","item":"https:\/\/www.pittini.com\/de\/produkte\/"},{"@type":"ListItem","position":3,"name":"Walzdraht mit Kohlenstoff","item":"https:\/\/www.pittini.com\/de\/produkte\/walzdraht\/"},{"@type":"ListItem","position":4,"name":"Walzdraht mit hohem Kohlenstoffgehalt"}]},{"@type":"WebSite","@id":"https:\/\/www.pittini.com\/de\/#website","url":"https:\/\/www.pittini.com\/de\/","name":"Pittini Gruppe","description":"A group of companies that manage to cover all the production process","potentialAction":[{"@type":"SearchAction","target":{"@type":"EntryPoint","urlTemplate":"https:\/\/www.pittini.com\/de\/?s={search_term_string}"},"query-input":{"@type":"PropertyValueSpecification","valueRequired":true,"valueName":"search_term_string"}}],"inLanguage":"de"}]}},"_links":{"self":[{"href":"https:\/\/www.pittini.com\/de\/wp-json\/wp\/v2\/pages\/8535","targetHints":{"allow":["GET"]}}],"collection":[{"href":"https:\/\/www.pittini.com\/de\/wp-json\/wp\/v2\/pages"}],"about":[{"href":"https:\/\/www.pittini.com\/de\/wp-json\/wp\/v2\/types\/page"}],"author":[{"embeddable":true,"href":"https:\/\/www.pittini.com\/de\/wp-json\/wp\/v2\/users\/1"}],"replies":[{"embeddable":true,"href":"https:\/\/www.pittini.com\/de\/wp-json\/wp\/v2\/comments?post=8535"}],"version-history":[{"count":30,"href":"https:\/\/www.pittini.com\/de\/wp-json\/wp\/v2\/pages\/8535\/revisions"}],"predecessor-version":[{"id":27082,"href":"https:\/\/www.pittini.com\/de\/wp-json\/wp\/v2\/pages\/8535\/revisions\/27082"}],"up":[{"embeddable":true,"href":"https:\/\/www.pittini.com\/de\/wp-json\/wp\/v2\/pages\/8515"}],"wp:featuredmedia":[{"embeddable":true,"href":"https:\/\/www.pittini.com\/de\/wp-json\/wp\/v2\/media\/6960"}],"wp:attachment":[{"href":"https:\/\/www.pittini.com\/de\/wp-json\/wp\/v2\/media?parent=8535"}],"curies":[{"name":"wp","href":"https:\/\/api.w.org\/{rel}","templated":true}]}}