{"id":8515,"date":"2018-03-21T10:06:35","date_gmt":"2018-03-21T09:06:35","guid":{"rendered":"https:\/\/new.pittini.it\/de-prodotti\/vergella\/"},"modified":"2026-04-24T17:08:25","modified_gmt":"2026-04-24T15:08:25","slug":"walzdraht","status":"publish","type":"page","link":"https:\/\/www.pittini.com\/de\/produkte\/walzdraht\/","title":{"rendered":"Walzdraht mit Kohlenstoff"},"content":{"rendered":"<p style=\"text-align: justify;\">Die Pittini Gruppe ist auf die Herstellung von Walzdraht aus Kohlenstoff mit <strong>hohen Qualit\u00e4tsstandards<\/strong> f\u00fcr verschiedene Anwendungen in der Bau- und Maschinenbauindustrie spezialisiert.<\/p>\n<p style=\"text-align: justify;\">Die technologische Innovation bei Produkten und Produktionsverfahren, die st\u00e4ndige <a href=\"https:\/\/www.pittini.it\/en\/innovation\/research-development\/\" target=\"_blank\" rel=\"noopener\">Forschung und Entwicklung<\/a> sowie die Weiterbildung der Mitarbeiter erm\u00f6glichen es dem Konzern, Walzdraht mit hohem technologischem Gehalt, geringem Aufpreis, kompakter Verpackung und optimaler Verteilung herzustellen.<br \/>\n<a class=\"cta-dl\" href=\"https:\/\/www.pittini.com\/wp-content\/uploads\/sites\/21\/Pittini-Gruppe-walzdraht-katalog-2026-DE.pdf\" target=\"_blank\" rel=\"noopener noreferrer\">Herunterladen Walzdraht Katalog<\/a><\/p>\n<p style=\"text-align: justify;\">Der im Werk Osoppo und Verona hergestellte Walzdraht mit niedrigem Kohlenstoffgehalt hat die\u00a0<strong>EPD Zertifizierung<\/strong> &#8211; <em>Environmental Product Declaration<\/em> &#8211; durch den zertifizierenden Partner <strong>ICMQ<\/strong>, das Institut f\u00fcr Zertifizierung und Qualit\u00e4tsabzeichen f\u00fcr Bauprodukte und Dienstleistungen, erhalten.<\/p>\n<p><a href=\"https:\/\/www.pittini.com\/wp-content\/uploads\/sites\/21\/Pittini-Gruppe-walzdraht-EPD-zertifizierung-DEU.pdf\" target=\"_blank\" rel=\"noopener\">Downloaden EPD Zertifizierung &#8211; Osoppo<\/a><\/p>\n<p><a href=\"https:\/\/www.pittini.it\/wp-content\/uploads\/Gruppo-Pittini-vergella-dichiarazione-EPD-Acciaierie-di-Verona.pdf\" target=\"_blank\" rel=\"noopener\">Downloaden EPD Zertifizierung &#8211; Verona<\/a><\/p>\n","protected":false},"excerpt":{"rendered":"<p>Die Pittini Gruppe ist auf die Herstellung von Walzdraht aus Kohlenstoff mit hohen Qualit\u00e4tsstandards f\u00fcr verschiedene Anwendungen in der Bau- und Maschinenbauindustrie spezialisiert. Die technologische Innovation bei Produkten und Produktionsverfahren, die st\u00e4ndige Forschung und [&hellip;]<\/p>\n","protected":false},"author":1,"featured_media":20668,"parent":8449,"menu_order":1,"comment_status":"closed","ping_status":"closed","template":"page-soluzione.php","meta":{"_acf_changed":false,"footnotes":""},"class_list":["post-8515","page","type-page","status-publish","has-post-thumbnail","hentry"],"acf":[],"yoast_head":"<!-- This site is optimized with the Yoast SEO plugin v27.5 - https:\/\/yoast.com\/product\/yoast-seo-wordpress\/ -->\n<title>Walzdraht aus Kohlenstoffstahl: Verarbeitung und Produktion - Pittini<\/title>\n<meta name=\"description\" content=\"Entdecken Sie den Walzdraht aus Kohlenstoffstahl f\u00fcr die Industrie, der von der Pittini Gruppe hergestellt wird: Ma\u00dfstab f\u00fcr hohe Qualit\u00e4t und Technologie in der Verarbeitung.\" \/>\n<meta name=\"robots\" content=\"index, follow, max-snippet:-1, max-image-preview:large, max-video-preview:-1\" \/>\n<link rel=\"canonical\" href=\"https:\/\/www.pittini.com\/de\/produkte\/walzdraht\/\" \/>\n<meta property=\"og:locale\" content=\"de_DE\" \/>\n<meta property=\"og:type\" content=\"article\" \/>\n<meta property=\"og:title\" content=\"Walzdraht aus Kohlenstoffstahl: Verarbeitung und Produktion - Pittini\" \/>\n<meta property=\"og:description\" content=\"Entdecken Sie den Walzdraht aus Kohlenstoffstahl f\u00fcr die Industrie, der von der Pittini Gruppe hergestellt wird: Ma\u00dfstab f\u00fcr hohe Qualit\u00e4t und Technologie in der Verarbeitung.\" \/>\n<meta property=\"og:url\" content=\"https:\/\/www.pittini.com\/de\/produkte\/walzdraht\/\" \/>\n<meta property=\"og:site_name\" content=\"Pittini Gruppe\" \/>\n<meta property=\"article:modified_time\" content=\"2026-04-24T15:08:25+00:00\" \/>\n<meta property=\"og:image\" content=\"https:\/\/www.pittini.com\/wp-content\/uploads\/sites\/21\/Gruppo-Pittini-hero-vergella.jpg\" \/>\n\t<meta property=\"og:image:width\" content=\"1900\" \/>\n\t<meta property=\"og:image:height\" content=\"560\" \/>\n\t<meta property=\"og:image:type\" content=\"image\/jpeg\" \/>\n<meta name=\"twitter:label1\" content=\"Gesch\u00e4tzte Lesezeit\" \/>\n\t<meta name=\"twitter:data1\" content=\"1\u00a0Minute\" \/>\n<script type=\"application\/ld+json\" class=\"yoast-schema-graph\">{\"@context\":\"https:\\\/\\\/schema.org\",\"@graph\":[{\"@type\":\"WebPage\",\"@id\":\"https:\\\/\\\/www.pittini.com\\\/de\\\/produkte\\\/walzdraht\\\/\",\"url\":\"https:\\\/\\\/www.pittini.com\\\/de\\\/produkte\\\/walzdraht\\\/\",\"name\":\"Walzdraht aus Kohlenstoffstahl: Verarbeitung und Produktion - Pittini\",\"isPartOf\":{\"@id\":\"https:\\\/\\\/www.pittini.com\\\/de\\\/#website\"},\"primaryImageOfPage\":{\"@id\":\"https:\\\/\\\/www.pittini.com\\\/de\\\/produkte\\\/walzdraht\\\/#primaryimage\"},\"image\":{\"@id\":\"https:\\\/\\\/www.pittini.com\\\/de\\\/produkte\\\/walzdraht\\\/#primaryimage\"},\"thumbnailUrl\":\"https:\\\/\\\/www.pittini.com\\\/wp-content\\\/uploads\\\/sites\\\/21\\\/Gruppo-Pittini-hero-vergella.jpg\",\"datePublished\":\"2018-03-21T09:06:35+00:00\",\"dateModified\":\"2026-04-24T15:08:25+00:00\",\"description\":\"Entdecken Sie den Walzdraht aus Kohlenstoffstahl f\u00fcr die Industrie, der von der Pittini Gruppe hergestellt wird: Ma\u00dfstab f\u00fcr hohe Qualit\u00e4t und Technologie in der Verarbeitung.\",\"breadcrumb\":{\"@id\":\"https:\\\/\\\/www.pittini.com\\\/de\\\/produkte\\\/walzdraht\\\/#breadcrumb\"},\"inLanguage\":\"de\",\"potentialAction\":[{\"@type\":\"ReadAction\",\"target\":[\"https:\\\/\\\/www.pittini.com\\\/de\\\/produkte\\\/walzdraht\\\/\"]}]},{\"@type\":\"ImageObject\",\"inLanguage\":\"de\",\"@id\":\"https:\\\/\\\/www.pittini.com\\\/de\\\/produkte\\\/walzdraht\\\/#primaryimage\",\"url\":\"https:\\\/\\\/www.pittini.com\\\/wp-content\\\/uploads\\\/sites\\\/21\\\/Gruppo-Pittini-hero-vergella.jpg\",\"contentUrl\":\"https:\\\/\\\/www.pittini.com\\\/wp-content\\\/uploads\\\/sites\\\/21\\\/Gruppo-Pittini-hero-vergella.jpg\",\"width\":1900,\"height\":560,\"caption\":\"vergella\"},{\"@type\":\"BreadcrumbList\",\"@id\":\"https:\\\/\\\/www.pittini.com\\\/de\\\/produkte\\\/walzdraht\\\/#breadcrumb\",\"itemListElement\":[{\"@type\":\"ListItem\",\"position\":1,\"name\":\"Home\",\"item\":\"https:\\\/\\\/www.pittini.com\\\/de\\\/\"},{\"@type\":\"ListItem\",\"position\":2,\"name\":\"Produkte\",\"item\":\"https:\\\/\\\/www.pittini.com\\\/de\\\/produkte\\\/\"},{\"@type\":\"ListItem\",\"position\":3,\"name\":\"Walzdraht mit Kohlenstoff\"}]},{\"@type\":\"WebSite\",\"@id\":\"https:\\\/\\\/www.pittini.com\\\/de\\\/#website\",\"url\":\"https:\\\/\\\/www.pittini.com\\\/de\\\/\",\"name\":\"Pittini Gruppe\",\"description\":\"A group of companies that manage to cover all the production process\",\"potentialAction\":[{\"@type\":\"SearchAction\",\"target\":{\"@type\":\"EntryPoint\",\"urlTemplate\":\"https:\\\/\\\/www.pittini.com\\\/de\\\/?s={search_term_string}\"},\"query-input\":{\"@type\":\"PropertyValueSpecification\",\"valueRequired\":true,\"valueName\":\"search_term_string\"}}],\"inLanguage\":\"de\"}]}<\/script>\n<!-- \/ Yoast SEO plugin. -->","yoast_head_json":{"title":"Walzdraht aus Kohlenstoffstahl: Verarbeitung und Produktion - Pittini","description":"Entdecken Sie den Walzdraht aus Kohlenstoffstahl f\u00fcr die Industrie, der von der Pittini Gruppe hergestellt wird: Ma\u00dfstab f\u00fcr hohe Qualit\u00e4t und Technologie in der Verarbeitung.","robots":{"index":"index","follow":"follow","max-snippet":"max-snippet:-1","max-image-preview":"max-image-preview:large","max-video-preview":"max-video-preview:-1"},"canonical":"https:\/\/www.pittini.com\/de\/produkte\/walzdraht\/","og_locale":"de_DE","og_type":"article","og_title":"Walzdraht aus Kohlenstoffstahl: Verarbeitung und Produktion - Pittini","og_description":"Entdecken Sie den Walzdraht aus Kohlenstoffstahl f\u00fcr die Industrie, der von der Pittini Gruppe hergestellt wird: Ma\u00dfstab f\u00fcr hohe Qualit\u00e4t und Technologie in der Verarbeitung.","og_url":"https:\/\/www.pittini.com\/de\/produkte\/walzdraht\/","og_site_name":"Pittini Gruppe","article_modified_time":"2026-04-24T15:08:25+00:00","og_image":[{"width":1900,"height":560,"url":"https:\/\/www.pittini.com\/wp-content\/uploads\/sites\/21\/Gruppo-Pittini-hero-vergella.jpg","type":"image\/jpeg"}],"twitter_misc":{"Gesch\u00e4tzte Lesezeit":"1\u00a0Minute"},"schema":{"@context":"https:\/\/schema.org","@graph":[{"@type":"WebPage","@id":"https:\/\/www.pittini.com\/de\/produkte\/walzdraht\/","url":"https:\/\/www.pittini.com\/de\/produkte\/walzdraht\/","name":"Walzdraht aus Kohlenstoffstahl: Verarbeitung und Produktion - Pittini","isPartOf":{"@id":"https:\/\/www.pittini.com\/de\/#website"},"primaryImageOfPage":{"@id":"https:\/\/www.pittini.com\/de\/produkte\/walzdraht\/#primaryimage"},"image":{"@id":"https:\/\/www.pittini.com\/de\/produkte\/walzdraht\/#primaryimage"},"thumbnailUrl":"https:\/\/www.pittini.com\/wp-content\/uploads\/sites\/21\/Gruppo-Pittini-hero-vergella.jpg","datePublished":"2018-03-21T09:06:35+00:00","dateModified":"2026-04-24T15:08:25+00:00","description":"Entdecken Sie den Walzdraht aus Kohlenstoffstahl f\u00fcr die Industrie, der von der Pittini Gruppe hergestellt wird: Ma\u00dfstab f\u00fcr hohe Qualit\u00e4t und Technologie in der Verarbeitung.","breadcrumb":{"@id":"https:\/\/www.pittini.com\/de\/produkte\/walzdraht\/#breadcrumb"},"inLanguage":"de","potentialAction":[{"@type":"ReadAction","target":["https:\/\/www.pittini.com\/de\/produkte\/walzdraht\/"]}]},{"@type":"ImageObject","inLanguage":"de","@id":"https:\/\/www.pittini.com\/de\/produkte\/walzdraht\/#primaryimage","url":"https:\/\/www.pittini.com\/wp-content\/uploads\/sites\/21\/Gruppo-Pittini-hero-vergella.jpg","contentUrl":"https:\/\/www.pittini.com\/wp-content\/uploads\/sites\/21\/Gruppo-Pittini-hero-vergella.jpg","width":1900,"height":560,"caption":"vergella"},{"@type":"BreadcrumbList","@id":"https:\/\/www.pittini.com\/de\/produkte\/walzdraht\/#breadcrumb","itemListElement":[{"@type":"ListItem","position":1,"name":"Home","item":"https:\/\/www.pittini.com\/de\/"},{"@type":"ListItem","position":2,"name":"Produkte","item":"https:\/\/www.pittini.com\/de\/produkte\/"},{"@type":"ListItem","position":3,"name":"Walzdraht mit Kohlenstoff"}]},{"@type":"WebSite","@id":"https:\/\/www.pittini.com\/de\/#website","url":"https:\/\/www.pittini.com\/de\/","name":"Pittini Gruppe","description":"A group of companies that manage to cover all the production process","potentialAction":[{"@type":"SearchAction","target":{"@type":"EntryPoint","urlTemplate":"https:\/\/www.pittini.com\/de\/?s={search_term_string}"},"query-input":{"@type":"PropertyValueSpecification","valueRequired":true,"valueName":"search_term_string"}}],"inLanguage":"de"}]}},"_links":{"self":[{"href":"https:\/\/www.pittini.com\/de\/wp-json\/wp\/v2\/pages\/8515","targetHints":{"allow":["GET"]}}],"collection":[{"href":"https:\/\/www.pittini.com\/de\/wp-json\/wp\/v2\/pages"}],"about":[{"href":"https:\/\/www.pittini.com\/de\/wp-json\/wp\/v2\/types\/page"}],"author":[{"embeddable":true,"href":"https:\/\/www.pittini.com\/de\/wp-json\/wp\/v2\/users\/1"}],"replies":[{"embeddable":true,"href":"https:\/\/www.pittini.com\/de\/wp-json\/wp\/v2\/comments?post=8515"}],"version-history":[{"count":22,"href":"https:\/\/www.pittini.com\/de\/wp-json\/wp\/v2\/pages\/8515\/revisions"}],"predecessor-version":[{"id":27654,"href":"https:\/\/www.pittini.com\/de\/wp-json\/wp\/v2\/pages\/8515\/revisions\/27654"}],"up":[{"embeddable":true,"href":"https:\/\/www.pittini.com\/de\/wp-json\/wp\/v2\/pages\/8449"}],"wp:featuredmedia":[{"embeddable":true,"href":"https:\/\/www.pittini.com\/de\/wp-json\/wp\/v2\/media\/20668"}],"wp:attachment":[{"href":"https:\/\/www.pittini.com\/de\/wp-json\/wp\/v2\/media?parent=8515"}],"curies":[{"name":"wp","href":"https:\/\/api.w.org\/{rel}","templated":true}]}}