{"id":8449,"date":"2014-02-18T11:57:42","date_gmt":"2014-02-18T10:57:42","guid":{"rendered":"https:\/\/new.pittini.it\/prodotti\/"},"modified":"2023-08-28T09:18:34","modified_gmt":"2023-08-28T07:18:34","slug":"produkte","status":"publish","type":"page","link":"https:\/\/www.pittini.com\/de\/produkte\/","title":{"rendered":"Produkte"},"content":{"rendered":"<p style=\"text-align: justify;\">Die Unternehmen der Pittini Gruppe decken den gesamten Produktionszyklus <strong>vom Eisenschrott bis zum Endprodukt ab<\/strong>, was eine wesentliche Bedingung f\u00fcr die Garantie der <strong>hohen Qualit\u00e4tsstandards<\/strong> des umfassenden Sortiments an Endprodukten ist.<\/p>\n<p style=\"text-align: justify;\">Die Werke der Pittini Gruppe verwalten den gesamten <a href=\"https:\/\/www.pittini.com\/de\/produkte\/produktionsprozesse\/\" target=\"_blank\" rel=\"noopener\">Stahlproduktionszyklus<\/a>: vom Rohmaterial (recycelte Eisenwerkstoffe) bis zum Endprodukt. Der Produktionsablauf folgt den Prinzipien der Kreislaufwirtschaft. Die Rohstoffe werden zur\u00fcckgewonnen, sortiert und in Elektro\u00f6fen geschmolzen, um neue Produkte f\u00fcr die Bau- und Maschinenbauindustrie herzustellen.<\/p>\n<p style=\"text-align: justify;\">Das Produktionssystem folgt einem strategischen Ansatz auf der Grundlage der Vertikalisierung. Ein Modell, das durch die Kontrolle aller Verarbeitungsphasen vom Rohstoff \u00fcber den Stahl bis zum fertigen Produkt eine akkurate Qualit\u00e4tskontrolle gew\u00e4hrleistet. Die Pittini Gruppe bietet zahlreiche L\u00f6sungen f\u00fcr die Baubranche: Die Palette umfasst Standardprodukte wie <a href=\"https:\/\/www.pittini.com\/de\/produkte\/bauindustrie\/elektrogeschweisste-standardmatten\/\">Bewehrungsmatten<\/a>, <a href=\"https:\/\/www.pittini.com\/de\/produkte\/bauindustrie\/bewehrungsstaebe\/\">Betonstahl in St\u00e4ben<\/a> und <a href=\"https:\/\/www.pittini.com\/de\/produkte\/bauindustrie\/rundstahl-vom-coil\/\">Betonstahl in Coils<\/a>. Dar\u00fcber hinaus k\u00f6nnen <a href=\"https:\/\/www.pittini.com\/de\/produkte\/bauindustrie\/elektrogeschweisste-sondermatten\/\">Sondermatten<\/a> je nach Kundenwunsch in verschiedenen Stahlsorten und dem Bestimmungsland entsprechend hergestellt werden.<\/p>\n","protected":false},"excerpt":{"rendered":"<p>Die Unternehmen der Pittini Gruppe decken den gesamten Produktionszyklus vom Eisenschrott bis zum Endprodukt ab, was eine wesentliche Bedingung f\u00fcr die Garantie der hohen Qualit\u00e4tsstandards des umfassenden Sortiments an Endprodukten ist. Die Werke der [&hellip;]<\/p>\n","protected":false},"author":1,"featured_media":24451,"parent":0,"menu_order":14,"comment_status":"closed","ping_status":"closed","template":"page-home-sezione.php","meta":{"_acf_changed":false,"footnotes":""},"class_list":["post-8449","page","type-page","status-publish","has-post-thumbnail","hentry"],"acf":[],"yoast_head":"<!-- This site is optimized with the Yoast SEO plugin v27.4 - https:\/\/yoast.com\/product\/yoast-seo-wordpress\/ -->\n<title>Stahlerzeugnisse f\u00fcr das Bauwesen und den Maschinenbau - Pittini<\/title>\n<meta name=\"description\" content=\"Die Pittini Gruppe garantiert eine breite Palette von hochwertigen, nachhaltigen Stahlprodukten: von Langprodukten f\u00fcr das Bauwesen und den Maschinenbau bis hin zu Zuschlagstoffen f\u00fcr den Stra\u00dfenbau.\" \/>\n<meta name=\"robots\" content=\"index, follow, max-snippet:-1, max-image-preview:large, max-video-preview:-1\" \/>\n<link rel=\"canonical\" href=\"https:\/\/www.pittini.com\/de\/produkte\/\" \/>\n<meta property=\"og:locale\" content=\"de_DE\" \/>\n<meta property=\"og:type\" content=\"article\" \/>\n<meta property=\"og:title\" content=\"Stahlerzeugnisse f\u00fcr das Bauwesen und den Maschinenbau - Pittini\" \/>\n<meta property=\"og:description\" content=\"Die Pittini Gruppe garantiert eine breite Palette von hochwertigen, nachhaltigen Stahlprodukten: von Langprodukten f\u00fcr das Bauwesen und den Maschinenbau bis hin zu Zuschlagstoffen f\u00fcr den Stra\u00dfenbau.\" \/>\n<meta property=\"og:url\" content=\"https:\/\/www.pittini.com\/de\/produkte\/\" \/>\n<meta property=\"og:site_name\" content=\"Pittini Gruppe\" \/>\n<meta property=\"article:modified_time\" content=\"2023-08-28T07:18:34+00:00\" \/>\n<meta property=\"og:image\" content=\"https:\/\/www.pittini.com\/wp-content\/uploads\/sites\/21\/Gruppo-Pittini-prodotti-acciaio.jpg\" \/>\n\t<meta property=\"og:image:width\" content=\"2000\" \/>\n\t<meta property=\"og:image:height\" content=\"802\" \/>\n\t<meta property=\"og:image:type\" content=\"image\/jpeg\" \/>\n<meta name=\"twitter:label1\" content=\"Gesch\u00e4tzte Lesezeit\" \/>\n\t<meta name=\"twitter:data1\" content=\"1\u00a0Minute\" \/>\n<script type=\"application\/ld+json\" class=\"yoast-schema-graph\">{\"@context\":\"https:\\\/\\\/schema.org\",\"@graph\":[{\"@type\":\"WebPage\",\"@id\":\"https:\\\/\\\/www.pittini.com\\\/de\\\/produkte\\\/\",\"url\":\"https:\\\/\\\/www.pittini.com\\\/de\\\/produkte\\\/\",\"name\":\"Stahlerzeugnisse f\u00fcr das Bauwesen und den Maschinenbau - Pittini\",\"isPartOf\":{\"@id\":\"https:\\\/\\\/www.pittini.com\\\/de\\\/#website\"},\"primaryImageOfPage\":{\"@id\":\"https:\\\/\\\/www.pittini.com\\\/de\\\/produkte\\\/#primaryimage\"},\"image\":{\"@id\":\"https:\\\/\\\/www.pittini.com\\\/de\\\/produkte\\\/#primaryimage\"},\"thumbnailUrl\":\"https:\\\/\\\/www.pittini.com\\\/wp-content\\\/uploads\\\/sites\\\/21\\\/Gruppo-Pittini-prodotti-acciaio.jpg\",\"datePublished\":\"2014-02-18T10:57:42+00:00\",\"dateModified\":\"2023-08-28T07:18:34+00:00\",\"description\":\"Die Pittini Gruppe garantiert eine breite Palette von hochwertigen, nachhaltigen Stahlprodukten: von Langprodukten f\u00fcr das Bauwesen und den Maschinenbau bis hin zu Zuschlagstoffen f\u00fcr den Stra\u00dfenbau.\",\"breadcrumb\":{\"@id\":\"https:\\\/\\\/www.pittini.com\\\/de\\\/produkte\\\/#breadcrumb\"},\"inLanguage\":\"de\",\"potentialAction\":[{\"@type\":\"ReadAction\",\"target\":[\"https:\\\/\\\/www.pittini.com\\\/de\\\/produkte\\\/\"]}]},{\"@type\":\"ImageObject\",\"inLanguage\":\"de\",\"@id\":\"https:\\\/\\\/www.pittini.com\\\/de\\\/produkte\\\/#primaryimage\",\"url\":\"https:\\\/\\\/www.pittini.com\\\/wp-content\\\/uploads\\\/sites\\\/21\\\/Gruppo-Pittini-prodotti-acciaio.jpg\",\"contentUrl\":\"https:\\\/\\\/www.pittini.com\\\/wp-content\\\/uploads\\\/sites\\\/21\\\/Gruppo-Pittini-prodotti-acciaio.jpg\",\"width\":2000,\"height\":802,\"caption\":\"acciaio\"},{\"@type\":\"BreadcrumbList\",\"@id\":\"https:\\\/\\\/www.pittini.com\\\/de\\\/produkte\\\/#breadcrumb\",\"itemListElement\":[{\"@type\":\"ListItem\",\"position\":1,\"name\":\"Home\",\"item\":\"https:\\\/\\\/www.pittini.com\\\/de\\\/\"},{\"@type\":\"ListItem\",\"position\":2,\"name\":\"Produkte\"}]},{\"@type\":\"WebSite\",\"@id\":\"https:\\\/\\\/www.pittini.com\\\/de\\\/#website\",\"url\":\"https:\\\/\\\/www.pittini.com\\\/de\\\/\",\"name\":\"Pittini Gruppe\",\"description\":\"A group of companies that manage to cover all the production process\",\"potentialAction\":[{\"@type\":\"SearchAction\",\"target\":{\"@type\":\"EntryPoint\",\"urlTemplate\":\"https:\\\/\\\/www.pittini.com\\\/de\\\/?s={search_term_string}\"},\"query-input\":{\"@type\":\"PropertyValueSpecification\",\"valueRequired\":true,\"valueName\":\"search_term_string\"}}],\"inLanguage\":\"de\"}]}<\/script>\n<!-- \/ Yoast SEO plugin. -->","yoast_head_json":{"title":"Stahlerzeugnisse f\u00fcr das Bauwesen und den Maschinenbau - Pittini","description":"Die Pittini Gruppe garantiert eine breite Palette von hochwertigen, nachhaltigen Stahlprodukten: von Langprodukten f\u00fcr das Bauwesen und den Maschinenbau bis hin zu Zuschlagstoffen f\u00fcr den Stra\u00dfenbau.","robots":{"index":"index","follow":"follow","max-snippet":"max-snippet:-1","max-image-preview":"max-image-preview:large","max-video-preview":"max-video-preview:-1"},"canonical":"https:\/\/www.pittini.com\/de\/produkte\/","og_locale":"de_DE","og_type":"article","og_title":"Stahlerzeugnisse f\u00fcr das Bauwesen und den Maschinenbau - Pittini","og_description":"Die Pittini Gruppe garantiert eine breite Palette von hochwertigen, nachhaltigen Stahlprodukten: von Langprodukten f\u00fcr das Bauwesen und den Maschinenbau bis hin zu Zuschlagstoffen f\u00fcr den Stra\u00dfenbau.","og_url":"https:\/\/www.pittini.com\/de\/produkte\/","og_site_name":"Pittini Gruppe","article_modified_time":"2023-08-28T07:18:34+00:00","og_image":[{"width":2000,"height":802,"url":"https:\/\/www.pittini.com\/wp-content\/uploads\/sites\/21\/Gruppo-Pittini-prodotti-acciaio.jpg","type":"image\/jpeg"}],"twitter_misc":{"Gesch\u00e4tzte Lesezeit":"1\u00a0Minute"},"schema":{"@context":"https:\/\/schema.org","@graph":[{"@type":"WebPage","@id":"https:\/\/www.pittini.com\/de\/produkte\/","url":"https:\/\/www.pittini.com\/de\/produkte\/","name":"Stahlerzeugnisse f\u00fcr das Bauwesen und den Maschinenbau - Pittini","isPartOf":{"@id":"https:\/\/www.pittini.com\/de\/#website"},"primaryImageOfPage":{"@id":"https:\/\/www.pittini.com\/de\/produkte\/#primaryimage"},"image":{"@id":"https:\/\/www.pittini.com\/de\/produkte\/#primaryimage"},"thumbnailUrl":"https:\/\/www.pittini.com\/wp-content\/uploads\/sites\/21\/Gruppo-Pittini-prodotti-acciaio.jpg","datePublished":"2014-02-18T10:57:42+00:00","dateModified":"2023-08-28T07:18:34+00:00","description":"Die Pittini Gruppe garantiert eine breite Palette von hochwertigen, nachhaltigen Stahlprodukten: von Langprodukten f\u00fcr das Bauwesen und den Maschinenbau bis hin zu Zuschlagstoffen f\u00fcr den Stra\u00dfenbau.","breadcrumb":{"@id":"https:\/\/www.pittini.com\/de\/produkte\/#breadcrumb"},"inLanguage":"de","potentialAction":[{"@type":"ReadAction","target":["https:\/\/www.pittini.com\/de\/produkte\/"]}]},{"@type":"ImageObject","inLanguage":"de","@id":"https:\/\/www.pittini.com\/de\/produkte\/#primaryimage","url":"https:\/\/www.pittini.com\/wp-content\/uploads\/sites\/21\/Gruppo-Pittini-prodotti-acciaio.jpg","contentUrl":"https:\/\/www.pittini.com\/wp-content\/uploads\/sites\/21\/Gruppo-Pittini-prodotti-acciaio.jpg","width":2000,"height":802,"caption":"acciaio"},{"@type":"BreadcrumbList","@id":"https:\/\/www.pittini.com\/de\/produkte\/#breadcrumb","itemListElement":[{"@type":"ListItem","position":1,"name":"Home","item":"https:\/\/www.pittini.com\/de\/"},{"@type":"ListItem","position":2,"name":"Produkte"}]},{"@type":"WebSite","@id":"https:\/\/www.pittini.com\/de\/#website","url":"https:\/\/www.pittini.com\/de\/","name":"Pittini Gruppe","description":"A group of companies that manage to cover all the production process","potentialAction":[{"@type":"SearchAction","target":{"@type":"EntryPoint","urlTemplate":"https:\/\/www.pittini.com\/de\/?s={search_term_string}"},"query-input":{"@type":"PropertyValueSpecification","valueRequired":true,"valueName":"search_term_string"}}],"inLanguage":"de"}]}},"_links":{"self":[{"href":"https:\/\/www.pittini.com\/de\/wp-json\/wp\/v2\/pages\/8449","targetHints":{"allow":["GET"]}}],"collection":[{"href":"https:\/\/www.pittini.com\/de\/wp-json\/wp\/v2\/pages"}],"about":[{"href":"https:\/\/www.pittini.com\/de\/wp-json\/wp\/v2\/types\/page"}],"author":[{"embeddable":true,"href":"https:\/\/www.pittini.com\/de\/wp-json\/wp\/v2\/users\/1"}],"replies":[{"embeddable":true,"href":"https:\/\/www.pittini.com\/de\/wp-json\/wp\/v2\/comments?post=8449"}],"version-history":[{"count":8,"href":"https:\/\/www.pittini.com\/de\/wp-json\/wp\/v2\/pages\/8449\/revisions"}],"predecessor-version":[{"id":26164,"href":"https:\/\/www.pittini.com\/de\/wp-json\/wp\/v2\/pages\/8449\/revisions\/26164"}],"wp:featuredmedia":[{"embeddable":true,"href":"https:\/\/www.pittini.com\/de\/wp-json\/wp\/v2\/media\/24451"}],"wp:attachment":[{"href":"https:\/\/www.pittini.com\/de\/wp-json\/wp\/v2\/media?parent=8449"}],"curies":[{"name":"wp","href":"https:\/\/api.w.org\/{rel}","templated":true}]}}