{"id":26107,"date":"2023-08-09T17:22:17","date_gmt":"2023-08-09T15:22:17","guid":{"rendered":"https:\/\/www.pittini.com\/?page_id=26107"},"modified":"2025-10-06T16:42:45","modified_gmt":"2025-10-06T14:42:45","slug":"der-konzern","status":"publish","type":"page","link":"https:\/\/www.pittini.com\/de\/der-konzern\/","title":{"rendered":"Der Konzern"},"content":{"rendered":"","protected":false},"excerpt":{"rendered":"","protected":false},"author":14,"featured_media":25462,"parent":0,"menu_order":0,"comment_status":"closed","ping_status":"closed","template":"page-flexible.php","meta":{"_acf_changed":false,"footnotes":""},"class_list":["post-26107","page","type-page","status-publish","has-post-thumbnail","hentry"],"acf":[],"yoast_head":"<!-- This site is optimized with the Yoast SEO plugin v27.4 - https:\/\/yoast.com\/product\/yoast-seo-wordpress\/ -->\n<title>Die Pittini-Gruppe ist in \u00fcber 65 L\u00e4ndern der Welt ein Synonym f\u00fcr Stahl - Pittini Gruppe<\/title>\n<meta name=\"description\" content=\"Mit einer Jahresproduktion von mehr als 3 Millionen Tonnen ist Pittini der f\u00fchrende italienische Hersteller von Langstahl f\u00fcr die Bau- und Maschinenbauindustrie.\" \/>\n<meta name=\"robots\" content=\"index, follow, max-snippet:-1, max-image-preview:large, max-video-preview:-1\" \/>\n<link rel=\"canonical\" href=\"https:\/\/www.pittini.com\/de\/der-konzern\/\" \/>\n<meta property=\"og:locale\" content=\"de_DE\" \/>\n<meta property=\"og:type\" content=\"article\" \/>\n<meta property=\"og:title\" content=\"Die Pittini-Gruppe ist in \u00fcber 65 L\u00e4ndern der Welt ein Synonym f\u00fcr Stahl - Pittini Gruppe\" \/>\n<meta property=\"og:description\" content=\"Mit einer Jahresproduktion von mehr als 3 Millionen Tonnen ist Pittini der f\u00fchrende italienische Hersteller von Langstahl f\u00fcr die Bau- und Maschinenbauindustrie.\" \/>\n<meta property=\"og:url\" content=\"https:\/\/www.pittini.com\/de\/der-konzern\/\" \/>\n<meta property=\"og:site_name\" content=\"Pittini Gruppe\" \/>\n<meta property=\"article:modified_time\" content=\"2025-10-06T14:42:45+00:00\" \/>\n<meta property=\"og:image\" content=\"https:\/\/www.pittini.com\/wp-content\/uploads\/sites\/21\/Gruppo-Pittini-chi-siamo.jpg\" \/>\n\t<meta property=\"og:image:width\" content=\"2000\" \/>\n\t<meta property=\"og:image:height\" content=\"802\" \/>\n\t<meta property=\"og:image:type\" content=\"image\/jpeg\" \/>\n<script type=\"application\/ld+json\" class=\"yoast-schema-graph\">{\"@context\":\"https:\\\/\\\/schema.org\",\"@graph\":[{\"@type\":\"WebPage\",\"@id\":\"https:\\\/\\\/www.pittini.com\\\/de\\\/der-konzern\\\/\",\"url\":\"https:\\\/\\\/www.pittini.com\\\/de\\\/der-konzern\\\/\",\"name\":\"Die Pittini-Gruppe ist in \u00fcber 65 L\u00e4ndern der Welt ein Synonym f\u00fcr Stahl - Pittini Gruppe\",\"isPartOf\":{\"@id\":\"https:\\\/\\\/www.pittini.com\\\/de\\\/#website\"},\"primaryImageOfPage\":{\"@id\":\"https:\\\/\\\/www.pittini.com\\\/de\\\/der-konzern\\\/#primaryimage\"},\"image\":{\"@id\":\"https:\\\/\\\/www.pittini.com\\\/de\\\/der-konzern\\\/#primaryimage\"},\"thumbnailUrl\":\"https:\\\/\\\/www.pittini.com\\\/wp-content\\\/uploads\\\/sites\\\/21\\\/Gruppo-Pittini-chi-siamo.jpg\",\"datePublished\":\"2023-08-09T15:22:17+00:00\",\"dateModified\":\"2025-10-06T14:42:45+00:00\",\"description\":\"Mit einer Jahresproduktion von mehr als 3 Millionen Tonnen ist Pittini der f\u00fchrende italienische Hersteller von Langstahl f\u00fcr die Bau- und Maschinenbauindustrie.\",\"breadcrumb\":{\"@id\":\"https:\\\/\\\/www.pittini.com\\\/de\\\/der-konzern\\\/#breadcrumb\"},\"inLanguage\":\"de\",\"potentialAction\":[{\"@type\":\"ReadAction\",\"target\":[\"https:\\\/\\\/www.pittini.com\\\/de\\\/der-konzern\\\/\"]}]},{\"@type\":\"ImageObject\",\"inLanguage\":\"de\",\"@id\":\"https:\\\/\\\/www.pittini.com\\\/de\\\/der-konzern\\\/#primaryimage\",\"url\":\"https:\\\/\\\/www.pittini.com\\\/wp-content\\\/uploads\\\/sites\\\/21\\\/Gruppo-Pittini-chi-siamo.jpg\",\"contentUrl\":\"https:\\\/\\\/www.pittini.com\\\/wp-content\\\/uploads\\\/sites\\\/21\\\/Gruppo-Pittini-chi-siamo.jpg\",\"width\":2000,\"height\":802},{\"@type\":\"BreadcrumbList\",\"@id\":\"https:\\\/\\\/www.pittini.com\\\/de\\\/der-konzern\\\/#breadcrumb\",\"itemListElement\":[{\"@type\":\"ListItem\",\"position\":1,\"name\":\"Home\",\"item\":\"https:\\\/\\\/www.pittini.com\\\/de\\\/\"},{\"@type\":\"ListItem\",\"position\":2,\"name\":\"Der Konzern\"}]},{\"@type\":\"WebSite\",\"@id\":\"https:\\\/\\\/www.pittini.com\\\/de\\\/#website\",\"url\":\"https:\\\/\\\/www.pittini.com\\\/de\\\/\",\"name\":\"Pittini Gruppe\",\"description\":\"A group of companies that manage to cover all the production process\",\"potentialAction\":[{\"@type\":\"SearchAction\",\"target\":{\"@type\":\"EntryPoint\",\"urlTemplate\":\"https:\\\/\\\/www.pittini.com\\\/de\\\/?s={search_term_string}\"},\"query-input\":{\"@type\":\"PropertyValueSpecification\",\"valueRequired\":true,\"valueName\":\"search_term_string\"}}],\"inLanguage\":\"de\"}]}<\/script>\n<!-- \/ Yoast SEO plugin. -->","yoast_head_json":{"title":"Die Pittini-Gruppe ist in \u00fcber 65 L\u00e4ndern der Welt ein Synonym f\u00fcr Stahl - Pittini Gruppe","description":"Mit einer Jahresproduktion von mehr als 3 Millionen Tonnen ist Pittini der f\u00fchrende italienische Hersteller von Langstahl f\u00fcr die Bau- und Maschinenbauindustrie.","robots":{"index":"index","follow":"follow","max-snippet":"max-snippet:-1","max-image-preview":"max-image-preview:large","max-video-preview":"max-video-preview:-1"},"canonical":"https:\/\/www.pittini.com\/de\/der-konzern\/","og_locale":"de_DE","og_type":"article","og_title":"Die Pittini-Gruppe ist in \u00fcber 65 L\u00e4ndern der Welt ein Synonym f\u00fcr Stahl - Pittini Gruppe","og_description":"Mit einer Jahresproduktion von mehr als 3 Millionen Tonnen ist Pittini der f\u00fchrende italienische Hersteller von Langstahl f\u00fcr die Bau- und Maschinenbauindustrie.","og_url":"https:\/\/www.pittini.com\/de\/der-konzern\/","og_site_name":"Pittini Gruppe","article_modified_time":"2025-10-06T14:42:45+00:00","og_image":[{"width":2000,"height":802,"url":"https:\/\/www.pittini.com\/wp-content\/uploads\/sites\/21\/Gruppo-Pittini-chi-siamo.jpg","type":"image\/jpeg"}],"schema":{"@context":"https:\/\/schema.org","@graph":[{"@type":"WebPage","@id":"https:\/\/www.pittini.com\/de\/der-konzern\/","url":"https:\/\/www.pittini.com\/de\/der-konzern\/","name":"Die Pittini-Gruppe ist in \u00fcber 65 L\u00e4ndern der Welt ein Synonym f\u00fcr Stahl - Pittini Gruppe","isPartOf":{"@id":"https:\/\/www.pittini.com\/de\/#website"},"primaryImageOfPage":{"@id":"https:\/\/www.pittini.com\/de\/der-konzern\/#primaryimage"},"image":{"@id":"https:\/\/www.pittini.com\/de\/der-konzern\/#primaryimage"},"thumbnailUrl":"https:\/\/www.pittini.com\/wp-content\/uploads\/sites\/21\/Gruppo-Pittini-chi-siamo.jpg","datePublished":"2023-08-09T15:22:17+00:00","dateModified":"2025-10-06T14:42:45+00:00","description":"Mit einer Jahresproduktion von mehr als 3 Millionen Tonnen ist Pittini der f\u00fchrende italienische Hersteller von Langstahl f\u00fcr die Bau- und Maschinenbauindustrie.","breadcrumb":{"@id":"https:\/\/www.pittini.com\/de\/der-konzern\/#breadcrumb"},"inLanguage":"de","potentialAction":[{"@type":"ReadAction","target":["https:\/\/www.pittini.com\/de\/der-konzern\/"]}]},{"@type":"ImageObject","inLanguage":"de","@id":"https:\/\/www.pittini.com\/de\/der-konzern\/#primaryimage","url":"https:\/\/www.pittini.com\/wp-content\/uploads\/sites\/21\/Gruppo-Pittini-chi-siamo.jpg","contentUrl":"https:\/\/www.pittini.com\/wp-content\/uploads\/sites\/21\/Gruppo-Pittini-chi-siamo.jpg","width":2000,"height":802},{"@type":"BreadcrumbList","@id":"https:\/\/www.pittini.com\/de\/der-konzern\/#breadcrumb","itemListElement":[{"@type":"ListItem","position":1,"name":"Home","item":"https:\/\/www.pittini.com\/de\/"},{"@type":"ListItem","position":2,"name":"Der Konzern"}]},{"@type":"WebSite","@id":"https:\/\/www.pittini.com\/de\/#website","url":"https:\/\/www.pittini.com\/de\/","name":"Pittini Gruppe","description":"A group of companies that manage to cover all the production process","potentialAction":[{"@type":"SearchAction","target":{"@type":"EntryPoint","urlTemplate":"https:\/\/www.pittini.com\/de\/?s={search_term_string}"},"query-input":{"@type":"PropertyValueSpecification","valueRequired":true,"valueName":"search_term_string"}}],"inLanguage":"de"}]}},"_links":{"self":[{"href":"https:\/\/www.pittini.com\/de\/wp-json\/wp\/v2\/pages\/26107","targetHints":{"allow":["GET"]}}],"collection":[{"href":"https:\/\/www.pittini.com\/de\/wp-json\/wp\/v2\/pages"}],"about":[{"href":"https:\/\/www.pittini.com\/de\/wp-json\/wp\/v2\/types\/page"}],"author":[{"embeddable":true,"href":"https:\/\/www.pittini.com\/de\/wp-json\/wp\/v2\/users\/14"}],"replies":[{"embeddable":true,"href":"https:\/\/www.pittini.com\/de\/wp-json\/wp\/v2\/comments?post=26107"}],"version-history":[{"count":8,"href":"https:\/\/www.pittini.com\/de\/wp-json\/wp\/v2\/pages\/26107\/revisions"}],"predecessor-version":[{"id":27343,"href":"https:\/\/www.pittini.com\/de\/wp-json\/wp\/v2\/pages\/26107\/revisions\/27343"}],"wp:featuredmedia":[{"embeddable":true,"href":"https:\/\/www.pittini.com\/de\/wp-json\/wp\/v2\/media\/25462"}],"wp:attachment":[{"href":"https:\/\/www.pittini.com\/de\/wp-json\/wp\/v2\/media?parent=26107"}],"curies":[{"name":"wp","href":"https:\/\/api.w.org\/{rel}","templated":true}]}}