{"id":20454,"date":"2020-09-03T11:47:20","date_gmt":"2020-09-03T09:47:20","guid":{"rendered":"https:\/\/new.pittini.it\/filiali-commerciali\/"},"modified":"2025-04-30T09:46:37","modified_gmt":"2025-04-30T07:46:37","slug":"vertriebsstandorte","status":"publish","type":"page","link":"https:\/\/www.pittini.com\/de\/vertriebsstandorte\/","title":{"rendered":"Vertriebsstandorte"},"content":{"rendered":"<p style=\"text-align: justify;\">Die <strong>Vertriebsstandorte der Pittini Gruppe<\/strong> \u00fcberwachen wichtige M\u00e4rkte mit dem Ziel, Kundenn\u00e4he zu gew\u00e4hrleisten und technische sowie logistische Beratungsdienste in Echtzeit bereitzustellen.<\/p>\n","protected":false},"excerpt":{"rendered":"<p>Die Vertriebsstandorte der Pittini Gruppe \u00fcberwachen wichtige M\u00e4rkte mit dem Ziel, Kundenn\u00e4he zu gew\u00e4hrleisten und technische sowie logistische Beratungsdienste in Echtzeit bereitzustellen.<\/p>\n","protected":false},"author":14,"featured_media":18308,"parent":0,"menu_order":0,"comment_status":"closed","ping_status":"closed","template":"page-flexible.php","meta":{"_acf_changed":false,"footnotes":""},"class_list":["post-20454","page","type-page","status-publish","has-post-thumbnail","hentry"],"acf":[],"yoast_head":"<!-- This site is optimized with the Yoast SEO plugin v27.4 - https:\/\/yoast.com\/product\/yoast-seo-wordpress\/ -->\n<title>Unsere Vertriebsniederlassungen - Pittini<\/title>\n<meta name=\"description\" content=\"Entdecken Sie die Gesch\u00e4ftszweige der Pittini Gruppe: Pittini Siderprodukte AG, Pittini Stahl und das Vertriebszentrum Ceprano.\" \/>\n<meta name=\"robots\" content=\"index, follow, max-snippet:-1, max-image-preview:large, max-video-preview:-1\" \/>\n<link rel=\"canonical\" href=\"https:\/\/www.pittini.com\/de\/vertriebsstandorte\/\" \/>\n<meta property=\"og:locale\" content=\"de_DE\" \/>\n<meta property=\"og:type\" content=\"article\" \/>\n<meta property=\"og:title\" content=\"Unsere Vertriebsniederlassungen - Pittini\" \/>\n<meta property=\"og:description\" content=\"Entdecken Sie die Gesch\u00e4ftszweige der Pittini Gruppe: Pittini Siderprodukte AG, Pittini Stahl und das Vertriebszentrum Ceprano.\" \/>\n<meta property=\"og:url\" content=\"https:\/\/www.pittini.com\/de\/vertriebsstandorte\/\" \/>\n<meta property=\"og:site_name\" content=\"Pittini Gruppe\" \/>\n<meta property=\"article:modified_time\" content=\"2025-04-30T07:46:37+00:00\" \/>\n<meta property=\"og:image\" content=\"https:\/\/www.pittini.com\/wp-content\/uploads\/sites\/21\/rete-vendita-estero.jpg\" \/>\n\t<meta property=\"og:image:width\" content=\"1900\" \/>\n\t<meta property=\"og:image:height\" content=\"560\" \/>\n\t<meta property=\"og:image:type\" content=\"image\/jpeg\" \/>\n<script type=\"application\/ld+json\" class=\"yoast-schema-graph\">{\"@context\":\"https:\\\/\\\/schema.org\",\"@graph\":[{\"@type\":\"WebPage\",\"@id\":\"https:\\\/\\\/www.pittini.com\\\/de\\\/vertriebsstandorte\\\/\",\"url\":\"https:\\\/\\\/www.pittini.com\\\/de\\\/vertriebsstandorte\\\/\",\"name\":\"Unsere Vertriebsniederlassungen - Pittini\",\"isPartOf\":{\"@id\":\"https:\\\/\\\/www.pittini.com\\\/de\\\/#website\"},\"primaryImageOfPage\":{\"@id\":\"https:\\\/\\\/www.pittini.com\\\/de\\\/vertriebsstandorte\\\/#primaryimage\"},\"image\":{\"@id\":\"https:\\\/\\\/www.pittini.com\\\/de\\\/vertriebsstandorte\\\/#primaryimage\"},\"thumbnailUrl\":\"https:\\\/\\\/www.pittini.com\\\/wp-content\\\/uploads\\\/sites\\\/21\\\/rete-vendita-estero.jpg\",\"datePublished\":\"2020-09-03T09:47:20+00:00\",\"dateModified\":\"2025-04-30T07:46:37+00:00\",\"description\":\"Entdecken Sie die Gesch\u00e4ftszweige der Pittini Gruppe: Pittini Siderprodukte AG, Pittini Stahl und das Vertriebszentrum Ceprano.\",\"breadcrumb\":{\"@id\":\"https:\\\/\\\/www.pittini.com\\\/de\\\/vertriebsstandorte\\\/#breadcrumb\"},\"inLanguage\":\"de\",\"potentialAction\":[{\"@type\":\"ReadAction\",\"target\":[\"https:\\\/\\\/www.pittini.com\\\/de\\\/vertriebsstandorte\\\/\"]}]},{\"@type\":\"ImageObject\",\"inLanguage\":\"de\",\"@id\":\"https:\\\/\\\/www.pittini.com\\\/de\\\/vertriebsstandorte\\\/#primaryimage\",\"url\":\"https:\\\/\\\/www.pittini.com\\\/wp-content\\\/uploads\\\/sites\\\/21\\\/rete-vendita-estero.jpg\",\"contentUrl\":\"https:\\\/\\\/www.pittini.com\\\/wp-content\\\/uploads\\\/sites\\\/21\\\/rete-vendita-estero.jpg\",\"width\":1900,\"height\":560,\"caption\":\"rete vendita\"},{\"@type\":\"BreadcrumbList\",\"@id\":\"https:\\\/\\\/www.pittini.com\\\/de\\\/vertriebsstandorte\\\/#breadcrumb\",\"itemListElement\":[{\"@type\":\"ListItem\",\"position\":1,\"name\":\"Home\",\"item\":\"https:\\\/\\\/www.pittini.com\\\/de\\\/\"},{\"@type\":\"ListItem\",\"position\":2,\"name\":\"Vertriebsstandorte\"}]},{\"@type\":\"WebSite\",\"@id\":\"https:\\\/\\\/www.pittini.com\\\/de\\\/#website\",\"url\":\"https:\\\/\\\/www.pittini.com\\\/de\\\/\",\"name\":\"Pittini Gruppe\",\"description\":\"A group of companies that manage to cover all the production process\",\"potentialAction\":[{\"@type\":\"SearchAction\",\"target\":{\"@type\":\"EntryPoint\",\"urlTemplate\":\"https:\\\/\\\/www.pittini.com\\\/de\\\/?s={search_term_string}\"},\"query-input\":{\"@type\":\"PropertyValueSpecification\",\"valueRequired\":true,\"valueName\":\"search_term_string\"}}],\"inLanguage\":\"de\"}]}<\/script>\n<!-- \/ Yoast SEO plugin. -->","yoast_head_json":{"title":"Unsere Vertriebsniederlassungen - Pittini","description":"Entdecken Sie die Gesch\u00e4ftszweige der Pittini Gruppe: Pittini Siderprodukte AG, Pittini Stahl und das Vertriebszentrum Ceprano.","robots":{"index":"index","follow":"follow","max-snippet":"max-snippet:-1","max-image-preview":"max-image-preview:large","max-video-preview":"max-video-preview:-1"},"canonical":"https:\/\/www.pittini.com\/de\/vertriebsstandorte\/","og_locale":"de_DE","og_type":"article","og_title":"Unsere Vertriebsniederlassungen - Pittini","og_description":"Entdecken Sie die Gesch\u00e4ftszweige der Pittini Gruppe: Pittini Siderprodukte AG, Pittini Stahl und das Vertriebszentrum Ceprano.","og_url":"https:\/\/www.pittini.com\/de\/vertriebsstandorte\/","og_site_name":"Pittini Gruppe","article_modified_time":"2025-04-30T07:46:37+00:00","og_image":[{"width":1900,"height":560,"url":"https:\/\/www.pittini.com\/wp-content\/uploads\/sites\/21\/rete-vendita-estero.jpg","type":"image\/jpeg"}],"schema":{"@context":"https:\/\/schema.org","@graph":[{"@type":"WebPage","@id":"https:\/\/www.pittini.com\/de\/vertriebsstandorte\/","url":"https:\/\/www.pittini.com\/de\/vertriebsstandorte\/","name":"Unsere Vertriebsniederlassungen - Pittini","isPartOf":{"@id":"https:\/\/www.pittini.com\/de\/#website"},"primaryImageOfPage":{"@id":"https:\/\/www.pittini.com\/de\/vertriebsstandorte\/#primaryimage"},"image":{"@id":"https:\/\/www.pittini.com\/de\/vertriebsstandorte\/#primaryimage"},"thumbnailUrl":"https:\/\/www.pittini.com\/wp-content\/uploads\/sites\/21\/rete-vendita-estero.jpg","datePublished":"2020-09-03T09:47:20+00:00","dateModified":"2025-04-30T07:46:37+00:00","description":"Entdecken Sie die Gesch\u00e4ftszweige der Pittini Gruppe: Pittini Siderprodukte AG, Pittini Stahl und das Vertriebszentrum Ceprano.","breadcrumb":{"@id":"https:\/\/www.pittini.com\/de\/vertriebsstandorte\/#breadcrumb"},"inLanguage":"de","potentialAction":[{"@type":"ReadAction","target":["https:\/\/www.pittini.com\/de\/vertriebsstandorte\/"]}]},{"@type":"ImageObject","inLanguage":"de","@id":"https:\/\/www.pittini.com\/de\/vertriebsstandorte\/#primaryimage","url":"https:\/\/www.pittini.com\/wp-content\/uploads\/sites\/21\/rete-vendita-estero.jpg","contentUrl":"https:\/\/www.pittini.com\/wp-content\/uploads\/sites\/21\/rete-vendita-estero.jpg","width":1900,"height":560,"caption":"rete vendita"},{"@type":"BreadcrumbList","@id":"https:\/\/www.pittini.com\/de\/vertriebsstandorte\/#breadcrumb","itemListElement":[{"@type":"ListItem","position":1,"name":"Home","item":"https:\/\/www.pittini.com\/de\/"},{"@type":"ListItem","position":2,"name":"Vertriebsstandorte"}]},{"@type":"WebSite","@id":"https:\/\/www.pittini.com\/de\/#website","url":"https:\/\/www.pittini.com\/de\/","name":"Pittini Gruppe","description":"A group of companies that manage to cover all the production process","potentialAction":[{"@type":"SearchAction","target":{"@type":"EntryPoint","urlTemplate":"https:\/\/www.pittini.com\/de\/?s={search_term_string}"},"query-input":{"@type":"PropertyValueSpecification","valueRequired":true,"valueName":"search_term_string"}}],"inLanguage":"de"}]}},"_links":{"self":[{"href":"https:\/\/www.pittini.com\/de\/wp-json\/wp\/v2\/pages\/20454","targetHints":{"allow":["GET"]}}],"collection":[{"href":"https:\/\/www.pittini.com\/de\/wp-json\/wp\/v2\/pages"}],"about":[{"href":"https:\/\/www.pittini.com\/de\/wp-json\/wp\/v2\/types\/page"}],"author":[{"embeddable":true,"href":"https:\/\/www.pittini.com\/de\/wp-json\/wp\/v2\/users\/14"}],"replies":[{"embeddable":true,"href":"https:\/\/www.pittini.com\/de\/wp-json\/wp\/v2\/comments?post=20454"}],"version-history":[{"count":4,"href":"https:\/\/www.pittini.com\/de\/wp-json\/wp\/v2\/pages\/20454\/revisions"}],"predecessor-version":[{"id":27331,"href":"https:\/\/www.pittini.com\/de\/wp-json\/wp\/v2\/pages\/20454\/revisions\/27331"}],"wp:featuredmedia":[{"embeddable":true,"href":"https:\/\/www.pittini.com\/de\/wp-json\/wp\/v2\/media\/18308"}],"wp:attachment":[{"href":"https:\/\/www.pittini.com\/de\/wp-json\/wp\/v2\/media?parent=20454"}],"curies":[{"name":"wp","href":"https:\/\/api.w.org\/{rel}","templated":true}]}}