{"id":15270,"date":"2018-03-23T15:47:46","date_gmt":"2018-03-23T14:47:46","guid":{"rendered":"https:\/\/new.pittini.it\/produkte\/walzdraht\/vergella-basso-carbonio\/"},"modified":"2025-03-05T14:31:56","modified_gmt":"2025-03-05T13:31:56","slug":"walzdraht-mit-niedrigem-kohlenstoffgehalt","status":"publish","type":"page","link":"https:\/\/www.pittini.com\/de\/produkte\/walzdraht\/walzdraht-mit-niedrigem-kohlenstoffgehalt\/","title":{"rendered":"Walzdraht mit niedrigem Kohlenstoffgehalt"},"content":{"rendered":"<p style=\"text-align: justify;\">Die<strong> Pittini Gruppe<\/strong> ist ein Ma\u00dfstab in der <strong>Produktion und Lieferung von qualitativ hochwertigem<\/strong> kohlenstoffarmen Walzdraht mit exzellentem Kundenservice in Bezug auf Logistik und Verpackung.<\/p>\n<p style=\"text-align: justify;\">Der Walzdraht\u00a0<strong>f\u00fcr die Herstellung von Draht f\u00fcr die Betonbewehrung<\/strong> ist so konzipiert, dass die Endprodukte &#8211; kaltgewalzter Draht, <a href=\"https:\/\/www.pittini.com\/de\/produkte\/bauindustrie\/elektrogeschweisste-standardmatten\/\">Baumatten<\/a> und <a href=\"https:\/\/www.pittini.com\/de\/produkte\/strassen\/gittertraeger\/\">Gittertr\u00e4ger<\/a> &#8211; nach der Verarbeitung den Spezifikationen der in Italien und im Ausland geltenden Vorschriften entsprechen.<\/p>\n<p style=\"text-align: justify;\">Der <strong>Walzdraht f\u00fcr das Ziehen von kohlenstoffarmen Dr\u00e4hten<\/strong> wird in verschiedenen Qualit\u00e4ten hergestellt, die hohe Reduzierungen f\u00fcr Enddrahtdurchmesser von weniger als einem Millimeter erm\u00f6glichen, wobei stets eine gleichbleibende Qualit\u00e4t und eine ausgezeichnete Oberfl\u00e4chenbeschaffenheit gew\u00e4hrleistet wird, die sich f\u00fcr nachfolgende galvanische Behandlungen oder Drahtbeschichtungen eignet.<\/p>\n<p style=\"text-align: justify;\">Folgende Produkte sind erh\u00e4ltlich: ein f\u00fcr das <strong>Feuerverzinkungsverfahren<\/strong> geeigneter Walzdraht mit Silizium sowie ein <strong>Bor-Walzdraht<\/strong> mit ausgesprochen hoher Duktilit\u00e4t f\u00fcr die h\u00f6chsten Verd\u00fcnnungsgrade, und dies auch ohne Zwischenw\u00e4rmebehandlungen.<\/p>\n<p style=\"text-align: justify;\">Der <strong>Fe36-Walzdraht<\/strong> <strong>f\u00fcr zertifizierte Anwendungen im Maschinenbau<\/strong> entspricht der Norm S235JR gem\u00e4\u00df EN 10025-2 in \u00dcbereinstimmung mit der europ\u00e4ischen Verordnung 305\/2011 n.Fe36-CPR-2013-07.<\/p>\n<p><a class=\"cta-dl\" href=\"https:\/\/www.pittini.com\/wp-content\/uploads\/sites\/21\/Gruppo-Pittini-vergella-basso-carbonio-DE-FR.pdf\" target=\"_blank\" rel=\"noopener noreferrer\">Walzdraht Eins\u00e4tze herunterladen<\/a><\/p>\n<p style=\"text-align: justify;\">Der im Werk Osoppo und Verona hergestellte Walzdraht mit niedrigem Kohlenstoffgehalt hat die\u00a0<strong>EPD Zertifizierung<\/strong> &#8211; <em>Environmental Product Declaration<\/em> &#8211; durch den zertifizierenden Partner <strong>ICMQ<\/strong>, das Institut f\u00fcr Zertifizierung und Qualit\u00e4tsabzeichen f\u00fcr Bauprodukte und Dienstleistungen, erhalten.<\/p>\n<p><a href=\"https:\/\/www.pittini.com\/wp-content\/uploads\/sites\/21\/Pittini-Gruppe-walzdraht-EPD-zertifizierung-DEU.pdf\" target=\"_blank\" rel=\"noopener\">Downloaden EPD Zertifizierung &#8211; Osoppo<\/a><\/p>\n<p><a href=\"https:\/\/www.pittini.it\/wp-content\/uploads\/Gruppo-Pittini-vergella-dichiarazione-EPD-Acciaierie-di-Verona.pdf\" target=\"_blank\" rel=\"noopener\">Downloaden EPD Zertifizierung &#8211; Verona<\/a><\/p>\n","protected":false},"excerpt":{"rendered":"<p>Die Pittini Gruppe ist ein Ma\u00dfstab in der Produktion und Lieferung von qualitativ hochwertigem kohlenstoffarmen Walzdraht mit exzellentem Kundenservice in Bezug auf Logistik und Verpackung. Der Walzdraht\u00a0f\u00fcr die Herstellung von Draht f\u00fcr die Betonbewehrung [&hellip;]<\/p>\n","protected":false},"author":1,"featured_media":24480,"parent":8515,"menu_order":7,"comment_status":"closed","ping_status":"closed","template":"page-prodotto.php","meta":{"_acf_changed":false,"footnotes":""},"class_list":["post-15270","page","type-page","status-publish","has-post-thumbnail","hentry"],"acf":[],"yoast_head":"<!-- This site is optimized with the Yoast SEO plugin v27.4 - https:\/\/yoast.com\/product\/yoast-seo-wordpress\/ -->\n<title>Walzdraht aus Stahl f\u00fcr Ziehereien und Beton mit niedrigem Kohlenstoffgehalt- Pittini<\/title>\n<meta name=\"description\" content=\"Die Pittini Gruppe ist ein Bezugspunkt in der Herstellung von kohlenstoffarmem Walzdraht f\u00fcr das Drahtziehen oder Kaltwalzen. Datenbl\u00e4tter, Abmessungen, Details.\" \/>\n<meta name=\"robots\" content=\"index, follow, max-snippet:-1, max-image-preview:large, max-video-preview:-1\" \/>\n<link rel=\"canonical\" href=\"https:\/\/www.pittini.com\/de\/produkte\/walzdraht\/walzdraht-mit-niedrigem-kohlenstoffgehalt\/\" \/>\n<meta property=\"og:locale\" content=\"de_DE\" \/>\n<meta property=\"og:type\" content=\"article\" \/>\n<meta property=\"og:title\" content=\"Walzdraht aus Stahl f\u00fcr Ziehereien und Beton mit niedrigem Kohlenstoffgehalt- Pittini\" \/>\n<meta property=\"og:description\" content=\"Die Pittini Gruppe ist ein Bezugspunkt in der Herstellung von kohlenstoffarmem Walzdraht f\u00fcr das Drahtziehen oder Kaltwalzen. Datenbl\u00e4tter, Abmessungen, Details.\" \/>\n<meta property=\"og:url\" content=\"https:\/\/www.pittini.com\/de\/produkte\/walzdraht\/walzdraht-mit-niedrigem-kohlenstoffgehalt\/\" \/>\n<meta property=\"og:site_name\" content=\"Pittini Gruppe\" \/>\n<meta property=\"article:modified_time\" content=\"2025-03-05T13:31:56+00:00\" \/>\n<meta property=\"og:image\" content=\"https:\/\/www.pittini.com\/wp-content\/uploads\/sites\/21\/Gruppo-Pittini-vergella-basso-carbonio.jpg\" \/>\n\t<meta property=\"og:image:width\" content=\"1900\" \/>\n\t<meta property=\"og:image:height\" content=\"560\" \/>\n\t<meta property=\"og:image:type\" content=\"image\/jpeg\" \/>\n<meta name=\"twitter:label1\" content=\"Gesch\u00e4tzte Lesezeit\" \/>\n\t<meta name=\"twitter:data1\" content=\"1\u00a0Minute\" \/>\n<script type=\"application\/ld+json\" class=\"yoast-schema-graph\">{\"@context\":\"https:\\\/\\\/schema.org\",\"@graph\":[{\"@type\":\"WebPage\",\"@id\":\"https:\\\/\\\/www.pittini.com\\\/de\\\/produkte\\\/walzdraht\\\/walzdraht-mit-niedrigem-kohlenstoffgehalt\\\/\",\"url\":\"https:\\\/\\\/www.pittini.com\\\/de\\\/produkte\\\/walzdraht\\\/walzdraht-mit-niedrigem-kohlenstoffgehalt\\\/\",\"name\":\"Walzdraht aus Stahl f\u00fcr Ziehereien und Beton mit niedrigem Kohlenstoffgehalt- Pittini\",\"isPartOf\":{\"@id\":\"https:\\\/\\\/www.pittini.com\\\/de\\\/#website\"},\"primaryImageOfPage\":{\"@id\":\"https:\\\/\\\/www.pittini.com\\\/de\\\/produkte\\\/walzdraht\\\/walzdraht-mit-niedrigem-kohlenstoffgehalt\\\/#primaryimage\"},\"image\":{\"@id\":\"https:\\\/\\\/www.pittini.com\\\/de\\\/produkte\\\/walzdraht\\\/walzdraht-mit-niedrigem-kohlenstoffgehalt\\\/#primaryimage\"},\"thumbnailUrl\":\"https:\\\/\\\/www.pittini.com\\\/wp-content\\\/uploads\\\/sites\\\/21\\\/Gruppo-Pittini-vergella-basso-carbonio.jpg\",\"datePublished\":\"2018-03-23T14:47:46+00:00\",\"dateModified\":\"2025-03-05T13:31:56+00:00\",\"description\":\"Die Pittini Gruppe ist ein Bezugspunkt in der Herstellung von kohlenstoffarmem Walzdraht f\u00fcr das Drahtziehen oder Kaltwalzen. Datenbl\u00e4tter, Abmessungen, Details.\",\"breadcrumb\":{\"@id\":\"https:\\\/\\\/www.pittini.com\\\/de\\\/produkte\\\/walzdraht\\\/walzdraht-mit-niedrigem-kohlenstoffgehalt\\\/#breadcrumb\"},\"inLanguage\":\"de\",\"potentialAction\":[{\"@type\":\"ReadAction\",\"target\":[\"https:\\\/\\\/www.pittini.com\\\/de\\\/produkte\\\/walzdraht\\\/walzdraht-mit-niedrigem-kohlenstoffgehalt\\\/\"]}]},{\"@type\":\"ImageObject\",\"inLanguage\":\"de\",\"@id\":\"https:\\\/\\\/www.pittini.com\\\/de\\\/produkte\\\/walzdraht\\\/walzdraht-mit-niedrigem-kohlenstoffgehalt\\\/#primaryimage\",\"url\":\"https:\\\/\\\/www.pittini.com\\\/wp-content\\\/uploads\\\/sites\\\/21\\\/Gruppo-Pittini-vergella-basso-carbonio.jpg\",\"contentUrl\":\"https:\\\/\\\/www.pittini.com\\\/wp-content\\\/uploads\\\/sites\\\/21\\\/Gruppo-Pittini-vergella-basso-carbonio.jpg\",\"width\":1900,\"height\":560,\"caption\":\"vergella basso carbonio\"},{\"@type\":\"BreadcrumbList\",\"@id\":\"https:\\\/\\\/www.pittini.com\\\/de\\\/produkte\\\/walzdraht\\\/walzdraht-mit-niedrigem-kohlenstoffgehalt\\\/#breadcrumb\",\"itemListElement\":[{\"@type\":\"ListItem\",\"position\":1,\"name\":\"Home\",\"item\":\"https:\\\/\\\/www.pittini.com\\\/de\\\/\"},{\"@type\":\"ListItem\",\"position\":2,\"name\":\"Produkte\",\"item\":\"https:\\\/\\\/www.pittini.com\\\/de\\\/produkte\\\/\"},{\"@type\":\"ListItem\",\"position\":3,\"name\":\"Walzdraht mit Kohlenstoff\",\"item\":\"https:\\\/\\\/www.pittini.com\\\/de\\\/produkte\\\/walzdraht\\\/\"},{\"@type\":\"ListItem\",\"position\":4,\"name\":\"Walzdraht mit niedrigem Kohlenstoffgehalt\"}]},{\"@type\":\"WebSite\",\"@id\":\"https:\\\/\\\/www.pittini.com\\\/de\\\/#website\",\"url\":\"https:\\\/\\\/www.pittini.com\\\/de\\\/\",\"name\":\"Pittini Gruppe\",\"description\":\"A group of companies that manage to cover all the production process\",\"potentialAction\":[{\"@type\":\"SearchAction\",\"target\":{\"@type\":\"EntryPoint\",\"urlTemplate\":\"https:\\\/\\\/www.pittini.com\\\/de\\\/?s={search_term_string}\"},\"query-input\":{\"@type\":\"PropertyValueSpecification\",\"valueRequired\":true,\"valueName\":\"search_term_string\"}}],\"inLanguage\":\"de\"}]}<\/script>\n<!-- \/ Yoast SEO plugin. -->","yoast_head_json":{"title":"Walzdraht aus Stahl f\u00fcr Ziehereien und Beton mit niedrigem Kohlenstoffgehalt- Pittini","description":"Die Pittini Gruppe ist ein Bezugspunkt in der Herstellung von kohlenstoffarmem Walzdraht f\u00fcr das Drahtziehen oder Kaltwalzen. Datenbl\u00e4tter, Abmessungen, Details.","robots":{"index":"index","follow":"follow","max-snippet":"max-snippet:-1","max-image-preview":"max-image-preview:large","max-video-preview":"max-video-preview:-1"},"canonical":"https:\/\/www.pittini.com\/de\/produkte\/walzdraht\/walzdraht-mit-niedrigem-kohlenstoffgehalt\/","og_locale":"de_DE","og_type":"article","og_title":"Walzdraht aus Stahl f\u00fcr Ziehereien und Beton mit niedrigem Kohlenstoffgehalt- Pittini","og_description":"Die Pittini Gruppe ist ein Bezugspunkt in der Herstellung von kohlenstoffarmem Walzdraht f\u00fcr das Drahtziehen oder Kaltwalzen. Datenbl\u00e4tter, Abmessungen, Details.","og_url":"https:\/\/www.pittini.com\/de\/produkte\/walzdraht\/walzdraht-mit-niedrigem-kohlenstoffgehalt\/","og_site_name":"Pittini Gruppe","article_modified_time":"2025-03-05T13:31:56+00:00","og_image":[{"width":1900,"height":560,"url":"https:\/\/www.pittini.com\/wp-content\/uploads\/sites\/21\/Gruppo-Pittini-vergella-basso-carbonio.jpg","type":"image\/jpeg"}],"twitter_misc":{"Gesch\u00e4tzte Lesezeit":"1\u00a0Minute"},"schema":{"@context":"https:\/\/schema.org","@graph":[{"@type":"WebPage","@id":"https:\/\/www.pittini.com\/de\/produkte\/walzdraht\/walzdraht-mit-niedrigem-kohlenstoffgehalt\/","url":"https:\/\/www.pittini.com\/de\/produkte\/walzdraht\/walzdraht-mit-niedrigem-kohlenstoffgehalt\/","name":"Walzdraht aus Stahl f\u00fcr Ziehereien und Beton mit niedrigem Kohlenstoffgehalt- Pittini","isPartOf":{"@id":"https:\/\/www.pittini.com\/de\/#website"},"primaryImageOfPage":{"@id":"https:\/\/www.pittini.com\/de\/produkte\/walzdraht\/walzdraht-mit-niedrigem-kohlenstoffgehalt\/#primaryimage"},"image":{"@id":"https:\/\/www.pittini.com\/de\/produkte\/walzdraht\/walzdraht-mit-niedrigem-kohlenstoffgehalt\/#primaryimage"},"thumbnailUrl":"https:\/\/www.pittini.com\/wp-content\/uploads\/sites\/21\/Gruppo-Pittini-vergella-basso-carbonio.jpg","datePublished":"2018-03-23T14:47:46+00:00","dateModified":"2025-03-05T13:31:56+00:00","description":"Die Pittini Gruppe ist ein Bezugspunkt in der Herstellung von kohlenstoffarmem Walzdraht f\u00fcr das Drahtziehen oder Kaltwalzen. Datenbl\u00e4tter, Abmessungen, Details.","breadcrumb":{"@id":"https:\/\/www.pittini.com\/de\/produkte\/walzdraht\/walzdraht-mit-niedrigem-kohlenstoffgehalt\/#breadcrumb"},"inLanguage":"de","potentialAction":[{"@type":"ReadAction","target":["https:\/\/www.pittini.com\/de\/produkte\/walzdraht\/walzdraht-mit-niedrigem-kohlenstoffgehalt\/"]}]},{"@type":"ImageObject","inLanguage":"de","@id":"https:\/\/www.pittini.com\/de\/produkte\/walzdraht\/walzdraht-mit-niedrigem-kohlenstoffgehalt\/#primaryimage","url":"https:\/\/www.pittini.com\/wp-content\/uploads\/sites\/21\/Gruppo-Pittini-vergella-basso-carbonio.jpg","contentUrl":"https:\/\/www.pittini.com\/wp-content\/uploads\/sites\/21\/Gruppo-Pittini-vergella-basso-carbonio.jpg","width":1900,"height":560,"caption":"vergella basso carbonio"},{"@type":"BreadcrumbList","@id":"https:\/\/www.pittini.com\/de\/produkte\/walzdraht\/walzdraht-mit-niedrigem-kohlenstoffgehalt\/#breadcrumb","itemListElement":[{"@type":"ListItem","position":1,"name":"Home","item":"https:\/\/www.pittini.com\/de\/"},{"@type":"ListItem","position":2,"name":"Produkte","item":"https:\/\/www.pittini.com\/de\/produkte\/"},{"@type":"ListItem","position":3,"name":"Walzdraht mit Kohlenstoff","item":"https:\/\/www.pittini.com\/de\/produkte\/walzdraht\/"},{"@type":"ListItem","position":4,"name":"Walzdraht mit niedrigem Kohlenstoffgehalt"}]},{"@type":"WebSite","@id":"https:\/\/www.pittini.com\/de\/#website","url":"https:\/\/www.pittini.com\/de\/","name":"Pittini Gruppe","description":"A group of companies that manage to cover all the production process","potentialAction":[{"@type":"SearchAction","target":{"@type":"EntryPoint","urlTemplate":"https:\/\/www.pittini.com\/de\/?s={search_term_string}"},"query-input":{"@type":"PropertyValueSpecification","valueRequired":true,"valueName":"search_term_string"}}],"inLanguage":"de"}]}},"_links":{"self":[{"href":"https:\/\/www.pittini.com\/de\/wp-json\/wp\/v2\/pages\/15270","targetHints":{"allow":["GET"]}}],"collection":[{"href":"https:\/\/www.pittini.com\/de\/wp-json\/wp\/v2\/pages"}],"about":[{"href":"https:\/\/www.pittini.com\/de\/wp-json\/wp\/v2\/types\/page"}],"author":[{"embeddable":true,"href":"https:\/\/www.pittini.com\/de\/wp-json\/wp\/v2\/users\/1"}],"replies":[{"embeddable":true,"href":"https:\/\/www.pittini.com\/de\/wp-json\/wp\/v2\/comments?post=15270"}],"version-history":[{"count":34,"href":"https:\/\/www.pittini.com\/de\/wp-json\/wp\/v2\/pages\/15270\/revisions"}],"predecessor-version":[{"id":27282,"href":"https:\/\/www.pittini.com\/de\/wp-json\/wp\/v2\/pages\/15270\/revisions\/27282"}],"up":[{"embeddable":true,"href":"https:\/\/www.pittini.com\/de\/wp-json\/wp\/v2\/pages\/8515"}],"wp:featuredmedia":[{"embeddable":true,"href":"https:\/\/www.pittini.com\/de\/wp-json\/wp\/v2\/media\/24480"}],"wp:attachment":[{"href":"https:\/\/www.pittini.com\/de\/wp-json\/wp\/v2\/media?parent=15270"}],"curies":[{"name":"wp","href":"https:\/\/api.w.org\/{rel}","templated":true}]}}