{"id":14208,"date":"2018-09-24T10:29:56","date_gmt":"2018-09-24T08:29:56","guid":{"rendered":"https:\/\/new.pittini.it\/newsletter-policy\/"},"modified":"2023-08-01T15:58:13","modified_gmt":"2023-08-01T13:58:13","slug":"newsletter-policy","status":"publish","type":"page","link":"https:\/\/www.pittini.com\/de\/newsletter-policy\/","title":{"rendered":"Newsletter Policy"},"content":{"rendered":"<p style=\"text-align: justify;\">Diese Datenschutzerkl\u00e4rung erfolgt nach den Artikeln 13 und 14 der EU-Verordnung 2016\/679 (DSGVO).<\/p>\n<p>Der <em>Newsletter<\/em> von COMPAGNIA SIDERURGICA ITALIANA S.r.l. (bzw. \u201eCOMPAGNIA SIDERURGICA ITALIANA\u201c bzw. \u201eVerantwortlicher der Datenverarbeitung\u201c) wird per E-Mail an alle Personen geschickt, die dies ausdr\u00fccklich beantragen, indem sie das Formular auf dieser Seite ausf\u00fcllen und in die Verarbeitung ihrer personenbezogenen Daten durch die COMPAGNIA SIDERURGICA ITALIANA einwilligen.<\/p>\n<p>Die Angabe der Daten erfolgt freiwillig. Die Weigerung der Datenangabe bedeutet, dass der Newsletter-Service nicht erbracht werden kann.<\/p>\n<p style=\"text-align: justify;\"><strong>Zweck der Datenverarbeitung<br \/>\n<\/strong>Die von den Nutzern angegebenen personenbezogenen Daten werden nur zum Zweck des Newsletter-Versands verwendet und nicht an Dritte weitergegeben.<\/p>\n<p style=\"text-align: justify;\"><strong>Modalit\u00e4ten der Datenverarbeitung<br \/>\n<\/strong>Die erhobenen Daten werden elektronisch verarbeitet.<\/p>\n<p style=\"text-align: justify;\">Geeignete Sicherheitsma\u00dfnahmen werden befolgt, um einem Datenverlust, einer unrechtm\u00e4\u00dfigen oder ungeeigneten Verwendung oder einem nicht genehmigten Zugriff vorzubeugen.<\/p>\n<p style=\"text-align: justify;\"><strong>Der Verantwortliche<br \/>\n<\/strong>Verantwortlicher der Datenverarbeitung ist COMPAGNIA SIDERURGICA ITALIANA S.r.l. mit Sitz in Zona Industriale Rivoli &#8211; 33010 Osoppo (UD).<\/p>\n<p>Die Verarbeitung der personenbezogenen Daten in Verbindung mit dem Newsletter-Service erfolgt am Unternehmenssitz durch dazu befugtes Personal.<\/p>\n<p style=\"text-align: justify;\"><strong>Rechte der Betroffenen<br \/>\n<\/strong>Die Personen, auf die sich die personenbezogenen Daten beziehen, haben das Recht, jederzeit eine Best\u00e4tigung \u00fcber das Vorhandensein oder Nichtvorhandensein dieser Daten zu erhalten, ihren Inhalt und ihre Herkunft zu erfahren, ihre \u00dcbereinstimmung mit den tats\u00e4chlichen Verh\u00e4ltnissen zu pr\u00fcfen oder deren Erg\u00e4nzung, Aktualisierung oder Richtigstellung zu verlangen (gem\u00e4\u00df Artikel 15-22 DSGVO).<\/p>\n<p style=\"text-align: justify;\">Die Betroffenen haben zudem das Recht, die L\u00f6schung, die Umwandlung in eine anonymisierte Form oder die Sperrung der widerrechtlich verarbeiteten Daten zu verlangen sowie sich in jedem Fall aus berechtigten Gr\u00fcnden deren Verarbeitung zu widersetzen.<\/p>\n<p>Entsprechende Antr\u00e4ge sind zu schicken an:<\/p>\n<p>COMPAGNIA SIDERURGICA ITALIANA S.R.L.<br \/>\nZona Industriale Rivoli &#8211; 33010 OSOPPO (UD)<br \/>\nTel: +39 0432 062811 &#8211; Fax: +39 0432 062822<\/p>\n<p>oder<\/p>\n<p>per E-Mail an die Adresse <a href=\"mailto:privacy@pittini.it\">privacy@pittini.it<\/a>.<\/p>\n<p style=\"text-align: justify;\">F\u00fcr weitere Informationen wird auf die Datenschutzerkl\u00e4rung auf der Website (hier den Link angeben) von COMPAGNIA SIDERURGICA ITALIANA S.r.l verwiesen.<br \/>\nBei Problemen senden Sie einen Hinweis per E-Mail an: <a href=\"mailto:privacy@pittini.it\">privacy@pittini.it<\/a>.<\/p>\n<p style=\"text-align: justify;\"><strong>ABMELDUNG VOM NEWSLETTER<br \/>\n<\/strong>Wenn Sie den Newsletter nicht mehr erhalten m\u00f6chten, bitte klicken Sie auf den unten eingef\u00fcgten Link \u201ehier abmelden\u201c.<br \/>\nBei Problemen senden Sie einen Hinweis per E-Mail an: <a href=\"mailto:marketing@pittini.it\">marketing@pittini.it<\/a><\/p>\n","protected":false},"excerpt":{"rendered":"<p>Diese Datenschutzerkl\u00e4rung erfolgt nach den Artikeln 13 und 14 der EU-Verordnung 2016\/679 (DSGVO). Der Newsletter von COMPAGNIA SIDERURGICA ITALIANA S.r.l. (bzw. \u201eCOMPAGNIA SIDERURGICA ITALIANA\u201c bzw. \u201eVerantwortlicher der Datenverarbeitung\u201c) wird per E-Mail an alle Personen [&hellip;]<\/p>\n","protected":false},"author":14,"featured_media":9029,"parent":0,"menu_order":6,"comment_status":"closed","ping_status":"closed","template":"","meta":{"_acf_changed":false,"footnotes":""},"class_list":["post-14208","page","type-page","status-publish","has-post-thumbnail","hentry"],"acf":[],"yoast_head":"<!-- This site is optimized with the Yoast SEO plugin v27.5 - https:\/\/yoast.com\/product\/yoast-seo-wordpress\/ -->\n<title>Newsletter Policy - Pittini Gruppe<\/title>\n<meta name=\"robots\" content=\"noindex, nofollow\" \/>\n<meta property=\"og:locale\" content=\"de_DE\" \/>\n<meta property=\"og:type\" content=\"article\" \/>\n<meta property=\"og:title\" content=\"Newsletter Policy - Pittini Gruppe\" \/>\n<meta property=\"og:description\" content=\"Diese Datenschutzerkl\u00e4rung erfolgt nach den Artikeln 13 und 14 der EU-Verordnung 2016\/679 (DSGVO). Der Newsletter von COMPAGNIA SIDERURGICA ITALIANA S.r.l. (bzw. \u201eCOMPAGNIA SIDERURGICA ITALIANA\u201c bzw. \u201eVerantwortlicher der Datenverarbeitung\u201c) wird per E-Mail an alle Personen [&hellip;]\" \/>\n<meta property=\"og:url\" content=\"https:\/\/www.pittini.com\/de\/newsletter-policy\/\" \/>\n<meta property=\"og:site_name\" content=\"Pittini Gruppe\" \/>\n<meta property=\"article:modified_time\" content=\"2023-08-01T13:58:13+00:00\" \/>\n<meta property=\"og:image\" content=\"https:\/\/www.pittini.com\/wp-content\/uploads\/sites\/21\/Gruppo-Pittini-rete-elettrosaldata-standard-8.jpg\" \/>\n\t<meta property=\"og:image:width\" content=\"2500\" \/>\n\t<meta property=\"og:image:height\" content=\"1667\" \/>\n\t<meta property=\"og:image:type\" content=\"image\/jpeg\" \/>\n<meta name=\"twitter:label1\" content=\"Gesch\u00e4tzte Lesezeit\" \/>\n\t<meta name=\"twitter:data1\" content=\"2\u00a0Minuten\" \/>\n<script type=\"application\/ld+json\" class=\"yoast-schema-graph\">{\"@context\":\"https:\\\/\\\/schema.org\",\"@graph\":[{\"@type\":\"WebPage\",\"@id\":\"https:\\\/\\\/www.pittini.com\\\/de\\\/newsletter-policy\\\/\",\"url\":\"https:\\\/\\\/www.pittini.com\\\/de\\\/newsletter-policy\\\/\",\"name\":\"Newsletter Policy - Pittini Gruppe\",\"isPartOf\":{\"@id\":\"https:\\\/\\\/www.pittini.com\\\/de\\\/#website\"},\"primaryImageOfPage\":{\"@id\":\"https:\\\/\\\/www.pittini.com\\\/de\\\/newsletter-policy\\\/#primaryimage\"},\"image\":{\"@id\":\"https:\\\/\\\/www.pittini.com\\\/de\\\/newsletter-policy\\\/#primaryimage\"},\"thumbnailUrl\":\"https:\\\/\\\/www.pittini.com\\\/wp-content\\\/uploads\\\/sites\\\/21\\\/Gruppo-Pittini-rete-elettrosaldata-standard-8.jpg\",\"datePublished\":\"2018-09-24T08:29:56+00:00\",\"dateModified\":\"2023-08-01T13:58:13+00:00\",\"breadcrumb\":{\"@id\":\"https:\\\/\\\/www.pittini.com\\\/de\\\/newsletter-policy\\\/#breadcrumb\"},\"inLanguage\":\"de\",\"potentialAction\":[{\"@type\":\"ReadAction\",\"target\":[\"https:\\\/\\\/www.pittini.com\\\/de\\\/newsletter-policy\\\/\"]}]},{\"@type\":\"ImageObject\",\"inLanguage\":\"de\",\"@id\":\"https:\\\/\\\/www.pittini.com\\\/de\\\/newsletter-policy\\\/#primaryimage\",\"url\":\"https:\\\/\\\/www.pittini.com\\\/wp-content\\\/uploads\\\/sites\\\/21\\\/Gruppo-Pittini-rete-elettrosaldata-standard-8.jpg\",\"contentUrl\":\"https:\\\/\\\/www.pittini.com\\\/wp-content\\\/uploads\\\/sites\\\/21\\\/Gruppo-Pittini-rete-elettrosaldata-standard-8.jpg\",\"width\":2500,\"height\":1667,\"caption\":\"rete elettrosaldata standard Gruppo Pittini\"},{\"@type\":\"BreadcrumbList\",\"@id\":\"https:\\\/\\\/www.pittini.com\\\/de\\\/newsletter-policy\\\/#breadcrumb\",\"itemListElement\":[{\"@type\":\"ListItem\",\"position\":1,\"name\":\"Home\",\"item\":\"https:\\\/\\\/www.pittini.com\\\/de\\\/\"},{\"@type\":\"ListItem\",\"position\":2,\"name\":\"Newsletter Policy\"}]},{\"@type\":\"WebSite\",\"@id\":\"https:\\\/\\\/www.pittini.com\\\/de\\\/#website\",\"url\":\"https:\\\/\\\/www.pittini.com\\\/de\\\/\",\"name\":\"Pittini Gruppe\",\"description\":\"A group of companies that manage to cover all the production process\",\"potentialAction\":[{\"@type\":\"SearchAction\",\"target\":{\"@type\":\"EntryPoint\",\"urlTemplate\":\"https:\\\/\\\/www.pittini.com\\\/de\\\/?s={search_term_string}\"},\"query-input\":{\"@type\":\"PropertyValueSpecification\",\"valueRequired\":true,\"valueName\":\"search_term_string\"}}],\"inLanguage\":\"de\"}]}<\/script>\n<!-- \/ Yoast SEO plugin. -->","yoast_head_json":{"title":"Newsletter Policy - Pittini Gruppe","robots":{"index":"noindex","follow":"nofollow"},"og_locale":"de_DE","og_type":"article","og_title":"Newsletter Policy - Pittini Gruppe","og_description":"Diese Datenschutzerkl\u00e4rung erfolgt nach den Artikeln 13 und 14 der EU-Verordnung 2016\/679 (DSGVO). Der Newsletter von COMPAGNIA SIDERURGICA ITALIANA S.r.l. (bzw. \u201eCOMPAGNIA SIDERURGICA ITALIANA\u201c bzw. \u201eVerantwortlicher der Datenverarbeitung\u201c) wird per E-Mail an alle Personen [&hellip;]","og_url":"https:\/\/www.pittini.com\/de\/newsletter-policy\/","og_site_name":"Pittini Gruppe","article_modified_time":"2023-08-01T13:58:13+00:00","og_image":[{"width":2500,"height":1667,"url":"https:\/\/www.pittini.com\/wp-content\/uploads\/sites\/21\/Gruppo-Pittini-rete-elettrosaldata-standard-8.jpg","type":"image\/jpeg"}],"twitter_misc":{"Gesch\u00e4tzte Lesezeit":"2\u00a0Minuten"},"schema":{"@context":"https:\/\/schema.org","@graph":[{"@type":"WebPage","@id":"https:\/\/www.pittini.com\/de\/newsletter-policy\/","url":"https:\/\/www.pittini.com\/de\/newsletter-policy\/","name":"Newsletter Policy - Pittini Gruppe","isPartOf":{"@id":"https:\/\/www.pittini.com\/de\/#website"},"primaryImageOfPage":{"@id":"https:\/\/www.pittini.com\/de\/newsletter-policy\/#primaryimage"},"image":{"@id":"https:\/\/www.pittini.com\/de\/newsletter-policy\/#primaryimage"},"thumbnailUrl":"https:\/\/www.pittini.com\/wp-content\/uploads\/sites\/21\/Gruppo-Pittini-rete-elettrosaldata-standard-8.jpg","datePublished":"2018-09-24T08:29:56+00:00","dateModified":"2023-08-01T13:58:13+00:00","breadcrumb":{"@id":"https:\/\/www.pittini.com\/de\/newsletter-policy\/#breadcrumb"},"inLanguage":"de","potentialAction":[{"@type":"ReadAction","target":["https:\/\/www.pittini.com\/de\/newsletter-policy\/"]}]},{"@type":"ImageObject","inLanguage":"de","@id":"https:\/\/www.pittini.com\/de\/newsletter-policy\/#primaryimage","url":"https:\/\/www.pittini.com\/wp-content\/uploads\/sites\/21\/Gruppo-Pittini-rete-elettrosaldata-standard-8.jpg","contentUrl":"https:\/\/www.pittini.com\/wp-content\/uploads\/sites\/21\/Gruppo-Pittini-rete-elettrosaldata-standard-8.jpg","width":2500,"height":1667,"caption":"rete elettrosaldata standard Gruppo Pittini"},{"@type":"BreadcrumbList","@id":"https:\/\/www.pittini.com\/de\/newsletter-policy\/#breadcrumb","itemListElement":[{"@type":"ListItem","position":1,"name":"Home","item":"https:\/\/www.pittini.com\/de\/"},{"@type":"ListItem","position":2,"name":"Newsletter Policy"}]},{"@type":"WebSite","@id":"https:\/\/www.pittini.com\/de\/#website","url":"https:\/\/www.pittini.com\/de\/","name":"Pittini Gruppe","description":"A group of companies that manage to cover all the production process","potentialAction":[{"@type":"SearchAction","target":{"@type":"EntryPoint","urlTemplate":"https:\/\/www.pittini.com\/de\/?s={search_term_string}"},"query-input":{"@type":"PropertyValueSpecification","valueRequired":true,"valueName":"search_term_string"}}],"inLanguage":"de"}]}},"_links":{"self":[{"href":"https:\/\/www.pittini.com\/de\/wp-json\/wp\/v2\/pages\/14208","targetHints":{"allow":["GET"]}}],"collection":[{"href":"https:\/\/www.pittini.com\/de\/wp-json\/wp\/v2\/pages"}],"about":[{"href":"https:\/\/www.pittini.com\/de\/wp-json\/wp\/v2\/types\/page"}],"author":[{"embeddable":true,"href":"https:\/\/www.pittini.com\/de\/wp-json\/wp\/v2\/users\/14"}],"replies":[{"embeddable":true,"href":"https:\/\/www.pittini.com\/de\/wp-json\/wp\/v2\/comments?post=14208"}],"version-history":[{"count":5,"href":"https:\/\/www.pittini.com\/de\/wp-json\/wp\/v2\/pages\/14208\/revisions"}],"predecessor-version":[{"id":24575,"href":"https:\/\/www.pittini.com\/de\/wp-json\/wp\/v2\/pages\/14208\/revisions\/24575"}],"wp:featuredmedia":[{"embeddable":true,"href":"https:\/\/www.pittini.com\/de\/wp-json\/wp\/v2\/media\/9029"}],"wp:attachment":[{"href":"https:\/\/www.pittini.com\/de\/wp-json\/wp\/v2\/media?parent=14208"}],"curies":[{"name":"wp","href":"https:\/\/api.w.org\/{rel}","templated":true}]}}